{"id":102896,"date":"2024-05-12T22:58:16","date_gmt":"2024-05-13T06:58:16","guid":{"rendered":"https:\/\/www.solargard.com\/product\/sentinel-plus-qxn-75\/"},"modified":"2024-10-02T03:27:38","modified_gmt":"2024-10-02T11:27:38","slug":"sentinel-plus-qxn-75","status":"publish","type":"product","link":"https:\/\/www.solargard.com\/fr\/produit\/sentinel-plus-qxn-75\/","title":{"rendered":"Ext\u00e9rieur | Sentinel Plus QXN"},"content":{"rendered":"<div class=\"wpb_text_column wpb_content_element \">\n<div class=\"wpb_wrapper\">Sentinel Plus QXN 75 offre une combinaison in\u00e9gal\u00e9e de rejet de chaleur \u00e9lev\u00e9 et d\u2019une transmission lumineuse \u00e9lev\u00e9e. Ce film a une r\u00e9flexion lumineuse tr\u00e8s faible ce qui permet de garantir un aspect quasiment invisible. Tout comme dans l\u2019industrie du verre, nous utilisons la technologie avanc\u00e9e appel\u00e9e \u00ab couche magn\u00e9tron \u00bb. Les m\u00e9taux pr\u00e9cieux ainsi d\u00e9pos\u00e9 sur le film Sentinel Plus QXN 75 offrent une absorption de l\u2019\u00e9nergie solaire tr\u00e8s faible. Il devient ainsi possible de corriger presque tous les vitrages modernes et avanc\u00e9s sans risque et dans le respect du DTU 39, l\u00e0 o\u00f9 d\u2019autres produits \u00e0 haute transmission lumineuse pr\u00e9sentent un risque de casse thermique.<\/div>\n<div><\/div>\n<\/div>\n<div class=\"vc_empty_space\">\n<p><span>\u2713 <\/span>Rejet de chaleur sup\u00e9rieur : plus de 55 % tout en \u00e9tant pratiquement invisible sur le verre.<\/p>\n<p class=\"p2\"><span>\u2713 <\/span>Garantie de 10 ans* (pose verticale) gr\u00e2ce \u00e0 la fabrication innovante.<\/p>\n<p class=\"p2\"><span>\u2713 <\/span>Haute transmission lumineuse.<\/p>\n<p class=\"p2\"><span>\u2713 <\/span>Pas d\u2019augmentation de la r\u00e9flexion de lumi\u00e8re visible du verre sur lequel le film est appliqu\u00e9.<\/p>\n<h3><a href=\"https:\/\/www.solargard.com\/fr\/qxn\/\">EN SAVOIR PLUS SUR QXN 75<\/a> <span style=\"color: #ff9900;\"><strong>&gt;<\/strong><\/span><\/h3>\n<h6><span>*\u00a0<\/span><a title=\"Conditions G\u00e9n\u00e9rales de Vente et de Garantie\" href=\"https:\/\/www.solargard.com\/fr\/termes-conditions\/\">Conditions G\u00e9n\u00e9rales de Vente et de Garantie<\/a><\/h6>\n<\/div>\n","protected":false},"excerpt":{"rendered":"<p>Sentinel Plus QXN 75 offre une combinaison in\u00e9gal\u00e9e de rejet de chaleur \u00e9lev\u00e9 et d\u2019une transmission lumineuse \u00e9lev\u00e9e. Ce film a une r\u00e9flexion lumineuse tr\u00e8s faible ce qui permet de garantir un aspect quasiment invisible. Tout comme dans l\u2019industrie du verre, nous utilisons la technologie avanc\u00e9e appel\u00e9e \u00ab couche magn\u00e9tron \u00bb. Les m\u00e9taux pr\u00e9cieux ainsi &hellip; <a href=\"https:\/\/www.solargard.com\/fr\/produit\/sentinel-plus-qxn-75\/\">Continued<\/a><\/p>\n","protected":false},"featured_media":103400,"comment_status":"open","ping_status":"closed","template":"","meta":{"_acf_changed":false},"product_brand":[],"product_cat":[828,829,833],"product_tag":[],"class_list":{"0":"post-102896","1":"product","2":"type-product","3":"status-publish","4":"has-post-thumbnail","6":"product_cat-batiment","7":"product_cat-films-exterieur","8":"product_cat-controle-solaire","10":"first","11":"instock","12":"shipping-taxable","13":"product-type-simple"},"acf":[],"_links":{"self":[{"href":"https:\/\/www.solargard.com\/fr\/wp-json\/wp\/v2\/product\/102896","targetHints":{"allow":["GET"]}}],"collection":[{"href":"https:\/\/www.solargard.com\/fr\/wp-json\/wp\/v2\/product"}],"about":[{"href":"https:\/\/www.solargard.com\/fr\/wp-json\/wp\/v2\/types\/product"}],"replies":[{"embeddable":true,"href":"https:\/\/www.solargard.com\/fr\/wp-json\/wp\/v2\/comments?post=102896"}],"wp:featuredmedia":[{"embeddable":true,"href":"https:\/\/www.solargard.com\/fr\/wp-json\/wp\/v2\/media\/103400"}],"wp:attachment":[{"href":"https:\/\/www.solargard.com\/fr\/wp-json\/wp\/v2\/media?parent=102896"}],"wp:term":[{"taxonomy":"product_brand","embeddable":true,"href":"https:\/\/www.solargard.com\/fr\/wp-json\/wp\/v2\/product_brand?post=102896"},{"taxonomy":"product_cat","embeddable":true,"href":"https:\/\/www.solargard.com\/fr\/wp-json\/wp\/v2\/product_cat?post=102896"},{"taxonomy":"product_tag","embeddable":true,"href":"https:\/\/www.solargard.com\/fr\/wp-json\/wp\/v2\/product_tag?post=102896"}],"curies":[{"name":"wp","href":"https:\/\/api.w.org\/{rel}","templated":true}]}}