{"id":23549,"date":"2014-11-03T12:58:48","date_gmt":"2014-11-03T19:58:48","guid":{"rendered":"https:\/\/www.solargard.com\/fr\/?post_type=product&#038;p=23549"},"modified":"2019-05-20T01:55:13","modified_gmt":"2019-05-20T08:55:13","slug":"sterling","status":"publish","type":"product","link":"https:\/\/www.solargard.com\/fr\/produit\/sterling\/","title":{"rendered":"Film anti UV et chaleur | Sterling"},"content":{"rendered":"<h1><span data-sheets-value=\"{&quot;1&quot;:2,&quot;2&quot;:&quot;Film anti UV et chaleur Sterling&quot;}\" data-sheets-userformat=\"{&quot;2&quot;:33585342,&quot;4&quot;:[null,2,15397341],&quot;5&quot;:{&quot;1&quot;:[{&quot;1&quot;:2,&quot;2&quot;:0,&quot;5&quot;:{&quot;1&quot;:0}},{&quot;1&quot;:0,&quot;2&quot;:0,&quot;3&quot;:3},{&quot;1&quot;:1,&quot;2&quot;:0,&quot;4&quot;:1}]},&quot;6&quot;:{&quot;1&quot;:[{&quot;1&quot;:2,&quot;2&quot;:0,&quot;5&quot;:{&quot;1&quot;:0}},{&quot;1&quot;:0,&quot;2&quot;:0,&quot;3&quot;:3},{&quot;1&quot;:1,&quot;2&quot;:0,&quot;4&quot;:1}]},&quot;7&quot;:{&quot;1&quot;:[{&quot;1&quot;:2,&quot;2&quot;:0,&quot;5&quot;:{&quot;1&quot;:0}},{&quot;1&quot;:0,&quot;2&quot;:0,&quot;3&quot;:3},{&quot;1&quot;:1,&quot;2&quot;:0,&quot;4&quot;:1}]},&quot;8&quot;:{&quot;1&quot;:[{&quot;1&quot;:2,&quot;2&quot;:0,&quot;5&quot;:{&quot;1&quot;:0}},{&quot;1&quot;:0,&quot;2&quot;:0,&quot;3&quot;:3},{&quot;1&quot;:1,&quot;2&quot;:0,&quot;4&quot;:1}]},&quot;10&quot;:1,&quot;14&quot;:[null,2,0],&quot;15&quot;:&quot;Calibri&quot;,&quot;16&quot;:8,&quot;17&quot;:1,&quot;28&quot;:1}\">Film anti UV et chaleur Sterling<\/span><\/h1>\n<p>La s\u00e9rie Solar Gard Sterling est un film offrant une s\u00e9lectivit\u00e9 spectrale coupl\u00e9e \u00e0 un niveau \u00e9lev\u00e9 de transmission de lumi\u00e8re visible. La s\u00e9rie Sterling se compose de films fournissant des performances extraordinaires en termes de rejet de l&rsquo;\u00e9nergie solaire, tout en permettant un niveau de transmission plus \u00e9lev\u00e9 de la lumi\u00e8re visible. Cette particularit\u00e9 se traduit par un int\u00e9rieur plus lumineux et plus attractif, tout en garantissant un environnement confortable et temp\u00e9r\u00e9.<\/p>\n<p>Le film pour vitrages Solar Gard\u00ae Sterling offre aux utilisateurs une gamme impressionnante d&rsquo;options de r\u00e9duction de chaleur, tout en maintenant une disponibilit\u00e9 maximale de lumi\u00e8re naturelle et en offrant une protection efficace contre la chaleur et les \u00e9blouissements. Cette gamme de films s&rsquo;\u00e9tendant de produits l\u00e9g\u00e8rement teint\u00e9s, pratiquement imperceptibles de l&rsquo;int\u00e9rieur, \u00e0 des versions plus fonc\u00e9es qui offrent un niveau de protection plus <span>\u00e9lev\u00e9\u00a0<\/span>contre la chaleur et l&rsquo;\u00e9blouissement, toutes les versions offrant la m\u00eame finition neutre et d\u00e9licate de l&rsquo;ext\u00e9rieur. Les films de la famille Solar Gard\u00ae Sterling englobent:<\/p>\n<ul>\n<li>Le film Sterling 20, qui offre une r\u00e9duction optimale de la chaleur et des \u00e9blouissements, favorise la pr\u00e9servation de l&rsquo;intimit\u00e9 et permet un \u00e9clairage naturel adouci. La teinte de ce film est neutre, avec une finition r\u00e9flective \u00e0 l&rsquo;int\u00e9rieur et \u00e0 l&rsquo;ext\u00e9rieur.<\/li>\n<li>La version Sterling 40 offre une r\u00e9duction substantielle de la chaleur et de l&rsquo;\u00e9blouissement, amplifie la sensation d&rsquo;intimit\u00e9 et laisse passer une lumi\u00e8re naturelle ad\u00e9quate. Ce film est l\u00e9g\u00e8rement teint\u00e9, difficilement perceptible de l&rsquo;int\u00e9rieur, tout en offrant une finition r\u00e9flective subtile \u00e0 l&rsquo;ext\u00e9rieur.<\/li>\n<li>Le film Sterling 50 permet une r\u00e9duction substantielle de la chaleur et des \u00e9blouissements, favorise la protection de l&rsquo;intimit\u00e9 et offre une incidence de lumi\u00e8re naturelle particuli\u00e8rement g\u00e9n\u00e9reuse. Ce film est l\u00e9g\u00e8rement teint\u00e9, difficilement perceptible de l&rsquo;int\u00e9rieur, tout en offrant une finition r\u00e9flective subtile \u00e0 l&rsquo;ext\u00e9rieur.<\/li>\n<li>Le mod\u00e8le Sterling 60 offre une r\u00e9duction mod\u00e9r\u00e9e de la chaleur et de l&rsquo;\u00e9blouissement, une pr\u00e9servation de l&rsquo;intimit\u00e9 et une grande incidence de lumi\u00e8re. Ce film est l\u00e9g\u00e8rement teint\u00e9, difficilement perceptible de l&rsquo;int\u00e9rieur, avec une finition neutre \u00e0 l&rsquo;ext\u00e9rieur.<\/li>\n<li>Le film pour vitrages Sterling 70 offre une r\u00e9duction mod\u00e9r\u00e9e de la chaleur, tout en maintenant une incidence maximale de lumi\u00e8re naturelle. Ce film est l\u00e9g\u00e8rement teint\u00e9, pratiquement imperceptible de l&rsquo;int\u00e9rieur, avec une finition d\u00e9licate et neutre \u00e0 l&rsquo;ext\u00e9rieur.<\/li>\n<\/ul>\n","protected":false},"excerpt":{"rendered":"<p>Film anti UV et chaleur Sterling La s\u00e9rie Solar Gard Sterling est un film offrant une s\u00e9lectivit\u00e9 spectrale coupl\u00e9e \u00e0 un niveau \u00e9lev\u00e9 de transmission de lumi\u00e8re visible. La s\u00e9rie Sterling se compose de films fournissant des performances extraordinaires en termes de rejet de l&rsquo;\u00e9nergie solaire, tout en permettant un niveau de transmission plus \u00e9lev\u00e9 &hellip; <a href=\"https:\/\/www.solargard.com\/fr\/produit\/sterling\/\">Continued<\/a><\/p>\n","protected":false},"featured_media":27226,"comment_status":"open","ping_status":"closed","template":"","meta":{"_acf_changed":false},"product_brand":[],"product_cat":[828,833],"product_tag":[1466,1481,1436,1526],"class_list":{"0":"post-23549","1":"product","2":"type-product","3":"status-publish","4":"has-post-thumbnail","6":"product_cat-batiment","7":"product_cat-controle-solaire","8":"product_tag-glare-fr","9":"product_tag-heat-fr","10":"product_tag-home-fr","11":"product_tag-reflective-fr","13":"first","14":"outofstock","15":"shipping-taxable","16":"product-type-simple"},"acf":[],"_links":{"self":[{"href":"https:\/\/www.solargard.com\/fr\/wp-json\/wp\/v2\/product\/23549","targetHints":{"allow":["GET"]}}],"collection":[{"href":"https:\/\/www.solargard.com\/fr\/wp-json\/wp\/v2\/product"}],"about":[{"href":"https:\/\/www.solargard.com\/fr\/wp-json\/wp\/v2\/types\/product"}],"replies":[{"embeddable":true,"href":"https:\/\/www.solargard.com\/fr\/wp-json\/wp\/v2\/comments?post=23549"}],"wp:featuredmedia":[{"embeddable":true,"href":"https:\/\/www.solargard.com\/fr\/wp-json\/wp\/v2\/media\/27226"}],"wp:attachment":[{"href":"https:\/\/www.solargard.com\/fr\/wp-json\/wp\/v2\/media?parent=23549"}],"wp:term":[{"taxonomy":"product_brand","embeddable":true,"href":"https:\/\/www.solargard.com\/fr\/wp-json\/wp\/v2\/product_brand?post=23549"},{"taxonomy":"product_cat","embeddable":true,"href":"https:\/\/www.solargard.com\/fr\/wp-json\/wp\/v2\/product_cat?post=23549"},{"taxonomy":"product_tag","embeddable":true,"href":"https:\/\/www.solargard.com\/fr\/wp-json\/wp\/v2\/product_tag?post=23549"}],"curies":[{"name":"wp","href":"https:\/\/api.w.org\/{rel}","templated":true}]}}