{"id":23550,"date":"2015-01-07T19:55:13","date_gmt":"2015-01-07T19:55:13","guid":{"rendered":"https:\/\/www.solargard.com\/fr\/?post_type=product&#038;p=23550"},"modified":"2018-11-13T18:45:24","modified_gmt":"2018-11-14T01:45:24","slug":"truevue","status":"publish","type":"product","link":"https:\/\/www.solargard.com\/fr\/produit\/truevue\/","title":{"rendered":"Film r\u00e9fl\u00e9chissant pour vitre | TrueVue"},"content":{"rendered":"<h1><span data-sheets-value=\"{&quot;1&quot;:2,&quot;2&quot;:&quot;Film r\u00e9fl\u00e9chissant\u00a0pour vitre TrueVue&quot;}\" data-sheets-userformat=\"{&quot;2&quot;:33585214,&quot;4&quot;:[null,2,15397341],&quot;5&quot;:{&quot;1&quot;:[{&quot;1&quot;:2,&quot;2&quot;:0,&quot;5&quot;:{&quot;1&quot;:0}},{&quot;1&quot;:0,&quot;2&quot;:0,&quot;3&quot;:3},{&quot;1&quot;:1,&quot;2&quot;:0,&quot;4&quot;:1}]},&quot;6&quot;:{&quot;1&quot;:[{&quot;1&quot;:2,&quot;2&quot;:0,&quot;5&quot;:{&quot;1&quot;:0}},{&quot;1&quot;:0,&quot;2&quot;:0,&quot;3&quot;:3},{&quot;1&quot;:1,&quot;2&quot;:0,&quot;4&quot;:1}]},&quot;7&quot;:{&quot;1&quot;:[{&quot;1&quot;:2,&quot;2&quot;:0,&quot;5&quot;:{&quot;1&quot;:0}},{&quot;1&quot;:0,&quot;2&quot;:0,&quot;3&quot;:3},{&quot;1&quot;:1,&quot;2&quot;:0,&quot;4&quot;:1}]},&quot;8&quot;:{&quot;1&quot;:[{&quot;1&quot;:2,&quot;2&quot;:0,&quot;5&quot;:{&quot;1&quot;:0}},{&quot;1&quot;:0,&quot;2&quot;:0,&quot;3&quot;:3},{&quot;1&quot;:1,&quot;2&quot;:0,&quot;4&quot;:1}]},&quot;14&quot;:[null,2,0],&quot;15&quot;:&quot;Calibri&quot;,&quot;16&quot;:8,&quot;17&quot;:1,&quot;28&quot;:1}\">Film r\u00e9fl\u00e9chissant\u00a0pour vitre TrueVue<\/span><\/h1>\n<p>Pour une vue d\u00e9gag\u00e9e jour et nuit.<\/p>\n<p>Les films Tru-Vue permettent une clart\u00e9 optimale pour que vous ayez une vue exceptionnelle jour et nuit.<\/p>\n<h2>Le True Vue vous offre<\/h2>\n<ul>\n<li style=\"list-style-type: none;\">\n<ul>\n<li>Une protection contre\u00a0 les d\u00e9g\u00e2ts des rayons ultraviolets<\/li>\n<li>Rejet jusqu\u2019\u00e0 82 % de l\u2019\u00e9nergie\u00a0 solaire totale pour am\u00e9liorer votre confort<\/li>\n<li>R\u00e9duit \u00e0 la fois les co\u00fbts de la climatisation et de votre empreinte carbone<\/li>\n<li>Contr\u00f4le des points chaud s et des zones de temp\u00e9ratures in\u00e9gales<\/li>\n<li><span>Contribue \u00e0 am\u00e9liorer<\/span> jusqu\u2019\u00e0 94 %<\/li>\n<li>Aider \u00e0 am\u00e9liorer votre intimit\u00e9 int\u00e9rieure en journ\u00e9e<\/li>\n<\/ul>\n<\/li>\n<\/ul>\n<p>Le True Vue est disponible en 4 VLT diff\u00e9rentes 5, 15, 30, et 40<\/p>\n<ul>\n<li>Vous offre un choix en apparence visuelle et\u00a0 en performances solaires<\/li>\n<\/ul>\n","protected":false},"excerpt":{"rendered":"<p>Film r\u00e9fl\u00e9chissant\u00a0pour vitre TrueVue Pour une vue d\u00e9gag\u00e9e jour et nuit. Les films Tru-Vue permettent une clart\u00e9 optimale pour que vous ayez une vue exceptionnelle jour et nuit. Le True Vue vous offre Une protection contre\u00a0 les d\u00e9g\u00e2ts des rayons ultraviolets Rejet jusqu\u2019\u00e0 82 % de l\u2019\u00e9nergie\u00a0 solaire totale pour am\u00e9liorer votre confort R\u00e9duit \u00e0 &hellip; <a href=\"https:\/\/www.solargard.com\/fr\/produit\/truevue\/\">Continued<\/a><\/p>\n","protected":false},"featured_media":28333,"comment_status":"open","ping_status":"closed","template":"","meta":{"_acf_changed":false},"product_brand":[],"product_cat":[828,833],"product_tag":[1481,1436,1496,1526],"class_list":{"0":"post-23550","1":"product","2":"type-product","3":"status-publish","4":"has-post-thumbnail","6":"product_cat-batiment","7":"product_cat-controle-solaire","8":"product_tag-heat-fr","9":"product_tag-home-fr","10":"product_tag-privacy-fr","11":"product_tag-reflective-fr","13":"first","14":"instock","15":"shipping-taxable","16":"product-type-simple"},"acf":[],"_links":{"self":[{"href":"https:\/\/www.solargard.com\/fr\/wp-json\/wp\/v2\/product\/23550","targetHints":{"allow":["GET"]}}],"collection":[{"href":"https:\/\/www.solargard.com\/fr\/wp-json\/wp\/v2\/product"}],"about":[{"href":"https:\/\/www.solargard.com\/fr\/wp-json\/wp\/v2\/types\/product"}],"replies":[{"embeddable":true,"href":"https:\/\/www.solargard.com\/fr\/wp-json\/wp\/v2\/comments?post=23550"}],"wp:featuredmedia":[{"embeddable":true,"href":"https:\/\/www.solargard.com\/fr\/wp-json\/wp\/v2\/media\/28333"}],"wp:attachment":[{"href":"https:\/\/www.solargard.com\/fr\/wp-json\/wp\/v2\/media?parent=23550"}],"wp:term":[{"taxonomy":"product_brand","embeddable":true,"href":"https:\/\/www.solargard.com\/fr\/wp-json\/wp\/v2\/product_brand?post=23550"},{"taxonomy":"product_cat","embeddable":true,"href":"https:\/\/www.solargard.com\/fr\/wp-json\/wp\/v2\/product_cat?post=23550"},{"taxonomy":"product_tag","embeddable":true,"href":"https:\/\/www.solargard.com\/fr\/wp-json\/wp\/v2\/product_tag?post=23550"}],"curies":[{"name":"wp","href":"https:\/\/api.w.org\/{rel}","templated":true}]}}