{"id":23552,"date":"2014-11-03T12:56:39","date_gmt":"2014-11-03T19:56:39","guid":{"rendered":"https:\/\/www.solargard.com\/fr\/?post_type=product&#038;p=23552"},"modified":"2019-04-04T07:29:24","modified_gmt":"2019-04-04T14:29:24","slug":"ecolux","status":"publish","type":"product","link":"https:\/\/www.solargard.com\/fr\/produit\/ecolux\/","title":{"rendered":"Film d\u2019isolation thermique basse \u00e9missivit\u00e9 Ecolux\u2122"},"content":{"rendered":"<h1><span data-sheets-value=\"{&quot;1&quot;:2,&quot;2&quot;:&quot;Film d\u2019isolation thermique Ecolux&quot;}\" data-sheets-userformat=\"{&quot;2&quot;:33585214,&quot;4&quot;:[null,2,15397341],&quot;5&quot;:{&quot;1&quot;:[{&quot;1&quot;:2,&quot;2&quot;:0,&quot;5&quot;:{&quot;1&quot;:0}},{&quot;1&quot;:0,&quot;2&quot;:0,&quot;3&quot;:3},{&quot;1&quot;:1,&quot;2&quot;:0,&quot;4&quot;:1}]},&quot;6&quot;:{&quot;1&quot;:[{&quot;1&quot;:2,&quot;2&quot;:0,&quot;5&quot;:{&quot;1&quot;:0}},{&quot;1&quot;:0,&quot;2&quot;:0,&quot;3&quot;:3},{&quot;1&quot;:1,&quot;2&quot;:0,&quot;4&quot;:1}]},&quot;7&quot;:{&quot;1&quot;:[{&quot;1&quot;:2,&quot;2&quot;:0,&quot;5&quot;:{&quot;1&quot;:0}},{&quot;1&quot;:0,&quot;2&quot;:0,&quot;3&quot;:3},{&quot;1&quot;:1,&quot;2&quot;:0,&quot;4&quot;:1}]},&quot;8&quot;:{&quot;1&quot;:[{&quot;1&quot;:2,&quot;2&quot;:0,&quot;5&quot;:{&quot;1&quot;:0}},{&quot;1&quot;:0,&quot;2&quot;:0,&quot;3&quot;:3},{&quot;1&quot;:1,&quot;2&quot;:0,&quot;4&quot;:1}]},&quot;14&quot;:[null,2,0],&quot;15&quot;:&quot;Calibri&quot;,&quot;16&quot;:8,&quot;17&quot;:1,&quot;28&quot;:1}\">Film d\u2019isolation thermique Ecolux<\/span><\/h1>\n<p><strong>Notre film pour vitrages respectueux de l\u2019environnement Ecolux vous permet de faire des \u00e9conomies d\u2019\u00e9nergie et de r\u00e9duire votre empreinte carbone tout en am\u00e9liorant le facteur U* de vos vitrages jusqu\u2019\u00e0 41%**.<\/strong><\/p>\n<p>Le film pour vitrage basse \u00e9missivit\u00e9 Pr\u00e9mium qui s\u2019adapte \u00e0 la temp\u00e9rature de confort et \u00e9conomise de l\u2019\u00e9nergie tout au long de l\u2019ann\u00e9e.\u00a0En associant un traitement faible \u00e9missivit\u00e9 \u00e0 des performances de contr\u00f4le du rayonnement solaire, nous avons d\u00e9velopp\u00e9 une technologie innovante qui surpasse les films de protection solaire classiques :<\/p>\n<ul>\n<li>L\u2019am\u00e9lioration de votre confort<\/li>\n<li>Profitez de temp\u00e9ratures plus confortables chaque saison, jour et nuit.<\/li>\n<li>Des \u00e9conomies intelligentes<\/li>\n<li>Un progr\u00e8s notable qui augmente les \u00e9conomies toute l\u2019ann\u00e9e et r\u00e9duit l\u2019empreinte carbone.<\/li>\n<li>Eclairage naturel<\/li>\n<li>Pr\u00e9serve la transmission de lumi\u00e8re naturelle avec le minimum de chaleur pour que vous puissiez profiter de la vue sans souffrir de surchauffe.<\/li>\n<li>Protection UV<\/li>\n<li>Rejette 99% du rayonnement UV pour r\u00e9duire le risque de cancer et limiter la d\u00e9coloration des meubles et des sols. Am\u00e9lioration du facteur U Est efficace instantan\u00e9ment et am\u00e9liore l\u2019isolation de vos fen\u00eatres jusqu\u2019\u00e0 41%.<\/li>\n<\/ul>\n<p>&nbsp;<\/p>\n<h6>* Le coefficient U G pour Glace ou vitrage (W\/m\u00b2\u00b0C) est la valeur qui permet de calculer la quantit\u00e9 de consommation de chauffage en Watt par M\u00b2 de vitrage et par degr\u00e9s d\u2019\u00e9cart entre la temp\u00e9rature voulue \u00e0 l\u2019int\u00e9rieur et la temp\u00e9rature qu\u2019il fait \u00e0 l\u2019ext\u00e9rieur du b\u00e2timent en hiver. Plus la valeur \u00ab UG \u00bb est basse et moins il faudra consommer d\u2019\u00e9nergie pour chauffer le b\u00e2timent. Cette valeur est directement li\u00e9e \u00e0 la d\u00e9perdition de chaleur qui passe au travers du verre.<br \/>\n** Vitrage simple clair<\/h6>\n<p>&nbsp;<\/p>\n","protected":false},"excerpt":{"rendered":"<p>Film d\u2019isolation thermique Ecolux Notre film pour vitrages respectueux de l\u2019environnement Ecolux vous permet de faire des \u00e9conomies d\u2019\u00e9nergie et de r\u00e9duire votre empreinte carbone tout en am\u00e9liorant le facteur U* de vos vitrages jusqu\u2019\u00e0 41%**. Le film pour vitrage basse \u00e9missivit\u00e9 Pr\u00e9mium qui s\u2019adapte \u00e0 la temp\u00e9rature de confort et \u00e9conomise de l\u2019\u00e9nergie tout &hellip; <a href=\"https:\/\/www.solargard.com\/fr\/produit\/ecolux\/\">Continued<\/a><\/p>\n","protected":false},"featured_media":48496,"comment_status":"open","ping_status":"closed","template":"","meta":{"_acf_changed":false},"product_brand":[],"product_cat":[830],"product_tag":[1541,1481,1436,1668],"class_list":{"0":"post-23552","1":"product","2":"type-product","3":"status-publish","4":"has-post-thumbnail","6":"product_cat-a-faible-emissivite","7":"product_tag-black-grey-fr","8":"product_tag-heat-fr","9":"product_tag-home-fr","10":"product_tag-neutral-fr","12":"first","13":"outofstock","14":"shipping-taxable","15":"product-type-simple"},"acf":[],"_links":{"self":[{"href":"https:\/\/www.solargard.com\/fr\/wp-json\/wp\/v2\/product\/23552","targetHints":{"allow":["GET"]}}],"collection":[{"href":"https:\/\/www.solargard.com\/fr\/wp-json\/wp\/v2\/product"}],"about":[{"href":"https:\/\/www.solargard.com\/fr\/wp-json\/wp\/v2\/types\/product"}],"replies":[{"embeddable":true,"href":"https:\/\/www.solargard.com\/fr\/wp-json\/wp\/v2\/comments?post=23552"}],"wp:featuredmedia":[{"embeddable":true,"href":"https:\/\/www.solargard.com\/fr\/wp-json\/wp\/v2\/media\/48496"}],"wp:attachment":[{"href":"https:\/\/www.solargard.com\/fr\/wp-json\/wp\/v2\/media?parent=23552"}],"wp:term":[{"taxonomy":"product_brand","embeddable":true,"href":"https:\/\/www.solargard.com\/fr\/wp-json\/wp\/v2\/product_brand?post=23552"},{"taxonomy":"product_cat","embeddable":true,"href":"https:\/\/www.solargard.com\/fr\/wp-json\/wp\/v2\/product_cat?post=23552"},{"taxonomy":"product_tag","embeddable":true,"href":"https:\/\/www.solargard.com\/fr\/wp-json\/wp\/v2\/product_tag?post=23552"}],"curies":[{"name":"wp","href":"https:\/\/api.w.org\/{rel}","templated":true}]}}