{"id":23554,"date":"2014-11-03T19:58:27","date_gmt":"2014-11-03T19:58:27","guid":{"rendered":"https:\/\/www.solargard.com\/fr\/?post_type=product&#038;p=23554"},"modified":"2018-11-13T18:34:38","modified_gmt":"2018-11-14T01:34:38","slug":"stainless-steel","status":"publish","type":"product","link":"https:\/\/www.solargard.com\/fr\/produit\/stainless-steel\/","title":{"rendered":"Film solaire gris | Stainless Steel"},"content":{"rendered":"<h1><span data-sheets-value=\"{&quot;1&quot;:2,&quot;2&quot;:&quot;Film\u00a0solaire gris Stainless Steel&quot;}\" data-sheets-userformat=\"{&quot;2&quot;:33585214,&quot;4&quot;:[null,2,15397341],&quot;5&quot;:{&quot;1&quot;:[{&quot;1&quot;:2,&quot;2&quot;:0,&quot;5&quot;:{&quot;1&quot;:0}},{&quot;1&quot;:0,&quot;2&quot;:0,&quot;3&quot;:3},{&quot;1&quot;:1,&quot;2&quot;:0,&quot;4&quot;:1}]},&quot;6&quot;:{&quot;1&quot;:[{&quot;1&quot;:2,&quot;2&quot;:0,&quot;5&quot;:{&quot;1&quot;:0}},{&quot;1&quot;:0,&quot;2&quot;:0,&quot;3&quot;:3},{&quot;1&quot;:1,&quot;2&quot;:0,&quot;4&quot;:1}]},&quot;7&quot;:{&quot;1&quot;:[{&quot;1&quot;:2,&quot;2&quot;:0,&quot;5&quot;:{&quot;1&quot;:0}},{&quot;1&quot;:0,&quot;2&quot;:0,&quot;3&quot;:3},{&quot;1&quot;:1,&quot;2&quot;:0,&quot;4&quot;:1}]},&quot;8&quot;:{&quot;1&quot;:[{&quot;1&quot;:2,&quot;2&quot;:0,&quot;5&quot;:{&quot;1&quot;:0}},{&quot;1&quot;:0,&quot;2&quot;:0,&quot;3&quot;:3},{&quot;1&quot;:1,&quot;2&quot;:0,&quot;4&quot;:1}]},&quot;14&quot;:[null,2,0],&quot;15&quot;:&quot;Calibri&quot;,&quot;16&quot;:8,&quot;17&quot;:1,&quot;28&quot;:1}\">Film\u00a0solaire gris Stainless Steel<\/span><\/h1>\n<p><span>La s\u00e9rie Solar Gard Stainless Steel est une solution solaire largement appliqu\u00e9e dans le monde entier pour les maisons et immeubles qui n\u00e9cessitent \u00e9galement la protection offerte par un film de s\u00e9curit\u00e9 pour vitrages. Ces films sont teint\u00e9s de gris et offrent une faible r\u00e9flectivit\u00e9, constituant ainsi un compl\u00e9ment naturel \u00e0 la plupart des couleurs int\u00e9rieures et ext\u00e9rieures. Le laminage \u00e0 base d&rsquo;acier inoxydable, la qualit\u00e9 des adh\u00e9sifs et le rev\u00eatement r\u00e9sistant aux rayures de cette s\u00e9rie de films offrent simultan\u00e9ment des performances \u00e9lev\u00e9es, une durabilit\u00e9 in\u00e9gal\u00e9e et une long\u00e9vit\u00e9 exemplaire, ce film \u00e9tant d\u00e8s lors le choix pr\u00e9f\u00e9rentiel de tr\u00e8s nombreux clients.<\/span><\/p>\n","protected":false},"excerpt":{"rendered":"<p>Film\u00a0solaire gris Stainless Steel La s\u00e9rie Solar Gard Stainless Steel est une solution solaire largement appliqu\u00e9e dans le monde entier pour les maisons et immeubles qui n\u00e9cessitent \u00e9galement la protection offerte par un film de s\u00e9curit\u00e9 pour vitrages. Ces films sont teint\u00e9s de gris et offrent une faible r\u00e9flectivit\u00e9, constituant ainsi un compl\u00e9ment naturel \u00e0 &hellip; <a href=\"https:\/\/www.solargard.com\/fr\/produit\/stainless-steel\/\">Continued<\/a><\/p>\n","protected":false},"featured_media":33296,"comment_status":"open","ping_status":"closed","template":"","meta":{"_acf_changed":false},"product_brand":[],"product_cat":[828,833],"product_tag":[1451,1526],"class_list":{"0":"post-23554","1":"product","2":"type-product","3":"status-publish","4":"has-post-thumbnail","6":"product_cat-batiment","7":"product_cat-controle-solaire","8":"product_tag-commercial-fr","9":"product_tag-reflective-fr","11":"first","12":"outofstock","13":"shipping-taxable","14":"product-type-simple"},"acf":[],"_links":{"self":[{"href":"https:\/\/www.solargard.com\/fr\/wp-json\/wp\/v2\/product\/23554","targetHints":{"allow":["GET"]}}],"collection":[{"href":"https:\/\/www.solargard.com\/fr\/wp-json\/wp\/v2\/product"}],"about":[{"href":"https:\/\/www.solargard.com\/fr\/wp-json\/wp\/v2\/types\/product"}],"replies":[{"embeddable":true,"href":"https:\/\/www.solargard.com\/fr\/wp-json\/wp\/v2\/comments?post=23554"}],"wp:featuredmedia":[{"embeddable":true,"href":"https:\/\/www.solargard.com\/fr\/wp-json\/wp\/v2\/media\/33296"}],"wp:attachment":[{"href":"https:\/\/www.solargard.com\/fr\/wp-json\/wp\/v2\/media?parent=23554"}],"wp:term":[{"taxonomy":"product_brand","embeddable":true,"href":"https:\/\/www.solargard.com\/fr\/wp-json\/wp\/v2\/product_brand?post=23554"},{"taxonomy":"product_cat","embeddable":true,"href":"https:\/\/www.solargard.com\/fr\/wp-json\/wp\/v2\/product_cat?post=23554"},{"taxonomy":"product_tag","embeddable":true,"href":"https:\/\/www.solargard.com\/fr\/wp-json\/wp\/v2\/product_tag?post=23554"}],"curies":[{"name":"wp","href":"https:\/\/api.w.org\/{rel}","templated":true}]}}