{"id":23555,"date":"2014-11-03T19:56:23","date_gmt":"2014-11-03T19:56:23","guid":{"rendered":"https:\/\/www.solargard.com\/fr\/?post_type=product&#038;p=23555"},"modified":"2023-06-21T00:41:41","modified_gmt":"2023-06-21T08:41:41","slug":"silver","status":"publish","type":"product","link":"https:\/\/www.solargard.com\/fr\/produit\/silver\/","title":{"rendered":"Film d\u2019intimit\u00e9 vitrage | Silver"},"content":{"rendered":"<h1><span data-sheets-value=\"{&quot;1&quot;:2,&quot;2&quot;:&quot;Film d\u2019intimit\u00e9 vitrage Silver&quot;}\" data-sheets-userformat=\"{&quot;2&quot;:33585342,&quot;4&quot;:[null,2,15397341],&quot;5&quot;:{&quot;1&quot;:[{&quot;1&quot;:2,&quot;2&quot;:0,&quot;5&quot;:{&quot;1&quot;:0}},{&quot;1&quot;:0,&quot;2&quot;:0,&quot;3&quot;:3},{&quot;1&quot;:1,&quot;2&quot;:0,&quot;4&quot;:1}]},&quot;6&quot;:{&quot;1&quot;:[{&quot;1&quot;:2,&quot;2&quot;:0,&quot;5&quot;:{&quot;1&quot;:0}},{&quot;1&quot;:0,&quot;2&quot;:0,&quot;3&quot;:3},{&quot;1&quot;:1,&quot;2&quot;:0,&quot;4&quot;:1}]},&quot;7&quot;:{&quot;1&quot;:[{&quot;1&quot;:2,&quot;2&quot;:0,&quot;5&quot;:{&quot;1&quot;:0}},{&quot;1&quot;:0,&quot;2&quot;:0,&quot;3&quot;:3},{&quot;1&quot;:1,&quot;2&quot;:0,&quot;4&quot;:1}]},&quot;8&quot;:{&quot;1&quot;:[{&quot;1&quot;:2,&quot;2&quot;:0,&quot;5&quot;:{&quot;1&quot;:0}},{&quot;1&quot;:0,&quot;2&quot;:0,&quot;3&quot;:3},{&quot;1&quot;:1,&quot;2&quot;:0,&quot;4&quot;:1}]},&quot;10&quot;:1,&quot;14&quot;:[null,2,0],&quot;15&quot;:&quot;Calibri&quot;,&quot;16&quot;:8,&quot;17&quot;:1,&quot;28&quot;:1}\">Film d\u2019intimit\u00e9 vitrage Silver<\/span><\/h1>\n<p><em>Les films pour vitrage intimit\u00e9 Solar Gard de la s\u00e9rie Aluminium garantissent intimit\u00e9<br \/>\net confidentialit\u00e9.<\/em><\/p>\n<p>Les films pour vitrage intimit\u00e9 Solar Gard, hautement sophistiqu\u00e9s, sont le fruit d\u2019une innovation constante, \u00e0 la base de son succ\u00e8s tant aupr\u00e8s des utilisateurs que des fabricants.<\/p>\n<p>Le film intimit\u00e9 de la s\u00e9rie Solar Gard Aluminium offre une protection optimale de la vie priv\u00e9e, coupl\u00e9e \u00e0 une transmission minimale de chaleur \u00e0 votre environnement. Le film pour vitrage intimit\u00e9 Solar Gard refl\u00e8te la lumi\u00e8re ext\u00e9rieure et prot\u00e8ge ainsi la vie priv\u00e9e des regards indiscrets&#8230; Et vos biens d\u2019\u00e9ventuelles convoitises\u00a0! A l\u2019int\u00e9rieur de votre entreprise, le film pour vitrage intimit\u00e9 Solar Gard garantit votre confidentialit\u00e9, en isolant une salle de projection de l\u2019ext\u00e9rieur par exemple.<\/p>\n<p>Les films pour vitrage intimit\u00e9 de la s\u00e9rie Solar Gard Aluminium garantissent un environnement frais et confortable pour les occupants de l&rsquo;immeuble, tout en offrant une r\u00e9duction significative de la consommation d&rsquo;\u00e9nergie. Ceci explique la forte popularit\u00e9 du film vitrage intimit\u00e9 Solar Gard dans le secteur des immeubles \u00e0 vocation commerciale. Des films s\u00e9rieux pour des r\u00e9sultats s\u00e9rieux\u00a0!<\/p>\n<p>Le film d\u2019intimit\u00e9 Solar Gard g\u00e9n\u00e8re tellement de r\u00e9ductions de co\u00fbts (\u00e9nergie, entretien du mobilier) qu\u2019il est rapidement amorti en termes financiers. Un investissement pour le pr\u00e9sent et pour le futur. D\u2019autant plus que les films pour vitrage intimit\u00e9 Solar Gard participent \u00e0 la protection de l\u2019environnement, les r\u00e9ductions \u00e9nerg\u00e9tiques entra\u00eenant une r\u00e9duction des \u00e9missions de CO2.<\/p>\n<p>Le film pour vitrage intimit\u00e9 Solar Gard participe aussi \u00e0 l\u2019embellissement de votre maison gr\u00e2ce \u00e0 des coloris qui \u00e9pousent parfaitement les tons naturels des paysages. Le film d\u2019intimit\u00e9 Solar Gard de la s\u00e9rie Aluminium permet \u00e9galement d\u2019uniformiser couleurs et luminosit\u00e9.<\/p>\n<p>Solar Gard fabrique des films vitrage intimit\u00e9 pour votre vie priv\u00e9e, vos \u00e9conomies d\u2019\u00e9nergie et votre confort.<\/p>\n<p>&nbsp;<\/p>\n","protected":false},"excerpt":{"rendered":"<p>Film d\u2019intimit\u00e9 vitrage Silver Les films pour vitrage intimit\u00e9 Solar Gard de la s\u00e9rie Aluminium garantissent intimit\u00e9 et confidentialit\u00e9. Les films pour vitrage intimit\u00e9 Solar Gard, hautement sophistiqu\u00e9s, sont le fruit d\u2019une innovation constante, \u00e0 la base de son succ\u00e8s tant aupr\u00e8s des utilisateurs que des fabricants. Le film intimit\u00e9 de la s\u00e9rie Solar Gard &hellip; <a href=\"https:\/\/www.solargard.com\/fr\/produit\/silver\/\">Continued<\/a><\/p>\n","protected":false},"featured_media":28435,"comment_status":"open","ping_status":"closed","template":"","meta":{"_acf_changed":false},"product_brand":[],"product_cat":[828,833],"product_tag":[1451,1481,1496,1526],"class_list":{"0":"post-23555","1":"product","2":"type-product","3":"status-publish","4":"has-post-thumbnail","6":"product_cat-batiment","7":"product_cat-controle-solaire","8":"product_tag-commercial-fr","9":"product_tag-heat-fr","10":"product_tag-privacy-fr","11":"product_tag-reflective-fr","13":"first","14":"outofstock","15":"shipping-taxable","16":"product-type-simple"},"acf":[],"_links":{"self":[{"href":"https:\/\/www.solargard.com\/fr\/wp-json\/wp\/v2\/product\/23555","targetHints":{"allow":["GET"]}}],"collection":[{"href":"https:\/\/www.solargard.com\/fr\/wp-json\/wp\/v2\/product"}],"about":[{"href":"https:\/\/www.solargard.com\/fr\/wp-json\/wp\/v2\/types\/product"}],"replies":[{"embeddable":true,"href":"https:\/\/www.solargard.com\/fr\/wp-json\/wp\/v2\/comments?post=23555"}],"wp:featuredmedia":[{"embeddable":true,"href":"https:\/\/www.solargard.com\/fr\/wp-json\/wp\/v2\/media\/28435"}],"wp:attachment":[{"href":"https:\/\/www.solargard.com\/fr\/wp-json\/wp\/v2\/media?parent=23555"}],"wp:term":[{"taxonomy":"product_brand","embeddable":true,"href":"https:\/\/www.solargard.com\/fr\/wp-json\/wp\/v2\/product_brand?post=23555"},{"taxonomy":"product_cat","embeddable":true,"href":"https:\/\/www.solargard.com\/fr\/wp-json\/wp\/v2\/product_cat?post=23555"},{"taxonomy":"product_tag","embeddable":true,"href":"https:\/\/www.solargard.com\/fr\/wp-json\/wp\/v2\/product_tag?post=23555"}],"curies":[{"name":"wp","href":"https:\/\/api.w.org\/{rel}","templated":true}]}}