{"id":23557,"date":"2014-11-03T12:58:12","date_gmt":"2016-03-08T22:46:02","guid":{"rendered":"https:\/\/www.solargard.com\/fr\/?post_type=product&#038;p=23557"},"modified":"2026-01-29T06:19:58","modified_gmt":"2026-01-29T14:19:58","slug":"sentinel","status":"publish","type":"product","link":"https:\/\/www.solargard.com\/fr\/produit\/sentinel\/","title":{"rendered":"Ext\u00e9rieur | Sentinel Plus (Tous)"},"content":{"rendered":"<p>La gamme Solar Gard\u00ae Sentinel\u2122 Plus OSW de Solar Gard est constitu\u00e9e des films pour application ext\u00e9rieure de protection maximale contre la chaleur. Ils sont le premier rempart de d\u00e9fense contre les niveaux \u00e9lev\u00e9s de chaleur, de reflets et de rayons UV. La famille Solar Gard\u00ae Sentinel\u2122 Plus OSW permet un contr\u00f4le solaire par l\u2019ext\u00e9rieur qui optimise la luminosit\u00e9 naturelle tout en contr\u00f4lant la chaleur solaire. Le rejet des ultra-violets prot\u00e8ge les biens et les personnes contre le rayonnement UV.<br \/>\nLa famille Solar Gard Sentinel Plus OSW vous offre les films suivants:<\/p>\n<ul>\n<li><a href=\"https:\/\/www.solargard.com\/wp-content\/uploads\/2024\/05\/Sentinel-Plus-QXN-75-Produktblad.pdf\" target=\"_blank\" rel=\"noopener\">Sentinel Plus QXN<\/a><\/li>\n<li><a href=\"https:\/\/www.solargard.com\/wp-content\/uploads\/2020\/06\/Solar-Gard-Sample-Page-Sentinel-Plus-DX5.pdf\" target=\"_blank\" rel=\"noopener\">Sentinel Plus DX 5<\/a> <span>\u00a0<\/span><span style=\"color: #ffcc00;\">I<\/span><span>\u00a0<\/span> <a href=\"https:\/\/www.solargard.com\/wp-content\/uploads\/2020\/06\/Solar-Gard-Sample-Page-Sentinel-Plus-DX15.pdf\" target=\"_blank\" rel=\"noopener\">Sentinel Plus 15<\/a>\u00a0(Duo R\u00e9flectif)<\/li>\n<li><a href=\"https:\/\/www.solargard.com\/wp-content\/uploads\/2018\/11\/Solar-Gard-Sample-Page-SPS20-2018-lr.pdf\" target=\"_blank\" rel=\"noopener\">Sentinel Plus Silver 20<\/a> \u00a0<span style=\"color: #ffcc00;\">I<\/span> \u00a0<a href=\"https:\/\/www.solargard.com\/wp-content\/uploads\/2018\/11\/Solar-Gard-Sample-Page-SPS35-2018-lr.pdf\" target=\"_blank\" rel=\"noopener\">Sentinel Plus Silver 35<\/a><\/li>\n<li><a href=\"https:\/\/www.solargard.com\/wp-content\/uploads\/2018\/11\/Solar-Gard-Sample-Page-SPSS15-2018-lr.pdf\" target=\"_blank\" rel=\"noopener\">Sentinel Plus Stainless Steel 15<\/a> \u00a0<span><span style=\"color: #ffcc00;\">I\u00a0<\/span><\/span>\u00a0<a href=\"https:\/\/www.solargard.com\/wp-content\/uploads\/2018\/11\/Solar-Gard-Sample-Page-SPSS25-2018-lr.pdf\" target=\"_blank\" rel=\"noopener\">Sentinel Plus Stainless Steel 25<\/a><br \/>\n<a href=\"https:\/\/www.solargard.com\/wp-content\/uploads\/2018\/11\/Solar-Gard-Sample-Page-SPSS40-2018-lr.pdf\" target=\"_blank\" rel=\"noopener\">Sentinel Plus Stainless Steel 40<\/a><\/li>\n<li><a href=\"https:\/\/www.solargard.com\/wp-content\/uploads\/2018\/11\/Solar-Gard-Sample-Page-SPSX50-2018-lr.pdf\" target=\"_blank\" rel=\"noopener\">Sentinel Plus SX 50<\/a> \u00a0<span style=\"color: #ffcc00;\">I\u00a0<\/span> <a href=\"https:\/\/www.solargard.com\/wp-content\/uploads\/2025\/05\/SAMPLE-PAGE-SOLAR-GARD-Sentinel-Plus-SX-80.pdf\" target=\"_blank\" rel=\"noopener\">Sentinel Plus SX 80<\/a><\/li>\n<li><a href=\"https:\/\/www.solargard.com\/wp-content\/uploads\/2019\/01\/Solar-Gard-Sample-Page-SPSB20-2019.pdf\" target=\"_blank\" rel=\"noopener\">Sentinel Plus Solar Bronze 20<\/a><\/li>\n<li><a href=\"https:\/\/www.solargard.com\/wp-content\/uploads\/2018\/11\/Solar-Gard-Sample-Page-SP-4milCL-2018-lr.pdf?x93385\" target=\"_blank\" rel=\"noopener\">Sentinel Plus 4 Mil Clear<\/a><\/li>\n<li><a href=\"https:\/\/www.solargard.com\/wp-content\/uploads\/2022\/09\/Solar-Gard-Sample-Page-Sentinel-Silver-20-PC.pdf\" target=\"_blank\" rel=\"noopener\">Sentinel Silver 20 PC*<\/a>\u00a0<span style=\"color: #ffcc00;\">I\u00a0<\/span> <a href=\"https:\/\/www.solargard.com\/wp-content\/uploads\/2019\/04\/Solar-Gard-Sample-Page-S4MilPC.pdf?x93385\" target=\"_blank\" rel=\"noopener\">Sentinel 4 Mil Clear PC*<\/a><span><\/span><span><\/span><\/li>\n<\/ul>\n<h6>* <a title=\"Conditions G\u00e9n\u00e9rales de Vente et de Garantie\" href=\"https:\/\/www.solargard.com\/fr\/termes-conditions\/\">Conditions G\u00e9n\u00e9rales de Vente et de Garantie<\/a><\/h6>\n","protected":false},"excerpt":{"rendered":"<p>La gamme Solar Gard\u00ae Sentinel\u2122 Plus OSW de Solar Gard est constitu\u00e9e des films pour application ext\u00e9rieure de protection maximale contre la chaleur. Ils sont le premier rempart de d\u00e9fense contre les niveaux \u00e9lev\u00e9s de chaleur, de reflets et de rayons UV. La famille Solar Gard\u00ae Sentinel\u2122 Plus OSW permet un contr\u00f4le solaire par l\u2019ext\u00e9rieur &hellip; <a href=\"https:\/\/www.solargard.com\/fr\/produit\/sentinel\/\">Continued<\/a><\/p>\n","protected":false},"featured_media":103396,"comment_status":"open","ping_status":"closed","template":"","meta":{"_acf_changed":false},"product_brand":[],"product_cat":[828,829,833],"product_tag":[1556,1451,1466,1481,1668,1526],"class_list":{"0":"post-23557","1":"product","2":"type-product","3":"status-publish","4":"has-post-thumbnail","6":"product_cat-batiment","7":"product_cat-films-exterieur","8":"product_cat-controle-solaire","9":"product_tag-clear-fr","10":"product_tag-commercial-fr","11":"product_tag-glare-fr","12":"product_tag-heat-fr","13":"product_tag-neutral-fr","14":"product_tag-reflective-fr","16":"first","17":"outofstock","18":"shipping-taxable","19":"product-type-simple"},"acf":[],"_links":{"self":[{"href":"https:\/\/www.solargard.com\/fr\/wp-json\/wp\/v2\/product\/23557","targetHints":{"allow":["GET"]}}],"collection":[{"href":"https:\/\/www.solargard.com\/fr\/wp-json\/wp\/v2\/product"}],"about":[{"href":"https:\/\/www.solargard.com\/fr\/wp-json\/wp\/v2\/types\/product"}],"replies":[{"embeddable":true,"href":"https:\/\/www.solargard.com\/fr\/wp-json\/wp\/v2\/comments?post=23557"}],"wp:featuredmedia":[{"embeddable":true,"href":"https:\/\/www.solargard.com\/fr\/wp-json\/wp\/v2\/media\/103396"}],"wp:attachment":[{"href":"https:\/\/www.solargard.com\/fr\/wp-json\/wp\/v2\/media?parent=23557"}],"wp:term":[{"taxonomy":"product_brand","embeddable":true,"href":"https:\/\/www.solargard.com\/fr\/wp-json\/wp\/v2\/product_brand?post=23557"},{"taxonomy":"product_cat","embeddable":true,"href":"https:\/\/www.solargard.com\/fr\/wp-json\/wp\/v2\/product_cat?post=23557"},{"taxonomy":"product_tag","embeddable":true,"href":"https:\/\/www.solargard.com\/fr\/wp-json\/wp\/v2\/product_tag?post=23557"}],"curies":[{"name":"wp","href":"https:\/\/api.w.org\/{rel}","templated":true}]}}