{"id":23558,"date":"2014-11-03T19:58:41","date_gmt":"2014-11-03T19:58:41","guid":{"rendered":"https:\/\/www.solargard.com\/fr\/?post_type=product&#038;p=23558"},"modified":"2018-11-13T17:51:43","modified_gmt":"2018-11-14T00:51:43","slug":"films-de-securite","status":"publish","type":"product","link":"https:\/\/www.solargard.com\/fr\/produit\/films-de-securite\/","title":{"rendered":"Films protection solaire pour vitres Armorcoat"},"content":{"rendered":"<h1><span>Films protection solaire pour vitres Armorcoat<\/span><\/h1>\n<p><em>Les films de s\u00e9curit\u00e9 Solar Gard prot\u00e8gent votre famille et am\u00e9liorent la s\u00e9curit\u00e9 et l\u2019efficacit\u00e9 \u00e9nerg\u00e9tique de votre maison.<\/em><\/p>\n<p>Les films de s\u00e9curit\u00e9 pour vitrages Solar Gard Armorcoat\u00ae <span>sont d\u00e9clin\u00e9s en deux familles, pour vous offrir<\/span> la protection dont vous avez besoin.<\/p>\n<p>Film de s\u00e9curit\u00e9 transparent<strong>\u00a0:<\/strong> Les films de s\u00e9curit\u00e9 pour vitrages optiquement transparents Solar Gard Armorcoat\u00ae sont incolores et ind\u00e9tectables sur le vitrage, vous offrant ainsi une protection parfaite. Contrairement \u00e0 de nombreux autres films, le film de s\u00e9curit\u00e9 pour vitrages Armorcoat\u00ae est non <span>r\u00e9fl\u00e9chissant\u00a0<\/span>et donc virtuellement invisible sur vos fen\u00eatres. Vous maintenez ainsi l&rsquo;apparence naturelle de vos fen\u00eatres, jour et nuit. Il n&rsquo;y a <span>aucun effet miroir, ni<\/span> un quelconque changement d\u00e9tectable au niveau de la surface des vitrages et les fen\u00eatres conservent donc leur aspect transparent, clair et attractif.<\/p>\n<p>Films de s\u00e9curit\u00e9 \u00e0 protection solaire : les films de s\u00e9curit\u00e9 Armorcoat\u00ae englobent une couche de polyester m\u00e9tallis\u00e9 et sont rev\u00eatus de m\u00e9taux pr\u00e9cieux et durables en vue d&rsquo;offrir une capacit\u00e9 de contr\u00f4le exceptionnelle des rayons du soleil et une stabilit\u00e9 in\u00e9gal\u00e9e de la couleur. En plus de leur capacit\u00e9 \u00e0 retenir les d\u00e9bris de verre, ils sont s\u00e9lectionn\u00e9s en vue d&rsquo;offrir une intimit\u00e9 s\u00e9curisante, des temp\u00e9ratures \u00e9quilibr\u00e9es, des \u00e9blouissements minimaux, aidant ainsi \u00e0 pr\u00e9server votre mobilier et vos marchandises. Les films de s\u00e9curit\u00e9 Solar Gard prot\u00e8gent les occupants et les biens, tout en les maintenant au frais et dans un environnement confortable, sans oublier les r\u00e9ductions significatives de consommation d&rsquo;\u00e9nergie.<\/p>\n<p>Le film de s\u00e9curit\u00e9 Solar Gard prot\u00e8ge votre famille ou vos employ\u00e9s des effets n\u00e9fastes des rayons ultraviolets. Ceux-ci n\u2019affectent d\u2019ailleurs pas seulement les personnes. La chaleur et les rayons ultraviolets peuvent endommager les meubles, les moquettes et les marchandises. Les films de s\u00e9curit\u00e9 Solar Gard rejettent jusqu\u2019\u00e0 99 % des rayons solaires destructeurs et une grande quantit\u00e9 de la chaleur solaire. <span>Le film de s\u00e9curit\u00e9 pour vitrages Solar Gard<\/span> aide ainsi \u00e0 pr\u00e9server la valeur de vos biens et se r\u00e9v\u00e8le b\u00e9n\u00e9fique pour votre sant\u00e9.<\/p>\n<p>Solar Gard est l\u2019un des premiers fabricants de film pour vitrages \u00e0 usage commercial, r\u00e9sidentiel et automobile. Le film de s\u00e9curit\u00e9 Solar Gard est disponible <span>par l&rsquo;interm\u00e9diaire d&rsquo;un r\u00e9seau<\/span> de distributeurs agr\u00e9\u00e9s.<\/p>\n<p>&nbsp;<\/p>\n","protected":false},"excerpt":{"rendered":"<p>Films protection solaire pour vitres Armorcoat Les films de s\u00e9curit\u00e9 Solar Gard prot\u00e8gent votre famille et am\u00e9liorent la s\u00e9curit\u00e9 et l\u2019efficacit\u00e9 \u00e9nerg\u00e9tique de votre maison. Les films de s\u00e9curit\u00e9 pour vitrages Solar Gard Armorcoat\u00ae sont d\u00e9clin\u00e9s en deux familles, pour vous offrir la protection dont vous avez besoin. Film de s\u00e9curit\u00e9 transparent\u00a0: Les films de &hellip; <a href=\"https:\/\/www.solargard.com\/fr\/produit\/films-de-securite\/\">Continued<\/a><\/p>\n","protected":false},"featured_media":33232,"comment_status":"open","ping_status":"closed","template":"","meta":{"_acf_changed":false},"product_brand":[],"product_cat":[828,832],"product_tag":[1556,1451,1466,1481,1668,1526,1511],"class_list":{"0":"post-23558","1":"product","2":"type-product","3":"status-publish","4":"has-post-thumbnail","6":"product_cat-batiment","7":"product_cat-surete-et-securite","8":"product_tag-clear-fr","9":"product_tag-commercial-fr","10":"product_tag-glare-fr","11":"product_tag-heat-fr","12":"product_tag-neutral-fr","13":"product_tag-reflective-fr","14":"product_tag-safety-fr","16":"first","17":"outofstock","18":"shipping-taxable","19":"product-type-simple"},"acf":[],"_links":{"self":[{"href":"https:\/\/www.solargard.com\/fr\/wp-json\/wp\/v2\/product\/23558","targetHints":{"allow":["GET"]}}],"collection":[{"href":"https:\/\/www.solargard.com\/fr\/wp-json\/wp\/v2\/product"}],"about":[{"href":"https:\/\/www.solargard.com\/fr\/wp-json\/wp\/v2\/types\/product"}],"replies":[{"embeddable":true,"href":"https:\/\/www.solargard.com\/fr\/wp-json\/wp\/v2\/comments?post=23558"}],"wp:featuredmedia":[{"embeddable":true,"href":"https:\/\/www.solargard.com\/fr\/wp-json\/wp\/v2\/media\/33232"}],"wp:attachment":[{"href":"https:\/\/www.solargard.com\/fr\/wp-json\/wp\/v2\/media?parent=23558"}],"wp:term":[{"taxonomy":"product_brand","embeddable":true,"href":"https:\/\/www.solargard.com\/fr\/wp-json\/wp\/v2\/product_brand?post=23558"},{"taxonomy":"product_cat","embeddable":true,"href":"https:\/\/www.solargard.com\/fr\/wp-json\/wp\/v2\/product_cat?post=23558"},{"taxonomy":"product_tag","embeddable":true,"href":"https:\/\/www.solargard.com\/fr\/wp-json\/wp\/v2\/product_tag?post=23558"}],"curies":[{"name":"wp","href":"https:\/\/api.w.org\/{rel}","templated":true}]}}