{"id":23560,"date":"2014-11-03T19:58:34","date_gmt":"2014-11-03T19:58:34","guid":{"rendered":"https:\/\/www.solargard.com\/fr\/?post_type=product&#038;p=23560"},"modified":"2019-11-04T02:51:16","modified_gmt":"2019-11-04T09:51:16","slug":"films-de-securite-transparents","status":"publish","type":"product","link":"https:\/\/www.solargard.com\/fr\/produit\/films-de-securite-transparents\/","title":{"rendered":"Film de s\u00e9curit\u00e9 transparent pour vitrages de b\u00e2timent"},"content":{"rendered":"<div class=\"sf_cols IntroText\">\n<div class=\"sf_colsOut \">\n<div id=\"ContentPlaceHolder2_T12509600018_Col00\" class=\"sf_colsIn sf_1col_1in_100\">\n<div class=\"sfContentBlock\">\n<h1><span>Film de s\u00e9curit\u00e9 transparent<\/span><\/h1>\n<p>Les films de s\u00e9curit\u00e9 pour vitrages optiquement transparents Armorcoat\u00ae sont incolores et ind\u00e9tectables sur le vitrage, vous offrant ainsi une protection parfaite. Contrairement \u00e0 de nombreux autres films, le film de s\u00e9curit\u00e9 pour vitrages Armorcoat\u00ae est <span>non r\u00e9fl\u00e9chissant<\/span> et donc virtuellement invisible sur vos fen\u00eatres. Vous maintenez ainsi l&rsquo;apparence naturelle de vos fen\u00eatres, jour et nuit. <span>Il n&rsquo;y a aucun effet miroir, ni<\/span> changement d\u00e9tectable au niveau de la surface des vitrages, les fen\u00eatres conservent donc leur aspect transparent, clair et attractif.<\/p>\n<p>Les couches de polyester souples et hautement r\u00e9sistantes, les adh\u00e9sifs extr\u00eamement performants, les inhibiteurs de rayons ultraviolets et les rev\u00eatements r\u00e9sistant aux rayures <span>permettent\u00a0<\/span>une att\u00e9nuation consid\u00e9rable des effets de l&rsquo;\u00e9clatement et une tr\u00e8s grande capacit\u00e9 de r\u00e9sistance aux impacts, les films plus \u00e9pais offrant un niveau de protection plus \u00e9lev\u00e9. Ces films transparents n&rsquo;aident pas seulement \u00e0 maintenir les \u00e9clats de verre en place, mais les inhibiteurs de rayons ultraviolets aident aussi \u00e0 prot\u00e9ger les marchandises et les biens pr\u00e9cieux contre la d\u00e9coloration.<\/p>\n<p>Epais de 2 \u00e0 14 MIL (50 \u00e0 350\u00b5), ce film <span>contribue consid\u00e9rablement \u00e0 prot\u00e9ger<\/span> vos biens et vos actifs.<\/p>\n<\/div>\n<\/div>\n<\/div>\n<\/div>\n<div class=\"sf_cols TopicPodContainer\"><a href=\"https:\/\/www.solargard.com\/fr\/deflagration\/\">Deflagration<\/a>\u00a0 \u00a0 \u00a0<a href=\"https:\/\/www.solargard.com\/fr\/securite-et-surete-des-ecoles\/\">Securite et s\u00fbret\u00e9 des \u00e9coles<\/a><\/div>\n","protected":false},"excerpt":{"rendered":"<p>Film de s\u00e9curit\u00e9 transparent Les films de s\u00e9curit\u00e9 pour vitrages optiquement transparents Armorcoat\u00ae sont incolores et ind\u00e9tectables sur le vitrage, vous offrant ainsi une protection parfaite. Contrairement \u00e0 de nombreux autres films, le film de s\u00e9curit\u00e9 pour vitrages Armorcoat\u00ae est non r\u00e9fl\u00e9chissant et donc virtuellement invisible sur vos fen\u00eatres. Vous maintenez ainsi l&rsquo;apparence naturelle de &hellip; <a href=\"https:\/\/www.solargard.com\/fr\/produit\/films-de-securite-transparents\/\">Continued<\/a><\/p>\n","protected":false},"featured_media":33248,"comment_status":"open","ping_status":"closed","template":"","meta":{"_acf_changed":false},"product_brand":[],"product_cat":[828,832],"product_tag":[1556,1451,1511],"class_list":{"0":"post-23560","1":"product","2":"type-product","3":"status-publish","4":"has-post-thumbnail","6":"product_cat-batiment","7":"product_cat-surete-et-securite","8":"product_tag-clear-fr","9":"product_tag-commercial-fr","10":"product_tag-safety-fr","12":"first","13":"outofstock","14":"shipping-taxable","15":"product-type-simple"},"acf":[],"_links":{"self":[{"href":"https:\/\/www.solargard.com\/fr\/wp-json\/wp\/v2\/product\/23560","targetHints":{"allow":["GET"]}}],"collection":[{"href":"https:\/\/www.solargard.com\/fr\/wp-json\/wp\/v2\/product"}],"about":[{"href":"https:\/\/www.solargard.com\/fr\/wp-json\/wp\/v2\/types\/product"}],"replies":[{"embeddable":true,"href":"https:\/\/www.solargard.com\/fr\/wp-json\/wp\/v2\/comments?post=23560"}],"wp:featuredmedia":[{"embeddable":true,"href":"https:\/\/www.solargard.com\/fr\/wp-json\/wp\/v2\/media\/33248"}],"wp:attachment":[{"href":"https:\/\/www.solargard.com\/fr\/wp-json\/wp\/v2\/media?parent=23560"}],"wp:term":[{"taxonomy":"product_brand","embeddable":true,"href":"https:\/\/www.solargard.com\/fr\/wp-json\/wp\/v2\/product_brand?post=23560"},{"taxonomy":"product_cat","embeddable":true,"href":"https:\/\/www.solargard.com\/fr\/wp-json\/wp\/v2\/product_cat?post=23560"},{"taxonomy":"product_tag","embeddable":true,"href":"https:\/\/www.solargard.com\/fr\/wp-json\/wp\/v2\/product_tag?post=23560"}],"curies":[{"name":"wp","href":"https:\/\/api.w.org\/{rel}","templated":true}]}}