{"id":23561,"date":"2014-11-03T19:57:16","date_gmt":"2016-03-08T22:50:04","guid":{"rendered":"https:\/\/www.solargard.com\/fr\/?post_type=product&#038;p=23561"},"modified":"2025-05-14T23:24:01","modified_gmt":"2025-05-15T07:24:01","slug":"films-decoratifs-pour-vitrages","status":"publish","type":"product","link":"https:\/\/www.solargard.com\/fr\/produit\/films-decoratifs-pour-vitrages\/","title":{"rendered":"Film d\u00e9coratif pour vitres de b\u00e2timent"},"content":{"rendered":"<h1>Film d\u00e9coratif et film intimit\u00e9<\/h1>\n<article class=\"text-token-text-primary w-full\" dir=\"auto\" data-testid=\"conversation-turn-584\" data-scroll-anchor=\"true\">\n<div class=\"text-base my-auto mx-auto py-5 [--thread-content-margin:--spacing(4)] @[37rem]:[--thread-content-margin:--spacing(6)] @[72rem]:[--thread-content-margin:--spacing(16)] px-(--thread-content-margin)\">\n<div class=\"[--thread-content-max-width:32rem] @[34rem]:[--thread-content-max-width:40rem] @[64rem]:[--thread-content-max-width:48rem] mx-auto flex max-w-(--thread-content-max-width) flex-1 text-base gap-4 md:gap-5 lg:gap-6 group\/turn-messages focus-visible:outline-hidden\" tabindex=\"-1\">\n<div class=\"group\/conversation-turn relative flex w-full min-w-0 flex-col agent-turn\">\n<div class=\"relative flex-col gap-1 md:gap-3\">\n<div class=\"flex max-w-full flex-col grow\">\n<div class=\"min-h-8 text-message relative flex w-full flex-col items-end gap-2 text-start break-words whitespace-normal [.text-message+&amp;]:mt-5\" dir=\"auto\" data-message-author-role=\"assistant\" data-message-id=\"1c9b9ebb-97a6-46dd-a511-6e63e2625abf\" data-message-model-slug=\"gpt-4o\">\n<div class=\"flex w-full flex-col gap-1 empty:hidden first:pt-[3px]\">\n<div class=\"markdown prose dark:prose-invert w-full break-words light\">\n<p class=\"\" data-start=\"0\" data-end=\"294\"><strong>Les films d\u00e9coratifs Solar Gard augmentent l\u2019intimit\u00e9 et r\u00e9duisent l\u2019\u00e9blouissement sans diminution significative de la lumi\u00e8re. Ils rendent les environnements plus s\u00fbrs en maintenant les \u00e9clats de verre ensemble en cas de bris, et en am\u00e9liorant la visibilit\u00e9 des portes vitr\u00e9es et des cloisons.<\/strong><\/p>\n<\/div>\n<\/div>\n<\/div>\n<\/div>\n<\/div>\n<\/div>\n<\/div>\n<\/div>\n<\/article>\n<table style=\"border-collapse: collapse; width: 100%; height: 72px;\">\n<tbody>\n<tr style=\"height: 24px;\">\n<td style=\"width: 33.3333%; text-align: center; height: 24px;\">CLEAR FROST RA 50<\/td>\n<td style=\"width: 33.3333%; text-align: center; height: 24px;\">WHITE OPAQUE RA<\/td>\n<td style=\"width: 33.3333%; text-align: center; height: 24px;\">BLACK OPAQUE RA<\/td>\n<\/tr>\n<tr style=\"height: 24px;\">\n<td style=\"width: 33.3333%; text-align: center; height: 24px;\"><img loading=\"lazy\" decoding=\"async\" class=\"alignnone wp-image-104134\" src=\"https:\/\/www.solargard.com\/wp-content\/uploads\/2014\/11\/White-Opaque-2-300x225.jpg\" alt=\"\" width=\"250\" height=\"188\" srcset=\"https:\/\/www.solargard.com\/wp-content\/uploads\/2014\/11\/White-Opaque-2-300x225.jpg 300w, https:\/\/www.solargard.com\/wp-content\/uploads\/2014\/11\/White-Opaque-2-768x576.jpg 768w, https:\/\/www.solargard.com\/wp-content\/uploads\/2014\/11\/White-Opaque-2-640x480.jpg 640w, https:\/\/www.solargard.com\/wp-content\/uploads\/2014\/11\/White-Opaque-2-127x95.jpg 127w, https:\/\/www.solargard.com\/wp-content\/uploads\/2014\/11\/White-Opaque-2-600x450.jpg 600w, https:\/\/www.solargard.com\/wp-content\/uploads\/2014\/11\/White-Opaque-2.jpg 1000w\" sizes=\"auto, (max-width: 250px) 100vw, 250px\" \/><\/td>\n<td style=\"width: 33.3333%; text-align: center; height: 24px;\"><img loading=\"lazy\" decoding=\"async\" class=\"alignnone wp-image-104132\" src=\"https:\/\/www.solargard.com\/wp-content\/uploads\/2014\/11\/Clear-Frost-1-300x225.jpg\" alt=\"\" width=\"250\" height=\"188\" srcset=\"https:\/\/www.solargard.com\/wp-content\/uploads\/2014\/11\/Clear-Frost-1-300x225.jpg 300w, https:\/\/www.solargard.com\/wp-content\/uploads\/2014\/11\/Clear-Frost-1-768x576.jpg 768w, https:\/\/www.solargard.com\/wp-content\/uploads\/2014\/11\/Clear-Frost-1-640x480.jpg 640w, https:\/\/www.solargard.com\/wp-content\/uploads\/2014\/11\/Clear-Frost-1-127x95.jpg 127w, https:\/\/www.solargard.com\/wp-content\/uploads\/2014\/11\/Clear-Frost-1-600x450.jpg 600w, https:\/\/www.solargard.com\/wp-content\/uploads\/2014\/11\/Clear-Frost-1.jpg 1000w\" sizes=\"auto, (max-width: 250px) 100vw, 250px\" \/><\/td>\n<td style=\"width: 33.3333%; text-align: center; height: 24px;\"><img loading=\"lazy\" decoding=\"async\" class=\"alignnone wp-image-104131\" src=\"https:\/\/www.solargard.com\/wp-content\/uploads\/2014\/11\/Black-Opaque-1-300x225.jpg\" alt=\"\" width=\"250\" height=\"188\" srcset=\"https:\/\/www.solargard.com\/wp-content\/uploads\/2014\/11\/Black-Opaque-1-300x225.jpg 300w, https:\/\/www.solargard.com\/wp-content\/uploads\/2014\/11\/Black-Opaque-1-768x576.jpg 768w, https:\/\/www.solargard.com\/wp-content\/uploads\/2014\/11\/Black-Opaque-1-640x480.jpg 640w, https:\/\/www.solargard.com\/wp-content\/uploads\/2014\/11\/Black-Opaque-1-127x95.jpg 127w, https:\/\/www.solargard.com\/wp-content\/uploads\/2014\/11\/Black-Opaque-1-600x450.jpg 600w, https:\/\/www.solargard.com\/wp-content\/uploads\/2014\/11\/Black-Opaque-1.jpg 1000w\" sizes=\"auto, (max-width: 250px) 100vw, 250px\" \/><\/td>\n<\/tr>\n<tr style=\"height: 24px;\">\n<td style=\"width: 33.3333%; text-align: center; height: 24px;\"><a href=\"https:\/\/www.solargard.com\/wp-content\/uploads\/2023\/05\/Solar-Gard-Sample-Page-Clearfrost-RA-50.pdf\" target=\"_blank\" rel=\"noopener\">Fiche technique<\/a><\/td>\n<td style=\"width: 33.3333%; height: 24px; text-align: center;\"><a href=\"https:\/\/www.solargard.com\/wp-content\/uploads\/2023\/05\/Solar-Gard-Sample-Page-White-Opaque-RA.pdf\" target=\"_blank\" rel=\"noopener\">Fiche technique<\/a><\/td>\n<td style=\"width: 33.3333%; height: 24px; text-align: center;\"><a href=\"https:\/\/www.solargard.com\/wp-content\/uploads\/2023\/05\/Solar-Gard-Sample-Page-Black-Opaque-RA.pdf\" target=\"_blank\" rel=\"noopener\">Fiche technique<\/a><\/td>\n<\/tr>\n<\/tbody>\n<\/table>\n<p>Les films d\u00e9coratifs Solar Gard constituent une solution \u00e9conomique flexible lorsqu&rsquo;il est question de cr\u00e9er une ambiance intime, les r\u00e9sultats obtenus \u00e9tant r\u00e9ellement excellents. Le film transparent opaque offre une solution plus abordable que la gravure des vitrages et les motifs peuvent \u00eatre facilement mis au go\u00fbt du jour en cas de changement de mode. Les films opaques repr\u00e9sentent un pas suppl\u00e9mentaire vers une protection optimale de l&rsquo;intimit\u00e9. Le film noir opaque offre un obscurcissement total en vue de b\u00e9n\u00e9ficier d&rsquo;un niveau de s\u00e9curit\u00e9 particuli\u00e8rement \u00e9lev\u00e9.<\/p>\n<p>Le film d\u00e9coratif pour vitrages Solar Gard offre des options illimit\u00e9es aux concepteurs pour cr\u00e9er des designs uniques et attractifs pour des commerces de toute nature, amplifiant non seulement l&rsquo;attractivit\u00e9 de l&rsquo;\u00e9tablissement mais am\u00e9liorant aussi de fa\u00e7on subtile l&rsquo;intimit\u00e9 de l&rsquo;endroit. Il est possible de cr\u00e9er un design unique li\u00e9 \u00e0 l&rsquo;identit\u00e9 de l&rsquo;entreprise ou de choisir parmi des milliers de gabarits en vue de cr\u00e9er des finitions stup\u00e9fiantes. Un film transparent opaque peut par exemple \u00eatre appliqu\u00e9 sur la m\u00eame fen\u00eatre qu&rsquo;un film opaque blanc ou noir, conf\u00e9rant ainsi une apparence dimensionnelle \u00e0 l&rsquo;ensemble.<\/p>\n","protected":false},"excerpt":{"rendered":"<p>Film d\u00e9coratif et film intimit\u00e9 Les films d\u00e9coratifs Solar Gard augmentent l\u2019intimit\u00e9 et r\u00e9duisent l\u2019\u00e9blouissement sans diminution significative de la lumi\u00e8re. Ils rendent les environnements plus s\u00fbrs en maintenant les \u00e9clats de verre ensemble en cas de bris, et en am\u00e9liorant la visibilit\u00e9 des portes vitr\u00e9es et des cloisons. CLEAR FROST RA 50 WHITE OPAQUE &hellip; <a href=\"https:\/\/www.solargard.com\/fr\/produit\/films-decoratifs-pour-vitrages\/\">Continued<\/a><\/p>\n","protected":false},"featured_media":33096,"comment_status":"open","ping_status":"closed","template":"","meta":{"_acf_changed":false},"product_brand":[],"product_cat":[828,1093],"product_tag":[1451],"class_list":{"0":"post-23561","1":"product","2":"type-product","3":"status-publish","4":"has-post-thumbnail","6":"product_cat-batiment","7":"product_cat-decorative-fr","8":"product_tag-commercial-fr","10":"first","11":"outofstock","12":"shipping-taxable","13":"product-type-simple"},"acf":[],"_links":{"self":[{"href":"https:\/\/www.solargard.com\/fr\/wp-json\/wp\/v2\/product\/23561","targetHints":{"allow":["GET"]}}],"collection":[{"href":"https:\/\/www.solargard.com\/fr\/wp-json\/wp\/v2\/product"}],"about":[{"href":"https:\/\/www.solargard.com\/fr\/wp-json\/wp\/v2\/types\/product"}],"replies":[{"embeddable":true,"href":"https:\/\/www.solargard.com\/fr\/wp-json\/wp\/v2\/comments?post=23561"}],"wp:featuredmedia":[{"embeddable":true,"href":"https:\/\/www.solargard.com\/fr\/wp-json\/wp\/v2\/media\/33096"}],"wp:attachment":[{"href":"https:\/\/www.solargard.com\/fr\/wp-json\/wp\/v2\/media?parent=23561"}],"wp:term":[{"taxonomy":"product_brand","embeddable":true,"href":"https:\/\/www.solargard.com\/fr\/wp-json\/wp\/v2\/product_brand?post=23561"},{"taxonomy":"product_cat","embeddable":true,"href":"https:\/\/www.solargard.com\/fr\/wp-json\/wp\/v2\/product_cat?post=23561"},{"taxonomy":"product_tag","embeddable":true,"href":"https:\/\/www.solargard.com\/fr\/wp-json\/wp\/v2\/product_tag?post=23561"}],"curies":[{"name":"wp","href":"https:\/\/api.w.org\/{rel}","templated":true}]}}