{"id":23562,"date":"2014-11-03T19:55:23","date_gmt":"2014-11-04T03:55:23","guid":{"rendered":"https:\/\/www.solargard.com\/fr\/?post_type=product&#038;p=23562"},"modified":"2022-09-27T03:36:23","modified_gmt":"2022-09-27T11:36:23","slug":"galaxie","status":"publish","type":"product","link":"https:\/\/www.solargard.com\/fr\/produit\/galaxie\/","title":{"rendered":"Galaxie&#x2122;\u00a0"},"content":{"rendered":"<p>Apparence et performances hors du commun avec un excellent contr\u00f4le de la chaleur sans perturbation pour les \u00e9quipements.<br \/>\nSi vous voulez en mettre plein les yeux, le noir profond du film Solar Gard Galaxie est fait pour vous.<\/p>\n<p><strong>Fonctions et avantages:<\/strong><\/p>\n<ul>\n<li>Noir profond offrant de nombreuse nuances<\/li>\n<li>Bloque plus de 99% des ultraviolets, prot\u00e9geant ainsi votre habitacle, vos passagers et vous-m\u00eame<\/li>\n<li>Compatible avec le GPS, la radio par satellite, le GSM et le syst\u00e8me de suivi de la pression des pneus<\/li>\n<li>Nettet\u00e9 de film excellente pour une visibilit\u00e9 inchang\u00e9e<\/li>\n<li>R\u00e9duction sup\u00e9rieure de l\u2019\u00e9blouissement pour une conduite s\u00fbre et confortable<\/li>\n<li>Garantie contre la d\u00e9coloration ou le changement du couleur<\/li>\n<li>Rev\u00eatement excellent r\u00e9sistant aux rayures pour un fonctionnement sans maintenance<\/li>\n<\/ul>\n<p>&nbsp;<\/p>\n<p>&nbsp;<\/p>\n","protected":false},"excerpt":{"rendered":"<p>Apparence et performances hors du commun avec un excellent contr\u00f4le de la chaleur sans perturbation pour les \u00e9quipements. Si vous voulez en mettre plein les yeux, le noir profond du film Solar Gard Galaxie est fait pour vous. Fonctions et avantages: Noir profond offrant de nombreuse nuances Bloque plus de 99% des ultraviolets, prot\u00e9geant ainsi &hellip; <a href=\"https:\/\/www.solargard.com\/fr\/produit\/galaxie\/\">Continued<\/a><\/p>\n","protected":false},"featured_media":37173,"comment_status":"open","ping_status":"closed","template":"","meta":{"_acf_changed":false},"product_brand":[],"product_cat":[834,837],"product_tag":[1599,1654,1640,1526,1585],"class_list":{"0":"post-23562","1":"product","2":"type-product","3":"status-publish","4":"has-post-thumbnail","6":"product_cat-automobile","7":"product_cat-not-reflective","8":"product_tag-color-stability-fr","9":"product_tag-dark-tint-fr","10":"product_tag-medium-tint-fr","11":"product_tag-reflective-fr","12":"product_tag-signal-friendly-fr","14":"first","15":"instock","16":"shipping-taxable","17":"product-type-simple"},"acf":[],"_links":{"self":[{"href":"https:\/\/www.solargard.com\/fr\/wp-json\/wp\/v2\/product\/23562","targetHints":{"allow":["GET"]}}],"collection":[{"href":"https:\/\/www.solargard.com\/fr\/wp-json\/wp\/v2\/product"}],"about":[{"href":"https:\/\/www.solargard.com\/fr\/wp-json\/wp\/v2\/types\/product"}],"replies":[{"embeddable":true,"href":"https:\/\/www.solargard.com\/fr\/wp-json\/wp\/v2\/comments?post=23562"}],"wp:featuredmedia":[{"embeddable":true,"href":"https:\/\/www.solargard.com\/fr\/wp-json\/wp\/v2\/media\/37173"}],"wp:attachment":[{"href":"https:\/\/www.solargard.com\/fr\/wp-json\/wp\/v2\/media?parent=23562"}],"wp:term":[{"taxonomy":"product_brand","embeddable":true,"href":"https:\/\/www.solargard.com\/fr\/wp-json\/wp\/v2\/product_brand?post=23562"},{"taxonomy":"product_cat","embeddable":true,"href":"https:\/\/www.solargard.com\/fr\/wp-json\/wp\/v2\/product_cat?post=23562"},{"taxonomy":"product_tag","embeddable":true,"href":"https:\/\/www.solargard.com\/fr\/wp-json\/wp\/v2\/product_tag?post=23562"}],"curies":[{"name":"wp","href":"https:\/\/api.w.org\/{rel}","templated":true}]}}