{"id":30587,"date":"2014-11-03T19:55:09","date_gmt":"2014-11-03T19:55:09","guid":{"rendered":"https:\/\/www.solargard.com\/fr\/?post_type=product&#038;p=30587"},"modified":"2022-09-21T10:59:05","modified_gmt":"2022-09-21T18:59:05","slug":"hp-smoke-plus","status":"publish","type":"product","link":"https:\/\/www.solargard.com\/fr\/produit\/hp-smoke-plus\/","title":{"rendered":"HP Smoke Plus"},"content":{"rendered":"<h1><span data-sheets-value=\"{&quot;1&quot;:2,&quot;2&quot;:&quot;Film automobile abordable HP Smoke Plus &quot;}\" data-sheets-userformat=\"{&quot;2&quot;:33585342,&quot;4&quot;:[null,2,15397341],&quot;5&quot;:{&quot;1&quot;:[{&quot;1&quot;:2,&quot;2&quot;:0,&quot;5&quot;:{&quot;1&quot;:0}},{&quot;1&quot;:0,&quot;2&quot;:0,&quot;3&quot;:3},{&quot;1&quot;:1,&quot;2&quot;:0,&quot;4&quot;:1}]},&quot;6&quot;:{&quot;1&quot;:[{&quot;1&quot;:2,&quot;2&quot;:0,&quot;5&quot;:{&quot;1&quot;:0}},{&quot;1&quot;:0,&quot;2&quot;:0,&quot;3&quot;:3},{&quot;1&quot;:1,&quot;2&quot;:0,&quot;4&quot;:1}]},&quot;7&quot;:{&quot;1&quot;:[{&quot;1&quot;:2,&quot;2&quot;:0,&quot;5&quot;:{&quot;1&quot;:0}},{&quot;1&quot;:0,&quot;2&quot;:0,&quot;3&quot;:3},{&quot;1&quot;:1,&quot;2&quot;:0,&quot;4&quot;:1}]},&quot;8&quot;:{&quot;1&quot;:[{&quot;1&quot;:2,&quot;2&quot;:0,&quot;5&quot;:{&quot;1&quot;:0}},{&quot;1&quot;:0,&quot;2&quot;:0,&quot;3&quot;:3},{&quot;1&quot;:1,&quot;2&quot;:0,&quot;4&quot;:1}]},&quot;10&quot;:1,&quot;14&quot;:[null,2,0],&quot;15&quot;:&quot;Calibri&quot;,&quot;16&quot;:8,&quot;17&quot;:1,&quot;28&quot;:1}\">HP Smoke Plus <\/span><\/h1>\n<p>La s\u00e9rie Solar Gard Smoke se compose de films pour vitrage automobile propos\u00e9s \u00e0 l&rsquo;usage des conditions \u00e9conomiques, s\u00e9rie qui comprend aussi bien les versions antireflet (NR) que la gamme haute performance (HP). Ces films offrent un look classique \u00e0 des prix fantastiques et une protection UV contre la d\u00e9coloration.<\/p>\n<p><strong>Fonctions et avantages:<\/strong><\/p>\n<ul>\n<li>Tons de fum\u00e9e conventionnels<\/li>\n<li>Le choix de quatre teintes<\/li>\n<li>Bloque jusqu&rsquo;\u00e0 98% des rayons ultraviolets<\/li>\n<\/ul>\n","protected":false},"excerpt":{"rendered":"<p>HP Smoke Plus La s\u00e9rie Solar Gard Smoke se compose de films pour vitrage automobile propos\u00e9s \u00e0 l&rsquo;usage des conditions \u00e9conomiques, s\u00e9rie qui comprend aussi bien les versions antireflet (NR) que la gamme haute performance (HP). Ces films offrent un look classique \u00e0 des prix fantastiques et une protection UV contre la d\u00e9coloration. Fonctions et &hellip; <a href=\"https:\/\/www.solargard.com\/fr\/produit\/hp-smoke-plus\/\">Continued<\/a><\/p>\n","protected":false},"featured_media":98819,"comment_status":"open","ping_status":"closed","template":"","meta":{"_acf_changed":false},"product_brand":[],"product_cat":[834,836],"product_tag":[1654,1640,1526,1571],"class_list":{"0":"post-30587","1":"product","2":"type-product","3":"status-publish","4":"has-post-thumbnail","6":"product_cat-automobile","7":"product_cat-haute-performance","8":"product_tag-dark-tint-fr","9":"product_tag-medium-tint-fr","10":"product_tag-reflective-fr","11":"product_tag-staying-cool-fr","13":"first","14":"outofstock","15":"shipping-taxable","16":"product-type-simple"},"acf":[],"_links":{"self":[{"href":"https:\/\/www.solargard.com\/fr\/wp-json\/wp\/v2\/product\/30587","targetHints":{"allow":["GET"]}}],"collection":[{"href":"https:\/\/www.solargard.com\/fr\/wp-json\/wp\/v2\/product"}],"about":[{"href":"https:\/\/www.solargard.com\/fr\/wp-json\/wp\/v2\/types\/product"}],"replies":[{"embeddable":true,"href":"https:\/\/www.solargard.com\/fr\/wp-json\/wp\/v2\/comments?post=30587"}],"wp:featuredmedia":[{"embeddable":true,"href":"https:\/\/www.solargard.com\/fr\/wp-json\/wp\/v2\/media\/98819"}],"wp:attachment":[{"href":"https:\/\/www.solargard.com\/fr\/wp-json\/wp\/v2\/media?parent=30587"}],"wp:term":[{"taxonomy":"product_brand","embeddable":true,"href":"https:\/\/www.solargard.com\/fr\/wp-json\/wp\/v2\/product_brand?post=30587"},{"taxonomy":"product_cat","embeddable":true,"href":"https:\/\/www.solargard.com\/fr\/wp-json\/wp\/v2\/product_cat?post=30587"},{"taxonomy":"product_tag","embeddable":true,"href":"https:\/\/www.solargard.com\/fr\/wp-json\/wp\/v2\/product_tag?post=30587"}],"curies":[{"name":"wp","href":"https:\/\/api.w.org\/{rel}","templated":true}]}}