{"id":30592,"date":"2014-12-11T21:20:23","date_gmt":"2014-12-11T21:20:23","guid":{"rendered":"https:\/\/www.solargard.com\/fr\/?post_type=product&#038;p=30592"},"modified":"2021-04-28T01:58:04","modified_gmt":"2021-04-28T09:58:04","slug":"silver-ag","status":"publish","type":"product","link":"https:\/\/www.solargard.com\/fr\/produit\/silver-ag\/","title":{"rendered":"Film basse \u00e9missivit\u00e9 pour b\u00e2timents | Silver AG"},"content":{"rendered":"<h1><span data-sheets-value=\"{&quot;1&quot;:2,&quot;2&quot;:&quot;Film\u00a0basse \u00e9missivit\u00e9 pour b\u00e2timents Silver AG&quot;}\" data-sheets-userformat=\"{&quot;2&quot;:33585598,&quot;4&quot;:[null,2,15397341],&quot;5&quot;:{&quot;1&quot;:[{&quot;1&quot;:2,&quot;2&quot;:0,&quot;5&quot;:{&quot;1&quot;:0}},{&quot;1&quot;:0,&quot;2&quot;:0,&quot;3&quot;:3},{&quot;1&quot;:1,&quot;2&quot;:0,&quot;4&quot;:1}]},&quot;6&quot;:{&quot;1&quot;:[{&quot;1&quot;:2,&quot;2&quot;:0,&quot;5&quot;:{&quot;1&quot;:0}},{&quot;1&quot;:0,&quot;2&quot;:0,&quot;3&quot;:3},{&quot;1&quot;:1,&quot;2&quot;:0,&quot;4&quot;:1}]},&quot;7&quot;:{&quot;1&quot;:[{&quot;1&quot;:2,&quot;2&quot;:0,&quot;5&quot;:{&quot;1&quot;:0}},{&quot;1&quot;:0,&quot;2&quot;:0,&quot;3&quot;:3},{&quot;1&quot;:1,&quot;2&quot;:0,&quot;4&quot;:1}]},&quot;8&quot;:{&quot;1&quot;:[{&quot;1&quot;:2,&quot;2&quot;:0,&quot;5&quot;:{&quot;1&quot;:0}},{&quot;1&quot;:0,&quot;2&quot;:0,&quot;3&quot;:3},{&quot;1&quot;:1,&quot;2&quot;:0,&quot;4&quot;:1}]},&quot;10&quot;:1,&quot;11&quot;:4,&quot;14&quot;:[null,2,0],&quot;15&quot;:&quot;Calibri&quot;,&quot;16&quot;:8,&quot;17&quot;:1,&quot;28&quot;:1}\">Film\u00a0basse \u00e9missivit\u00e9 pour b\u00e2timents Silver AG<\/span><\/h1>\n<p class=\"p1\">VOTRE MEILLEUR CHOIX POUR FAIRE DES \u00c9CONOMIES TOUT AU LONG DE L\u2019ANN\u00c9E<\/p>\n<p>Le film pour vitrages Solar Gard\u00ae Silver AG 50 Low E peut diminuer votre consommation d\u2019\u00e9nergie pendant les p\u00e9riodes froides comme pendant les p\u00e9riodes chaudes, ce qui g\u00e9n\u00e8re des \u00e9conomies d\u2019argent et d\u2019\u00e9nergie tout au long de l\u2019ann\u00e9e. Le rev\u00eatement sp\u00e9cialis\u00e9 basse \u00e9nergie du film pour vitrages Silver AG Low E offre \u00e0 votre maison des avantages exceptionnels, y compris :<\/p>\n<ul>\n<li>Diminue les co\u00fbts de chauffage pendant l\u2019hiver en r\u00e9fl\u00e9chissant la chaleur int\u00e9rieure qui est renvoy\u00e9e dans votre maison<\/li>\n<li>Diminue le besoin de climatisation pendant les mois d\u2019\u00e9t\u00e9<\/li>\n<li>Am\u00e9liore le confort int\u00e9rieur de votre domicile tout au long de l\u2019ann\u00e9e<\/li>\n<\/ul>\n<p>Le Silver AG 50 Low E laisse entrer davantage de lumi\u00e8re naturelle que n\u2019importe quel autre produit sous forme de film pour vitrages\u00a0basse \u00e9missivit\u00e9\u00a0(low e), ce qui engendre:<\/p>\n<ul>\n<li>De plus grands avantages concernant la lumi\u00e8re du jour par rapport \u00e0 d\u2019autres traitements isolants de vitrages<\/li>\n<li>Diminue le besoin en \u00e9clairage int\u00e9rieur pendant la\u00a0journ\u00e9e<\/li>\n<li>Vues int\u00e9rieures et ext\u00e9rieures bien meilleures<\/li>\n<\/ul>\n<p>Si vous souhaitez recevoir des informations d\u2019un de nos partenaires, envoyez un mail \u00e0\u00a0<a href=\"mailto:france.info@solargard.com\">france.info@solargard.com<\/a>\u00a0ou t\u00e9l\u00e9phonez au num\u00e9ro +32 (0)9 240 95 81.<\/p>\n","protected":false},"excerpt":{"rendered":"<p>Film\u00a0basse \u00e9missivit\u00e9 pour b\u00e2timents Silver AG VOTRE MEILLEUR CHOIX POUR FAIRE DES \u00c9CONOMIES TOUT AU LONG DE L\u2019ANN\u00c9E Le film pour vitrages Solar Gard\u00ae Silver AG 50 Low E peut diminuer votre consommation d\u2019\u00e9nergie pendant les p\u00e9riodes froides comme pendant les p\u00e9riodes chaudes, ce qui g\u00e9n\u00e8re des \u00e9conomies d\u2019argent et d\u2019\u00e9nergie tout au long de &hellip; <a href=\"https:\/\/www.solargard.com\/fr\/produit\/silver-ag\/\">Continued<\/a><\/p>\n","protected":false},"featured_media":98572,"comment_status":"open","ping_status":"closed","template":"","meta":{"_acf_changed":false},"product_brand":[],"product_cat":[830],"product_tag":[1451,1466,1481,1496,1526],"class_list":{"0":"post-30592","1":"product","2":"type-product","3":"status-publish","4":"has-post-thumbnail","6":"product_cat-a-faible-emissivite","7":"product_tag-commercial-fr","8":"product_tag-glare-fr","9":"product_tag-heat-fr","10":"product_tag-privacy-fr","11":"product_tag-reflective-fr","13":"first","14":"instock","15":"shipping-taxable","16":"product-type-simple"},"acf":[],"_links":{"self":[{"href":"https:\/\/www.solargard.com\/fr\/wp-json\/wp\/v2\/product\/30592","targetHints":{"allow":["GET"]}}],"collection":[{"href":"https:\/\/www.solargard.com\/fr\/wp-json\/wp\/v2\/product"}],"about":[{"href":"https:\/\/www.solargard.com\/fr\/wp-json\/wp\/v2\/types\/product"}],"replies":[{"embeddable":true,"href":"https:\/\/www.solargard.com\/fr\/wp-json\/wp\/v2\/comments?post=30592"}],"wp:featuredmedia":[{"embeddable":true,"href":"https:\/\/www.solargard.com\/fr\/wp-json\/wp\/v2\/media\/98572"}],"wp:attachment":[{"href":"https:\/\/www.solargard.com\/fr\/wp-json\/wp\/v2\/media?parent=30592"}],"wp:term":[{"taxonomy":"product_brand","embeddable":true,"href":"https:\/\/www.solargard.com\/fr\/wp-json\/wp\/v2\/product_brand?post=30592"},{"taxonomy":"product_cat","embeddable":true,"href":"https:\/\/www.solargard.com\/fr\/wp-json\/wp\/v2\/product_cat?post=30592"},{"taxonomy":"product_tag","embeddable":true,"href":"https:\/\/www.solargard.com\/fr\/wp-json\/wp\/v2\/product_tag?post=30592"}],"curies":[{"name":"wp","href":"https:\/\/api.w.org\/{rel}","templated":true}]}}