{"id":30594,"date":"2026-01-08T19:56:08","date_gmt":"2026-01-09T03:56:08","guid":{"rendered":"https:\/\/www.solargard.com\/fr\/?post_type=product&#038;p=30594"},"modified":"2023-01-27T02:33:09","modified_gmt":"2023-01-27T10:33:09","slug":"clearshield-pro","status":"publish","type":"product","link":"https:\/\/www.solargard.com\/fr\/produit\/clearshield-pro\/","title":{"rendered":"Film carrosserie automobile"},"content":{"rendered":"<h1><span data-sheets-value=\"{&quot;1&quot;:2,&quot;2&quot;:&quot;Film carrosserie automobile Clearshield Pro&quot;}\" data-sheets-userformat=\"{&quot;2&quot;:33585214,&quot;4&quot;:[null,2,15397341],&quot;5&quot;:{&quot;1&quot;:[{&quot;1&quot;:2,&quot;2&quot;:0,&quot;5&quot;:{&quot;1&quot;:0}},{&quot;1&quot;:0,&quot;2&quot;:0,&quot;3&quot;:3},{&quot;1&quot;:1,&quot;2&quot;:0,&quot;4&quot;:1}]},&quot;6&quot;:{&quot;1&quot;:[{&quot;1&quot;:2,&quot;2&quot;:0,&quot;5&quot;:{&quot;1&quot;:0}},{&quot;1&quot;:0,&quot;2&quot;:0,&quot;3&quot;:3},{&quot;1&quot;:1,&quot;2&quot;:0,&quot;4&quot;:1}]},&quot;7&quot;:{&quot;1&quot;:[{&quot;1&quot;:2,&quot;2&quot;:0,&quot;5&quot;:{&quot;1&quot;:0}},{&quot;1&quot;:0,&quot;2&quot;:0,&quot;3&quot;:3},{&quot;1&quot;:1,&quot;2&quot;:0,&quot;4&quot;:1}]},&quot;8&quot;:{&quot;1&quot;:[{&quot;1&quot;:2,&quot;2&quot;:0,&quot;5&quot;:{&quot;1&quot;:0}},{&quot;1&quot;:0,&quot;2&quot;:0,&quot;3&quot;:3},{&quot;1&quot;:1,&quot;2&quot;:0,&quot;4&quot;:1}]},&quot;14&quot;:[null,2,0],&quot;15&quot;:&quot;Calibri&quot;,&quot;16&quot;:8,&quot;17&quot;:1,&quot;28&quot;:1}\">Clearshield Pro HYDRO<\/span><\/h1>\n<p><em>Le film de protection de la peinture automobile Solar Gard Clearshield prot\u00e8ge votre voiture et l\u2019embellit.<\/em><\/p>\n<p>Votre nouveau v\u00e9hicule est vuln\u00e9rable aux d\u00e9g\u00e2ts d\u00e8s la minute o\u00f9 vous sortez de chez votre concessionnaire. Les \u00e9quipements traditionnels utilis\u00e9s pour prot\u00e9ger la peinture de votre voiture, comme les d\u00e9flecteurs, peuvent en fait provoquer eux-m\u00eames des d\u00e9g\u00e2ts, ils sont disgracieux et ils obscurcissent la brillance de la couleur que vous souhaitiez prot\u00e9ger initialement.<\/p>\n<p><strong>Le film de protection carrosserie Solar Gard Clearshield Pro<\/strong>, \u00e0 base d&rsquo;ur\u00e9thane, est pratiquement ind\u00e9tectable. Con\u00e7u pour la protection de la peinture automobile, il r\u00e9siste aux impacts des projectiles qui compromettent quotidiennement la peinture de votre v\u00e9hicule, comme les gravillons, les d\u00e9bris, les cailloux, le sel d&rsquo;\u00e9pandage et m\u00eame les insectes.<\/p>\n<p><strong>Le film protection carrosserie Clearshield Pro<\/strong>\u00a0est coup\u00e9 par ordinateur suivant les dimensions et le mod\u00e8le de votre v\u00e9hicule et il s&rsquo;adapte donc comme un gant aux surfaces les plus complexes : capot, r\u00e9troviseurs et pare-chocs. Le film de protection de la peinture automobile Solar Gard ne n\u00e9cessite en outre aucun per\u00e7age de trous, ni d\u2019attaches sp\u00e9ciales \u00e0 l&rsquo;instar d&rsquo;autres produits de protection. M\u00eame si vous ne vous apercevrez m\u00eame pas de la pr\u00e9sence du film protection carrosserie Clearshield Pro, il sera constamment actif pour vous aider \u00e0 pr\u00e9server votre v\u00e9hicule des rayures et des impacts co\u00fbteux. Mais le meilleur est encore \u00e0 venir. Le film de protection de la peinture automobile Clearshield est garanti pour 5 ans et n&rsquo;exige aucun entretien particulier. Il vous suffira de laver et de polir votre v\u00e9hicule comme vous l&rsquo;avez toujours fait.<\/p>\n<p><strong>L&rsquo;avantage est \u00e9vident.<\/strong> Gr\u00e2ce au film de protection de la peinture automobile Clearshield Pro, les zones les plus vuln\u00e9rables de votre v\u00e9hicule b\u00e9n\u00e9ficient d&rsquo;une protection suppl\u00e9mentaire contre:<\/p>\n<ul>\n<li>les taches et abrasions caus\u00e9es par les insectes<\/li>\n<li>les rayures et impacts<\/li>\n<li>les d\u00e9g\u00e2ts dus aux petits d\u00e9bris routiers<\/li>\n<li>les d\u00e9g\u00e2ts dus au sel d&rsquo;\u00e9pandage et au sable<\/li>\n<\/ul>\n<p>Le film de protection de peinture automobile Clearshield Pro HYDRO offre une protection pour la peinture des v\u00e9hicules, soit en vue de pr\u00e9server l&rsquo;apparence du v\u00e9hicule, soit afin de minimiser les charges lors de la restitution d&rsquo;un v\u00e9hicule en leasing.<\/p>\n<p>&nbsp;<\/p>\n<h4><a href=\"https:\/\/vimeo.com\/260267394\" target=\"_blank\" rel=\"noopener\">Vid\u00e9o<\/a><\/h4>\n","protected":false},"excerpt":{"rendered":"<p>Clearshield Pro HYDRO Le film de protection de la peinture automobile Solar Gard Clearshield prot\u00e8ge votre voiture et l\u2019embellit. Votre nouveau v\u00e9hicule est vuln\u00e9rable aux d\u00e9g\u00e2ts d\u00e8s la minute o\u00f9 vous sortez de chez votre concessionnaire. Les \u00e9quipements traditionnels utilis\u00e9s pour prot\u00e9ger la peinture de votre voiture, comme les d\u00e9flecteurs, peuvent en fait provoquer eux-m\u00eames &hellip; <a href=\"https:\/\/www.solargard.com\/fr\/produit\/clearshield-pro\/\">Continued<\/a><\/p>\n","protected":false},"featured_media":102115,"comment_status":"open","ping_status":"closed","template":"","meta":{"_acf_changed":false},"product_brand":[],"product_cat":[835],"product_tag":[1614],"class_list":{"0":"post-30594","1":"product","2":"type-product","3":"status-publish","4":"has-post-thumbnail","6":"product_cat-peinture-de-protection","7":"product_tag-paint-protection-fr","9":"first","10":"outofstock","11":"shipping-taxable","12":"product-type-simple"},"acf":[],"_links":{"self":[{"href":"https:\/\/www.solargard.com\/fr\/wp-json\/wp\/v2\/product\/30594","targetHints":{"allow":["GET"]}}],"collection":[{"href":"https:\/\/www.solargard.com\/fr\/wp-json\/wp\/v2\/product"}],"about":[{"href":"https:\/\/www.solargard.com\/fr\/wp-json\/wp\/v2\/types\/product"}],"replies":[{"embeddable":true,"href":"https:\/\/www.solargard.com\/fr\/wp-json\/wp\/v2\/comments?post=30594"}],"wp:featuredmedia":[{"embeddable":true,"href":"https:\/\/www.solargard.com\/fr\/wp-json\/wp\/v2\/media\/102115"}],"wp:attachment":[{"href":"https:\/\/www.solargard.com\/fr\/wp-json\/wp\/v2\/media?parent=30594"}],"wp:term":[{"taxonomy":"product_brand","embeddable":true,"href":"https:\/\/www.solargard.com\/fr\/wp-json\/wp\/v2\/product_brand?post=30594"},{"taxonomy":"product_cat","embeddable":true,"href":"https:\/\/www.solargard.com\/fr\/wp-json\/wp\/v2\/product_cat?post=30594"},{"taxonomy":"product_tag","embeddable":true,"href":"https:\/\/www.solargard.com\/fr\/wp-json\/wp\/v2\/product_tag?post=30594"}],"curies":[{"name":"wp","href":"https:\/\/api.w.org\/{rel}","templated":true}]}}