{"id":89155,"date":"2020-06-25T08:35:07","date_gmt":"2020-06-25T16:35:07","guid":{"rendered":"https:\/\/www.solargard.com\/product\/sentinel-plus-qx-series\/"},"modified":"2024-10-02T03:24:42","modified_gmt":"2024-10-02T11:24:42","slug":"sentinel-plus-qx-series","status":"publish","type":"product","link":"https:\/\/www.solargard.com\/fr\/produit\/sentinel-plus-qx-series\/","title":{"rendered":"Ext\u00e9rieur | Sentinel Plus QX"},"content":{"rendered":"<h1>Sentinel Plus QX 40 &amp; 70<\/h1>\n<p>La s\u00e9rie de films Solar Gard\u00ae Sentinel \u2122 Plus QX combine un superbe rejet de chaleur avec une r\u00e9flectivit\u00e9 visuelle tr\u00e8s faible et un aspect neutre et presque invisible. Une solution id\u00e9ale pour les b\u00e2timents et les espaces ayant besoin d&rsquo;augmenter le confort thermique et de r\u00e9duire la consommation d&rsquo;\u00e9nergie sans alt\u00e9rer l&rsquo;esth\u00e9tique de la fa\u00e7ade. Plus de 99% des dommages caus\u00e9s par le rayonnement UV sont neutralis\u00e9s.<\/p>\n<ul>\n<li><a href=\"https:\/\/www.solargard.com\/wp-content\/uploads\/2020\/06\/Solar-Gard-Sample-Page-Sentinel-Plus-QX70.pdf?x92359\" target=\"_blank\" rel=\"noopener noreferrer\">Fiche technique: Sentinel Plus QX 70 OSW<\/a><\/li>\n<li><a href=\"https:\/\/www.solargard.com\/wp-content\/uploads\/2020\/06\/Solar-Gard-Sample-Page-Sentinel-Plus-QX40.pdf?x92359\" target=\"_blank\" rel=\"noopener noreferrer\">Fiche technique: Sentinel Plus QX 40 OSW<\/a><\/li>\n<\/ul>\n<h4>R\u00e9f\u00e9rence Chantier<\/h4>\n<ul>\n<li><a href=\"https:\/\/indd.adobe.com\/view\/90e0e9a3-b1a6-401b-8483-337c07705fa2\" target=\"_blank\" rel=\"noopener noreferrer\">Sentinel Plus QX 40 OSW <\/a>&#8211; Ridderkerk, NL Premium Partner: <a href=\"https:\/\/www.facebook.com\/Glassprotect-Glasfolies-1402840826610362\/\" target=\"_blank\" rel=\"noopener noreferrer\">Glassprotect Glassfolies<\/a><\/li>\n<\/ul>\n<h4>Plus de photos de r\u00e9f\u00e9rence<\/h4>\n<ul>\n<li><a href=\"https:\/\/www.facebook.com\/photo.php?fbid=3544515025594495&amp;set=pcb.3544516835594314&amp;type=3&amp;theater\" target=\"_blank\" rel=\"noopener noreferrer\">Starbucks choisit le QX 70 install\u00e9 par Glassprotect Glassfolies<\/a><\/li>\n<li><a href=\"https:\/\/www.facebook.com\/durablelimited\/photos\/pcb.3206960672723609\/3206957932723883\/?type=3&amp;theater\" target=\"_blank\" rel=\"noopener noreferrer\">Une v\u00e9randa plus confortable avec QX 70 install\u00e9 par notre partenaire UK Partner Durable Ltd<\/a><\/li>\n<li><a href=\"https:\/\/www.facebook.com\/Lunaglasstinting\/photos\/pcb.3158469227573975\/3158468580907373\/?type=3&amp;theater\" target=\"_blank\" rel=\"noopener noreferrer\">QX 70 install\u00e9 par Premium Partner Luna Glass Tinting<\/a><\/li>\n<li><a href=\"https:\/\/www.facebook.com\/glassprotectglasfolies\/photos\/pcb.2534465856654352\/2534461049988166\/?type=3&amp;theater\" target=\"_blank\" rel=\"noopener noreferrer\">QX 70 &amp; 40 install\u00e9 par Premium Partner Glassprotect Glasfolies<\/a><\/li>\n<\/ul>\n<h6><\/h6>\n<h6>La s\u00e9rie QX est vendue et install\u00e9e exclusivement par nos partenaires premium.<\/h6>\n<p>&nbsp;<\/p>\n<p>&nbsp;<\/p>\n","protected":false},"excerpt":{"rendered":"<p>Sentinel Plus QX 40 &amp; 70 La s\u00e9rie de films Solar Gard\u00ae Sentinel \u2122 Plus QX combine un superbe rejet de chaleur avec une r\u00e9flectivit\u00e9 visuelle tr\u00e8s faible et un aspect neutre et presque invisible. Une solution id\u00e9ale pour les b\u00e2timents et les espaces ayant besoin d&rsquo;augmenter le confort thermique et de r\u00e9duire la consommation &hellip; <a href=\"https:\/\/www.solargard.com\/fr\/produit\/sentinel-plus-qx-series\/\">Continued<\/a><\/p>\n","protected":false},"featured_media":103409,"comment_status":"open","ping_status":"closed","template":"","meta":{"_acf_changed":false},"product_brand":[],"product_cat":[833,828,829],"product_tag":[1776],"class_list":{"0":"post-89155","1":"product","2":"type-product","3":"status-publish","4":"has-post-thumbnail","6":"product_cat-controle-solaire","7":"product_cat-batiment","8":"product_cat-films-exterieur","9":"product_tag-superbe-rejet-de-chaleur","11":"first","12":"instock","13":"shipping-taxable","14":"product-type-simple"},"acf":[],"_links":{"self":[{"href":"https:\/\/www.solargard.com\/fr\/wp-json\/wp\/v2\/product\/89155","targetHints":{"allow":["GET"]}}],"collection":[{"href":"https:\/\/www.solargard.com\/fr\/wp-json\/wp\/v2\/product"}],"about":[{"href":"https:\/\/www.solargard.com\/fr\/wp-json\/wp\/v2\/types\/product"}],"replies":[{"embeddable":true,"href":"https:\/\/www.solargard.com\/fr\/wp-json\/wp\/v2\/comments?post=89155"}],"wp:featuredmedia":[{"embeddable":true,"href":"https:\/\/www.solargard.com\/fr\/wp-json\/wp\/v2\/media\/103409"}],"wp:attachment":[{"href":"https:\/\/www.solargard.com\/fr\/wp-json\/wp\/v2\/media?parent=89155"}],"wp:term":[{"taxonomy":"product_brand","embeddable":true,"href":"https:\/\/www.solargard.com\/fr\/wp-json\/wp\/v2\/product_brand?post=89155"},{"taxonomy":"product_cat","embeddable":true,"href":"https:\/\/www.solargard.com\/fr\/wp-json\/wp\/v2\/product_cat?post=89155"},{"taxonomy":"product_tag","embeddable":true,"href":"https:\/\/www.solargard.com\/fr\/wp-json\/wp\/v2\/product_tag?post=89155"}],"curies":[{"name":"wp","href":"https:\/\/api.w.org\/{rel}","templated":true}]}}