{"id":94818,"date":"2020-03-13T14:19:05","date_gmt":"2020-03-13T22:19:05","guid":{"rendered":"https:\/\/www.solargard.com\/product\/graffitigard-4plus\/"},"modified":"2021-10-28T01:29:49","modified_gmt":"2021-10-28T09:29:49","slug":"graffitigard-4plus","status":"publish","type":"product","link":"https:\/\/www.solargard.com\/fr\/produit\/graffitigard-4plus\/","title":{"rendered":"Graffitigard&#x2122; 4PLUS"},"content":{"rendered":"<h2 align=\"left\">Graffitigard 4PLUS constitue votre premi\u00e8re ligne de d\u00e9fense<\/h2>\n<p align=\"left\">Quatre couches de protection transport public, d\u00e9tachement propre, en une seule application. Prot\u00e9gez vos espaces publics et surtout votre image d\u2019entreprise, avec le film anti-vandalisme de Saint-Gobain. Graffitigard 4PLUS est la solution id\u00e9ale pour le verre et les autres surfaces lisses et non poreuses.<\/p>\n<ul>\n<li><strong>Prot\u00e8ge les surfaces contre les graffitis<\/strong> &#8211; Prot\u00e8ge des rayures, des attaques \u00e0 acide et des marqueurs permanents<\/li>\n<li><strong>Pr\u00e9-coup\u00e9 et encoch\u00e9. Facile \u00e0 installer ou \u00e0 enlever<\/strong> &#8211; D\u00e9coup\u00e9 sur mesure \u00e0 la surface que vous souhaitez prot\u00e9ger. Les 4 couches de protection constituent une alternative bien plus efficace que le film anti-graffiti monocouche<\/li>\n<li><strong>R\u00e9duit le budget achat produit et installation<\/strong> &#8211; \u00c9vitez les pertes de b\u00e9n\u00e9fices et la r\u00e9installation en gardant votre v\u00e9hicule en circulation 4 fois plus longtemps<a href=\"https:\/\/www.solargard.com\/wp-content\/uploads\/2021\/10\/GraffitigardAnti-VandalismSellSheet_SK0252SGG4PLUSSSFR_0321.pdf\" target=\"_blank\" rel=\"noopener\"><img loading=\"lazy\" decoding=\"async\" class=\"alignright wp-image-95602\" src=\"https:\/\/www.solargard.com\/wp-content\/uploads\/2020\/03\/graffitigard-4Plus-sell-sheet-picFR-264x300.jpg\" alt=\"\" width=\"200\" height=\"227\" srcset=\"https:\/\/www.solargard.com\/wp-content\/uploads\/2020\/03\/graffitigard-4Plus-sell-sheet-picFR-264x300.jpg 264w, https:\/\/www.solargard.com\/wp-content\/uploads\/2020\/03\/graffitigard-4Plus-sell-sheet-picFR-84x95.jpg 84w, https:\/\/www.solargard.com\/wp-content\/uploads\/2020\/03\/graffitigard-4Plus-sell-sheet-picFR.jpg 400w\" sizes=\"auto, (max-width: 200px) 100vw, 200px\" \/><\/a><\/li>\n<li><strong>Polyester ind\u00e9tectable, optiquement clair<\/strong> &#8211; Graffitigard 4PLUS est sans \u00e9gal en termes de clart\u00e9 optique<\/li>\n<li><strong>Processus de production totalement int\u00e9gr\u00e9<\/strong> -Notre production est contr\u00f4l\u00e9e et int\u00e9gr\u00e9e tout au long du processus, du \u2018roll-to-roll coating\u2019 et lamination \u00e0 pi\u00e8ces finies<\/li>\n<\/ul>\n<p>Pour plus d&rsquo;informations, visitez<br \/>\n<a href=\"https:\/\/custom-films.solargard.com\/graffitigard-4plus\" target=\"_blank\" rel=\"noopener\">custom-films.solargard.com\/graffitigard-4plus<\/a><\/p>\n","protected":false},"excerpt":{"rendered":"<p>Graffitigard 4PLUS constitue votre premi\u00e8re ligne de d\u00e9fense Quatre couches de protection transport public, d\u00e9tachement propre, en une seule application. Prot\u00e9gez vos espaces publics et surtout votre image d\u2019entreprise, avec le film anti-vandalisme de Saint-Gobain. Graffitigard 4PLUS est la solution id\u00e9ale pour le verre et les autres surfaces lisses et non poreuses. Prot\u00e8ge les surfaces &hellip; <a href=\"https:\/\/www.solargard.com\/fr\/produit\/graffitigard-4plus\/\">Continued<\/a><\/p>\n","protected":false},"featured_media":84465,"comment_status":"open","ping_status":"closed","template":"","meta":{"_acf_changed":false},"product_brand":[],"product_cat":[1103],"product_tag":[1556,1451],"class_list":{"0":"post-94818","1":"product","2":"type-product","3":"status-publish","4":"has-post-thumbnail","6":"product_cat-anti-graffiti-fr","7":"product_tag-clear-fr","8":"product_tag-commercial-fr","10":"first","11":"instock","12":"shipping-taxable","13":"product-type-simple"},"acf":[],"_links":{"self":[{"href":"https:\/\/www.solargard.com\/fr\/wp-json\/wp\/v2\/product\/94818","targetHints":{"allow":["GET"]}}],"collection":[{"href":"https:\/\/www.solargard.com\/fr\/wp-json\/wp\/v2\/product"}],"about":[{"href":"https:\/\/www.solargard.com\/fr\/wp-json\/wp\/v2\/types\/product"}],"replies":[{"embeddable":true,"href":"https:\/\/www.solargard.com\/fr\/wp-json\/wp\/v2\/comments?post=94818"}],"wp:featuredmedia":[{"embeddable":true,"href":"https:\/\/www.solargard.com\/fr\/wp-json\/wp\/v2\/media\/84465"}],"wp:attachment":[{"href":"https:\/\/www.solargard.com\/fr\/wp-json\/wp\/v2\/media?parent=94818"}],"wp:term":[{"taxonomy":"product_brand","embeddable":true,"href":"https:\/\/www.solargard.com\/fr\/wp-json\/wp\/v2\/product_brand?post=94818"},{"taxonomy":"product_cat","embeddable":true,"href":"https:\/\/www.solargard.com\/fr\/wp-json\/wp\/v2\/product_cat?post=94818"},{"taxonomy":"product_tag","embeddable":true,"href":"https:\/\/www.solargard.com\/fr\/wp-json\/wp\/v2\/product_tag?post=94818"}],"curies":[{"name":"wp","href":"https:\/\/api.w.org\/{rel}","templated":true}]}}