{"id":94880,"date":"2021-09-07T02:25:08","date_gmt":"2021-09-07T10:25:08","guid":{"rendered":"https:\/\/www.solargard.com\/product\/sentinel-plus-dx-serien\/"},"modified":"2024-10-02T03:20:23","modified_gmt":"2024-10-02T11:20:23","slug":"sentinel-plus-dx","status":"publish","type":"product","link":"https:\/\/www.solargard.com\/fr\/produit\/sentinel-plus-dx\/","title":{"rendered":"Ext\u00e9rieur | Sentinel Plus DX"},"content":{"rendered":"<p>La gamme Solar Gard\u00ae Sentinel\u2122 Plus DX combine un contr\u00f4le de l&rsquo;\u00e9blouissement et rejet de chaleur avec une tr\u00e8s faible r\u00e9flectivit\u00e9 visuelle et un aspect neutre. Une solution id\u00e9ale pour les b\u00e2timents et les espaces ayant besoin d&rsquo;augmenter le confort thermique et de r\u00e9duire la consommation d&rsquo;\u00e9nergie tout en ne modifiant que tr\u00e8s peu l&rsquo;esth\u00e9tique de la fa\u00e7ade. Comme pour tous les produits Sentinel, plus de 99% des dommages caus\u00e9s par le rayonnement UV sont neutralis\u00e9s. Il est compatible avec presque tous les vitrages modernes.<\/p>\n<h4>Fiches techniques:<\/h4>\n<p><a href=\"https:\/\/www.solargard.com\/wp-content\/uploads\/2020\/06\/Solar-Gard-Sample-Page-Sentinel-Plus-DX5.pdf\" target=\"_blank\" rel=\"noopener noreferrer\">Sentinel Plus DX 5<\/a>\u00a0 \u00a0<span style=\"color: #ffcc00;\">I<\/span>\u00a0 \u00a0<a href=\"https:\/\/www.solargard.com\/wp-content\/uploads\/2020\/06\/Solar-Gard-Sample-Page-Sentinel-Plus-DX15.pdf\" target=\"_blank\" rel=\"noopener noreferrer\">Sentinel Plus DX 15<\/a><\/p>\n<h4>Projet de r\u00e9f\u00e9rence:<\/h4>\n<ul>\n<li><a href=\"https:\/\/indd.adobe.com\/view\/4d237192-cb28-45b9-8f23-bf4391582e26?fbclid=IwAR2uxWhd192k96OS4cs73N7OPW7BU9LfaJLA8MfRdcnCjRUE1q4g1JjbE2g\" target=\"_blank\" rel=\"noopener noreferrer\">Le tribunal de district r\u00e9duit la chaleur et l&rsquo;\u00e9blouissement avec DX 20<\/a><br \/>\nPremium Partner:<span>\u00a0<\/span><a href=\"https:\/\/malarfilm.se\/\" target=\"_blank\" rel=\"noopener noreferrer\">M\u00e4larfilm AB<\/a><\/li>\n<\/ul>\n<h4>Plus de photos de r\u00e9f\u00e9rence:<\/h4>\n<ul>\n<li><a href=\"https:\/\/www.facebook.com\/solargardeu\/posts\/check-out-this-sentinel-dx-20-project-pro-install-by-solargardpartner-tsp_skydds\/875720936120235\/\" target=\"_blank\" rel=\"noopener\">Rayonnement thermique r\u00e9duit avec DX 20<\/a><br \/>\nPremium Partner: <a href=\"https:\/\/www.tspskyddsfilm.se\/sv\/startsida.htm\" target=\"_blank\" rel=\"noopener\">TSP Skyddsfilm<\/a><\/li>\n<\/ul>\n<h6><span>*\u00a0<\/span><a title=\"Conditions G\u00e9n\u00e9rales de Vente et de Garantie\" href=\"https:\/\/www.solargard.com\/fr\/termes-conditions\/\">Conditions G\u00e9n\u00e9rales de Vente et de Garantie<\/a><\/h6>\n","protected":false},"excerpt":{"rendered":"<p>La gamme Solar Gard\u00ae Sentinel\u2122 Plus DX combine un contr\u00f4le de l&rsquo;\u00e9blouissement et rejet de chaleur avec une tr\u00e8s faible r\u00e9flectivit\u00e9 visuelle et un aspect neutre. Une solution id\u00e9ale pour les b\u00e2timents et les espaces ayant besoin d&rsquo;augmenter le confort thermique et de r\u00e9duire la consommation d&rsquo;\u00e9nergie tout en ne modifiant que tr\u00e8s peu l&rsquo;esth\u00e9tique &hellip; <a href=\"https:\/\/www.solargard.com\/fr\/produit\/sentinel-plus-dx\/\">Continued<\/a><\/p>\n","protected":false},"featured_media":103403,"comment_status":"open","ping_status":"closed","template":"","meta":{"_acf_changed":false},"product_brand":[],"product_cat":[828,829,833],"product_tag":[],"class_list":{"0":"post-94880","1":"product","2":"type-product","3":"status-publish","4":"has-post-thumbnail","6":"product_cat-batiment","7":"product_cat-films-exterieur","8":"product_cat-controle-solaire","10":"first","11":"instock","12":"shipping-taxable","13":"product-type-simple"},"acf":[],"_links":{"self":[{"href":"https:\/\/www.solargard.com\/fr\/wp-json\/wp\/v2\/product\/94880","targetHints":{"allow":["GET"]}}],"collection":[{"href":"https:\/\/www.solargard.com\/fr\/wp-json\/wp\/v2\/product"}],"about":[{"href":"https:\/\/www.solargard.com\/fr\/wp-json\/wp\/v2\/types\/product"}],"replies":[{"embeddable":true,"href":"https:\/\/www.solargard.com\/fr\/wp-json\/wp\/v2\/comments?post=94880"}],"wp:featuredmedia":[{"embeddable":true,"href":"https:\/\/www.solargard.com\/fr\/wp-json\/wp\/v2\/media\/103403"}],"wp:attachment":[{"href":"https:\/\/www.solargard.com\/fr\/wp-json\/wp\/v2\/media?parent=94880"}],"wp:term":[{"taxonomy":"product_brand","embeddable":true,"href":"https:\/\/www.solargard.com\/fr\/wp-json\/wp\/v2\/product_brand?post=94880"},{"taxonomy":"product_cat","embeddable":true,"href":"https:\/\/www.solargard.com\/fr\/wp-json\/wp\/v2\/product_cat?post=94880"},{"taxonomy":"product_tag","embeddable":true,"href":"https:\/\/www.solargard.com\/fr\/wp-json\/wp\/v2\/product_tag?post=94880"}],"curies":[{"name":"wp","href":"https:\/\/api.w.org\/{rel}","templated":true}]}}