{"id":98329,"date":"2022-09-27T02:27:26","date_gmt":"2022-09-27T10:27:26","guid":{"rendered":"https:\/\/www.solargard.com\/?post_type=product&#038;p=98329"},"modified":"2025-11-25T04:52:02","modified_gmt":"2025-11-25T12:52:02","slug":"ceramic-performance","status":"publish","type":"product","link":"https:\/\/www.solargard.com\/fr\/produit\/ceramic-performance\/","title":{"rendered":"Ceramic Performance"},"content":{"rendered":"<p class=\"p1\">La s\u00e9rie de films en nano-c\u00e9ramique Solar Gard Ceramic Performance utilise des particules de c\u00e9ramique de taille nanom\u00e9trique appliqu\u00e9es \u00e0 un polym\u00e8re de film de fen\u00eatre pour absorber et bloquer la lumi\u00e8re ultraviolette et infrarouge. La technologie c\u00e9ramique avanc\u00e9e du Ceramic Performance bloque plus de 99% des rayons UV, rejette jusqu\u2019\u00e0 93% des rayons infrarouges et a un rejet total d\u2019\u00e9nergie solaire allant jusqu\u2019\u00e0 72%. <span>\u00a0<\/span><span><a href=\"https:\/\/www.solargard.com\/wp-content\/uploads\/2022\/09\/Ceramic-Performance-Sample-Book-0306CP.pdf\" target=\"_blank\" rel=\"noopener noreferrer\">\u2192 T\u00e9l\u00e9charger le nuancier<\/a><\/span><\/p>\n<h4><strong>Fonctions et avantages:<\/strong><\/h4>\n<ul>\n<li class=\"p2\">Offre une r\u00e9duction de la chaleur avec un rejet total d\u2019\u00e9nergie solaire (TSER) allant jusqu\u2019\u00e0 72%<\/li>\n<li class=\"p2\">R\u00e9duit les longueurs d\u2019onde du rayonnement infrarouge du soleil (780-2500 nm) jusqu\u2019\u00e0 93%<\/li>\n<li class=\"p2\">Bloque plus de 99% des rayons UV nocifs, emp\u00eachant la surexposition<\/li>\n<li class=\"p2\">La construction compatible avec les signaux n\u2019interf\u00e8re pas avec les t\u00e9l\u00e9phones portables, la navigation GPS, la radio satellite et d\u2019autres appareils \u00e9lectroniques<\/li>\n<li class=\"p2\">D\u00e9coloration et \u00e9blouissement int\u00e9rieurs r\u00e9duits<\/li>\n<li class=\"p2\">R\u00e9duit l\u2019exposition (Ceramic Performance 2 &amp; 5)<\/li>\n<li class=\"p2\">Couleur noire riche<\/li>\n<li class=\"p2\">Disponible dans une large gamme de nuances<\/li>\n<li class=\"p2\">Jusqu\u2019\u00e0 1000 FPS (facteur de protection solaire)<\/li>\n<\/ul>\n","protected":false},"excerpt":{"rendered":"<p>La s\u00e9rie de films en nano-c\u00e9ramique Solar Gard Ceramic Performance utilise des particules de c\u00e9ramique de taille nanom\u00e9trique appliqu\u00e9es \u00e0 un polym\u00e8re de film de fen\u00eatre pour absorber et bloquer la lumi\u00e8re ultraviolette et infrarouge. La technologie c\u00e9ramique avanc\u00e9e du Ceramic Performance bloque plus de 99% des rayons UV, rejette jusqu\u2019\u00e0 93% des rayons infrarouges &hellip; <a href=\"https:\/\/www.solargard.com\/fr\/produit\/ceramic-performance\/\">Continued<\/a><\/p>\n","protected":false},"featured_media":102590,"comment_status":"open","ping_status":"closed","template":"","meta":{"_acf_changed":false},"product_brand":[],"product_cat":[1094,834],"product_tag":[],"class_list":{"0":"post-98329","1":"product","2":"type-product","3":"status-publish","4":"has-post-thumbnail","6":"product_cat-nano-ceramique-automobile","7":"product_cat-automobile","9":"first","10":"instock","11":"shipping-taxable","12":"product-type-simple"},"acf":[],"_links":{"self":[{"href":"https:\/\/www.solargard.com\/fr\/wp-json\/wp\/v2\/product\/98329","targetHints":{"allow":["GET"]}}],"collection":[{"href":"https:\/\/www.solargard.com\/fr\/wp-json\/wp\/v2\/product"}],"about":[{"href":"https:\/\/www.solargard.com\/fr\/wp-json\/wp\/v2\/types\/product"}],"replies":[{"embeddable":true,"href":"https:\/\/www.solargard.com\/fr\/wp-json\/wp\/v2\/comments?post=98329"}],"wp:featuredmedia":[{"embeddable":true,"href":"https:\/\/www.solargard.com\/fr\/wp-json\/wp\/v2\/media\/102590"}],"wp:attachment":[{"href":"https:\/\/www.solargard.com\/fr\/wp-json\/wp\/v2\/media?parent=98329"}],"wp:term":[{"taxonomy":"product_brand","embeddable":true,"href":"https:\/\/www.solargard.com\/fr\/wp-json\/wp\/v2\/product_brand?post=98329"},{"taxonomy":"product_cat","embeddable":true,"href":"https:\/\/www.solargard.com\/fr\/wp-json\/wp\/v2\/product_cat?post=98329"},{"taxonomy":"product_tag","embeddable":true,"href":"https:\/\/www.solargard.com\/fr\/wp-json\/wp\/v2\/product_tag?post=98329"}],"curies":[{"name":"wp","href":"https:\/\/api.w.org\/{rel}","templated":true}]}}