{"id":29236,"date":"2016-04-01T15:23:53","date_gmt":"2016-04-01T15:23:53","guid":{"rendered":"https:\/\/www.solargard.com\/nl\/waaromsolargard\/"},"modified":"2024-04-17T07:20:36","modified_gmt":"2024-04-17T15:20:36","slug":"waaromsolargard","status":"publish","type":"page","link":"https:\/\/www.solargard.com\/nl\/waaromsolargard\/","title":{"rendered":"Waarom Solar Gard?"},"content":{"rendered":"<div class=\"wpb-content-wrapper\"><p>[vc_row full_width=&#8221;stretch_row&#8221; top_margin=&#8221;2x&#8221; bottom_margin=&#8221;2x&#8221;][vc_column width=&#8221;1\/2&#8243; el_class=&#8221;sep-bottom-md&#8221;][vc_single_image image=&#8221;28596&#8243; img_size=&#8221;full&#8221;][\/vc_column][vc_column width=&#8221;1\/2&#8243;]<div class=\"section-title text-left wow bounceInRight\" data-wow-delay=\"0.25s\"><h3 class=\"upper normal-title\">MEER DAN 350 JAAR ERVARING MET GLAS. SAINT-GOBAIN<\/h3><p class=\"lead \">Saint-Gobain is actief in 64 landen, heeft bijna 190.000 medewerkers in dienst en staat in de top 100 van meest succesvolle bedrijven ter wereld. Saint-Gobain is een wereldleider in de woonsector. Het bedrijf ontwerpt, produceert en distribueert bouwmaterialen en biedt innovatieve oplossingen voor de uitdagingen van groei, energiebesparing en milieubescherming. Saint-Gobain Performance Plastics is de wereldleider in hoogwaardig kunststof. Het hoofdkantoor van Saint-Gobain Performance Plastics bevindt zich in Aurora, Ohio (VS). Het bedrijf heeft 4500 medewerkers in dienst in 16 landen. De producten omvatten folies, schuimen, gecoate stoffen, lagers, afdichtingen en vloeistofsystemen.<br \/>\nBezoek http:\/\/www.saint-gobain.com voor meer informatie.<\/p><\/div>[\/vc_column][\/vc_row][vc_row full_width=&#8221;stretch_row&#8221; top_margin=&#8221;2x&#8221; bottom_margin=&#8221;2x&#8221; css=&#8221;.vc_custom_1453223399357{background-color: #eeeeee !important;}&#8221;][vc_column][vc_row_inner][vc_column_inner width=&#8221;1\/2&#8243; css=&#8221;.vc_custom_1455826284989{padding-right: 20px !important;}&#8221;]<div class=\"section-title sep-bottom-md text-left wow bounceInLeft\" data-wow-delay=\"0.25s\"><h3 class=\"upper normal-title\">OVER SOLAR GARD<\/h3><p class=\"lead \">Solar Gard is wereldwijd een toonaangevend bedrijf op het gebied van octrooibeschermde filmt technologie\u00ebn voor zonnebeheersing en oppervlaktebescherming in de automobiel-, residenti\u00eble en commerci\u00eble sectoren. Als de afdeling Specialty Films van het wereldwijde glas- en bouwtechnologie-icoon Saint-Gobain - een bedrijf met een 350-jarige erfenis die begon met de Spiegelzaal in het Paleis van Versailles in Parijs - bouwt Solar Gard voort op tientallen jaren werk om exclusieve oplossingen te bieden voor zonnebeheersing en veiligheidsfolies. Het productportfolio van het bedrijf levert onge\u00ebvenaarde resultaten op het gebied van het verbeteren en beschermen van voertuigen, woningen en gebouwen, en, nog belangrijker, de passagiers, bewoners en huurders daarvan.<br \/>\nVolg Solar Gard op Facebook, X en Instagram.<br \/>\n#SolarGardEU #SolarGardME<\/p><\/div>[\/vc_column_inner][vc_column_inner width=&#8221;1\/2&#8243;][vc_single_image image=&#8221;28576&#8243; img_size=&#8221;full&#8221;][\/vc_column_inner][\/vc_row_inner][\/vc_column][\/vc_row][vc_row css=&#8221;.vc_custom_1453224340078{background-color: #ffffff !important;}&#8221;][vc_column width=&#8221;1\/2&#8243;]<div class=\"section-title sep-bottom-xs text-left\"><h3 class=\"upper normal-title\">Solar Gard - We're On It!<\/h3><\/div>[vc_video link=&#8221;https:\/\/vimeo.com\/260142915&#8243;][vc_empty_space][vc_row_inner][vc_column_inner]<div class=\"section-title sep-bottom-xs text-left\"><h3 class=\"upper normal-title\">How it's made<\/h3><\/div>[\/vc_column_inner][\/vc_row_inner][vc_video link=&#8221;https:\/\/vimeo.com\/260148793&#8243;][\/vc_column][vc_column width=&#8221;1\/2&#8243;]<div class=\"section-title sep-bottom-xs text-left\"><h3 class=\"upper normal-title\">Het verschil van Solar Gard<\/h3><\/div><div class=\"section-title text-left\"><h4 class=\"upper normal-title\">GARANTIE<\/h4><\/div>[vc_column_text] <span>Solar Gard biedt een garantie die toonaangevend is in de sector. Onze klantenserviceteams \u00a0zorgen ervoor dat claims snel worden verwerkt.<\/span> [\/vc_column_text]<div class=\"section-title sep-top-xs text-left\"><h4 class=\"upper normal-title\">KLEURSTABILITEIT<\/h4><\/div>[vc_column_text] <span>Solar Gard\u00a0biedt\u00a0folies van uitzonderlijke kwaliteit, die tijdens de gehele levensduur kleurstabiel blijven.<\/span> [\/vc_column_text]<div class=\"section-title sep-top-xs text-left\"><h4 class=\"upper normal-title\">HELDERHEID<\/h4><\/div>[vc_column_text] <span>Het behoud van helderheid is van belang voor\u00a0een esthetisch resultaat, maar is ook belangrijk voor de veiligheid. Minderwaardige gemetalliseerde folie kan vertroebelen,\u00a0het zicht vervormen en verblinding verhogen.<\/span> [\/vc_column_text]<div class=\"section-title sep-top-xs text-left\"><h4 class=\"upper normal-title\">HOOGWAARDIGE LIJMEN<\/h4><\/div>[vc_column_text] <span>De hoogwaardige lijmen van Solar Gard zorgen ervoor dat uw folie optimaal functioneert. Als er lijm van mindere kwaliteit gebruikt wordt, hecht de folie zich niet goed aan het oppervlak en functioneert daarom niet goed.<\/span> [\/vc_column_text]<div class=\"section-title sep-top-xs text-left\"><h4 class=\"upper normal-title\">KWALITEITS- EN PRESTATIETESTEN<\/h4><\/div>[vc_column_text]De kwaliteitsgarantie van Solar Gard betekent dat elke geproduceerde rol van een bepaald product een consistente kleur heeft en er dus geen kleurverschil te zien is.<\/p>\n<p>Solar Gard voert rigoureuze prestatietesten uit om te kunnen garanderen dat onze producten presteren volgens verwachting onder verschillende omstandigheden.[\/vc_column_text][\/vc_column][vc_column]<div class=\"section-title sg-section-title sep-top-lg sep-bottom-md text-center\"><div class=\"copy-content\"><h1 class=\" normal-title\">Onze Kwaliteits- en Milieubeleidsverklaringen<\/h1><\/div><div class=\"border-bg\"><\/div><\/div>[vc_column_text]<\/p>\n<p style=\"text-align: center;\">Wij zullen tijdig producten omzetten en leveren die voldoen aan de verwachtingen van onze klanten. Wij zijn toegewijd aan continue verbetering van de kwaliteit van onze producten, processen en klantenservice met een kwaliteitssysteem dat onze doelen van klanttevredenheid bereikt.<\/p>\n<p style=\"text-align: center;\"><strong>Daarnaast is Saint-Gobain Solar Gard toegewijd:<\/strong><\/p>\n<p style=\"text-align: center;\">Saint-Gobain Solar Gard is toegewijd aan het beschermen van het milieu en het waarborgen van de gezondheid en veiligheid van haar medewerkers, klanten, bezoekers en de gemeenschappen waar we actief zijn. We zullen middelen verstrekken en onze medewerkers trainen in onze EHS-beleidslijnen om de milieueffecten van hun werkzaamheden te verminderen. Het nakomen van deze toezegging is een belangrijk managementdoel en de individuele en collectieve verantwoordelijkheid van alle medewerkers van Saint-Gobain Solar Gard en haar leiderschap.<\/p>\n<p style=\"text-align: center;\"><strong>Om onze toezegging waar te maken, zullen we:<\/strong><\/p>\n<p style=\"text-align: center;\">Voldoen aan alle van toepassing zijnde milieu-, gezondheids- en veiligheidswetten, voorschriften en andere eisen waar Saint-Gobain Solar Gard zich aan verbindt.<\/p>\n<p style=\"text-align: center;\">Onze producten verbeteren door het ontwikkelen van nieuwe technologie\u00ebn en methoden om onze koolstofuitstoot te verminderen.<\/p>\n<p style=\"text-align: center;\">De totale milieueffecten van onze activiteiten verminderen en vervuiling voorkomen.<\/p>\n<p style=\"text-align: center;\">Continu onze prestaties op het gebied van milieu, gezondheid en veiligheid verbeteren.<\/p>\n<p style=\"text-align: center;\">Leidend zijn door actie te ondernemen bij het implementeren van kosteneffectieve milieu-, gezondheids- en veiligheidstechnologie\u00ebn en procedures.<\/p>\n<p style=\"text-align: center;\">Alle medewerkers in staat stellen persoonlijke verantwoordelijkheid te nemen voor het beschermen van het milieu en het cre\u00ebren van een veilige en gezonde werkplek.<\/p>\n<p style=\"text-align: center;\">Het kwaliteits- en milieuprogramma van Solar Gard is gecertificeerd volgens de ISO 9001:2015 &amp; 14001:2015 normen.&#8221;<\/p>\n<p>[\/vc_column_text][\/vc_column][\/vc_row][vc_row full_width=&#8221;stretch_row&#8221;][vc_column]<div class=\"section-title sep-bottom-lg text-center wow fadeInRight\"><h3 class=\"upper normal-title\">PARTNERS<\/h3><\/div>    <div class=\"\">\n      <div dir=\"ltr\" data-auto-play=\"3000\" data-items=\"8\" data-auto-height=\"false\" class=\"client-list owl-carousel owl-theme\">\n        <div class=\"item\"> <a href=\"http:\/\/www.aimcal.org\/\" target=\"_blank\" rel=\"noopener\"><img decoding=\"async\" class=\"img-responsive\" alt=\"AIMCAL\" src=\"https:\/\/www.solargard.com\/wp-content\/uploads\/2016\/03\/0009_bwlogo_aimcal.jpg\"><\/a> <\/div><div class=\"item\"> <a href=\"http:\/\/www.thenbs.com\/PublicationIndex\/documents?Pub=AIS\" target=\"_blank\" rel=\"noopener\"><img decoding=\"async\" class=\"img-responsive\" alt=\"AIS\" src=\"https:\/\/www.solargard.com\/wp-content\/uploads\/2016\/03\/ais.jpg\"><\/a> <\/div><div class=\"item\"> <a href=\"http:\/\/www.asid.org\" target=\"_blank\" rel=\"noopener\"><img decoding=\"async\" class=\"img-responsive\" alt=\"ASID\" src=\"https:\/\/www.solargard.com\/wp-content\/uploads\/2016\/03\/0008_bwlogo_asid.jpg\"><\/a> <\/div><div class=\"item\"> <a href=\"http:\/\/www.boma.org\" target=\"_blank\" rel=\"noopener\"><img decoding=\"async\" class=\"img-responsive\" alt=\"BOMA\" src=\"https:\/\/www.solargard.com\/wp-content\/uploads\/2016\/03\/0007_bwlogo_boma.jpg\"><\/a> <\/div><div class=\"item\"> <a href=\"https:\/\/www.energystar.gov\/\" target=\"_blank\" rel=\"noopener\"><img decoding=\"async\" class=\"img-responsive\" alt=\"Energy Star\" src=\"https:\/\/www.solargard.com\/wp-content\/uploads\/2016\/03\/0005_bwlogo_energystar.jpg\"><\/a> <\/div><div class=\"item\"> <a href=\"http:\/\/www.ggf.org.uk\" target=\"_blank\" rel=\"noopener\"><img decoding=\"async\" class=\"img-responsive\" alt=\"GGF\" src=\"https:\/\/www.solargard.com\/wp-content\/uploads\/2016\/03\/ggf.jpg\"><\/a> <\/div><div class=\"item\"> <a href=\"http:\/\/www.iwfa.com\" target=\"_blank\" rel=\"noopener\"><img decoding=\"async\" class=\"img-responsive\" alt=\"IWFA\" src=\"https:\/\/www.solargard.com\/wp-content\/uploads\/2016\/03\/iwfa.jpg\"><\/a> <\/div><div class=\"item\"> <a href=\"http:\/\/www.glass.org\" target=\"_blank\" rel=\"noopener\"><img decoding=\"async\" class=\"img-responsive\" alt=\"NGA\" src=\"https:\/\/www.solargard.com\/wp-content\/uploads\/2016\/03\/0002_bwlogo_nga.jpg\"><\/a> <\/div><div class=\"item\"> <a href=\"http:\/\/protectiveglazing.com\/\" target=\"_blank\" rel=\"noopener\"><img decoding=\"async\" class=\"img-responsive\" alt=\"PGC\" src=\"https:\/\/www.solargard.com\/wp-content\/uploads\/2016\/03\/0001_bwlogo_pgc.jpg\"><\/a> <\/div><div class=\"item\"> <a href=\"http:\/\/www.usgbc.org\/\" target=\"_blank\" rel=\"noopener\"><img decoding=\"async\" class=\"img-responsive\" alt=\"USGBC\" src=\"https:\/\/www.solargard.com\/wp-content\/uploads\/2016\/03\/0000_leaves-e1455834545243.jpg\"><\/a> <\/div><div class=\"item\"> <a href=\"http:\/\/www.wers.net\/wers-home\" target=\"_blank\" rel=\"noopener\"><img decoding=\"async\" class=\"img-responsive\" alt=\"Window Energy Rating Scheme\" src=\"https:\/\/www.solargard.com\/wp-content\/uploads\/2016\/06\/WER.png\"><\/a> <\/div><div class=\"item\"> <a href=\"http:\/\/www.wfaanz.org.au\/\" target=\"_blank\" rel=\"noopener\"><img decoding=\"async\" class=\"img-responsive\" alt=\"Window Film Association of Australia and New Zealand\" src=\"https:\/\/www.solargard.com\/wp-content\/uploads\/2016\/06\/WFAANZ-2.png\"><\/a> <\/div>\n      <\/div>\n    <\/div>[\/vc_column][\/vc_row][vc_row full_width=&#8221;stretch_row&#8221; bottom_margin=&#8221;xs&#8221; css=&#8221;.vc_custom_1456356355112{background-color: #e5f5fc !important;}&#8221;][vc_column width=&#8221;2\/12&#8243;][\/vc_column][vc_column width=&#8221;4\/12&#8243;]<div class=\"section-title text-center\"><h3 class=\"upper normal-title\">HEEFT U VRAGEN?<\/h3><\/div>[\/vc_column][vc_column width=&#8221;4\/12&#8243;][vc_btn title=&#8221;CONTACT&#8221; style=&#8221;flat&#8221; shape=&#8221;square&#8221; color=&#8221;primary&#8221; align=&#8221;center&#8221; link=&#8221;url:http%3A%2F%2Fwww.solargard.com%2Fnl%2Fcontact%2F||&#8221;][\/vc_column][vc_column width=&#8221;2\/12&#8243;][\/vc_column][\/vc_row]<\/p>\n<\/div>","protected":false},"excerpt":{"rendered":"<p>[vc_row full_width=&#8221;stretch_row&#8221; top_margin=&#8221;2x&#8221; bottom_margin=&#8221;2x&#8221;][vc_column width=&#8221;1\/2&#8243; el_class=&#8221;sep-bottom-md&#8221;][vc_single_image image=&#8221;28596&#8243; img_size=&#8221;full&#8221;][\/vc_column][vc_column width=&#8221;1\/2&#8243;][\/vc_column][\/vc_row][vc_row full_width=&#8221;stretch_row&#8221; top_margin=&#8221;2x&#8221; bottom_margin=&#8221;2x&#8221; css=&#8221;.vc_custom_1453223399357{background-color: #eeeeee !important;}&#8221;][vc_column][vc_row_inner][vc_column_inner width=&#8221;1\/2&#8243; css=&#8221;.vc_custom_1455826284989{padding-right: 20px !important;}&#8221;][\/vc_column_inner][vc_column_inner width=&#8221;1\/2&#8243;][vc_single_image image=&#8221;28576&#8243; img_size=&#8221;full&#8221;][\/vc_column_inner][\/vc_row_inner][\/vc_column][\/vc_row][vc_row css=&#8221;.vc_custom_1453224340078{background-color: #ffffff !important;}&#8221;][vc_column width=&#8221;1\/2&#8243;][vc_video link=&#8221;https:\/\/vimeo.com\/260142915&#8243;][vc_empty_space][vc_row_inner][vc_column_inner][\/vc_column_inner][\/vc_row_inner][vc_video link=&#8221;https:\/\/vimeo.com\/260148793&#8243;][\/vc_column][vc_column width=&#8221;1\/2&#8243;][vc_column_text] Solar Gard biedt een garantie die toonaangevend is in de sector. Onze klantenserviceteams \u00a0zorgen ervoor dat claims snel worden verwerkt. [\/vc_column_text][vc_column_text] Solar Gard\u00a0biedt\u00a0folies van uitzonderlijke kwaliteit, &hellip; <a href=\"https:\/\/www.solargard.com\/nl\/client\/window-film-association-australia-new-zealand-2\/\">Continued<\/a><\/p>\n","protected":false},"author":1,"featured_media":29237,"parent":0,"menu_order":0,"comment_status":"closed","ping_status":"closed","template":"","meta":{"_acf_changed":false,"footnotes":""},"class_list":["post-29236","page","type-page","status-publish","has-post-thumbnail","hentry"],"acf":[],"_links":{"self":[{"href":"https:\/\/www.solargard.com\/nl\/wp-json\/wp\/v2\/pages\/29236","targetHints":{"allow":["GET"]}}],"collection":[{"href":"https:\/\/www.solargard.com\/nl\/wp-json\/wp\/v2\/pages"}],"about":[{"href":"https:\/\/www.solargard.com\/nl\/wp-json\/wp\/v2\/types\/page"}],"author":[{"embeddable":true,"href":"https:\/\/www.solargard.com\/nl\/wp-json\/wp\/v2\/users\/1"}],"replies":[{"embeddable":true,"href":"https:\/\/www.solargard.com\/nl\/wp-json\/wp\/v2\/comments?post=29236"}],"version-history":[{"count":0,"href":"https:\/\/www.solargard.com\/nl\/wp-json\/wp\/v2\/pages\/29236\/revisions"}],"wp:featuredmedia":[{"embeddable":true,"href":"https:\/\/www.solargard.com\/nl\/wp-json\/wp\/v2\/media\/29237"}],"wp:attachment":[{"href":"https:\/\/www.solargard.com\/nl\/wp-json\/wp\/v2\/media?parent=29236"}],"curies":[{"name":"wp","href":"https:\/\/api.w.org\/{rel}","templated":true}]}}