{"id":102697,"date":"2024-03-05T23:48:47","date_gmt":"2024-03-06T07:48:47","guid":{"rendered":"https:\/\/www.solargard.com\/?page_id=102697"},"modified":"2024-10-22T00:12:05","modified_gmt":"2024-10-22T08:12:05","slug":"tack-for-senast-pa-marknadspartners-minimassa","status":"publish","type":"page","link":"https:\/\/www.solargard.com\/sv\/tack-for-senast-pa-marknadspartners-minimassa\/","title":{"rendered":"Tack f\u00f6r senast p\u00e5 Marknadspartners Minim\u00e4ssa"},"content":{"rendered":"<div class=\"wpb-content-wrapper\"><p>[vc_row top_margin=&#8221;none&#8221; bottom_margin=&#8221;none&#8221;][vc_column][vc_column_text css=&#8221;&#8221;]<\/p>\n<p style=\"text-align: center;\"><span><img loading=\"lazy\" decoding=\"async\" class=\"alignnone wp-image-103498 \" src=\"https:\/\/www.solargard.com\/wp-content\/uploads\/2024\/10\/WEB-Tack-Email-Solar-Gard-1024-NF-EC.jpg\" alt=\"\" width=\"764\" height=\"540\" srcset=\"https:\/\/www.solargard.com\/wp-content\/uploads\/2024\/10\/WEB-Tack-Email-Solar-Gard-1024-NF-EC.jpg 740w, https:\/\/www.solargard.com\/wp-content\/uploads\/2024\/10\/WEB-Tack-Email-Solar-Gard-1024-NF-EC-300x212.jpg 300w, https:\/\/www.solargard.com\/wp-content\/uploads\/2024\/10\/WEB-Tack-Email-Solar-Gard-1024-NF-EC-134x95.jpg 134w, https:\/\/www.solargard.com\/wp-content\/uploads\/2024\/10\/WEB-Tack-Email-Solar-Gard-1024-NF-EC-600x424.jpg 600w\" sizes=\"auto, (max-width: 764px) 100vw, 764px\" \/><br \/>\n<img loading=\"lazy\" decoding=\"async\" class=\"alignnone wp-image-102701\" src=\"https:\/\/www.solargard.com\/wp-content\/uploads\/2024\/03\/separator-line-shadow-300x25.jpg\" alt=\"\" width=\"772\" height=\"64\" srcset=\"https:\/\/www.solargard.com\/wp-content\/uploads\/2024\/03\/separator-line-shadow-300x25.jpg 300w, https:\/\/www.solargard.com\/wp-content\/uploads\/2024\/03\/separator-line-shadow-1024x84.jpg 1024w, https:\/\/www.solargard.com\/wp-content\/uploads\/2024\/03\/separator-line-shadow-768x63.jpg 768w, https:\/\/www.solargard.com\/wp-content\/uploads\/2024\/03\/separator-line-shadow-190x16.jpg 190w, https:\/\/www.solargard.com\/wp-content\/uploads\/2024\/03\/separator-line-shadow-600x50.jpg 600w, https:\/\/www.solargard.com\/wp-content\/uploads\/2024\/03\/separator-line-shadow.jpg 1200w\" sizes=\"auto, (max-width: 772px) 100vw, 772px\" \/><\/span><\/p>\n<p>[\/vc_column_text][vc_row_inner][vc_column_inner][vc_column_text]<\/p>\n<h2 style=\"text-align: center;\"><strong><span style=\"color: #186494;\">V\u00e4lkommen att kontakta oss:<\/span><\/strong><\/h2>\n<p>[\/vc_column_text][\/vc_column_inner][\/vc_row_inner][\/vc_column][\/vc_row][vc_row content_placement=&#8221;middle&#8221; top_margin=&#8221;sm&#8221; bottom_margin=&#8221;md&#8221; css=&#8221;.vc_custom_1709720628104{border-radius: 2px !important;}&#8221;][vc_column width=&#8221;1\/6&#8243;][\/vc_column][vc_column width=&#8221;2\/3&#8243; css=&#8221;.vc_custom_1709720366667{border-top-width: 50px !important;border-right-width: 50px !important;border-bottom-width: 50px !important;border-left-width: 50px !important;padding-top: 50px !important;padding-right: 50px !important;padding-bottom: 50px !important;padding-left: 50px !important;background-color: #f4f4f4 !important;}&#8221;][vc_empty_space height=&#8221;10&#8243;]<script type=\"text\/javascript\">\n\/* <![CDATA[ *\/\nvar gform;gform||(document.addEventListener(\"gform_main_scripts_loaded\",function(){gform.scriptsLoaded=!0}),document.addEventListener(\"gform\/theme\/scripts_loaded\",function(){gform.themeScriptsLoaded=!0}),window.addEventListener(\"DOMContentLoaded\",function(){gform.domLoaded=!0}),gform={domLoaded:!1,scriptsLoaded:!1,themeScriptsLoaded:!1,isFormEditor:()=>\"function\"==typeof InitializeEditor,callIfLoaded:function(o){return!(!gform.domLoaded||!gform.scriptsLoaded||!gform.themeScriptsLoaded&&!gform.isFormEditor()||(gform.isFormEditor()&&console.warn(\"The use of gform.initializeOnLoaded() is deprecated in the form editor context and will be removed in Gravity Forms 3.1.\"),o(),0))},initializeOnLoaded:function(o){gform.callIfLoaded(o)||(document.addEventListener(\"gform_main_scripts_loaded\",()=>{gform.scriptsLoaded=!0,gform.callIfLoaded(o)}),document.addEventListener(\"gform\/theme\/scripts_loaded\",()=>{gform.themeScriptsLoaded=!0,gform.callIfLoaded(o)}),window.addEventListener(\"DOMContentLoaded\",()=>{gform.domLoaded=!0,gform.callIfLoaded(o)}))},hooks:{action:{},filter:{}},addAction:function(o,r,e,t){gform.addHook(\"action\",o,r,e,t)},addFilter:function(o,r,e,t){gform.addHook(\"filter\",o,r,e,t)},doAction:function(o){gform.doHook(\"action\",o,arguments)},applyFilters:function(o){return gform.doHook(\"filter\",o,arguments)},removeAction:function(o,r){gform.removeHook(\"action\",o,r)},removeFilter:function(o,r,e){gform.removeHook(\"filter\",o,r,e)},addHook:function(o,r,e,t,n){null==gform.hooks[o][r]&&(gform.hooks[o][r]=[]);var d=gform.hooks[o][r];null==n&&(n=r+\"_\"+d.length),gform.hooks[o][r].push({tag:n,callable:e,priority:t=null==t?10:t})},doHook:function(r,o,e){var t;if(e=Array.prototype.slice.call(e,1),null!=gform.hooks[r][o]&&((o=gform.hooks[r][o]).sort(function(o,r){return o.priority-r.priority}),o.forEach(function(o){\"function\"!=typeof(t=o.callable)&&(t=window[t]),\"action\"==r?t.apply(null,e):e[0]=t.apply(null,e)})),\"filter\"==r)return e[0]},removeHook:function(o,r,t,n){var e;null!=gform.hooks[o][r]&&(e=(e=gform.hooks[o][r]).filter(function(o,r,e){return!!(null!=n&&n!=o.tag||null!=t&&t!=o.priority)}),gform.hooks[o][r]=e)}});\n\/* ]]> *\/\n<\/script>\n\n                <div class='gf_browser_gecko gform_wrapper gravity-theme gform-theme--no-framework' data-form-theme='gravity-theme' data-form-index='0' id='gform_wrapper_83' >\n                        <div class='gform_heading'>\n\t\t\t\t\t\t\t<p class='gform_required_legend'>\u201d<span class=\"gfield_required gfield_required_asterisk\">*<\/span>\u201d anger obligatoriska f\u00e4lt<\/p>\n                        <\/div><form method='post' enctype='multipart\/form-data'  id='gform_83'  action='\/sv\/wp-json\/wp\/v2\/pages\/102697' data-formid='83' novalidate>\n                        <div class='gform-body gform_body'><div id='gform_fields_83' class='gform_fields top_label form_sublabel_below description_below validation_below'><div id=\"field_83_9\" class=\"gfield gfield--type-honeypot gform_validation_container field_sublabel_below gfield--has-description field_description_below field_validation_below gfield_visibility_visible\"  ><label class='gfield_label gform-field-label' for='input_83_9'>Comments<\/label><div class='ginput_container'><input name='input_9' id='input_83_9' type='text' value='' autocomplete='new-password'\/><\/div><div class='gfield_description' id='gfield_description_83_9'>Detta f\u00e4lt anv\u00e4nds f\u00f6r validerings\u00e4ndam\u00e5l och ska l\u00e4mnas of\u00f6r\u00e4ndrat.<\/div><\/div><div id=\"field_83_1\" class=\"gfield gfield--type-text gfield_contains_required field_sublabel_below gfield--no-description field_description_below field_validation_below gfield_visibility_visible\"  ><label class='gfield_label gform-field-label' for='input_83_1'>F\u00d6RETAG \/ NAMN<span class=\"gfield_required\"><span class=\"gfield_required gfield_required_asterisk\">*<\/span><\/span><\/label><div class='ginput_container ginput_container_text'><input name='input_1' id='input_83_1' type='text' value='' class='large'     aria-required=\"true\" aria-invalid=\"false\"   \/><\/div><\/div><div id=\"field_83_7\" class=\"gfield gfield--type-select gfield--width-half field_sublabel_below gfield--no-description field_description_below field_validation_below gfield_visibility_visible\"  ><label class='gfield_label gform-field-label' for='input_83_7'>DIN ROLL:<\/label><div class='ginput_container ginput_container_select'><select name='input_7' id='input_83_7' class='large gfield_select'     aria-invalid=\"false\" ><option value='Arkitekt\/Byggherre' >Arkitekt\/Byggherre<\/option><option value='Ekonom' >Ekonom<\/option><option value='Energikonsult' >Energikonsult<\/option><option value='Fastighetsansvarig' >Fastighetsansvarig<\/option><option value='Industri\/B2B' >Industri\/B2B<\/option><option value='Ink\u00f6pare' >Ink\u00f6pare<\/option><option value='Installat\u00f6r Bilfilm\/Lackskyddsfilm' >Installat\u00f6r Bilfilm\/Lackskyddsfilm<\/option><option value='Installat\u00f6r Fastighetsfilm' >Installat\u00f6r Fastighetsfilm<\/option><option value='Myndighet\/Institut' >Myndighet\/Institut<\/option><option value='Transport\/Kommunikation\/OEM' >Transport\/Kommunikation\/OEM<\/option><option value='\u00c5terf\u00f6rs\u00e4ljare' >\u00c5terf\u00f6rs\u00e4ljare<\/option><option value='Privatkund' >Privatkund<\/option><option value='Slutkund' >Slutkund<\/option><\/select><\/div><\/div><div id=\"field_83_8\" class=\"gfield gfield--type-select gfield--width-half field_sublabel_below gfield--no-description field_description_below field_validation_below gfield_visibility_visible\"  ><label class='gfield_label gform-field-label' for='input_83_8'>JAG S\u00d6KER:<\/label><div class='ginput_container ginput_container_select'><select name='input_8' id='input_83_8' class='large gfield_select'     aria-invalid=\"false\" ><option value='Generell information' >Generell information<\/option><option value='Teknisk information' >Teknisk information<\/option><option value='Projekt - teknisk support' >Projekt - teknisk support<\/option><option value='Prisuppgift' >Prisuppgift<\/option><\/select><\/div><\/div><div id=\"field_83_3\" class=\"gfield gfield--type-email gfield--width-full gfield_contains_required field_sublabel_below gfield--no-description field_description_below field_validation_below gfield_visibility_visible\"  ><label class='gfield_label gform-field-label' for='input_83_3'>E-MAIL:<span class=\"gfield_required\"><span class=\"gfield_required gfield_required_asterisk\">*<\/span><\/span><\/label><div class='ginput_container ginput_container_email'>\n                            <input name='input_3' id='input_83_3' type='email' value='' class='large'    aria-required=\"true\" aria-invalid=\"false\"  \/>\n                        <\/div><\/div><div id=\"field_83_5\" class=\"gfield gfield--type-textarea field_sublabel_below gfield--no-description field_description_below field_validation_below gfield_visibility_visible\"  ><label class='gfield_label gform-field-label' for='input_83_5'>DITT MEDDELANDE:<\/label><div class='ginput_container ginput_container_textarea'><textarea name='input_5' id='input_83_5' class='textarea small'      aria-invalid=\"false\"   rows='10' cols='50'><\/textarea><\/div><\/div><div id=\"field_83_6\" class=\"gfield gfield--type-captcha gfield--width-full field_sublabel_below gfield--no-description field_description_below field_validation_below gfield_visibility_visible\"  ><label class='gfield_label gform-field-label' for='input_83_6'>CAPTCHA<\/label><div id='input_83_6' class='ginput_container ginput_recaptcha' data-sitekey='6LdnTJwUAAAAAEvIznxMYzagn4aIPlLxlyA9baSY'  data-theme='light' data-tabindex='-1' data-size='invisible' data-badge='bottomright'><\/div><\/div><\/div><\/div>\n        <div class='gform-footer gform_footer top_label'> <input type='submit' id='gform_submit_button_83' class='gform_button button' onclick='gform.submission.handleButtonClick(this);' data-submission-type='submit' value='Skicka'  \/> \n            <input type='hidden' class='gform_hidden' name='gform_submission_method' data-js='gform_submission_method_83' value='postback' \/>\n            <input type='hidden' class='gform_hidden' name='gform_theme' data-js='gform_theme_83' id='gform_theme_83' value='gravity-theme' \/>\n            <input type='hidden' class='gform_hidden' name='gform_style_settings' data-js='gform_style_settings_83' id='gform_style_settings_83' value='[]' \/>\n            <input type='hidden' class='gform_hidden' name='is_submit_83' value='1' \/>\n            <input type='hidden' class='gform_hidden' name='gform_submit' value='83' \/>\n            \n            <input type='hidden' class='gform_hidden' name='gform_currency' data-currency='USD' value='X6Qo9N08HJtE\/2UiSe8yR63e9GtHgcy9kLa9Wwcv2knexgDcIX3XdGtpAcORjPzLYBGIEKXb6I3SotBCeNhAn1QUhtG2Qh4gCpalaPU2Wi3Fb0w=' \/>\n            <input type='hidden' class='gform_hidden' name='gform_unique_id' value='' \/>\n            <input type='hidden' class='gform_hidden' name='state_83' value='WyJbXSIsIjNmNTM1ZjYyOGVmM2MxMzk4MjYxZTkyMDgxNzNkN2U3Il0=' \/>\n            <input type='hidden' autocomplete='off' class='gform_hidden' name='gform_target_page_number_83' id='gform_target_page_number_83' value='0' \/>\n            <input type='hidden' autocomplete='off' class='gform_hidden' name='gform_source_page_number_83' id='gform_source_page_number_83' value='1' \/>\n            <input type='hidden' name='gform_field_values' value='' \/>\n            \n        <\/div>\n                        <\/form>\n                        <\/div><script type=\"text\/javascript\">\n\/* <![CDATA[ *\/\n gform.initializeOnLoaded( function() {gformInitSpinner( 83, 'https:\/\/www.solargard.com\/wp-content\/themes\/solargard\/dist\/images\/ajax-loader.gif', true );jQuery('#gform_ajax_frame_83').on('load',function(){var contents = jQuery(this).contents().find('*').html();var is_postback = contents.indexOf('GF_AJAX_POSTBACK') >= 0;if(!is_postback){return;}var form_content = jQuery(this).contents().find('#gform_wrapper_83');var is_confirmation = jQuery(this).contents().find('#gform_confirmation_wrapper_83').length > 0;var is_redirect = contents.indexOf('gformRedirect(){') >= 0;var is_form = form_content.length > 0 && ! is_redirect && ! is_confirmation;var mt = parseInt(jQuery('html').css('margin-top'), 10) + parseInt(jQuery('body').css('margin-top'), 10) + 100;if(is_form){jQuery('#gform_wrapper_83').html(form_content.html());if(form_content.hasClass('gform_validation_error')){jQuery('#gform_wrapper_83').addClass('gform_validation_error');} else {jQuery('#gform_wrapper_83').removeClass('gform_validation_error');}setTimeout( function() { \/* delay the scroll by 50 milliseconds to fix a bug in chrome *\/  }, 50 );if(window['gformInitDatepicker']) {gformInitDatepicker();}if(window['gformInitPriceFields']) {gformInitPriceFields();}var current_page = jQuery('#gform_source_page_number_83').val();gformInitSpinner( 83, 'https:\/\/www.solargard.com\/wp-content\/themes\/solargard\/dist\/images\/ajax-loader.gif', true );jQuery(document).trigger('gform_page_loaded', [83, current_page]);window['gf_submitting_83'] = false;}else if(!is_redirect){var confirmation_content = jQuery(this).contents().find('.GF_AJAX_POSTBACK').html();if(!confirmation_content){confirmation_content = contents;}jQuery('#gform_wrapper_83').replaceWith(confirmation_content);jQuery(document).trigger('gform_confirmation_loaded', [83]);window['gf_submitting_83'] = false;wp.a11y.speak(jQuery('#gform_confirmation_message_83').text());}else{jQuery('#gform_83').append(contents);if(window['gformRedirect']) {gformRedirect();}}jQuery(document).trigger(\"gform_pre_post_render\", [{ formId: \"83\", currentPage: \"current_page\", abort: function() { this.preventDefault(); } }]);        if (event && event.defaultPrevented) {                return;        }        const gformWrapperDiv = document.getElementById( \"gform_wrapper_83\" );        if ( gformWrapperDiv ) {            const visibilitySpan = document.createElement( \"span\" );            visibilitySpan.id = \"gform_visibility_test_83\";            gformWrapperDiv.insertAdjacentElement( \"afterend\", visibilitySpan );        }        const visibilityTestDiv = document.getElementById( \"gform_visibility_test_83\" );        let postRenderFired = false;        function triggerPostRender() {            if ( postRenderFired ) {                return;            }            postRenderFired = true;            gform.core.triggerPostRenderEvents( 83, current_page );            if ( visibilityTestDiv ) {                visibilityTestDiv.parentNode.removeChild( visibilityTestDiv );            }        }        function debounce( func, wait, immediate ) {            var timeout;            return function() {                var context = this, args = arguments;                var later = function() {                    timeout = null;                    if ( !immediate ) func.apply( context, args );                };                var callNow = immediate && !timeout;                clearTimeout( timeout );                timeout = setTimeout( later, wait );                if ( callNow ) func.apply( context, args );            };        }        const debouncedTriggerPostRender = debounce( function() {            triggerPostRender();        }, 200 );        if ( visibilityTestDiv && visibilityTestDiv.offsetParent === null ) {            const observer = new MutationObserver( ( mutations ) => {                mutations.forEach( ( mutation ) => {                    if ( mutation.type === 'attributes' && visibilityTestDiv.offsetParent !== null ) {                        debouncedTriggerPostRender();                        observer.disconnect();                    }                });            });            observer.observe( document.body, {                attributes: true,                childList: false,                subtree: true,                attributeFilter: [ 'style', 'class' ],            });        } else {            triggerPostRender();        }    } );} ); \n\/* ]]> *\/\n<\/script>\n[\/vc_column][vc_column width=&#8221;1\/6&#8243;][\/vc_column][\/vc_row][vc_row content_placement=&#8221;top&#8221; top_margin=&#8221;none&#8221; bottom_margin=&#8221;sm&#8221;][vc_column width=&#8221;1\/4&#8243;][\/vc_column][vc_column width=&#8221;1\/2&#8243;][vc_column_text]<\/p>\n<h2 style=\"text-align: center;\"><strong><span style=\"color: #186494;\">Hej!<\/span><\/strong><\/h2>\n<p style=\"text-align: center;\"><span>Nyligen var vi p\u00e5 bes\u00f6k och visade upp <\/span><span>Solar Gards produkter<\/span><span>\u00a0hos er.<\/span><\/p>\n<p style=\"text-align: center;\"><span>Detta gjorde vi tillsammans med<\/span><span>\u00a0<a href=\"https:\/\/www.marknadspartner.com\/\" target=\"_blank\" rel=\"noopener\"><strong>Marknadspartner<\/strong><\/a>\u00a0<\/span><span>d\u00e5 vi bj\u00f6d p\u00e5 lite \u00e4tbart medan du gick en liten tipsrunda kring oss som st\u00e4llde ut.<\/span><\/p>\n<p style=\"text-align: center;\"><span><a href=\"https:\/\/www.marknadspartner.com\/\" target=\"_blank\" rel=\"noopener\"><img loading=\"lazy\" decoding=\"async\" class=\"aligncenter wp-image-102699 size-medium\" src=\"https:\/\/www.solargard.com\/wp-content\/uploads\/2024\/03\/marknadspartner-300x64.png\" alt=\"\" width=\"300\" height=\"64\" \/><\/a><br \/>\nVi vill med detta uppf\u00f6ljningsbrev fr\u00e5n bes\u00f6ket s\u00e4kerst\u00e4lla att du har\u00a0<\/span><span>v\u00e5ra uppgifter om du har behov av l\u00f6sningar som kan f\u00f6rb\u00e4ttra glasets egenskaper p\u00e5 ett smidigt och klimatsmart s\u00e4tt, s\u00e5 som:<\/span><\/p>\n<div style=\"text-align: center;\"><span style=\"color: #3366ff;\"><span style=\"color: #0c74a8;\">\u2714<\/span>\u00a0<\/span><span>V\u00e4rmereducering<\/span><\/div>\n<div style=\"text-align: center;\"><span><span style=\"color: #3366ff;\"><span style=\"color: #0c74a8;\">\u2714<\/span><\/span> Insynsskydd<\/span><\/div>\n<div style=\"text-align: center;\"><span><span style=\"color: #3366ff;\"><span style=\"color: #0c74a8;\">\u2714<\/span><\/span> Energikontroll<\/span><\/div>\n<div style=\"text-align: center;\"><span><span style=\"color: #3366ff;\"><span style=\"color: #0c74a8;\">\u2714<\/span><\/span> Bl\u00e4ndningsreduktion<\/span><\/div>\n<div style=\"text-align: center;\"><span><span style=\"color: #3366ff;\"><span style=\"color: #0c74a8;\">\u2714<\/span><\/span> Design &amp; Inredningsfilm<\/span><\/div>\n<div style=\"text-align: center;\"><span><span style=\"color: #3366ff;\"><span style=\"color: #0c74a8;\">\u2714<\/span><\/span> S\u00e4kerhetsfilm mot inbrott, explosion, m.m.<\/span><\/div>\n<div style=\"text-align: center;\"><span><span style=\"color: #3366ff;\"><span style=\"color: #0c74a8;\">\u2714<\/span><\/span> UV-skydd mot blekning<\/span><\/div>\n<p>[\/vc_column_text][\/vc_column][vc_column width=&#8221;1\/4&#8243;][\/vc_column][\/vc_row][vc_row top_margin=&#8221;none&#8221; bottom_margin=&#8221;md&#8221;][vc_column width=&#8221;1\/4&#8243;][\/vc_column][vc_column width=&#8221;1\/2&#8243;][vc_column_text]<\/p>\n<div style=\"text-align: center;\">\n<div align=\"center\"><span>V\u00e5ra produkter kan l\u00f6sa m\u00e5nga problem och<\/span><\/div>\n<div align=\"center\"><span>det b\u00e4sta \u00e4r att vi g\u00f6r det p\u00e5 det befintliga glaset!<\/span><\/div>\n<div align=\"center\">\n<p><span>Vi \u00e4r den enda tillverkaren i v\u00e4rlden som har\u00a0<\/span><span>EPD och LCA-dokumentation f\u00f6r 92 f\u00f6nsterfilmer<\/span><span>\u00a0<\/span><span>vilket borgar f\u00f6r full kontroll p\u00e5 produkternas inneh\u00e5ll, funktion och \u00e5terbruksm\u00f6jlighet.\u00a0<\/span><a href=\"https:\/\/www.solargard.com\/sv\/resurser\/epd-verifierad-miljovarudeklaration-energieffektiv-hallbar-fonsterfilm\/\" target=\"_blank\" rel=\"noopener\">L\u00e4s mer<\/a><span>\u00a0<\/span><a href=\"https:\/\/www.solargard.com\/sv\/resurser\/epd-verifierad-miljovarudeklaration-energieffektiv-hallbar-fonsterfilm\/\" target=\"_blank\" rel=\"noopener\">&gt;<\/a><\/p>\n<p><span>Har du fr\u00e5gor, funderingar eller vill r\u00e5dfr\u00e5ga\u00a0<\/span><span>kan du bara ringa 0175-748 80<br \/>\neller maila oss!<\/span><\/p>\n<\/div>\n<\/div>\n<p>[\/vc_column_text][\/vc_column][vc_column width=&#8221;1\/4&#8243;][\/vc_column][\/vc_row][vc_row top_margin=&#8221;none&#8221; bottom_margin=&#8221;md&#8221;][vc_column width=&#8221;1\/4&#8243;][\/vc_column][vc_column width=&#8221;1\/2&#8243;][vc_btn title=&#8221;SKICKA OSS ETT E-MAIL&#8221; color=&#8221;primary&#8221; align=&#8221;center&#8221; link=&#8221;url:mailto%3Anordicinfo%40saint-gobain.com|title:SKICKA%20E-MAIL|target:_blank&#8221;][\/vc_column][vc_column width=&#8221;1\/4&#8243;][\/vc_column][\/vc_row]<\/p>\n<\/div>","protected":false},"excerpt":{"rendered":"<p>[vc_row top_margin=&#8221;none&#8221; bottom_margin=&#8221;none&#8221;][vc_column][vc_column_text css=&#8221;&#8221;] [\/vc_column_text][vc_row_inner][vc_column_inner][vc_column_text] V\u00e4lkommen att kontakta oss: [\/vc_column_text][\/vc_column_inner][\/vc_row_inner][\/vc_column][\/vc_row][vc_row content_placement=&#8221;middle&#8221; top_margin=&#8221;sm&#8221; bottom_margin=&#8221;md&#8221; css=&#8221;.vc_custom_1709720628104{border-radius: 2px !important;}&#8221;][vc_column width=&#8221;1\/6&#8243;][\/vc_column][vc_column width=&#8221;2\/3&#8243; css=&#8221;.vc_custom_1709720366667{border-top-width: 50px !important;border-right-width: 50px !important;border-bottom-width: 50px !important;border-left-width: 50px !important;padding-top: 50px !important;padding-right: 50px !important;padding-bottom: 50px !important;padding-left: 50px !important;background-color: #f4f4f4 !important;}&#8221;][vc_empty_space height=&#8221;10&#8243;][\/vc_column][vc_column width=&#8221;1\/6&#8243;][\/vc_column][\/vc_row][vc_row content_placement=&#8221;top&#8221; top_margin=&#8221;none&#8221; bottom_margin=&#8221;sm&#8221;][vc_column width=&#8221;1\/4&#8243;][\/vc_column][vc_column width=&#8221;1\/2&#8243;][vc_column_text] Hej! Nyligen var vi p\u00e5 bes\u00f6k och visade upp Solar Gards &hellip; <a href=\"https:\/\/www.solargard.com\/sv\/tack-for-senast-pa-marknadspartners-minimassa\/\">Continued<\/a><\/p>\n","protected":false},"author":3,"featured_media":0,"parent":0,"menu_order":0,"comment_status":"closed","ping_status":"closed","template":"","meta":{"_acf_changed":false,"footnotes":""},"class_list":["post-102697","page","type-page","status-publish","hentry"],"acf":[],"_links":{"self":[{"href":"https:\/\/www.solargard.com\/sv\/wp-json\/wp\/v2\/pages\/102697","targetHints":{"allow":["GET"]}}],"collection":[{"href":"https:\/\/www.solargard.com\/sv\/wp-json\/wp\/v2\/pages"}],"about":[{"href":"https:\/\/www.solargard.com\/sv\/wp-json\/wp\/v2\/types\/page"}],"author":[{"embeddable":true,"href":"https:\/\/www.solargard.com\/sv\/wp-json\/wp\/v2\/users\/3"}],"replies":[{"embeddable":true,"href":"https:\/\/www.solargard.com\/sv\/wp-json\/wp\/v2\/comments?post=102697"}],"version-history":[{"count":0,"href":"https:\/\/www.solargard.com\/sv\/wp-json\/wp\/v2\/pages\/102697\/revisions"}],"wp:attachment":[{"href":"https:\/\/www.solargard.com\/sv\/wp-json\/wp\/v2\/media?parent=102697"}],"curies":[{"name":"wp","href":"https:\/\/api.w.org\/{rel}","templated":true}]}}