{"id":103137,"date":"2016-02-17T22:04:24","date_gmt":"2016-02-17T22:04:24","guid":{"rendered":"https:\/\/www.solargard.com\/resurser\/epd-verifierad-miljovarudeklaration-energieffektiv-hallbar-fonsterfilm\/leed-breeam\/"},"modified":"2025-06-09T10:34:05","modified_gmt":"2025-06-09T18:34:05","slug":"leed-breeam","status":"publish","type":"page","link":"https:\/\/www.solargard.com\/sv\/resurser\/epd-verifierad-miljovarudeklaration-energieffektiv-hallbar-fonsterfilm\/leed-breeam\/","title":{"rendered":"LEED &#038; BREEAM"},"content":{"rendered":"<div class=\"wpb-content-wrapper\"><p>[vc_row top_margin=&#8221;none&#8221; bottom_margin=&#8221;md&#8221;][vc_column][vc_row_inner][vc_column_inner]<div class=\"section-title sg-section-title text-center\"><div class=\"copy-content\"><h1 class=\" normal-title\">LEED &amp; BREEAM<\/h1><\/div><div class=\"border-bg\"><\/div><\/div>[\/vc_column_inner][\/vc_row_inner][\/vc_column][\/vc_row][vc_row top_margin=&#8221;none&#8221; bottom_margin=&#8221;sm&#8221;][vc_column][vc_column_text css=&#8221;&#8221;]<\/p>\n<h4 style=\"text-align: center;\">LEED och BREEAM \u00e4r globala h\u00e5llbara bed\u00f6mnings- och v\u00e4rderingsmetoder f\u00f6r byggnader<\/h4>\n<h5 class=\"p1\" style=\"text-align: center;\"><span class=\"s1\">Fastighetss\u00e4gare kan f\u00e5 ett h\u00f6gre betyg genom att anv\u00e4nda Solar Gard f\u00f6nsterfilm.<\/span><span class=\"s2\"><br \/>\n<\/span><\/h5>\n<p>[\/vc_column_text][\/vc_column][\/vc_row][vc_row top_margin=&#8221;none&#8221; bottom_margin=&#8221;none&#8221; css=&#8221;.vc_custom_1643729388945{margin-left: 20px !important;}&#8221;][vc_column width=&#8221;1\/2&#8243; css=&#8221;.vc_custom_1643717646488{margin-right: 20px !important;padding-right: 20px !important;padding-left: 20px !important;}&#8221;][vc_column_text]<\/p>\n<p style=\"text-align: center;\"><a href=\"http:\/\/www.usgbc.org\/leed\" target=\"_blank\" rel=\"noopener\"><img loading=\"lazy\" decoding=\"async\" class=\"alignnone wp-image-96207\" src=\"https:\/\/www.solargard.com\/wp-content\/uploads\/2022\/02\/usgbc_leed_logo-1.svg\" alt=\"\" width=\"105\" height=\"105\" \/><\/a><\/p>\n<p>[\/vc_column_text][vc_separator css=&#8221;.vc_custom_1455748086165{margin-top: 20px !important;margin-bottom: 20px !important;}&#8221;][vc_column_text css=&#8221;&#8221;]<\/p>\n<h3>Tj\u00e4na LEED-po\u00e4ng<\/h3>\n<p><span><a href=\"http:\/\/www.usgbc.org\/leed\" target=\"_blank\" rel=\"noopener\"><strong>LEED<\/strong><\/a><\/span><strong> (Leadership in Energy and Environmental Design) \u00e4r ett allm\u00e4nt anv\u00e4nt klassificeringssystem f\u00f6r gr\u00f6na byggnader.<\/strong><\/p>\n<p>F\u00f6rdelarna med f\u00f6nsterfilm kan hj\u00e4lpa f\u00f6retag att tj\u00e4na po\u00e4ng f\u00f6r att uppn\u00e5 ett h\u00f6gre betyg baserat p\u00e5 f\u00f6ljande kreditpunkter:<\/p>\n<h4><span style=\"color: #186f8f;\">1. SS (Sustainable Sites <em>&#8211; H\u00e5llbara byggnader<\/em>)<\/span><\/h4>\n<ul>\n<li>Kredit 8: Minskad ljusf\u00f6rorening<\/li>\n<\/ul>\n<h4><span style=\"color: #186f8f;\">2. EA (Energy &amp; Atmosphere <em>&#8211; Energi &amp; Atmosf\u00e4r\/Luft<\/em>)<\/span><\/h4>\n<ul>\n<li>Kredit 1: Optimera energiprestanda<\/li>\n<\/ul>\n<h4><span style=\"color: #186f8f;\">3. EQ (Indoor Environmental Quality <em>&#8211; K<\/em><\/span><em><span style=\"color: #186f8f;\">valitet\u00a0<\/span><\/em><span style=\"color: #186f8f;\"><em>Inomhusmilj\u00f6<\/em>)<\/span><\/h4>\n<ul>\n<li>Kredit 8: Dagsljus och utsikt<\/li>\n<li>Kredit 7: Termisk komfort<\/li>\n<\/ul>\n<h4><span style=\"color: #186f8f;\">MR (Materials &amp; Resources <em>&#8211; Material &amp; Resurser<\/em>)<\/span><\/h4>\n<ul>\n<li>Kredit 1 \u00c5teranv\u00e4ndning av byggnad<\/li>\n<\/ul>\n<h4><span style=\"color: #186f8f;\">ID (Innovation &amp; Design Process <em>&#8211; Innovations- &amp; Designprocess<\/em>)<\/span><\/h4>\n<ul>\n<li>Blockering av skadlig UV-str\u00e5lning<\/li>\n<li>Reducering av blekning minskar avfall<\/li>\n<\/ul>\n<h5><\/h5>\n<p>[\/vc_column_text][\/vc_column][vc_column width=&#8221;1\/2&#8243;][vc_empty_space height=&#8221;35px&#8221;][vc_column_text]<\/p>\n<p style=\"text-align: center;\"><a href=\"https:\/\/www.solargard.com\/wp-content\/uploads\/2022\/02\/breeam-logo-black-1.svg\" target=\"_blank\" rel=\"https:\/\/www.breeam.com\/discover\/technical-standards\/ noopener\"><img loading=\"lazy\" decoding=\"async\" class=\"alignnone wp-image-96206\" src=\"https:\/\/www.solargard.com\/wp-content\/uploads\/2022\/02\/breeam-logo-black-1.svg\" alt=\"\" width=\"193\" height=\"77\" \/><\/a><\/p>\n<p>[\/vc_column_text][vc_separator css=&#8221;.vc_custom_1455748086165{margin-top: 20px !important;margin-bottom: 20px !important;}&#8221;][vc_column_text css=&#8221;&#8221;]<\/p>\n<h3>Tj\u00e4na BREEAM Krediter<\/h3>\n<p><a href=\"https:\/\/www.breeam.com\/discover\/technical-standards\/\" target=\"_blank\" rel=\"noopener\"><strong>BREEAM <\/strong><\/a><strong>(Building Research Establishment Environmental Assessment Method) \u00e4r en ledande h\u00e5llbarhetsbed\u00f6mningsmetod f\u00f6r byggnader.<\/strong><\/p>\n<p>BREEAM-klassade byggnader inkluderar \u00e4ven de boendes h\u00e4lsa och v\u00e4lbefinnande.<\/p>\n<p>Krediter kan tj\u00e4nas med f\u00f6nsterfilm under kategorierna &#8221;Tillg\u00e5ngsprestanda&#8221; (Asset Performance) och &#8221;Byggnads-\/Uthyrningsf\u00f6rvaltning&#8221; (Building\/Occupier Management):<\/p>\n<h4><span style=\"color: #186f8f;\">Energi<\/span><\/h4>\n<ul>\n<li>Mer \u00e4n 10 olika ENE-po\u00e4ng<\/li>\n<\/ul>\n<h4><span style=\"color: #186f8f;\">H\u00e4lsa &amp; V\u00e4lbefinnande<\/span><\/h4>\n<ul>\n<li>HEA 01 Visuell komfort och dagsljus<\/li>\n<li>HEA 02 Bl\u00e4ndningsskydd<\/li>\n<li>HEA 03 Termisk reglering<\/li>\n<li>HEA 08 Belysningsstyrka<\/li>\n<\/ul>\n<h4><span style=\"color: #186f8f;\">Material<\/span><\/h4>\n<ul>\n<li>MAT-po\u00e4ng p\u00e5 s\u00e4kerhetsr\u00e5d och naturliga faror<\/li>\n<\/ul>\n<p>[\/vc_column_text][\/vc_column][\/vc_row][vc_row top_margin=&#8221;sm&#8221;][vc_column][vc_column_text]<img loading=\"lazy\" decoding=\"async\" class=\"alignleft wp-image-96264 size-full\" src=\"https:\/\/www.solargard.com\/wp-content\/uploads\/2022\/02\/lead-breem-credits.jpg\" alt=\"\" width=\"1807\" height=\"232\" srcset=\"https:\/\/www.solargard.com\/wp-content\/uploads\/2022\/02\/lead-breem-credits.jpg 1807w, https:\/\/www.solargard.com\/wp-content\/uploads\/2022\/02\/lead-breem-credits-300x39.jpg 300w, https:\/\/www.solargard.com\/wp-content\/uploads\/2022\/02\/lead-breem-credits-1024x131.jpg 1024w, https:\/\/www.solargard.com\/wp-content\/uploads\/2022\/02\/lead-breem-credits-768x99.jpg 768w, https:\/\/www.solargard.com\/wp-content\/uploads\/2022\/02\/lead-breem-credits-1536x197.jpg 1536w, https:\/\/www.solargard.com\/wp-content\/uploads\/2022\/02\/lead-breem-credits-190x24.jpg 190w, https:\/\/www.solargard.com\/wp-content\/uploads\/2022\/02\/lead-breem-credits-600x77.jpg 600w\" sizes=\"auto, (max-width: 1807px) 100vw, 1807px\" \/>[\/vc_column_text][\/vc_column][\/vc_row][vc_row][vc_column][vc_cta h2=&#8221;LEED &amp; BREEAM INFORMATIONSBLAD&#8221; h2_font_container=&#8221;tag:h2|text_align:left|color:%23ffffff&#8221; h2_use_theme_fonts=&#8221;yes&#8221; h4=&#8221;Ladda ner \/ Printa PDF (Engelska)&#8221; h4_font_container=&#8221;tag:h4|text_align:left|color:%23ffffff&#8221; h4_use_theme_fonts=&#8221;yes&#8221; add_button=&#8221;right&#8221; btn_title=&#8221;LADDA NER DOKUMENT&#8221; btn_color=&#8221;turquoise&#8221; btn_size=&#8221;lg&#8221; btn_align=&#8221;right&#8221; css=&#8221;.vc_custom_1719912397588{background-image: url(https:\/\/www.solargard.com\/wp-content\/uploads\/2022\/02\/lead-breem-web-banner-scaled.jpg?id=96193) !important;background-position: center !important;background-repeat: no-repeat !important;background-size: contain !important;}&#8221; use_custom_fonts_h2=&#8221;true&#8221; use_custom_fonts_h4=&#8221;true&#8221; btn_button_block=&#8221;true&#8221; btn_link=&#8221;url:https%3A%2F%2Fwww.solargard.com%2Fwp-content%2Fuploads%2F2022%2F02%2FLEED-BREEAM-Info-Sheet-INT-0222.pdf|title:LEED%20%26%20BREEAM%20Information%20Sheet|target:_blank&#8221;][\/vc_cta][\/vc_column][\/vc_row][vc_row full_width=&#8221;stretch_row&#8221; top_margin=&#8221;md&#8221; bottom_margin=&#8221;md&#8221; css=&#8221;.vc_custom_1643806987978{background-color: #007db1 !important;}&#8221;][vc_column width=&#8221;2\/3&#8243;]<div class=\"section-title sep-top-xs text-left\"><h5 class=\"upper light normal-title\">HAR DU ETT PROJEKT? KONTAKTA OSS G\u00c4RNA!<\/h5><\/div>[\/vc_column][vc_column width=&#8221;1\/3&#8243;][vc_btn title=&#8221;Kontakta oss&#8221; style=&#8221;outline&#8221; shape=&#8221;round&#8221; color=&#8221;white&#8221; size=&#8221;lg&#8221; align=&#8221;center&#8221; css=&#8221;&#8221; button_block=&#8221;true&#8221; link=&#8221;url:https%3A%2F%2Fwww.solargard.com%2Fsv%2Fkontakta-oss%2Fkontakta-solargard%2F|title:Contact%20Us&#8221;][\/vc_column][\/vc_row]<\/p>\n<\/div>","protected":false},"excerpt":{"rendered":"<p>[vc_row top_margin=&#8221;none&#8221; bottom_margin=&#8221;md&#8221;][vc_column][vc_row_inner][vc_column_inner][\/vc_column_inner][\/vc_row_inner][\/vc_column][\/vc_row][vc_row top_margin=&#8221;none&#8221; bottom_margin=&#8221;sm&#8221;][vc_column][vc_column_text css=&#8221;&#8221;] LEED och BREEAM \u00e4r globala h\u00e5llbara bed\u00f6mnings- och v\u00e4rderingsmetoder f\u00f6r byggnader Fastighetss\u00e4gare kan f\u00e5 ett h\u00f6gre betyg genom att anv\u00e4nda Solar Gard f\u00f6nsterfilm. [\/vc_column_text][\/vc_column][\/vc_row][vc_row top_margin=&#8221;none&#8221; bottom_margin=&#8221;none&#8221; css=&#8221;.vc_custom_1643729388945{margin-left: 20px !important;}&#8221;][vc_column width=&#8221;1\/2&#8243; css=&#8221;.vc_custom_1643717646488{margin-right: 20px !important;padding-right: 20px !important;padding-left: 20px !important;}&#8221;][vc_column_text] [\/vc_column_text][vc_separator css=&#8221;.vc_custom_1455748086165{margin-top: 20px !important;margin-bottom: 20px !important;}&#8221;][vc_column_text css=&#8221;&#8221;] Tj\u00e4na LEED-po\u00e4ng LEED (Leadership in &hellip; <a href=\"https:\/\/www.solargard.com\/sv\/resurser\/epd-verifierad-miljovarudeklaration-energieffektiv-hallbar-fonsterfilm\/leed-breeam\/\">Continued<\/a><\/p>\n","protected":false},"author":1,"featured_media":101187,"parent":101186,"menu_order":0,"comment_status":"closed","ping_status":"closed","template":"templates\/resources.php","meta":{"_acf_changed":false,"footnotes":""},"class_list":["post-103137","page","type-page","status-publish","has-post-thumbnail","hentry"],"acf":[],"_links":{"self":[{"href":"https:\/\/www.solargard.com\/sv\/wp-json\/wp\/v2\/pages\/103137","targetHints":{"allow":["GET"]}}],"collection":[{"href":"https:\/\/www.solargard.com\/sv\/wp-json\/wp\/v2\/pages"}],"about":[{"href":"https:\/\/www.solargard.com\/sv\/wp-json\/wp\/v2\/types\/page"}],"author":[{"embeddable":true,"href":"https:\/\/www.solargard.com\/sv\/wp-json\/wp\/v2\/users\/1"}],"replies":[{"embeddable":true,"href":"https:\/\/www.solargard.com\/sv\/wp-json\/wp\/v2\/comments?post=103137"}],"version-history":[{"count":0,"href":"https:\/\/www.solargard.com\/sv\/wp-json\/wp\/v2\/pages\/103137\/revisions"}],"up":[{"embeddable":true,"href":"https:\/\/www.solargard.com\/sv\/wp-json\/wp\/v2\/pages\/101186"}],"wp:featuredmedia":[{"embeddable":true,"href":"https:\/\/www.solargard.com\/sv\/wp-json\/wp\/v2\/media\/101187"}],"wp:attachment":[{"href":"https:\/\/www.solargard.com\/sv\/wp-json\/wp\/v2\/media?parent=103137"}],"curies":[{"name":"wp","href":"https:\/\/api.w.org\/{rel}","templated":true}]}}