{"id":104580,"date":"2025-09-24T08:17:56","date_gmt":"2025-09-24T16:17:56","guid":{"rendered":"https:\/\/www.solargard.com\/?page_id=104580"},"modified":"2025-12-18T11:28:57","modified_gmt":"2025-12-18T19:28:57","slug":"wpf-skyddsfilm-glas","status":"publish","type":"page","link":"https:\/\/www.solargard.com\/sv\/wpf-skyddsfilm-glas\/","title":{"rendered":"Clearshield\u00ae WPF &#8211; Skyddsfilm f\u00f6r fordonsglas"},"content":{"rendered":"<div class=\"wpb-content-wrapper\"><p>[vc_row full_width=&#8221;stretch_row_content_no_spaces&#8221; top_margin=&#8221;none&#8221; bottom_margin=&#8221;none&#8221; css=&#8221;.vc_custom_1754506628869{padding-top: 0px !important;padding-bottom: 0px !important;background-color: #FFC43E !important;}&#8221;][vc_column css=&#8221;.vc_custom_1754506619796{margin-top: 0px !important;margin-bottom: 0px !important;padding-top: 0px !important;padding-bottom: 0px !important;}&#8221;]        <div class=\"sg-wpbc-hero-icons-cta-container scheme-sg-gold horizontal\">\n            <div class=\"container-fluid\">\n                <div class=\"row d-flex align-items-stretch\">\n                    <div class=\"col-lg-6 p-0 image order-1 order-lg-1\">\n                    <div class=\"sg-wpbc-hero-icons-cta-image\" style=\"background-image: url('https:\/\/www.solargard.com\/wp-content\/uploads\/2025\/10\/WPF-CSP-web-sun-roof.jpg');\" >\n                        <div class=\"sg-wpbc-hero-icons-cta-image-overlay left scheme-sg-gold\"><\/div>\n                    <\/div>\n                    <\/div>                    \n                    <div class=\"col-lg-6 px-3 py-3 px-lg-4 py-lg-5 text order-1 order-lg-2\">\n                        <div class=\"sg-wpbc-hero-icons-cta-header mb-4\">\n                            <h1 class=\"title mb-3\">Clearshield\u00ae WPF Skyddsfilm f\u00f6r fordonsglas<\/h1>\n                            <h3 class=\"subtitle mb-4\">Det b\u00e4sta skyddet du aldrig kommer se!<\/h3>\n                        <\/div>\n                        <p class=\"sg-wpbc-hero-icons-cta-description mb-4\"><p><span><img loading=\"lazy\" decoding=\"async\" class=\"wp-image-104692 alignleft\" src=\"https:\/\/www.solargard.com\/wp-content\/uploads\/2025\/10\/bluWPF-ruta-TSFS-297x300.png\" alt=\"\" width=\"198\" height=\"200\" srcset=\"https:\/\/www.solargard.com\/wp-content\/uploads\/2025\/10\/bluWPF-ruta-TSFS-297x300.png 297w, https:\/\/www.solargard.com\/wp-content\/uploads\/2025\/10\/bluWPF-ruta-TSFS-94x95.png 94w, https:\/\/www.solargard.com\/wp-content\/uploads\/2025\/10\/bluWPF-ruta-TSFS-100x100.png 100w, https:\/\/www.solargard.com\/wp-content\/uploads\/2025\/10\/bluWPF-ruta-TSFS.png 490w\" sizes=\"auto, (max-width: 198px) 100vw, 198px\" \/><\/span><\/p>\n<p><span>Oavsett om du k\u00f6r i stadstrafiken eller \u00e4r ute p\u00e5 en weekendresa, skyddar Clearshield WPF glasskyddsfilm ditt fordons glasytor fr\u00e5n livets o<\/span><span>v\u00e4ntade utmaningar. Dess avancerade, optiskt klara film absorberar st\u00f6tar fr\u00e5n stenskott, samtidigt som den blockerar 99% av solens UV-str\u00e5lar som kan skydda b\u00e5de dig och ditt fordons interi\u00f6r.<\/span><\/p>\n<p><span>Clearshield WPF skyddsfilm f\u00f6rst\u00e4rker det befintliga glaset utan att kompromissa med utseendet p\u00e5 ditt fordon och kan bibeh\u00e5lla ditt fordons alla glasytor intakta efter \u00e5verkan. \u201dEn liten investering som kan spara dig tusentals kronor i reparationer\u201d.<\/span><\/p>\n<\/p>\n                                                                            <div class=\"row pt-3\">\n                                <div class=\"col mb-3\">\n                                    <a href=\"https:\/\/www.solargard.com\/wp-content\/uploads\/2025\/10\/WPF-Windshield-Protection-Film-Brochure-PDF0151WPF-SW-1025-2.pdf\" class=\"sg-wpbc-btn primary btn-block mr-3\" target=\"_blank\">\n                                        Clearshield WPF Broschyr                                    <\/a>\n                                <\/div>\n                                                                <div class=\"col mb-3\">\n                                    <a href=\"https:\/\/youtu.be\/x-rTZmd8oO0?si=SJ6ispJrHs6M8AGD\" class=\"sg-wpbc-btn outline btn-block\" target=\"_blank\" rel=\"noopener\">\n                                        SE VIDEO                                    <\/a>\n                                <\/div>\n                                                            <\/div>\n                                            <\/div>\n                <\/div>\n            <\/div>\n        <\/div>\n        [\/vc_column][\/vc_row][vc_row full_width=&#8221;stretch_row_content_no_spaces&#8221; disable_element=&#8221;yes&#8221; top_margin=&#8221;none&#8221; bottom_margin=&#8221;none&#8221; css=&#8221;.vc_custom_1754506510255{background-image: url(https:\/\/www.solargard.com\/wp-content\/uploads\/2025\/03\/wpf-intro-hero-mobile.jpg?id=103892) !important;}&#8221; el_id=&#8221;wpf-hero-mobile&#8221;][vc_column offset=&#8221;vc_hidden-lg vc_hidden-md vc_hidden-sm vc_hidden-xs&#8221;][\/vc_column][\/vc_row][vc_section full_width=&#8221;stretch_row&#8221; disable_element=&#8221;yes&#8221; css=&#8221;.vc_custom_1754506502454{background: #FDB92400 url(https:\/\/www.solargard.com\/wp-content\/uploads\/2025\/03\/wpf-hero-1920x-1.jpg?id=103878) !important;background-position: center !important;background-repeat: no-repeat !important;background-size: cover !important;}&#8221; el_id=&#8221;wpf-hero&#8221; el_class=&#8221;bg-text-sg-gold bg-gradient-rtl-sg-gold&#8221;][vc_row equal_height=&#8221;yes&#8221; content_placement=&#8221;middle&#8221; disable_element=&#8221;yes&#8221; top_margin=&#8221;none&#8221; bottom_margin=&#8221;none&#8221;][vc_column width=&#8221;1\/12&#8243; offset=&#8221;vc_col-lg-6 vc_hidden-lg vc_col-md-6 vc_hidden-md vc_hidden-sm vc_hidden-xs&#8221;][\/vc_column][vc_column width=&#8221;11\/12&#8243; offset=&#8221;vc_col-lg-6 vc_hidden-lg vc_col-md-6 vc_hidden-md vc_col-sm-offset-0 vc_hidden-sm vc_col-xs-12 vc_hidden-xs&#8221;][vc_column_text css=&#8221;&#8221;]<\/p>\n<h1 class=\"heading\">Clearshield<sup>\u00ae<\/sup> WPF Film f\u00f6r fordonsglas<\/h1>\n<div id=\"awebChromeHelper\" data-version=\"1.24.3\"><\/div>\n<p>[\/vc_column_text][vc_column_text css=&#8221;&#8221;]<\/p>\n<h4>Det b\u00e4sta skyddet du aldrig kommer se!<\/h4>\n<p>[\/vc_column_text][vc_column_text css=&#8221;.vc_custom_1742997323104{padding-top: 20px !important;padding-bottom: 20px !important;}&#8221;]Whether you&#8217;re navigating city traffic or cruising on a weekend road trip, Clearshield WPF Windshield Protection Film keeps your windshield safe from life\u2019s unexpected hazards. Its advanced, optically clear film absorbs impacts from rock strikes and road debris while blocking 99% of UV rays to safeguard both you and your vehicle\u2019s interior.<\/p>\n<p>For those who expect durability without compromising style, Clearshield WPF is the ultimate defense for a pristine and protected windshield. This nearly invisible film absorbs impact from road debris, preventing chips and cracks before they happen. It\u2019s a small investment that can save you thousands in repairs.<\/p>\n<div id=\"awebChromeHelper\" data-version=\"1.24.3\"><\/div>\n<p>[\/vc_column_text][vc_row_inner css=&#8221;.vc_custom_1741114088054{padding-top: 3% !important;padding-bottom: 3% !important;}&#8221;][vc_column_inner offset=&#8221;vc_col-lg-8 vc_col-md-8 vc_col-xs-12&#8243;][vc_btn title=&#8221;H\u00e4r hittar du n\u00e4rmaste \u00e5terf\u00f6rs\u00e4ljare!&#8221; style=&#8221;flat&#8221; color=&#8221;Primary&#8221; align=&#8221;center&#8221; css=&#8221;&#8221; button_block=&#8221;true&#8221; link=&#8221;url:https%3A%2F%2Fwww.solargard.com%2Fsv%2Fnarmaste-aterforsaljare%2F|title:%20&#8243;][\/vc_column_inner][vc_column_inner width=&#8221;1\/3&#8243;][\/vc_column_inner][\/vc_row_inner][\/vc_column][\/vc_row][\/vc_section][vc_row full_width=&#8221;stretch_row_content_no_spaces&#8221; content_placement=&#8221;middle&#8221; top_margin=&#8221;none&#8221; bottom_margin=&#8221;none&#8221; css=&#8221;.vc_custom_1742913617620{background-image: url(https:\/\/www.solargard.com\/wp-content\/uploads\/2025\/03\/wpf-why-hero-mobile.jpg?id=103893) !important;}&#8221; el_id=&#8221;wpf-signs-mobile&#8221;][vc_column offset=&#8221;vc_hidden-lg&#8221;][\/vc_column][\/vc_row][vc_section full_width=&#8221;stretch_row&#8221; css=&#8221;.vc_custom_1742842977163{background-color: #006B9800 !important;}&#8221; el_id=&#8221;wpf-signs&#8221; el_class=&#8221;bg-text-primary bg-overlay bg-overlay-primary&#8221;][vc_row equal_height=&#8221;yes&#8221; top_margin=&#8221;none&#8221; bottom_margin=&#8221;none&#8221;][vc_column offset=&#8221;vc_col-lg-6 vc_col-md-12&#8243;][vc_column_text css=&#8221;&#8221;]<\/p>\n<h2 class=\"heading\">Varf\u00f6r skyddsfilm f\u00f6r fordonsglas?<\/h2>\n<p>[\/vc_column_text][vc_column_text css=&#8221;.vc_custom_1759408933080{padding-top: 20px !important;padding-bottom: 20px !important;}&#8221;]<span>Att byta vindruta \u00e4r dyrt och frustrerande \u2013 men med Clearshield WPF kan du undvika besv\u00e4ret.<\/span><\/p>\n<ul>\n<li><span><strong>\u201dBubbelfri\u201d applicering<\/strong> \u2013 F\u00e5 den professionellt installerad f\u00f6r ett felfritt och s\u00f6ml\u00f6st utseende.<\/span><\/li>\n<li><span><\/span><span><strong>Helt klar sikt<\/strong> \u2013 Bibeh\u00e5ller perfekt sikt, dag som natt.<\/span><\/li>\n<li><span><\/span><span><strong>Stenskottsskydd <\/strong>\u2013 Skyddar mot stenskott, skr\u00e4p fr\u00e5n v\u00e4gen och vardagligt slitage.<\/span><\/li>\n<li><span><\/span><span><strong>UV-skydd <\/strong>\u2013 Blockerar 99 % av UV-str\u00e5larna f\u00f6r att skydda din inredning, elektronik och inte minst dig sj\u00e4lv.<\/span><\/li>\n<li><span><\/span><span><strong>L\u00e5ngsiktigt och prisv\u00e4rt skydd<\/strong> \u2013 Hj\u00e4lper till att undvika kostsamma reparationer och byten av glasrutor.<\/span><\/li>\n<\/ul>\n<div id=\"awebChromeHelper\" data-version=\"1.24.3\"><\/div>\n<p>[\/vc_column_text][vc_row_inner][vc_column_inner width=&#8221;2\/3&#8243; offset=&#8221;vc_col-xs-12&#8243;][vc_btn title=&#8221;Clearshield WPF Datablad (ENG)&#8221; style=&#8221;flat&#8221; color=&#8221;SGGold&#8221; align=&#8221;center&#8221; css=&#8221;&#8221; button_block=&#8221;true&#8221; link=&#8221;url:https%3A%2F%2Fwww.solargard.com%2Fwp-content%2Fuploads%2F2025%2F10%2FCare-and-Maintenance_Windshield_Tech-Bulletin_1025_INT.pdf|title:Clearshield%20WPF%20Datablad|target:_blank&#8221;][\/vc_column_inner][vc_column_inner width=&#8221;1\/3&#8243; offset=&#8221;vc_hidden-xs&#8221;][\/vc_column_inner][\/vc_row_inner][\/vc_column][vc_column offset=&#8221;vc_col-lg-6 vc_col-md-6 vc_hidden-md vc_hidden-sm vc_hidden-xs&#8221;][vc_row_inner][vc_column_inner][vc_single_image image=&#8221;104702&#8243; img_size=&#8221;full&#8221; style=&#8221;vc_box_border&#8221; border_color=&#8221;white&#8221; css=&#8221;.vc_custom_1761138995751{border-color: #FFFFFF00 !important;}&#8221;][\/vc_column_inner][\/vc_row_inner][\/vc_column][\/vc_row][\/vc_section][vc_section full_width=&#8221;stretch_row&#8221; el_id=&#8221;wpf-patterns&#8221; el_class=&#8221;bg-text-primary-dark bg-arrow-down bg-overlay bg-overlay-primary-dark&#8221;][vc_row top_margin=&#8221;none&#8221; bottom_margin=&#8221;none&#8221;][vc_column el_class=&#8221;text-center&#8221;][vc_column_text css=&#8221;.vc_custom_1759406447051{padding-top: 10px !important;padding-bottom: 10px !important;}&#8221; el_id=&#8221;wsf-inner-row-text-block&#8221;]<\/p>\n<h2 class=\"heading sg-blue-secondary\">Clearshield WPF och Avancerade f\u00f6rarst\u00f6dssystem (ADAS)<\/h2>\n<div id=\"awebChromeHelper\" data-version=\"1.24.3\"><\/div>\n<p>[\/vc_column_text][vc_column_text css=&#8221;&#8221;]Clearshield WPF glasskyddsfilm skyddar en av dina st\u00f6rsta investeringar. Avancerade f\u00f6rarst\u00f6dsystem (ADAS) har blivit vanligare i moderna fordon, vilket g\u00f6r vindrutebyten dyrare p\u00e5 grund av omkalibreringskrav. Att investera i Clearshield WPF i tid kan inneb\u00e4ra stora besparingar p\u00e5 l\u00e5ng sikt \u2013 genom att f\u00f6rhindra kostsamma vindrutebyten och bevara v\u00e4rdet p\u00e5 ditt fordon.[\/vc_column_text][\/vc_column][\/vc_row][\/vc_section][vc_section full_width=&#8221;stretch_row&#8221; css=&#8221;.vc_custom_1742848064328{background-color: #006B9800 !important;}&#8221; el_id=&#8221;wpf-product-carousel&#8221;][vc_row equal_height=&#8221;yes&#8221; top_margin=&#8221;none&#8221; bottom_margin=&#8221;none&#8221;][vc_column offset=&#8221;vc_col-lg-6 vc_col-md-6&#8243;][vc_single_image image=&#8221;103882&#8243; img_size=&#8221;full&#8221; css=&#8221;.vc_custom_1742906217724{padding-top: 20px !important;padding-bottom: 20px !important;}&#8221;][\/vc_column][vc_column offset=&#8221;vc_col-lg-6 vc_col-md-6&#8243;][vc_row_inner][vc_column_inner][vc_column_text css=&#8221;&#8221;]<\/p>\n<h2 class=\"heading text-primary\">Clearshield WPFs f\u00f6rdelar<\/h2>\n<p>[\/vc_column_text][vc_empty_space height=&#8221;15px&#8221;][vc_raw_html css=&#8221;.vc_custom_1759406612006{padding-top: 30px !important;padding-bottom: 30px !important;}&#8221;]JTIwJTIwJTIwJTIwJTNDZGl2JTIwY2xhc3MlM0QlMjJpY29uLWJ1bGxldC1saXN0JTIyJTNFJTBEJTBBJTIwJTIwJTIwJTIwJTIwJTIwJTIwJTIwJTNDZGl2JTIwY2xhc3MlM0QlMjJyb3clMjIlM0UlMEQlMEElMjAlMjAlMjAlMjAlMjAlMjAlMjAlMjAlMjAlMjAlMjAlMjAlM0NkaXYlMjBjbGFzcyUzRCUyMmljb24lMjIlM0UlM0NpbWclMjBzcmMlM0QlMjJodHRwcyUzQSUyRiUyRnd3dy5zb2xhcmdhcmQuY29tJTJGd3AtY29udGVudCUyRnVwbG9hZHMlMkYyMDI1JTJGMDMlMkZpY29uLWZhU2hpZWxkQWx0LnN2ZyUyMiUyMCUyRiUzRSUzQyUyRmRpdiUzRSUwRCUwQSUyMCUyMCUyMCUyMCUyMCUyMCUyMCUyMCUyMCUyMCUyMCUyMCUzQ2RpdiUyMGNsYXNzJTNEJTIydGV4dCUyMiUzRSUzQ3N0cm9uZyUzRU8lQzMlQjZ2ZXJ0ciVDMyVBNGZmYXQlMjBza3lkZCUzQSUzQyUyRnN0cm9uZyUzRSUyMEVuJTIwb3N5bmxpZyUyMGJhcnJpJUMzJUE0ciUyMHNvbSUyMGFic29yYmVyYXIlMjBzdCVDMyVCNnRhciUyMHNvbSUyMGFubmFycyUyMHNrdWxsZSUyMG9yc2FrYSUyMGtvc3RzYW1tYSUyMHNwcmlja29yJTIwb2NoJTIwZmxpc29yLiUzQyUyRmRpdiUzRSUwRCUwQSUyMCUyMCUyMCUyMCUyMCUyMCUyMCUyMCUzQyUyRmRpdiUzRSUwRCUwQSUyMCUyMCUyMCUyMCUyMCUyMCUyMCUyMCUzQ2RpdiUyMGNsYXNzJTNEJTIycm93JTIyJTNFJTBEJTBBJTIwJTIwJTIwJTIwJTIwJTIwJTIwJTIwJTIwJTIwJTIwJTIwJTNDZGl2JTIwY2xhc3MlM0QlMjJpY29uJTIyJTNFJTNDaW1nJTIwc3JjJTNEJTIyaHR0cHMlM0ElMkYlMkZ3d3cuc29sYXJnYXJkLmNvbSUyRndwLWNvbnRlbnQlMkZ1cGxvYWRzJTJGMjAyNSUyRjAzJTJGaWNvbi11di1wcm90ZWN0aW9uLnN2ZyUyMiUyMCUyRiUzRSUzQyUyRmRpdiUzRSUwRCUwQSUyMCUyMCUyMCUyMCUyMCUyMCUyMCUyMCUyMCUyMCUyMCUyMCUzQ2RpdiUyMGNsYXNzJTNEJTIydGV4dCUyMiUzRSUzQ3N0cm9uZyUzRVVWLXNreWRkJTNBJTNDJTJGc3Ryb25nJTNFJTIwQmxvY2tlcmFyJTIwOTklMjAlMjUlMjBhdiUyMHNrYWRsaWdhJTIwVVYtc3RyJUMzJUE1bGFyJTJDJTIwdmlsa2V0JTIwbWluc2thciUyMHNvbHNrYWRvciUyMHAlQzMlQTUlMjBiaWxlbnMlMjBpbnRlcmklQzMlQjZyJTIwb2NoJTIwaCVDMyVBNWxsZXIlMjBrdXAlQzMlQTluJTIwc3ZhbGFyZSUyQyUyMHZpbGtldCUyMGklMjBzaWclMjBzcGFyYXIlMjBlbmVyZ2klMjBvY2glMjBwZW5nYXIlMjBzb20lMjBhbm5hcnMlMjBnJUMzJUE1ciUyMHRpbGwlMjBreWxuaW5nLiUzQyUyRmRpdiUzRSUwRCUwQSUyMCUyMCUyMCUyMCUyMCUyMCUyMCUyMCUzQyUyRmRpdiUzRSUwRCUwQSUyMCUyMCUyMCUyMCUyMCUyMCUyMCUyMCUzQ2RpdiUyMGNsYXNzJTNEJTIycm93JTIyJTNFJTBEJTBBJTIwJTIwJTIwJTIwJTIwJTIwJTIwJTIwJTIwJTIwJTIwJTIwJTNDZGl2JTIwY2xhc3MlM0QlMjJpY29uJTIyJTNFJTNDaW1nJTIwc3JjJTNEJTIyaHR0cHMlM0ElMkYlMkZ3d3cuc29sYXJnYXJkLmNvbSUyRndwLWNvbnRlbnQlMkZ1cGxvYWRzJTJGMjAyNSUyRjAzJTJGaWNvbi1mYVBpZ2d5QmFuay5zdmclMjIlMjAlMkYlM0UlM0MlMkZkaXYlM0UlMEQlMEElMjAlMjAlMjAlMjAlMjAlMjAlMjAlMjAlMjAlMjAlMjAlMjAlM0NkaXYlMjBjbGFzcyUzRCUyMnRleHQlMjIlM0UlM0NzdHJvbmclM0VLb3N0bmFkc2Jlc3BhcmluZ2FyJTNBJTNDJTJGc3Ryb25nJTNFJTIwTWluc2thciUyMHNhbm5vbGlraGV0ZW4lMjBmJUMzJUI2ciUyMHNrYWRvciUyMGF2c2V2JUMzJUE0cnQlMkMlMjB2aWxrZXQlMjBpbm5lYiVDMyVBNHIlMjBmJUMzJUE0cnJlJTIwcmVwYXJhdGlvbmVyJTIwb2NoJTIwdXRieXRlbiUyMCVDMyVCNnZlciUyMHRpZC4lM0MlMkZkaXYlM0UlMEQlMEElMjAlMjAlMjAlMjAlMjAlMjAlMjAlMjAlM0MlMkZkaXYlM0UlMEQlMEElMjAlMjAlMjAlMjAlMjAlMjAlMjAlMjAlM0NkaXYlMjBjbGFzcyUzRCUyMnJvdyUyMiUzRSUwRCUwQSUyMCUyMCUyMCUyMCUyMCUyMCUyMCUyMCUyMCUyMCUyMCUyMCUzQ2RpdiUyMGNsYXNzJTNEJTIyaWNvbiUyMiUzRSUzQ2ltZyUyMHNyYyUzRCUyMmh0dHBzJTNBJTJGJTJGd3d3LnNvbGFyZ2FyZC5jb20lMkZ3cC1jb250ZW50JTJGdXBsb2FkcyUyRjIwMjUlMkYwMyUyRmljb24tdmlzaWJpbGl0eS1vZmYuc3ZnJTIyJTIwJTJGJTNFJTNDJTJGZGl2JTNFJTBEJTBBJTIwJTIwJTIwJTIwJTIwJTIwJTIwJTIwJTIwJTIwJTIwJTIwJTNDZGl2JTIwY2xhc3MlM0QlMjJ0ZXh0JTIyJTNFJTNDc3Ryb25nJTNFT3B0aXNrJTIwa2xhcmhldCUzQSUzQyUyRnN0cm9uZyUzRSUyME9zeW5saWd0JTIwc2t5ZGQlMjBkYWclMjBvY2glMjBuYXR0LiUzQyUyRmRpdiUzRSUwRCUwQSUyMCUyMCUyMCUyMCUyMCUyMCUyMCUyMCUzQyUyRmRpdiUzRSUwRCUwQSUyMCUyMCUyMCUyMCUzQyUyRmRpdiUzRQ==[\/vc_raw_html][\/vc_column_inner][\/vc_row_inner][vc_row_inner][vc_column_inner offset=&#8221;vc_col-lg-8 vc_col-md-8&#8243;][vc_empty_space height=&#8221;15px&#8221;][vc_btn title=&#8221;Hitta n\u00e4rmaste \u00c5terf\u00f6rs\u00e4ljare!&#8221; style=&#8221;flat&#8221; color=&#8221;primary&#8221; align=&#8221;center&#8221; css=&#8221;&#8221; button_block=&#8221;true&#8221; link=&#8221;url:https%3A%2F%2Fwww.solargard.com%2Fsv%2Fnarmaste-aterforsaljare%2F|title:N%C3%A4rmaste%20%C3%85terf%C3%B6rs%C3%A4ljare|target:_blank&#8221;][\/vc_column_inner][vc_column_inner width=&#8221;1\/3&#8243;][\/vc_column_inner][vc_column_inner][\/vc_column_inner][\/vc_row_inner][\/vc_column][\/vc_row][\/vc_section][vc_section full_width=&#8221;stretch_row&#8221; el_id=&#8221;wpf-related-content&#8221;][vc_row top_margin=&#8221;none&#8221; bottom_margin=&#8221;none&#8221;][vc_column][vc_column_text css=&#8221;.vc_custom_1759407029003{padding-top: 10px !important;padding-bottom: 10px !important;}&#8221;]<\/p>\n<h2 class=\"heading text-center\">Relaterade Produkter<\/h2>\n<p>[\/vc_column_text][\/vc_column][\/vc_row][vc_row top_margin=&#8221;none&#8221; bottom_margin=&#8221;md&#8221;][vc_column width=&#8221;1\/2&#8243;]<a href=\"https:\/\/www.solargard.com\/sv\/bilfilm-lackskydd\/vara-bilfilmer\/\" class=\"content-link text-left\"><div class=\"content-link-image \" style=\"background-image: url(https:\/\/www.solargard.com\/wp-content\/uploads\/2025\/03\/yellow-sports-car-480x.jpg)\" ><\/div><h4>Bilfilmer<\/h4><h5><\/h5><\/a>[\/vc_column][vc_column width=&#8221;1\/2&#8243;]<a href=\"https:\/\/www.solargard.com\/sv\/bilfilm-lackskydd\/vara-bilfilmer\/#clearshield\" class=\"content-link text-right\"><div class=\"content-link-image \" style=\"background-image: url(https:\/\/www.solargard.com\/wp-content\/uploads\/2025\/07\/hero-ppf-page.jpg)\" ><\/div><h4>Lackskyddsfilmer<\/h4><h5><\/h5><\/a>[\/vc_column][\/vc_row][\/vc_section][vc_section full_width=&#8221;stretch_row&#8221; el_id=&#8221;wpf-contact-form&#8221; css=&#8221;.vc_custom_1742845738718{background-position: 0 0 !important;background-repeat: no-repeat !important;}&#8221; el_class=&#8221;bg-text-primary bg-arrow-up bg-overlay bg-overlay-primary&#8221;][vc_row top_margin=&#8221;none&#8221; bottom_margin=&#8221;none&#8221;][vc_column width=&#8221;1\/6&#8243; offset=&#8221;vc_hidden-xs&#8221;][\/vc_column][vc_column width=&#8221;2\/3&#8243; el_class=&#8221;text-center&#8221;][vc_column_text css=&#8221;.vc_custom_1759407566339{margin-bottom: 0px !important;}&#8221;]<\/p>\n<h2 class=\"heading\">Mer info eller offert?<\/h2>\n<p>[\/vc_column_text][vc_column_text css=&#8221;.vc_custom_1759407591440{padding-top: 20px !important;padding-bottom: 20px !important;}&#8221;]Hitta en Solar Gard-\u00e5terf\u00f6rs\u00e4ljare n\u00e4ra dig![\/vc_column_text][vc_btn title=&#8221;N\u00e4rmaste auktoriserade \u00e5terf\u00f6rs\u00e4ljare&#8221; style=&#8221;flat&#8221; color=&#8221;white&#8221; align=&#8221;center&#8221; css=&#8221;&#8221; button_block=&#8221;true&#8221; link=&#8221;url:https%3A%2F%2Fwww.solargard.com%2Fsv%2Fnarmaste-aterforsaljare%2F|title:Find%20a%20Dealer|target:_blank&#8221;][\/vc_column][vc_column width=&#8221;1\/6&#8243; offset=&#8221;vc_hidden-xs&#8221;][\/vc_column][\/vc_row][\/vc_section]<\/p>\n<\/div>","protected":false},"excerpt":{"rendered":"<p>[vc_row full_width=&#8221;stretch_row_content_no_spaces&#8221; top_margin=&#8221;none&#8221; bottom_margin=&#8221;none&#8221; css=&#8221;.vc_custom_1754506628869{padding-top: 0px !important;padding-bottom: 0px !important;background-color: #FFC43E !important;}&#8221;][vc_column css=&#8221;.vc_custom_1754506619796{margin-top: 0px !important;margin-bottom: 0px !important;padding-top: 0px !important;padding-bottom: 0px !important;}&#8221;][\/vc_column][\/vc_row][vc_row full_width=&#8221;stretch_row_content_no_spaces&#8221; disable_element=&#8221;yes&#8221; top_margin=&#8221;none&#8221; bottom_margin=&#8221;none&#8221; css=&#8221;.vc_custom_1754506510255{background-image: url(https:\/\/www.solargard.com\/wp-content\/uploads\/2025\/03\/wpf-intro-hero-mobile.jpg?id=103892) !important;}&#8221; el_id=&#8221;wpf-hero-mobile&#8221;][vc_column offset=&#8221;vc_hidden-lg vc_hidden-md vc_hidden-sm vc_hidden-xs&#8221;][\/vc_column][\/vc_row][vc_section full_width=&#8221;stretch_row&#8221; disable_element=&#8221;yes&#8221; css=&#8221;.vc_custom_1754506502454{background: #FDB92400 url(https:\/\/www.solargard.com\/wp-content\/uploads\/2025\/03\/wpf-hero-1920x-1.jpg?id=103878) !important;background-position: center !important;background-repeat: no-repeat !important;background-size: cover !important;}&#8221; el_id=&#8221;wpf-hero&#8221; el_class=&#8221;bg-text-sg-gold bg-gradient-rtl-sg-gold&#8221;][vc_row equal_height=&#8221;yes&#8221; content_placement=&#8221;middle&#8221; disable_element=&#8221;yes&#8221; top_margin=&#8221;none&#8221; bottom_margin=&#8221;none&#8221;][vc_column width=&#8221;1\/12&#8243; offset=&#8221;vc_col-lg-6 vc_hidden-lg &hellip; <a href=\"https:\/\/www.solargard.com\/sv\/wpf-skyddsfilm-glas\/\">Continued<\/a><\/p>\n","protected":false},"author":27,"featured_media":0,"parent":0,"menu_order":0,"comment_status":"closed","ping_status":"closed","template":"","meta":{"_acf_changed":false,"footnotes":""},"class_list":["post-104580","page","type-page","status-publish","hentry"],"acf":[],"_links":{"self":[{"href":"https:\/\/www.solargard.com\/sv\/wp-json\/wp\/v2\/pages\/104580","targetHints":{"allow":["GET"]}}],"collection":[{"href":"https:\/\/www.solargard.com\/sv\/wp-json\/wp\/v2\/pages"}],"about":[{"href":"https:\/\/www.solargard.com\/sv\/wp-json\/wp\/v2\/types\/page"}],"author":[{"embeddable":true,"href":"https:\/\/www.solargard.com\/sv\/wp-json\/wp\/v2\/users\/27"}],"replies":[{"embeddable":true,"href":"https:\/\/www.solargard.com\/sv\/wp-json\/wp\/v2\/comments?post=104580"}],"version-history":[{"count":0,"href":"https:\/\/www.solargard.com\/sv\/wp-json\/wp\/v2\/pages\/104580\/revisions"}],"wp:attachment":[{"href":"https:\/\/www.solargard.com\/sv\/wp-json\/wp\/v2\/media?parent=104580"}],"curies":[{"name":"wp","href":"https:\/\/api.w.org\/{rel}","templated":true}]}}