{"id":15275,"date":"2016-01-21T19:06:09","date_gmt":"2016-01-21T19:06:09","guid":{"rendered":"https:\/\/www.solargard.com\/se\/find-a-dealer\/"},"modified":"2026-03-16T05:14:03","modified_gmt":"2026-03-16T13:14:03","slug":"narmaste-aterforsaljare","status":"publish","type":"page","link":"https:\/\/www.solargard.com\/sv\/narmaste-aterforsaljare\/","title":{"rendered":"N\u00e4rmaste \u00c5terf\u00f6rs\u00e4ljare"},"content":{"rendered":"<div class=\"wpb-content-wrapper\"><p>[vc_row][vc_column width=&#8221;1\/3&#8243;][vc_column_text css=&#8221;&#8221;]<\/p>\n<h3><span style=\"color: #01628f;\"><strong>Bor du i Danmark? <\/strong><\/span><\/h3>\n<p>Kontakt vores distribut\u00f8r eller en af vores forhandlere:[\/vc_column_text][vc_tta_accordion title_tag=&#8221;h3&#8243; active_section=&#8221;0&#8243; collapsible_all=&#8221;true&#8221; title=&#8221;Distribut\u00f8r i Danmark&#8221;][vc_tta_section title=&#8221;SignCom Danmark ApS&#8221; tab_id=&#8221;1747300194502-1fcdccbb-8a6f&#8221;][vc_column_text]Langebjerg 23A<br \/>\n4000 Roskilde<br \/>\nTlf. 7550991<br \/>\nemail: <a href=\"mailto:info@signcom.dk\" target=\"_blank\" rel=\"noopener noreferrer\"><span>info@signcom.dk<\/span><\/a><\/p>\n<p><strong><a href=\"https:\/\/signcom.dk\/\" target=\"_blank\" rel=\"noopener noreferrer\">signcom.dk<\/a><\/strong>[\/vc_column_text][\/vc_tta_section][\/vc_tta_accordion][vc_tta_accordion title_tag=&#8221;h3&#8243; active_section=&#8221;0&#8243; collapsible_all=&#8221;true&#8221; title=&#8221;Forhandler i Danmark&#8221;][vc_tta_section title=&#8221;Arkitex A\/S&#8221; tab_id=&#8221;1616599618649-6a2e6ea1-51bb&#8221;][vc_column_text]M\u00f8llevej 9, E6<br \/>\n2990 Niv\u00e5<\/p>\n<p>Telefon +45\u00a044 97 11 88<br \/>\ne-mail\u00a0<a href=\"mailto:arkitex@arkitex.dk\" target=\"_blank\" rel=\"noopener noreferrer\">arkitex@arkitex.dk<\/a><\/p>\n<p><strong><a href=\"https:\/\/arkitex.dk\/\" target=\"_blank\" rel=\"noopener noreferrer\">arkitex.dk<\/a><\/strong><\/p>\n<p>[\/vc_column_text][\/vc_tta_section][vc_tta_section title=&#8221;Foliekniven.dk&#8221; tab_id=&#8221;1616599618680-3f6ba587-15ba&#8221;][vc_column_text]<span>Refsvindinge Byvej 1-3<\/span><br \/>\n<span>5853 \u00d8rb\u00e6k<\/span><\/p>\n<p>Telefon +45\u00a0<span>35 120 120<\/span><br \/>\ne-mail <a href=\"mailto:info@foliekniven.dk\" target=\"_blank\" rel=\"noopener noreferrer\">info@foliekniven.dk<\/a><\/p>\n<p><strong><a href=\"https:\/\/www.foliekniven.dk\/\" target=\"_blank\" rel=\"noopener noreferrer\">foliekniven.dk<\/a><\/strong>[\/vc_column_text][\/vc_tta_section][\/vc_tta_accordion][\/vc_column][vc_column width=&#8221;1\/3&#8243;][vc_column_text css=&#8221;&#8221;]<\/p>\n<h3><span style=\"color: #01628f;\"><strong>Bor du i Norge? <\/strong><\/span><\/h3>\n<p>Kontakt v\u00e5r distribut\u00f8r eller en av v\u00e5re forhandlere:[\/vc_column_text][vc_tta_accordion title_tag=&#8221;h3&#8243; active_section=&#8221;0&#8243; collapsible_all=&#8221;true&#8221; title=&#8221;Distribut\u00f8r i Norge&#8221;][vc_tta_section title=&#8221;Scandraft AS&#8221; tab_id=&#8221;1616599618573-4bdfd59f-594c&#8221;][vc_column_text css=&#8221;&#8221;]<span>Holtbr\u00e5tveien 149<\/span><br \/>\n<span>NO-1449 Dr\u00f8bak<\/span><br \/>\nemail: <span><\/span><a class=\"small-text contact-link contact-link--desktop\" href=\"mailto: ordre@scandraft.no\">ordre@scandraft.no<\/a><\/p>\n<p><strong><a href=\"https:\/\/www.scandraft.no\/\" target=\"_blank\" rel=\"noopener noreferrer\">scandraft.no<\/a><\/strong>[\/vc_column_text][\/vc_tta_section][\/vc_tta_accordion][vc_tta_accordion title_tag=&#8221;h3&#8243; active_section=&#8221;0&#8243; collapsible_all=&#8221;true&#8221; title=&#8221;Forhandlere i Norge&#8221;][vc_tta_section title=&#8221;Ecliptic AS&#8221; tab_id=&#8221;1747300217430-474e5f35-a3d9&#8243;][vc_column_text css=&#8221;&#8221;]<span>Troll\u00e5sveien 4<br \/>\n1414 Troll\u00e5sen<\/span><\/p>\n<p>Telefon <span>971 21 101<\/span><br \/>\ne-mail <a class=\"wixui-rich-text__text\" href=\"mailto:post@eclipticprosjekt.no\">post@eclipticprosjekt.no<\/a><\/p>\n<p><strong><a href=\"https:\/\/www.ecliptic.no\/\" target=\"_blank\" rel=\"noopener noreferrer\">ecliptic.no<\/a><\/strong>[\/vc_column_text][\/vc_tta_section][\/vc_tta_accordion][\/vc_column][vc_column width=&#8221;1\/3&#8243;][vc_column_text css=&#8221;&#8221;]<\/p>\n<h3><span style=\"color: #01628f;\"><strong><span>Asutko <\/span><span>Suomessa?<\/span><span>\u00a0<\/span><\/strong><\/span><\/h3>\n<p>Ota mielell\u00e4mme yhteytt\u00e4 jakelijaamme![\/vc_column_text][vc_tta_accordion title_tag=&#8221;h3&#8243; active_section=&#8221;0&#8243; collapsible_all=&#8221;true&#8221; title=&#8221;Jakelija Suomessa&#8221;][vc_tta_section title=&#8221;Spandex Finland Oy&#8221; tab_id=&#8221;solargard-distributor-finland&#8221;][vc_column_text css=&#8221;&#8221;]Jusslansuora 10<br \/>\nTuusula , FI-04360 FI<br \/>\nTel: +358 10 8418080<br \/>\nemail: <span><\/span><a class=\"small-text contact-link contact-link--desktop\" href=\"mailto: myynti.fi@spandex.com\">myynti.fi@spandex.com<\/a><\/p>\n<p><strong><a href=\"https:\/\/shop.spandex.com\/\" target=\"_blank\" rel=\"noopener\">shop.spandex.com<\/a><\/strong>[\/vc_column_text][\/vc_tta_section][\/vc_tta_accordion][\/vc_column][\/vc_row]<\/p>\n<\/div>","protected":false},"excerpt":{"rendered":"<p>[vc_row][vc_column width=&#8221;1\/3&#8243;][vc_column_text css=&#8221;&#8221;] Bor du i Danmark? Kontakt vores distribut\u00f8r eller en af vores forhandlere:[\/vc_column_text][vc_tta_accordion title_tag=&#8221;h3&#8243; active_section=&#8221;0&#8243; collapsible_all=&#8221;true&#8221; title=&#8221;Distribut\u00f8r i Danmark&#8221;][vc_tta_section title=&#8221;SignCom Danmark ApS&#8221; tab_id=&#8221;1747300194502-1fcdccbb-8a6f&#8221;][vc_column_text]Langebjerg 23A 4000 Roskilde Tlf. 7550991 email: info@signcom.dk signcom.dk[\/vc_column_text][\/vc_tta_section][\/vc_tta_accordion][vc_tta_accordion title_tag=&#8221;h3&#8243; active_section=&#8221;0&#8243; collapsible_all=&#8221;true&#8221; title=&#8221;Forhandler i Danmark&#8221;][vc_tta_section title=&#8221;Arkitex A\/S&#8221; tab_id=&#8221;1616599618649-6a2e6ea1-51bb&#8221;][vc_column_text]M\u00f8llevej 9, E6 2990 Niv\u00e5 Telefon +45\u00a044 97 11 88 e-mail\u00a0arkitex@arkitex.dk arkitex.dk [\/vc_column_text][\/vc_tta_section][vc_tta_section title=&#8221;Foliekniven.dk&#8221; &hellip; <a href=\"https:\/\/www.solargard.com\/sv\/narmaste-aterforsaljare\/\">Continued<\/a><\/p>\n","protected":false},"author":1,"featured_media":0,"parent":0,"menu_order":0,"comment_status":"closed","ping_status":"open","template":"templates\/template-find-dealer.php","meta":{"_acf_changed":false,"footnotes":""},"class_list":["post-15275","page","type-page","status-publish","hentry"],"acf":[],"_links":{"self":[{"href":"https:\/\/www.solargard.com\/sv\/wp-json\/wp\/v2\/pages\/15275","targetHints":{"allow":["GET"]}}],"collection":[{"href":"https:\/\/www.solargard.com\/sv\/wp-json\/wp\/v2\/pages"}],"about":[{"href":"https:\/\/www.solargard.com\/sv\/wp-json\/wp\/v2\/types\/page"}],"author":[{"embeddable":true,"href":"https:\/\/www.solargard.com\/sv\/wp-json\/wp\/v2\/users\/1"}],"replies":[{"embeddable":true,"href":"https:\/\/www.solargard.com\/sv\/wp-json\/wp\/v2\/comments?post=15275"}],"version-history":[{"count":0,"href":"https:\/\/www.solargard.com\/sv\/wp-json\/wp\/v2\/pages\/15275\/revisions"}],"wp:attachment":[{"href":"https:\/\/www.solargard.com\/sv\/wp-json\/wp\/v2\/media?parent=15275"}],"curies":[{"name":"wp","href":"https:\/\/api.w.org\/{rel}","templated":true}]}}