{"id":20799,"date":"2016-02-11T20:54:49","date_gmt":"2016-02-11T20:54:49","guid":{"rendered":"https:\/\/www.solargard.com\/se\/?page_id=20799"},"modified":"2026-05-04T06:34:09","modified_gmt":"2026-05-04T14:34:09","slug":"resurser","status":"publish","type":"page","link":"https:\/\/www.solargard.com\/sv\/resurser\/","title":{"rendered":"Resurser"},"content":{"rendered":"<div class=\"wpb-content-wrapper\"><p>[vc_row top_margin=&#8221;none&#8221; bottom_margin=&#8221;2x&#8221; gmbt_prlx_bg_type=&#8221;parallax&#8221; gmbt_prlx_break_parents=&#8221;0&#8243; gmbt_prlx_smooth_scrolling=&#8221;&#8221; gmbt_prlx_video_mute=&#8221;&#8221; gmbt_prlx_video_force_hd=&#8221;&#8221; gmbt_prlx_opacity=&#8221;100&#8243; gmbt_prlx_video_aspect_ratio=&#8221;16:9&#8243; gmbt_prlx_parallax=&#8221;none&#8221; gmbt_prlx_speed=&#8221;0.3&#8243; gmbt_prlx_enable_mobile=&#8221;&#8221;][vc_column]<div class=\"section-title sg-section-title sep-top-xs sep-bottom-md text-center\" data-wow-delay=\"1s\"><div class=\"copy-content\"><h1 class=\" normal-title\">Har du ett projekt p\u00e5 g\u00e5ng?<\/h1><\/div><div class=\"border-bg\"><\/div><\/div>[vc_column_text css=&#8221;.vc_custom_1761648057363{border-bottom-width: 20px !important;padding-bottom: 20px !important;}&#8221;]<span>H\u00e4r nedan finner du\u00a0Solar Gards\u00a0produktblad i\u00a0digital form d\u00e4r du kan se prestanda och v\u00e4rden p\u00e5 de olika f\u00f6nsterfilmerna.<br \/>\n<\/span><span>Beh\u00f6ver du mer information eller har fr\u00e5gor, kontakta din <a href=\"https:\/\/www.solargard.com\/sv\/narmaste-aterforsaljare\/\">n\u00e4rmaste Solar Gard \u00e5terf\u00f6rs\u00e4ljare<\/a>.<br \/>\n<\/span><span>Du kan \u00e4ven\u00a0<a href=\"https:\/\/www.solargard.com\/sv\/kontakta-oss\/\">fylla i v\u00e5rt kontaktformul\u00e4r<\/a>\u00a0eller\u00a0ringa oss p\u00e5\u00a00175-748 80<\/span>.[\/vc_column_text][vc_empty_space height=&#8221;50px&#8221;][vc_tta_accordion style=&#8221;flat&#8221; shape=&#8221;square&#8221; color=&#8221;white&#8221; active_section=&#8221;false&#8221; collapsible_all=&#8221;true&#8221;][vc_tta_section title=&#8221;SOLSKYDDS- &amp; ENERGISPARFILM&#8221; tab_id=&#8221;1542273752792-195f613c-1d04&#8243;][vc_column_text css=&#8221;&#8221;]<\/p>\n<h3><span style=\"color: #999999;\">UTV\u00c4NDIGA SOLSKYDDSFILMER (OSW)<\/span><\/h3>\n<p>&nbsp;<\/p>\n<p><strong>SENTINEL PLUS QXN SERIEN\u00a0 <\/strong><em>Utv\u00e4ndig applikation (&#8221;Osynlig&#8221; v\u00e4rmereducerande)<\/em><\/p>\n<hr \/>\n<p><a href=\"https:\/\/www.solargard.com\/wp-content\/uploads\/2024\/05\/Sentinel-Plus-QXN-75-Produktblad.pdf\" target=\"_blank\" rel=\"noopener\">Sentinel Plus QXN 75 OSW<\/a><\/p>\n<hr \/>\n<p><a href=\"https:\/\/www.solargard.com\/wp-content\/uploads\/2026\/05\/Sentinel-Plus-QXN-40-SAMPLE-PAGE-SOLAR-GARD-0326.pdf\" target=\"_blank\" rel=\"noopener\">Sentinel Plus QXN 40 OSW<\/a><\/p>\n<hr \/>\n<p>&nbsp;<\/p>\n<p><strong>SENTINEL PLUS SX SERIEN\u00a0 <\/strong><em>Utv\u00e4ndig applikation (SX=transparenta)<\/em><\/p>\n<hr \/>\n<p><a href=\"https:\/\/www.solargard.com\/wp-content\/uploads\/2025\/05\/SAMPLE-PAGE-SOLAR-GARD-Sentinel-Plus-SX-80.pdf\" target=\"_blank\" rel=\"noopener\">Sentinel Plus SX 80 OSW<\/a><\/p>\n<hr \/>\n<p><a href=\"https:\/\/www.solargard.com\/wp-content\/uploads\/2025\/05\/SAMPLE-PAGE-SOLAR-GARD-SENTINEL-PLUS-SX-50.pdf\" target=\"_blank\" rel=\"noopener\">Sentinel Plus SX 50 OSW<\/a><\/p>\n<p>&nbsp;<\/p>\n<p><strong>SENTINEL PLUS QX SERIEN\u00a0 <\/strong><em>Utv\u00e4ndig applikation (Duo-reflective filmer)<\/em><\/p>\n<hr \/>\n<p><a href=\"https:\/\/www.solargard.com\/wp-content\/uploads\/2023\/05\/SAMPLE-PAGE-SOLAR-GARD-SENTINEL-PLUS-QX-70.pdf\" target=\"_blank\" rel=\"noopener\">Sentinel Plus QX 70 OSW<\/a><\/p>\n<hr \/>\n<p>&nbsp;<\/p>\n<p><strong>SENTINEL PLUS DX SERIEN\u00a0 <\/strong><em>Utv\u00e4ndig applikation (Tonade duo-reflective filmer)<\/em><\/p>\n<hr \/>\n<p><a href=\"https:\/\/www.solargard.com\/wp-content\/uploads\/2023\/05\/Sentinel-Plus-DX-5-Sample-Page.pdf\" target=\"_blank\" rel=\"noopener noreferrer\">Sentinel Plus DX 5 OSW<\/a><\/p>\n<hr \/>\n<p><a href=\"https:\/\/www.solargard.com\/wp-content\/uploads\/2020\/06\/Solar-Gard-Sample-Page-Sentinel-Plus-DX15.pdf\" target=\"_blank\" rel=\"noopener noreferrer\">Sentinel Plus DX 15 OSW<\/a><\/p>\n<p>&nbsp;<\/p>\n<p><strong>SENTINEL PLUS STAINLESS STEEL SERIEN\u00a0 <\/strong><em>Utv\u00e4ndig applikation (Silver &amp; Stainless Steel &amp; Brons=tonade)<\/em><\/p>\n<hr \/>\n<p><a href=\"https:\/\/www.solargard.com\/wp-content\/uploads\/2018\/11\/Solar-Gard-Sample-Page-SPSS25-2018-lr.pdf\" target=\"_blank\" rel=\"noopener noreferrer\">Sentinel Plus Stainless Steel 25 OSW<\/a><\/p>\n<hr \/>\n<p><a href=\"https:\/\/www.solargard.com\/wp-content\/uploads\/2018\/11\/Solar-Gard-Sample-Page-SPSS15-2018-lr.pdf\" target=\"_blank\" rel=\"noopener noreferrer\">Sentinel Plus Stainless Steel 15 OSW<\/a><\/p>\n<hr \/>\n<p><a href=\"https:\/\/www.solargard.com\/wp-content\/uploads\/2018\/11\/Solar-Gard-Sample-Page-SPS35-2018-lr.pdf\" target=\"_blank\" rel=\"noopener noreferrer\">Sentinel Plus Silver 35 OSW<\/a><\/p>\n<hr \/>\n<p><a href=\"https:\/\/www.solargard.com\/wp-content\/uploads\/2018\/11\/Solar-Gard-Sample-Page-SPS20-2018-lr.pdf\" target=\"_blank\" rel=\"noopener noreferrer\">Sentinel Plus Silver 20 OSW<\/a><\/p>\n<hr \/>\n<p><a href=\"https:\/\/www.solargard.com\/wp-content\/uploads\/2019\/04\/Solar-Gard-Sample-Page-SPSB20-2.pdf\" target=\"_blank\" rel=\"noopener noreferrer\">Sentinel Plus Solar Bronze 20 OSW<\/a><\/p>\n<p>&nbsp;<\/p>\n<p><strong>SENTINEL PC\u00a0\u00a0<\/strong><em>Utv\u00e4ndig applikation (Silver tonad)<\/em><\/p>\n<hr \/>\n<p><a href=\"https:\/\/www.solargard.com\/wp-content\/uploads\/2019\/04\/Solar-Gard-Sample-Page-SS20PC.pdf\" target=\"_blank\" rel=\"noopener noreferrer\">Sentinel Silver 20 PC OSW<\/a><\/p>\n<p>&nbsp;<\/p>\n<p>&nbsp;<\/p>\n<h3><span style=\"color: #999999;\">INV\u00c4NDIGA SOLSKYDDSFILMER<\/span><\/h3>\n<p><strong>LX SERIEN\u00a0\u00a0<\/strong><em>Inv\u00e4ndig applikation<\/em><\/p>\n<hr \/>\n<p><a href=\"https:\/\/www.solargard.com\/wp-content\/uploads\/2021\/05\/Produktblad-LX40.pdf\" target=\"_blank\" rel=\"noopener noreferrer\">LX 40<\/a><\/p>\n<hr \/>\n<p><a href=\"https:\/\/www.solargard.com\/wp-content\/uploads\/2018\/11\/Solar-Gard-Sample-Page-LX70-2018-lr.pdf\" target=\"_blank\" rel=\"noopener noreferrer\">LX 70<\/a><\/p>\n<hr \/>\n<p>&nbsp;<\/p>\n<p><strong>STERLING SERIEN\u00a0\u00a0<\/strong><em>Inv\u00e4ndig applikation<\/em><\/p>\n<hr \/>\n<p><a href=\"https:\/\/www.solargard.com\/wp-content\/uploads\/2018\/11\/Solar-Gard-Sample-Page-ST40-2018-lr.pdf\" target=\"_blank\" rel=\"noopener noreferrer\">Sterling 40<\/a><\/p>\n<hr \/>\n<p><a href=\"https:\/\/www.solargard.com\/wp-content\/uploads\/2018\/11\/Solar-Gard-Sample-Page-ST50-2018-lr.pdf\" target=\"_blank\" rel=\"noopener noreferrer\">Sterling 50<\/a><\/p>\n<hr \/>\n<p><a href=\"https:\/\/www.solargard.com\/wp-content\/uploads\/2018\/11\/Solar-Gard-Sample-Page-ST60-2018-lr.pdf\" target=\"_blank\" rel=\"noopener noreferrer\">Sterling 60<\/a><\/p>\n<hr \/>\n<p><a href=\"https:\/\/www.solargard.com\/wp-content\/uploads\/2018\/11\/Solar-Gard-Sample-Page-ST70-2018-lr.pdf\" target=\"_blank\" rel=\"noopener noreferrer\">Sterling 70<\/a><\/p>\n<hr \/>\n<p>&nbsp;<\/p>\n<p><strong>SILVER SERIEN\u00a0\u00a0<\/strong><em>Inv\u00e4ndig applikation<\/em><\/p>\n<hr \/>\n<p><a href=\"https:\/\/www.solargard.com\/wp-content\/uploads\/2018\/11\/Solar-Gard-Sample-Page-S20-2018-lr.pdf\" target=\"_blank\" rel=\"noopener noreferrer\">Silver 20<\/a><\/p>\n<hr \/>\n<p><a href=\"https:\/\/www.solargard.com\/wp-content\/uploads\/2018\/11\/Solar-Gard-Sample-Page-S35-2018-lr.pdf\" target=\"_blank\" rel=\"noopener noreferrer\">Silver 35<\/a><\/p>\n<hr \/>\n<p><a href=\"https:\/\/www.solargard.com\/wp-content\/uploads\/2023\/03\/Produktblad-Silver-50.pdf\" target=\"_blank\" rel=\"noopener noreferrer\">Silver 50<\/a><\/p>\n<hr \/>\n<p>&nbsp;<\/p>\n<p><strong>SOLAR BRONZE SERIEN\u00a0\u00a0<\/strong><em>Inv\u00e4ndig applikation<\/em><\/p>\n<hr \/>\n<p><a href=\"https:\/\/www.solargard.com\/wp-content\/uploads\/2022\/12\/Solar-Gard-Sample-Page-Solar-Bronze-20.pdf\" target=\"_blank\" rel=\"noopener noreferrer\">Solar Bronze 20<\/a><\/p>\n<hr \/>\n<p><a href=\"https:\/\/www.solargard.com\/wp-content\/uploads\/2022\/12\/Solar-Gard-Sample-Page-Solar-Bronze-35.pdf\" target=\"_blank\" rel=\"noopener noreferrer\">Solar Bronze 35<\/a><\/p>\n<hr \/>\n<p>&nbsp;<\/p>\n<p><strong>TRUEVUE SERIEN\u00a0\u00a0<\/strong><em>Inv\u00e4ndig applikation<\/em><\/p>\n<hr \/>\n<p><a href=\"https:\/\/www.solargard.com\/wp-content\/uploads\/2018\/11\/Solar-Gard-Sample-Page-TV5-2018-lr.pdf\" target=\"_blank\" rel=\"noopener noreferrer\">TrueVue 5<\/a><\/p>\n<hr \/>\n<p><a href=\"https:\/\/www.solargard.com\/wp-content\/uploads\/2018\/11\/Solar-Gard-Sample-Page-TV15-2018-lr.pdf\" target=\"_blank\" rel=\"noopener noreferrer\">TrueVue 15<\/a><\/p>\n<hr \/>\n<p><a href=\"https:\/\/www.solargard.com\/wp-content\/uploads\/2018\/11\/Solar-Gard-Sample-Page-TV30-2018-lr.pdf\" target=\"_blank\" rel=\"noopener noreferrer\">TrueVue 30<\/a><\/p>\n<hr \/>\n<p><a href=\"https:\/\/www.solargard.com\/wp-content\/uploads\/2018\/11\/Solar-Gard-Sample-Page-TV40-2018-lr.pdf\" target=\"_blank\" rel=\"noopener noreferrer\">TrueVue 40<\/a><\/p>\n<hr \/>\n<p>&nbsp;<\/p>\n<p><strong>STAINLESS STEEL SERIEN\u00a0\u00a0<\/strong><em>Inv\u00e4ndig applikation<\/em><\/p>\n<hr \/>\n<p><a href=\"https:\/\/www.solargard.com\/wp-content\/uploads\/2026\/05\/Stainless-Steel-20-SAMPLE-PAGE-SOLAR-GARD-0326.pdf\" target=\"_blank\" rel=\"noopener\">Stainless Steel 20<\/a><\/p>\n<hr \/>\n<p><a href=\"https:\/\/www.solargard.com\/wp-content\/uploads\/2023\/05\/Stainless-Steel-35-50-SAMPLE-PAGE-SOLAR-GARD-0326.pdf\" target=\"_blank\" rel=\"noopener\">Stainless Steel 35 &amp; 50<\/a><\/p>\n<hr \/>\n<p>&nbsp;<\/p>\n<p>[\/vc_column_text][\/vc_tta_section][vc_tta_section title=&#8221;S\u00c4KERHETSFILM &amp; GRAFFITIGARD&#8221; tab_id=&#8221;sakerhetsfilm&#8221;][vc_column_text css=&#8221;&#8221;]<strong>ARMORCOAT KLAR S\u00c4KERHETSFILM\u00a0\u00a0<\/strong><em>Inv\u00e4ndig applikation<\/em><\/p>\n<hr \/>\n<p><a href=\"https:\/\/www.solargard.com\/wp-content\/uploads\/2021\/06\/Solar-Gard-Sample-Page-PCR2-4-1.pdf\" target=\"_blank\" rel=\"noopener noreferrer\">2 &#8211; 4 MIL Clear \/ Printfilm<\/a><\/p>\n<hr \/>\n<p><a href=\"https:\/\/www.solargard.com\/wp-content\/uploads\/2018\/11\/Solar-Gard-Sample-Page-AC-4-7-8mil-2018-lr.pdf\" target=\"_blank\" rel=\"noopener noreferrer\">4 &#8211; 7 &#8211; 8 MIL Clear<\/a><\/p>\n<hr \/>\n<p><a href=\"https:\/\/www.solargard.com\/wp-content\/uploads\/2018\/11\/Solar-Gard-Sample-Page-AC-10-11-14mil-2018-lr.pdf\" target=\"_blank\" rel=\"noopener noreferrer\">10 &#8211; 11 &#8211; 14\u00a0 MIL Clear<\/a><\/p>\n<hr \/>\n<p>&nbsp;<\/p>\n<p><strong>ARMORCOAT KLAR S\u00c4KERHETSFILM\u00a0\u00a0<\/strong><em>Utv\u00e4ndig applikation<\/em><\/p>\n<hr \/>\n<p><a href=\"https:\/\/www.solargard.com\/wp-content\/uploads\/2018\/11\/Solar-Gard-Sample-Page-SP-4milCL-2018-lr.pdf\" target=\"_blank\" rel=\"noopener noreferrer\">4 MIL Clear &#8211; Sentinel Plus<\/a><\/p>\n<hr \/>\n<p><a href=\"https:\/\/www.solargard.com\/wp-content\/uploads\/2019\/04\/Solar-Gard-Sample-Page-S8Mil.pdf\" target=\"_blank\" rel=\"noopener noreferrer\">8 MIL Clear &#8211; Sentinel<\/a><\/p>\n<hr \/>\n<p>&nbsp;<\/p>\n<p><strong>ARMORCOAT KLAR S\u00c4KERHETSFILM PC\u00a0\u00a0<\/strong><em>Utv\u00e4ndig applikation p\u00e5 polycarbonat<\/em><\/p>\n<hr \/>\n<p><a href=\"https:\/\/www.solargard.com\/wp-content\/uploads\/2019\/04\/Solar-Gard-Sample-Page-S4MilPC.pdf\" target=\"_blank\" rel=\"noopener noreferrer\">4 MIL Clear &#8211; Sentinel PC<\/a><\/p>\n<hr \/>\n<p>&nbsp;<\/p>\n<p><strong>GRAFFITIGARD\u00a0\u00a0<\/strong><\/p>\n<hr \/>\n<p><a href=\"https:\/\/www.solargard.com\/wp-content\/uploads\/2025\/11\/Solar-Gard-Graffitigard-4-and-7-Sample-Page.pdf\" target=\"_blank\" rel=\"noopener noreferrer\">Graffitigard &#8211; Clear 4 &amp; 7 Mil<\/a><\/p>\n<hr \/>\n<p>[\/vc_column_text][\/vc_tta_section][vc_tta_section title=&#8221;L\u00c5GENERGIFILM (LOW E)&#8221; tab_id=&#8221;1542273752868-9fda3f5d-9de2&#8243;][vc_column_text]<a href=\"https:\/\/www.solargard.com\/wp-content\/uploads\/2022\/11\/Solar-Gard-Sample-Page-Silver-AG-25-50.pdf\" target=\"_blank\" rel=\"noopener noreferrer\">Silver AG 25 &amp; 50<\/a><\/p>\n<hr \/>\n<p>[\/vc_column_text][vc_column_text]<a href=\"https:\/\/www.solargard.com\/wp-content\/uploads\/2019\/01\/Produktblad-Ecolux-Low-E-Energifilm.pdf\" target=\"_blank\" rel=\"noopener noreferrer\">Ecolux&#x2122;<\/a><\/p>\n<hr \/>\n<p>[\/vc_column_text][vc_empty_space][\/vc_tta_section][vc_tta_section title=&#8221;DEKORFILM&#8221; tab_id=&#8221;1542273752939-b54cf92b-21ae&#8221;][vc_column_text]<a href=\"https:\/\/www.solargard.com\/wp-content\/uploads\/2023\/05\/Solar-Gard-Sample-Page-Clearfrost-RA-50.pdf\" target=\"_blank\" rel=\"noopener noreferrer\">Clear Frost RA 50<\/a><\/p>\n<hr \/>\n<p><a href=\"https:\/\/www.solargard.com\/wp-content\/uploads\/2023\/05\/Solar-Gard-Sample-Page-Clear-Frost-RA.pdf\" target=\"_blank\" rel=\"noopener\">Clear Frost RA<\/a><\/p>\n<hr \/>\n<p><a href=\"https:\/\/www.solargard.com\/wp-content\/uploads\/2023\/05\/Solar-Gard-Sample-Page-White-Opaque-RA.pdf\" target=\"_blank\" rel=\"noopener noreferrer\">White Opaque RA<\/a><\/p>\n<hr \/>\n<p><a href=\"https:\/\/www.solargard.com\/wp-content\/uploads\/2023\/05\/Solar-Gard-Sample-Page-Black-Opaque-RA.pdf\" target=\"_blank\" rel=\"noopener noreferrer\">Black Opaque RA<\/a><\/p>\n<hr \/>\n<p>[\/vc_column_text][\/vc_tta_section][\/vc_tta_accordion]<div class=\"section-title sep-top-md sep-bottom-xs text-left\" data-wow-delay=\"1s\"><h4 class=\"upper normal-title\">EPD, Byggvarudeklarationer, Boverkets Regler &amp; ISO-certifikat<\/h4><\/div>[vc_tta_accordion style=&#8221;flat&#8221; shape=&#8221;square&#8221; color=&#8221;white&#8221; active_section=&#8221;false&#8221; collapsible_all=&#8221;true&#8221;][vc_tta_section title=&#8221;EPD Milj\u00f6varudeklaration&#8221; tab_id=&#8221;EPD-Miljovarudeklaration&#8221;][vc_column_text css=&#8221;&#8221;]<a href=\"https:\/\/www.solargard.com\/sv\/resurser\/epd-verifierad-miljovarudeklaration-energieffektiv-hallbar-fonsterfilm\/#solargard-epd\" target=\"_blank\" rel=\"noopener noreferrer\">EPD &#8211; Solar Gards Milj\u00f6varudeklaration<\/a><\/p>\n<hr \/>\n<p><a href=\"https:\/\/www.solargard.com\/sv\/resurser\/epd-verifierad-miljovarudeklaration-energieffektiv-hallbar-fonsterfilm\/energy-toolbox\/\" rel=\"noopener\">Energieffektivitet &#8211; Energy Toolbox<\/a><\/p>\n<hr \/>\n<p><a href=\"https:\/\/www.solargard.com\/sv\/resurser\/epd-verifierad-miljovarudeklaration-energieffektiv-hallbar-fonsterfilm\/leed-breeam\/\">LEED &#8211; po\u00e4ng<\/a><\/p>\n<hr \/>\n<p><a href=\"https:\/\/www.solargard.com\/sv\/resurser\/certifikationer-sakerhetscertifikat\/\" rel=\"noopener\">Certifikationer &#8211; S\u00e4kerhetsfilm<\/a>[\/vc_column_text][\/vc_tta_section][\/vc_tta_accordion][vc_tta_accordion style=&#8221;flat&#8221; shape=&#8221;square&#8221; color=&#8221;white&#8221; active_section=&#8221;false&#8221; collapsible_all=&#8221;true&#8221;][vc_tta_section title=&#8221;BVD Sunda Hus&#8221; tab_id=&#8221;BVD-SundaHus&#8221;][vc_column_text css=&#8221;&#8221;]<\/p>\n<h1 class=\"post-title dark\">Solar Gard bed\u00f6md till klass B i SundaHus Milj\u00f6data<\/h1>\n<p><span>Inom Byggvarubed\u00f6mningen f\u00e5r varje produkt, utifr\u00e5n satta kriterier, en av tre m\u00f6jliga bed\u00f6mningar; Rekommenderas, Accepteras eller Undviks.\u00a0<\/span><b>Inom SundaHus finns det fem niv\u00e5er som produkterna bed\u00f6ms efter; A, B, C+, C- samt D<\/b><span>.<\/span><\/p>\n<p>SundaHus AB\u00a0\u00e4r ett privat\u00e4gt svenskt bolag som utarbetat ett eget system och\u00a0kriterier f\u00f6r h\u00e4lso- och milj\u00f6bed\u00f6mning\u00a0av varor f\u00f6r bygg- och fastighetssektorn vid ny- och ombyggnation samt drift. SundaHus AB bed\u00f6mer produkter enligt egna kriterier f\u00f6r betyg A\/B\/C\/D och byggnader enligt olika system.<\/p>\n<p>M\u00e5nga av Solar Gards produkter \u00e4r v\u00e4rderade av SundaHus AB, och v\u00e4rderingarna uppdateras regelbundet.<br \/>\nHur v\u00e5ra produkter \u00e4r bed\u00f6mda av SundaHus AB redovisas f\u00f6r anv\u00e4ndare med inloggning p\u00e5<br \/>\n<a title=\"L\u00e4s mer p\u00e5 SundaHus webbplats\" href=\"http:\/\/www.sundahus.se\/home.aspx\" target=\"_blank\" rel=\"noopener\">SundaHus officella webbplats.<\/a><\/p>\n<h4><strong>SOLAR GARDs SERIER SOM UPPN\u00c5R SUNDAHUS KLASS B:<\/strong><\/h4>\n<hr \/>\n<h3 align=\"center\"><span><img loading=\"lazy\" decoding=\"async\" class=\"wp-image-105063 alignleft\" src=\"https:\/\/www.solargard.com\/wp-content\/uploads\/2025\/12\/sunda-hus-logo-klass-B-221x300.png\" alt=\"\" width=\"187\" height=\"254\" srcset=\"https:\/\/www.solargard.com\/wp-content\/uploads\/2025\/12\/sunda-hus-logo-klass-B-221x300.png 221w, https:\/\/www.solargard.com\/wp-content\/uploads\/2025\/12\/sunda-hus-logo-klass-B-70x95.png 70w, https:\/\/www.solargard.com\/wp-content\/uploads\/2025\/12\/sunda-hus-logo-klass-B.png 236w\" sizes=\"auto, (max-width: 187px) 100vw, 187px\" \/><\/span><\/h3>\n<p>&nbsp;<\/p>\n<ul>\n<li style=\"text-align: left;\"><a href=\"https:\/\/www.solargard.com\/wp-content\/uploads\/2024\/05\/Sentinel-Plus-QXN-75-Produktblad.pdf\" target=\"_blank\" rel=\"noopener\">Sentinel Plus QXN 75<\/a><\/li>\n<li><a href=\"https:\/\/www.solargard.com\/sv\/product\/sentinel\/\">Sentinel Plus Stainless Steel<\/a><\/li>\n<li><a href=\"https:\/\/www.solargard.com\/sv\/product\/sentinel\/\">Sentinel Plus Silver<\/a><\/li>\n<li><a href=\"https:\/\/www.solargard.com\/sv\/product\/sentinel\/\">Sentinel Plus SX<\/a><\/li>\n<li><a href=\"https:\/\/www.solargard.com\/sv\/product\/sentinel-plus-dx-serien\/\">Sentinel Plus DX<\/a><\/li>\n<li><a href=\"https:\/\/www.solargard.com\/sv\/ecolux\/\">Ecolux 70<\/a><\/li>\n<li><a href=\"https:\/\/www.solargard.com\/sv\/product\/lx\/\">LX<\/a><\/li>\n<li><a href=\"https:\/\/www.solargard.com\/sv\/product\/silver\/\">Silver<\/a><\/li>\n<li><a href=\"https:\/\/www.solargard.com\/sv\/product\/sterling\/\">Sterling<\/a><\/li>\n<li><a href=\"https:\/\/www.solargard.com\/sv\/product\/truevue\/\">TrueVue<\/a><\/li>\n<\/ul>\n<p>[\/vc_column_text][\/vc_tta_section][\/vc_tta_accordion][vc_tta_accordion style=&#8221;flat&#8221; shape=&#8221;square&#8221; color=&#8221;white&#8221; active_section=&#8221;false&#8221; collapsible_all=&#8221;true&#8221;][vc_tta_section title=&#8221;Boverkets regler om glas och s\u00e4kerhet&#8221; tab_id=&#8221;1554907143358-3cecad1a-6637&#8243;][vc_column_text]<a href=\"https:\/\/www.boverket.se\/sv\/PBL-kunskapsbanken\/regler-om-byggande\/boverkets-byggregler\/sakerhet-vid-anvandning\/glas-i-byggnader\/\" target=\"_blank\" rel=\"noopener noreferrer\">S\u00e4kerhet vid anv\u00e4ndning av glas i byggnader<\/a><\/p>\n<hr \/>\n<p>[\/vc_column_text][\/vc_tta_section][\/vc_tta_accordion][vc_tta_accordion style=&#8221;flat&#8221; shape=&#8221;square&#8221; color=&#8221;white&#8221; active_section=&#8221;false&#8221; collapsible_all=&#8221;true&#8221;][vc_tta_section title=&#8221;Solar Gard \u00e4r ISO-certifierade&#8221; tab_id=&#8221;1493660081638-c3cabf8d-19c1&#8243;][vc_column_text]<a href=\"https:\/\/www.solargard.com\/wp-content\/uploads\/2022\/08\/Saint-Gobain-ISO14001-Final-Certificate-Aug-2024.pdf\" target=\"_blank\" rel=\"noopener noreferrer\">ISO 14001<\/a><\/p>\n<hr \/>\n<p><a href=\"https:\/\/www.solargard.com\/wp-content\/uploads\/2022\/08\/Saint-Gobain-ISO9001-Zulte-Certificate-Aug-2024.pdf\" target=\"_blank\" rel=\"noopener noreferrer\">ISO 9001<\/a><\/p>\n<hr \/>\n<p><a href=\"https:\/\/www.solargard.com\/wp-content\/uploads\/2016\/02\/solar-gard-armorcoat-8mil_iso-16933-blast-certification.pdf\" target=\"_blank\" rel=\"noopener\">ISO\u00a016933<\/a>[\/vc_column_text][\/vc_tta_section][\/vc_tta_accordion]<div class=\"section-title sep-top-2x text-left\"><h4 class=\"upper normal-title\">Hittar du inte vad du s\u00f6ker? H\u00f6r av dig till oss!<\/h4><\/div>[vc_row_inner][vc_column_inner width=&#8221;1\/3&#8243;]<div class=\"icon-box icon-horizontal icon-md sep-top-md icon-gradient\"><div style=\"background-color:#fdb824;\" class=\"icon-content img-circle wow bounceInUp\" data-wow-delay=\"0.5s\"><i class=\"fa fa-phone\"><\/i><\/div><div class=\"icon-box-content\"><h5 style=\"color:#fdb824;\" class=\"upper\">RING UPP OSS<\/h5><p>Tala med en expert.<br \/>\n0175-748 80<\/p><\/div><\/div>[\/vc_column_inner][vc_column_inner width=&#8221;1\/3&#8243;]<div class=\"icon-box icon-horizontal icon-md sep-top-md icon-gradient\"><div style=\"background-color:#fdb824;\" class=\"icon-content img-circle wow bounceInUp\" data-wow-delay=\"0.75s\"><i style=\"color:#fcfcfc;\" class=\"fas fa-envelope\"><\/i><\/div><div class=\"icon-box-content\"><h5 style=\"color:#fdb824;\" class=\"upper\">EMAIL<\/h5><p>Maila din f\u00f6rfr\u00e5gan.<br \/>\nsolargard.eu@saint-gobain.com<\/p><\/div><\/div>[\/vc_column_inner][vc_column_inner width=&#8221;1\/3&#8243;][\/vc_column_inner][\/vc_row_inner][\/vc_column][\/vc_row][vc_row][vc_column][vc_empty_space][\/vc_column][\/vc_row][vc_row full_width=&#8221;stretch_row&#8221; css=&#8221;.vc_custom_1661932793440{background-color: #007db1 !important;}&#8221;][vc_column width=&#8221;2\/3&#8243;]<div class=\"section-title sep-top-xs text-left\"><h5 class=\"upper light normal-title\">HAR DU ETT PROJEKT? VI HJ\u00c4LPER DIG G\u00c4RNA!<\/h5><\/div>[\/vc_column][vc_column width=&#8221;1\/3&#8243;][vc_btn title=&#8221;Kontakta oss&#8221; style=&#8221;outline&#8221; shape=&#8221;round&#8221; color=&#8221;white&#8221; size=&#8221;lg&#8221; align=&#8221;center&#8221; button_block=&#8221;true&#8221; link=&#8221;url:https%3A%2F%2Fwww.solargard.com%2Fsv%2Fkontakta-oss%2F%23bookmeeting&#8221;][\/vc_column][\/vc_row]<\/p>\n<\/div>","protected":false},"excerpt":{"rendered":"<p>[vc_row top_margin=&#8221;none&#8221; bottom_margin=&#8221;2x&#8221; gmbt_prlx_bg_type=&#8221;parallax&#8221; gmbt_prlx_break_parents=&#8221;0&#8243; gmbt_prlx_smooth_scrolling=&#8221;&#8221; gmbt_prlx_video_mute=&#8221;&#8221; gmbt_prlx_video_force_hd=&#8221;&#8221; gmbt_prlx_opacity=&#8221;100&#8243; gmbt_prlx_video_aspect_ratio=&#8221;16:9&#8243; gmbt_prlx_parallax=&#8221;none&#8221; gmbt_prlx_speed=&#8221;0.3&#8243; gmbt_prlx_enable_mobile=&#8221;&#8221;][vc_column][vc_column_text css=&#8221;.vc_custom_1761648057363{border-bottom-width: 20px !important;padding-bottom: 20px !important;}&#8221;]H\u00e4r nedan finner du\u00a0Solar Gards\u00a0produktblad i\u00a0digital form d\u00e4r du kan se prestanda och v\u00e4rden p\u00e5 de olika f\u00f6nsterfilmerna. Beh\u00f6ver du mer information eller har fr\u00e5gor, kontakta din n\u00e4rmaste Solar Gard \u00e5terf\u00f6rs\u00e4ljare. Du kan \u00e4ven\u00a0fylla i v\u00e5rt kontaktformul\u00e4r\u00a0eller\u00a0ringa oss &hellip; <a href=\"https:\/\/www.solargard.com\/sv\/resurser\/\">Continued<\/a><\/p>\n","protected":false},"author":1,"featured_media":94521,"parent":0,"menu_order":0,"comment_status":"closed","ping_status":"closed","template":"templates\/resources.php","meta":{"_acf_changed":false,"footnotes":""},"class_list":["post-20799","page","type-page","status-publish","has-post-thumbnail","hentry"],"acf":[],"_links":{"self":[{"href":"https:\/\/www.solargard.com\/sv\/wp-json\/wp\/v2\/pages\/20799","targetHints":{"allow":["GET"]}}],"collection":[{"href":"https:\/\/www.solargard.com\/sv\/wp-json\/wp\/v2\/pages"}],"about":[{"href":"https:\/\/www.solargard.com\/sv\/wp-json\/wp\/v2\/types\/page"}],"author":[{"embeddable":true,"href":"https:\/\/www.solargard.com\/sv\/wp-json\/wp\/v2\/users\/1"}],"replies":[{"embeddable":true,"href":"https:\/\/www.solargard.com\/sv\/wp-json\/wp\/v2\/comments?post=20799"}],"version-history":[{"count":0,"href":"https:\/\/www.solargard.com\/sv\/wp-json\/wp\/v2\/pages\/20799\/revisions"}],"wp:featuredmedia":[{"embeddable":true,"href":"https:\/\/www.solargard.com\/sv\/wp-json\/wp\/v2\/media\/94521"}],"wp:attachment":[{"href":"https:\/\/www.solargard.com\/sv\/wp-json\/wp\/v2\/media?parent=20799"}],"curies":[{"name":"wp","href":"https:\/\/api.w.org\/{rel}","templated":true}]}}