{"id":20832,"date":"2016-02-11T22:26:10","date_gmt":"2016-02-11T22:26:10","guid":{"rendered":"https:\/\/www.solargard.com\/se\/?page_id=20832"},"modified":"2025-09-23T01:08:46","modified_gmt":"2025-09-23T09:08:46","slug":"certifikat-sakerhetscertifikat","status":"publish","type":"page","link":"https:\/\/www.solargard.com\/sv\/resurser\/certifikat-sakerhetscertifikat\/","title":{"rendered":"Certifikat S\u00e4kerhetsfilm"},"content":{"rendered":"<div class=\"wpb-content-wrapper\"><p>[vc_row top_margin=&#8221;none&#8221; bottom_margin=&#8221;sm&#8221; gmbt_prlx_bg_type=&#8221;parallax&#8221; gmbt_prlx_break_parents=&#8221;0&#8243; gmbt_prlx_smooth_scrolling=&#8221;&#8221; gmbt_prlx_video_mute=&#8221;&#8221; gmbt_prlx_video_force_hd=&#8221;&#8221; gmbt_prlx_opacity=&#8221;100&#8243; gmbt_prlx_video_aspect_ratio=&#8221;16:9&#8243; gmbt_prlx_parallax=&#8221;none&#8221; gmbt_prlx_speed=&#8221;0.3&#8243; gmbt_prlx_enable_mobile=&#8221;&#8221;][vc_column][vc_row_inner][vc_column_inner]<div class=\"section-title sg-section-title text-center\"><div class=\"copy-content\"><h1 class=\" normal-title\">CERTIFIKAT S\u00c4KERHETSFILM<\/h1><\/div><div class=\"border-bg\"><\/div><\/div>[\/vc_column_inner][\/vc_row_inner][vc_empty_space][vc_btn title=&#8221;S\u00c4KERHETSFILMERNAS S\u00c4KERHETSKLASSER&#8221; color=&#8221;SGGold&#8221; size=&#8221;lg&#8221; i_icon_fontawesome=&#8221;fas fa-angle-double-right&#8221; css_animation=&#8221;bounceIn&#8221; css=&#8221;&#8221; add_icon=&#8221;true&#8221; link=&#8221;url:https%3A%2F%2Fwww.solargard.com%2Fwp-content%2Fuploads%2F2022%2F10%2FSkyddsklasser-sakerhetsfilmer-2025.pdf|title:S%C3%A4kerhetsfilmens%20skyddsklasser|target:_blank&#8221;][vc_empty_space][vc_tta_accordion style=&#8221;flat&#8221; shape=&#8221;square&#8221; color=&#8221;white&#8221; active_section=&#8221;100&#8243; collapsible_all=&#8221;true&#8221;][vc_tta_section title=&#8221;S\u00c4KERHETSGLAS&#8221; tab_id=&#8221;1455126129251-f9223b91-e2d8&#8243;][vc_column_text]<span>Syftet med dessa standarder \u00e4r att m\u00e4ta s\u00e4kerhetsegenskaperna hos glasmaterial som framtagits f\u00f6r att minska eller minimera sk\u00e4rs\u00e5r eller punkteringsskador n\u00e4r glaset krossas genom m\u00e4nsklig kontakt. Solar Gard Armorcoat\u00ae-s\u00e4kerhetsfilmerna uppvisade utm\u00e4rkta resultat vid tester mot dessa standarder. Solar Gards s\u00e4kerhetsfilmer kan appliceras p\u00e5 redan befintligt, anl\u00f6pt (floatglasmetoden) eller v\u00e4rmef\u00f6rst\u00e4rkt glas f\u00f6r att uppfylla standarderna f\u00f6r s\u00e4kerhetsglas. V\u00e4lj den kombination av film och glas som b\u00e4st uppfyller kravet.<\/span>[\/vc_column_text]<div class=\"section-title sep-top-xs text-left\"><h4 class=\" normal-title\">Solar Gard Armorcoat\u00ae 4 mil<\/h4><\/div>    <div class=\"download-list \">\n        <a href=\"https:\/\/www.solargard.com\/wp-content\/uploads\/2016\/02\/solar-gard-armorcoat-4-7-8mil-3-6mm_as2208-glazing.pdf\" class=\"download-link\" target=\"_self\">3-6MM_AS2208<\/a><a href=\"https:\/\/www.solargard.com\/wp-content\/uploads\/2016\/02\/solar-gard-armorcoat-4mil-6mm_ansi-cpsc-glazing.pdf\" class=\"download-link\" target=\"_self\">6MM_ANSI-CPSC<\/a><a href=\"https:\/\/www.solargard.com\/wp-content\/uploads\/2016\/02\/solar-gard-armorcoat-4mil-6mm_en-12600-glazing.pdf\" class=\"download-link\" target=\"_self\">6mm_EN-12600<\/a><a href=\"https:\/\/www.solargard.com\/wp-content\/uploads\/2016\/02\/solar-gard-armorcoat-4mil-sterling-60-6mm_en-12600-glazing.pdf\" class=\"download-link\" target=\"_self\">Sterling 60 6mm_EN12600<\/a>\n    <\/div><div class=\"section-title sep-top-xs text-left\"><h4 class=\" normal-title\">Solar Gard Armorcoat\u00ae 8 mil<\/h4><\/div>    <div class=\"download-list \">\n        <a href=\"https:\/\/www.solargard.com\/wp-content\/uploads\/2016\/02\/solar-gard-armorcoat-4-7-8mil-3-6mm_as2208-glazing2.pdf\" class=\"download-link\" target=\"_self\">3-6mm_AS2208<\/a><a href=\"https:\/\/www.solargard.com\/wp-content\/uploads\/2016\/02\/solar-gard-armorcoat-8mil-3mm_ansi-cpsc-glazing-2.pdf\" class=\"download-link\" target=\"_self\">3mm_ANSI-CPSC<\/a><a href=\"https:\/\/www.solargard.com\/wp-content\/uploads\/2016\/02\/solar-gard-armorcoat-8mil-6mm_ansi-cpsc-glazing.pdf\" class=\"download-link\" target=\"_self\">6mm_ANSI-CPSC<\/a><a href=\"https:\/\/www.solargard.com\/wp-content\/uploads\/2016\/02\/solar-gard-armorcoat-8mil-6mm_en-12600-glazing.pdf\" class=\"download-link\" target=\"_self\">6mm_EN-12600<\/a><a href=\"https:\/\/www.solargard.com\/wp-content\/uploads\/2016\/02\/solar-gard-armorcoat-8mil-solar-6mm_en-12600-glazing.pdf\" class=\"download-link\" target=\"_self\">6mm_EN-12600<\/a><a href=\"https:\/\/www.solargard.com\/wp-content\/uploads\/2016\/02\/solar-gard-armorcoat-8mil-lx70-6mm_en-12600-glazing.pdf\" class=\"download-link\" target=\"_self\">LX70 6mm_EN12600<\/a>\n    <\/div><div class=\"section-title sep-top-xs text-left\"><h4 class=\" normal-title\">Solar Gard Armorcoat\u00ae 11 mil<\/h4><\/div>    <div class=\"download-list \">\n        <a href=\"https:\/\/www.solargard.com\/wp-content\/uploads\/2016\/02\/solar-gard-armorcoat-11mil-6mm_en-12600-glazing.pdf\" class=\"download-link\" target=\"_self\">6mm_EN-12600<\/a>\n    <\/div><div class=\"section-title sep-top-xs text-left\"><h4 class=\" normal-title\">Solar Gard Graffitigard\u2122 6 mil<\/h4><\/div>    <div class=\"download-list \">\n        <a href=\"https:\/\/www.solargard.com\/wp-content\/uploads\/2016\/02\/solar-gard-graffitigard-6mil-6mm_ansi-cpsc-glazing.pdf\" class=\"download-link\" target=\"_self\">6mm_ANSI-CPSC<\/a>\n    <\/div><div class=\"section-title sep-top-xs text-left\"><h4 class=\" normal-title\">Solar Gard Weathering<\/h4><\/div>    <div class=\"download-list \">\n        <a href=\"https:\/\/www.solargard.com\/wp-content\/uploads\/2016\/02\/solar-gard-weathering_astm-g155-glazing.pdf\" class=\"download-link\" target=\"_self\">ASTM G155<\/a>\n    <\/div>[\/vc_tta_section][vc_tta_section title=&#8221;EXPLOSION&#8221; tab_id=&#8221;1455127843732-59713172-fe00&#8243;][vc_column_text]<span>Syftet med dessa testmetoder \u00e4r att bed\u00f6ma reaktionen hos glasrutor och glassystem vid luftst\u00f6tsbelastning. En prestationsgrad anges f\u00f6r att beskriva glassystemets reaktion utifr\u00e5n explosionens storlek och n\u00e4rhet. Solar Gard Armorcoat\u00ae-s\u00e4kerhetsfilmerna har testats mot dessa standarder och har uppvisat en f\u00f6rm\u00e5ga att minska risken f\u00f6r skador till f\u00f6ljd av flygande glassplitter och skr\u00e4p. V\u00e4lj den kombination av film och glas som b\u00e4st uppfyller kravet.<\/span>[\/vc_column_text]<div class=\"section-title sep-top-xs text-left\"><h4 class=\" normal-title\">Solar Gard Armorcoat\u00ae 4 mil<\/h4><\/div>    <div class=\"download-list \">\n        \n    <\/div><div class=\"section-title sep-top-xs text-left\"><h4 class=\" normal-title\">Solar Gard Armorcoat\u00ae 7 mil<\/h4><\/div>    <div class=\"download-list \">\n        \n    <\/div><div class=\"section-title sep-top-xs text-left\"><h4 class=\" normal-title\">Solar Gard Armorcoat\u00ae 8 mil<\/h4><\/div>    <div class=\"download-list \">\n        <a href=\"https:\/\/www.solargard.com\/wp-content\/uploads\/2016\/02\/solar-gard-armorcoat-8mil_astm-1642-blast-certification.pdf\" class=\"download-link\" target=\"_self\">ASTM 1642<\/a><a href=\"\" class=\"download-link\" target=\"_self\">GSA Test Protocol<\/a><a href=\"https:\/\/www.solargard.com\/wp-content\/uploads\/2016\/02\/solar-gard-armorcoat-8mil_iso-16933-blast-certification.pdf\" class=\"download-link\" target=\"_self\">ISO 16933<\/a>\n    <\/div><div class=\"section-title sep-top-xs text-left\"><h4 class=\" normal-title\">Solar Gard Armorcoat\u00ae 14 mil<\/h4><\/div>    <div class=\"download-list \">\n        \n    <\/div><div class=\"section-title sep-top-xs text-left\"><h4 class=\" normal-title\">Solar Gard Panorama 8 mil<\/h4><\/div>    <div class=\"download-list \">\n        <a href=\"https:\/\/www.solargard.com\/wp-content\/uploads\/2016\/02\/solar-gard-armorcoat-8mil_astm-1642-blast-certification.pdf\" class=\"download-link\" target=\"_self\">ASTM 1642<\/a><a href=\"\" class=\"download-link\" target=\"_self\">GSA Test Protocol<\/a><a href=\"https:\/\/www.solargard.com\/wp-content\/uploads\/2016\/02\/solar-gard-armorcoat-8mil_iso-16933-blast-certification.pdf\" class=\"download-link\" target=\"_self\">ISO 16933<\/a>\n    <\/div>[\/vc_tta_section][vc_tta_section title=&#8221;BRAND&#8221; tab_id=&#8221;1455150632508-39af42cb-d6b4&#8243;][vc_column_text]<\/p>\n<p style=\"text-align: left;\"><span>Syftet med att testa reaktionen vid brandp\u00e5verkan \u00e4r att avg\u00f6ra om en byggnad bidrar till spridningen av en brand. Vissa kriterier f\u00f6r brandreaktioner kan innefatta en l\u00e5gas spridningshastighet, ant\u00e4ndbarheten vid exponering av v\u00e4rme, graden av v\u00e4rme, r\u00f6k, giftiga gaser och\/eller brinnande droppar\/partiklar osv. Byggnadsmaterial m\u00e5ste ofta testas mot den h\u00e4r typen av standarder f\u00f6r att utv\u00e4rdera prestandan hos dessa material n\u00e4r de uts\u00e4tts f\u00f6r v\u00e4rme och brand. Solar Gard Armorcoat\u00ae-s\u00e4kerhetsfilmer i tjockleken 8 mil har testats mot dessa standarder och har visats vara ett s\u00e4kert byggnadsmaterial som inte bidrar till brand.<\/span><br \/>\n<em>(Obs: dessa standarder \u00e4r inte desamma som standarderna f\u00f6r brands\u00e4kerhet, vilka m\u00e4ter\u00a0tidsl\u00e4ngden f\u00f6r hur l\u00e4nge en produkt kan motst\u00e5 en brand.)<\/em><\/p>\n<p>[\/vc_column_text]<div class=\"section-title text-left\"><h4 class=\" normal-title\">Solar Gard Armorcoat\u00ae 8 mil<\/h4><\/div>    <div class=\"download-list \">\n        <a href=\"https:\/\/www.solargard.com\/wp-content\/uploads\/2016\/02\/solar-gard-armorcoat-8mil_astm-d-1929-fire-certificate.pdf\" class=\"download-link\" target=\"_self\">ASTM D-1929<\/a><a href=\"https:\/\/www.solargard.com\/wp-content\/uploads\/2016\/02\/solar-gard-armorcoat-8mil_-astm-e-84-fire-certificate.pdf\" class=\"download-link\" target=\"_self\">ASTM E-84<\/a>\n    <\/div><div class=\"section-title text-left\"><h4 class=\" normal-title\">Solar Gard Panorama 8 mil<\/h4><\/div>    <div class=\"download-list \">\n        <a href=\"https:\/\/www.solargard.com\/wp-content\/uploads\/2016\/02\/solar-gard-cstb-m1-fire-certificate.pdf\" class=\"download-link\" target=\"_self\">CSTB M1<\/a><a href=\"https:\/\/www.solargard.com\/wp-content\/uploads\/2016\/02\/solar-gard-f1-100-a\u0300-200\u00b5-fire-certificate.pdf\" class=\"download-link\" target=\"_self\">F1 100 A 200<\/a>\n    <\/div>[\/vc_tta_section][vc_tta_section title=&#8221;NATURKATASTROFER&#8221; tab_id=&#8221;1455151112203-6ba3b958-316c&#8221;][vc_column_text]<\/p>\n<p style=\"text-align: left;\"><em><span>Syftet med dessa standarder \u00e4r att utv\u00e4rdera prestandan hos slagt\u00e5liga material n\u00e4r de uts\u00e4tts f\u00f6r p\u00e5verkan av sm\u00e5 och stora projektiler f\u00f6ljt av cykliska tryckvariationer som simulerar kraftiga vindar vid h\u00e5rt v\u00e4der. Dessa glassystem \u00e4r utformade f\u00f6r att skydda mot skador och vattenintr\u00e5ng vid h\u00e5rt v\u00e4der. Ett glassystem inkluderar glasruta, karm, f\u00f6rankringssystem samt t\u00e4tningar om den testade produkten inte t\u00e4cker upp hela \u00f6ppningen, som till exempel stormluckor. Solar Gard Armorcoat\u00ae 8 mil s\u00e4kerhetsfilm har testats mot dessa standarder p\u00e5 3\/16&#8243; h\u00e4rdat glas med ett kemiskt f\u00f6rankringssystem p\u00e5 vanliga, kommersiella aluminiumkarmar.<span class=\"Apple-converted-space\">\u00a0<\/span><\/span><br \/>\n<em><br \/>\n(Obs: detta inneb\u00e4r inte att filmen och f\u00f6rankringssystemet \u00e4r godk\u00e4nda enligt normen. Ett godk\u00e4nnande enligt normen kan bara ges till ett komplett f\u00f6nstersystem och inte f\u00f6r produkter som bara f\u00f6rb\u00e4ttrar funktionen hos f\u00f6nsterglaset.)<\/em><\/em><\/p>\n<p>[\/vc_column_text]<div class=\"section-title text-left\"><h4 class=\" normal-title\">Solar Gard Armorcoat\u00ae 8 mil<\/h4><\/div>    <div class=\"download-list \">\n        <a href=\"https:\/\/www.solargard.com\/wp-content\/uploads\/2016\/02\/solar-gard-armorcoat-8-mil_astm-e1886-1996-natural-disaster-certificate.pdf\" class=\"download-link\" target=\"_self\">ASTM E1886-1996<\/a><a href=\"https:\/\/www.solargard.com\/wp-content\/uploads\/2016\/02\/solar-gard-armorcoat-8-mil_astm-e283-330-331-natural-disaster-certificate.pdf\" class=\"download-link\" target=\"_self\">ASTM E283-330-331<\/a>\n    <\/div>[\/vc_tta_section][vc_tta_section title=&#8221;INTR\u00c5NG- OCH INBROTT&#8221; tab_id=&#8221;1455151246965-996473d0-8a5c&#8221;][vc_column_text]<\/p>\n<p style=\"text-align: left;\"><span>Syftet med inbrottsskyddtester \u00e4r att m\u00e4ta motst\u00e5ndskapaciteten hos byggnadsmaterial och f\u00f6nsterrutor. Dessa material uts\u00e4tts f\u00f6r olika stora krafter fr\u00e5n olika f\u00f6rem\u00e5l fr\u00e5n sm\u00e5 handverktyg till motorverktyg. Dessa f\u00f6rem\u00e5l, upprepade antal slag och tid anv\u00e4nds f\u00f6r att avg\u00f6ra vilken prestationsgrad det testade materialet ges. Solar Gard Armorcoat\u00ae 14 mil s\u00e4kerhetsfilm har testats mot dessa standarder och har uppvisat en f\u00f6rm\u00e5ga att motst\u00e5 en viss niv\u00e5 av inbrott.<\/span><\/p>\n<p>[\/vc_column_text]<div class=\"section-title text-left\"><h4 class=\" normal-title\">Solar Gard Armorcoat\u00ae 14 mil<\/h4><\/div>    <div class=\"download-list \">\n        <a href=\"https:\/\/www.solargard.com\/wp-content\/uploads\/2016\/02\/solar-gard-14mil_6mm-ann-igu_en356-burglary-certificate.pdf\" class=\"download-link\" target=\"_self\">6mm Ann-IGU_EN356<\/a><a href=\"https:\/\/www.solargard.com\/wp-content\/uploads\/2016\/02\/solar-gard-14mil_6mm-ann-igu_en356-burglary-report.pdf\" class=\"download-link\" target=\"_self\">6mm Ann-IGU_EN356<\/a><a href=\"https:\/\/www.solargard.com\/wp-content\/uploads\/2016\/02\/solar-gard-14mil_6mm-temp-igu_en356-burglary-certificate.pdf\" class=\"download-link\" target=\"_self\">6mm Temp-IGU_EN356<\/a><a href=\"https:\/\/www.solargard.com\/wp-content\/uploads\/2016\/02\/solar-gard-14mil_6mm-temp-igu_en356-burglary-report.pdf\" class=\"download-link\" target=\"_self\">6mm Temp-IGU_EN356<\/a>\n    <\/div>[\/vc_tta_section][vc_tta_section title=&#8221;JORDB\u00c4VNING&#8221; tab_id=&#8221;1455151332274-8f08e014-c25b&#8221;][vc_column_text]<\/p>\n<p style=\"text-align: left;\"><span>I nul\u00e4get finns inga normer som specificerar prestandan hos glassystem som uts\u00e4tts f\u00f6r seismiska aktiviteter. Tester har gjorts f\u00f6r att m\u00e4ta prestanda hos glas vid s\u00e5dan aktivitet och de best\u00e5r i huvudsak av att glassystemet skakas f\u00f6r att sedan m\u00e4ta graden av nedfall fr\u00e5n glaset. Applikation av Armorcoat\u00ae s\u00e4kerhetsfilm minskar sj\u00e4lvklart graden av nedfall som uppst\u00e5r n\u00e4r glaset krossas avsev\u00e4rt. F\u00f6ljande rapport visar detaljerna f\u00f6r en specifik serie av tester och prestanda hos filmerna p\u00e5 sidan 72.<\/span><\/p>\n<p>[\/vc_column_text]    <div class=\"download-list \">\n        <a href=\"https:\/\/www.solargard.com\/wp-content\/uploads\/2016\/02\/structural-systems-research-project-earthquake.pdf\" class=\"download-link\" target=\"_self\">Structural Systems Research Project<\/a>\n    <\/div>[\/vc_tta_section][vc_tta_section title=&#8221;\u00d6VRIGA CERTIFIKAT&#8221; tab_id=&#8221;1455151594041-e79d3a80-b9ea&#8221;]    <div class=\"download-list \">\n        <a href=\"https:\/\/www.solargard.com\/wp-content\/uploads\/2016\/02\/glass-retention-test-report-pentagon-flexible.pdf\" class=\"download-link\" target=\"_self\">Glass Retention Test Report-GE SCS2000 SilPruf<\/a><a href=\"https:\/\/www.solargard.com\/wp-content\/uploads\/2016\/02\/glass-retention-test-report-pentagon-flexible.pdf\" class=\"download-link\" target=\"_self\">Glass Retention Test Report-Pentagon Flexible<\/a><a href=\"https:\/\/www.solargard.com\/wp-content\/uploads\/2022\/08\/Saint-Gobain-ISO14001-Final-Certificate-Aug-2024.pdf\" class=\"download-link\" target=\"_self\">Saint-Gobain ISO 14001 Final Certificate Aug 2024<\/a><a href=\"https:\/\/www.solargard.com\/wp-content\/uploads\/2022\/08\/Saint-Gobain-ISO9001-Zulte-Certificate-Aug-2024.pdf\" class=\"download-link\" target=\"_self\">Saint-Gobain ISO 9001 Zulte Certificate Aug 2024<\/a><a href=\"https:\/\/www.solargard.com\/wp-content\/uploads\/2022\/08\/MAS-Certified-Green-Certificate-of-Compliance_2400652.pdf\" class=\"download-link\" target=\"_self\">Saint-Gobain Solar Gard MAS Green Cert Window Films<\/a>\n    <\/div>[\/vc_tta_section][\/vc_tta_accordion][\/vc_column][\/vc_row][vc_row full_width=&#8221;stretch_row&#8221; top_margin=&#8221;md&#8221; bottom_margin=&#8221;md&#8221; gmbt_prlx_bg_type=&#8221;parallax&#8221; gmbt_prlx_break_parents=&#8221;0&#8243; gmbt_prlx_smooth_scrolling=&#8221;&#8221; gmbt_prlx_video_mute=&#8221;&#8221; gmbt_prlx_video_force_hd=&#8221;&#8221; gmbt_prlx_opacity=&#8221;100&#8243; gmbt_prlx_video_aspect_ratio=&#8221;16:9&#8243; gmbt_prlx_parallax=&#8221;none&#8221; gmbt_prlx_speed=&#8221;0.3&#8243; gmbt_prlx_enable_mobile=&#8221;&#8221; css=&#8221;.vc_custom_1464032367757{background-color: #007db1 !important;}&#8221;][vc_column width=&#8221;4\/6&#8243;]<div class=\"section-title sep-top-xs text-left wow \"><h5 class=\"upper light normal-title\">HAR DU EN ID\u00c9? VI \u00c4R G\u00c4RNA ETT BOLLPLANK F\u00d6R DIG<\/h5><\/div>[\/vc_column][vc_column width=&#8221;2\/6&#8243;][vc_btn title=&#8221;Kontakta oss&#8221; style=&#8221;outline&#8221; shape=&#8221;round&#8221; color=&#8221;white&#8221; size=&#8221;lg&#8221; align=&#8221;center&#8221; button_block=&#8221;true&#8221; link=&#8221;url:%2Fsv%2Fkontakta-oss||&#8221;][\/vc_column][\/vc_row]<\/p>\n<\/div>","protected":false},"excerpt":{"rendered":"<p>[vc_row top_margin=&#8221;none&#8221; bottom_margin=&#8221;sm&#8221; gmbt_prlx_bg_type=&#8221;parallax&#8221; gmbt_prlx_break_parents=&#8221;0&#8243; gmbt_prlx_smooth_scrolling=&#8221;&#8221; gmbt_prlx_video_mute=&#8221;&#8221; gmbt_prlx_video_force_hd=&#8221;&#8221; gmbt_prlx_opacity=&#8221;100&#8243; gmbt_prlx_video_aspect_ratio=&#8221;16:9&#8243; gmbt_prlx_parallax=&#8221;none&#8221; gmbt_prlx_speed=&#8221;0.3&#8243; gmbt_prlx_enable_mobile=&#8221;&#8221;][vc_column][vc_row_inner][vc_column_inner][\/vc_column_inner][\/vc_row_inner][vc_empty_space][vc_btn title=&#8221;S\u00c4KERHETSFILMERNAS S\u00c4KERHETSKLASSER&#8221; color=&#8221;SGGold&#8221; size=&#8221;lg&#8221; i_icon_fontawesome=&#8221;fas fa-angle-double-right&#8221; css_animation=&#8221;bounceIn&#8221; css=&#8221;&#8221; add_icon=&#8221;true&#8221; link=&#8221;url:https%3A%2F%2Fwww.solargard.com%2Fwp-content%2Fuploads%2F2022%2F10%2FSkyddsklasser-sakerhetsfilmer-2025.pdf|title:S%C3%A4kerhetsfilmens%20skyddsklasser|target:_blank&#8221;][vc_empty_space][vc_tta_accordion style=&#8221;flat&#8221; shape=&#8221;square&#8221; color=&#8221;white&#8221; active_section=&#8221;100&#8243; collapsible_all=&#8221;true&#8221;][vc_tta_section title=&#8221;S\u00c4KERHETSGLAS&#8221; tab_id=&#8221;1455126129251-f9223b91-e2d8&#8243;][vc_column_text]Syftet med dessa standarder \u00e4r att m\u00e4ta s\u00e4kerhetsegenskaperna hos glasmaterial som framtagits f\u00f6r att minska eller minimera sk\u00e4rs\u00e5r eller punkteringsskador n\u00e4r glaset krossas genom m\u00e4nsklig kontakt. &hellip; <a href=\"https:\/\/www.solargard.com\/wp-content\/uploads\/2022\/08\/MAS-Certified-Green-Certificate-of-Compliance_2400652.pdf\">Continued<\/a><\/p>\n","protected":false},"author":1,"featured_media":26571,"parent":20799,"menu_order":0,"comment_status":"closed","ping_status":"closed","template":"templates\/resources.php","meta":{"_acf_changed":false,"footnotes":""},"class_list":["post-20832","page","type-page","status-publish","has-post-thumbnail","hentry"],"acf":[],"_links":{"self":[{"href":"https:\/\/www.solargard.com\/sv\/wp-json\/wp\/v2\/pages\/20832","targetHints":{"allow":["GET"]}}],"collection":[{"href":"https:\/\/www.solargard.com\/sv\/wp-json\/wp\/v2\/pages"}],"about":[{"href":"https:\/\/www.solargard.com\/sv\/wp-json\/wp\/v2\/types\/page"}],"author":[{"embeddable":true,"href":"https:\/\/www.solargard.com\/sv\/wp-json\/wp\/v2\/users\/1"}],"replies":[{"embeddable":true,"href":"https:\/\/www.solargard.com\/sv\/wp-json\/wp\/v2\/comments?post=20832"}],"version-history":[{"count":0,"href":"https:\/\/www.solargard.com\/sv\/wp-json\/wp\/v2\/pages\/20832\/revisions"}],"up":[{"embeddable":true,"href":"https:\/\/www.solargard.com\/sv\/wp-json\/wp\/v2\/pages\/20799"}],"wp:featuredmedia":[{"embeddable":true,"href":"https:\/\/www.solargard.com\/sv\/wp-json\/wp\/v2\/media\/26571"}],"wp:attachment":[{"href":"https:\/\/www.solargard.com\/sv\/wp-json\/wp\/v2\/media?parent=20832"}],"curies":[{"name":"wp","href":"https:\/\/api.w.org\/{rel}","templated":true}]}}