{"id":20860,"date":"2016-02-11T22:39:47","date_gmt":"2016-02-11T22:39:47","guid":{"rendered":"https:\/\/www.solargard.com\/se\/?page_id=20860"},"modified":"2025-06-09T07:42:33","modified_gmt":"2025-06-09T15:42:33","slug":"ordlista","status":"publish","type":"page","link":"https:\/\/www.solargard.com\/sv\/ordlista\/","title":{"rendered":"Ordlista"},"content":{"rendered":"<div class=\"wpb-content-wrapper\"><p>[vc_row top_margin=&#8221;none&#8221; bottom_margin=&#8221;sm&#8221; gmbt_prlx_bg_type=&#8221;parallax&#8221; gmbt_prlx_break_parents=&#8221;0&#8243; gmbt_prlx_smooth_scrolling=&#8221;&#8221; gmbt_prlx_video_mute=&#8221;&#8221; gmbt_prlx_video_force_hd=&#8221;&#8221; gmbt_prlx_opacity=&#8221;100&#8243; gmbt_prlx_video_aspect_ratio=&#8221;16:9&#8243; gmbt_prlx_parallax=&#8221;none&#8221; gmbt_prlx_speed=&#8221;0.3&#8243; gmbt_prlx_enable_mobile=&#8221;&#8221;][vc_column]<div class=\"section-title sg-section-title text-center\"><div class=\"copy-content\"><h1 class=\" normal-title\">Ordlista<\/h1><\/div><div class=\"border-bg\"><\/div><\/div>[vc_tta_accordion style=&#8221;flat&#8221; shape=&#8221;square&#8221; color=&#8221;white&#8221; active_section=&#8221;0&#8243; collapsible_all=&#8221;true&#8221;][vc_tta_section title=&#8221;F\u00f6rankringssystem&#8221; tab_id=&#8221;1458075142605-072f0d0f-ca07&#8243;][vc_column_text]<span>Olika system anv\u00e4nds f\u00f6r att f\u00f6rankra s\u00e4kerhetsfilmer i f\u00f6nsterkarmen f\u00f6r att \u00f6ka deras f\u00f6rm\u00e5ga att h\u00e5lla glaset p\u00e5 plats om det g\u00e5r s\u00f6nder. S\u00e4kerhetsfilm monteras p\u00e5 glasets insida och s\u00e4kras sedan vid f\u00f6nsterkarmen antingen kemiskt eller mekaniskt. Den \u00f6nskade s\u00e4kerhetsniv\u00e5n avg\u00f6r om ett fixeringssystem beh\u00f6vs och i s\u00e5 fall vilken metod som b\u00f6r anv\u00e4ndas.<\/span>[\/vc_column_text][\/vc_tta_section][vc_tta_section title=&#8221;Splitterskyddsfilm&#8221; tab_id=&#8221;1458075142750-00af4391-4019&#8243;][vc_column_text]<span>In vardagligt namn f\u00f6r skydds- och s\u00e4kerhetsfilm i Solar Gard Armorcoat\u00ae-serien som syftar p\u00e5 produktens f\u00f6rm\u00e5ga att h\u00e5lla glassplitter p\u00e5 plats i f\u00f6nstret \u00e4ven n\u00e4r det krossats utan att avge kringflygande sk\u00e4rvor.<\/span>[\/vc_column_text][\/vc_tta_section][vc_tta_section title=&#8221;(CDA) Clear Dry Adhesive&#8221; tab_id=&#8221;1458075281206-e7924dc4-844d&#8221;][vc_column_text]Ett lim som aktiveras med vatten och binder filmen vid glaset p\u00e5 kemisk v\u00e4g. Detta \u00e4r ett starkt bindemedel som h\u00e5ller l\u00e4nge och ger en klar film.[\/vc_column_text][\/vc_tta_section][vc_tta_section title=&#8221;P\u00e5-plats-montering&#8221; tab_id=&#8221;1458075279872-97029484-2975&#8243;][vc_column_text]En vanlig metod f\u00f6r att montera sol- och s\u00e4kerhetsfilm. Filmen sk\u00e4rs till i f\u00f6rv\u00e4g s\u00e5 att den \u00e4r aningen st\u00f6rre \u00e4n f\u00f6nstret. Efter montering sk\u00e4rs den p\u00e5 plats ned 3 millimeter fr\u00e5n glasets kant.[\/vc_column_text][\/vc_tta_section][vc_tta_section title=&#8221;Emissionsv\u00e4rde (E)&#8221; tab_id=&#8221;1458075278741-186be886-91ec&#8221;][vc_column_text]Ett m\u00e5tt p\u00e5 en ytas f\u00f6rm\u00e5ga att absorbera eller reflektera str\u00e5lningsv\u00e4rme. Ju l\u00e4gre emissionsv\u00e4rde, desto b\u00e4ttre isolerar ett f\u00f6nster mot v\u00e4rmef\u00f6rluster. N\u00e4r det g\u00e4ller f\u00f6nster med film syftar emissionsv\u00e4rdet p\u00e5 den v\u00e4rme som reflekteras tillbaka in i rummet. L\u00e5ga emissionsv\u00e4rden \u00e4r att f\u00f6redra f\u00f6r att minska v\u00e4rmef\u00f6rlust inomhus.[\/vc_column_text][\/vc_tta_section][vc_tta_section title=&#8221;L\u00e5gemission&#8221; tab_id=&#8221;1458075277194-658e58d1-148c&#8221;][vc_column_text]<\/p>\n<div class=\"wpb_accordion_section group\">\n<div id=\"ui-id-12\" class=\"wpb_accordion_content ui-accordion-content vc_clearfix ui-helper-reset ui-widget-content ui-corner-bottom ui-accordion-content-active\">\n<div class=\"wpb_text_column wpb_content_element \">\n<div class=\"wpb_wrapper\">\n<p><span>L\u00e5gemission syftar p\u00e5 en bel\u00e4ggning p\u00e5 glas eller f\u00f6nsterfilm som reducerar den v\u00e4rmef\u00f6rlust som sker genom f\u00f6nsterfilmen. Ju l\u00e4gre emissionsv\u00e4rde, desto b\u00e4ttre isolerar ett f\u00f6nster mot v\u00e4rmef\u00f6rluster. Solar Gard Silver Ag 25 \u00e4r en utm\u00e4rkt l\u00e5gemissiv film.<\/span><\/p>\n<\/div>\n<\/div>\n<\/div>\n<\/div>\n<p>[\/vc_column_text][\/vc_tta_section][vc_tta_section title=&#8221;Metalliserad&#8221; tab_id=&#8221;1458080996935-030e5adc-f696&#8243;][vc_column_text]En process d\u00e4r metaller appliceras i ett j\u00e4mnt lager p\u00e5 en klar polyesterfilm. Olika metaller ger olika nyanser och prestanda f\u00f6r att passa olika konsumentbehov.[\/vc_column_text][\/vc_tta_section][vc_tta_section title=&#8221;Mekanisk f\u00f6rankring&#8221; tab_id=&#8221;1458075274509-710cea9d-8af4&#8243;][vc_column_text]<span>Denna metod anv\u00e4nds f\u00f6r att f\u00f6rst\u00e4rka glaset genom att film med tjocklek av 8 mil (0,8 mm) eller h\u00f6gre f\u00f6rankras i karmen med ett system av metallister. S\u00e4kerhetsfilmen monteras p\u00e5 glaset s\u00e5 att den \u00f6verlappar f\u00f6nsterkarmen med cirka 2 cm. Ett system av metallister placeras p\u00e5 \u00f6verlappningen och skruvas fast i karmen och f\u00f6rankrar p\u00e5 s\u00e5 s\u00e4tt filmen. Beroende p\u00e5 vilken s\u00e4kerhetsgrad som \u00f6nskas kan det mekaniska systemet f\u00e4stas p\u00e5 en sida (den \u00f6versta), tv\u00e5 sidor eller fyra sidor av glaset.<\/span>[\/vc_column_text][\/vc_tta_section][vc_tta_section title=&#8221;MIL&#8221; tab_id=&#8221;1458080996474-ad9f7759-b6cf&#8221;][vc_column_text]<span>L\u00e4ngdenhet (1\/1000 tum) eller 0,0254 mm. Anv\u00e4nds f\u00f6r att uttrycka filmers tjocklek.<\/span>[\/vc_column_text][\/vc_tta_section][vc_tta_section title=&#8221;Mylar&#8221; tab_id=&#8221;1458080995937-c02d94c8-d865&#8243;][vc_column_text]<span>Ett varum\u00e4rke f\u00f6r polyesterfilm som tillverkas av DuPont. Mylar, splitterskyddsfilm, splitterfilm och s\u00e4kerhetsfilm andra ben\u00e4mningar p\u00e5 skydds- och s\u00e4kerhetsfilm i serien Solar Gard Armorcoat\u00ae.<\/span>[\/vc_column_text][\/vc_tta_section][vc_tta_section title=&#8221;Tryckk\u00e4nsligt lim (PSA)&#8221; tab_id=&#8221;1458080995442-aced60ac-78ad&#8221;][vc_column_text]<span>Ett sm\u00e4ltlim som aktiveras av tryck och binder filmen vid glaset. Ett tryckk\u00e4nsligt bindemedel k\u00e4nns klibbigt vid ber\u00f6ring. Alla bil- och s\u00e4kerhetsfilmer monteras med denna metod.<\/span>[\/vc_column_text][\/vc_tta_section][vc_tta_section title=&#8221;S\u00e4kerhetsfilm&#8221; tab_id=&#8221;1458080984128-d393c41f-67eb&#8221;][vc_column_text]<span>S\u00e4kerhetsfilm best\u00e5r av extremt stark transparent eller metalliserad polyester, kraftiga UV-blockerare, s\u00e4rskilt starkt bindemedel f\u00f6r laminering och montering och rept\u00e5liga ytskikt. Produkten eftermonteras p\u00e5 insidan av glasytan, som skydd om glaset skulle krossas. N\u00e4r exempelvis naturkatastrofer, vandalism och explosioner krossar glas h\u00e5ller filmens elasticitet och tryckk\u00e4nsliga lim sk\u00e4rvorna p\u00e5 plats. Detta minskar risken f\u00f6r skador p\u00e5 m\u00e4nniskor och egendom. S\u00e4kerhetsfilm kallas \u00e4ven bland annat splitterskyddsfilm och Mylar.<\/span><\/p>\n<p><span>Solar Gards s\u00e4kerhetsfilm finns i tjocklekar mellan 4 mil (0,1 mm) och 14 mil (0,36 mm) och ju tjockare film desto b\u00e4ttre skydd. Filmerna i serien Solar Gard finns antingen som transparent eller metalliserad s\u00e4kerhetsfilm.<\/span>[\/vc_column_text][\/vc_tta_section][vc_tta_section title=&#8221;Avsk\u00e4rmningsv\u00e4rde (SC) (SC)&#8221; tab_id=&#8221;1458080983495-176926e8-7fbc&#8221;][vc_column_text]<span>Niv\u00e5n f\u00f6r solv\u00e4rmen som passerar genom f\u00f6nsterfilm v\u00e4rmetillf\u00f6rseln som under samma f\u00f6rh\u00e5llanden str\u00e5lar in genom ett f\u00f6nster utan film. Ju l\u00e4gre v\u00e4rde, desto b\u00e4ttre solavsk\u00e4rmning har f\u00f6nsterfilmen\/glassystemet. <\/span>[\/vc_column_text][\/vc_tta_section][vc_tta_section title=&#8221;Solenergiabsorption (A)&#8221; tab_id=&#8221;1458080982799-19efce99-57b3&#8243;][vc_column_text]Den m\u00e4ngd solenergi (synligt, infrar\u00f6tt och ultraviolett ljus) som absorberas av ett glassystem uttryckt i procent.<br \/>\nN\u00e4r solljus n\u00e5r glas sl\u00e4pps solenergin antingen igenom, absorberas eller reflekteras. Olika glastyper och f\u00f6nsterfilmer som ger olika absorption, vilket uttrycks som en procentandel \u2013 detta \u00e4r den m\u00e4ngd solenergi som glaset och filmen absorberar. F\u00f6lj alltid tillverkarens rekommendationer innan montering.[\/vc_column_text][\/vc_tta_section][vc_tta_section title=&#8221;Solenergi&#8221; tab_id=&#8221;1458080982012-3aa9f86b-24f0&#8243;][vc_column_text]<\/p>\n<div class=\"wpb_accordion_section group\">\n<div id=\"ui-id-30\" class=\"wpb_accordion_content ui-accordion-content vc_clearfix ui-helper-reset ui-widget-content ui-corner-bottom ui-accordion-content-active\">\n<div class=\"wpb_text_column wpb_content_element \">\n<div class=\"wpb_wrapper\">\n<p>Solenergi best\u00e5r av synligt ljus (bl\u00e4ndning), infrar\u00f6d str\u00e5lning (v\u00e4rme) och ultraviolett str\u00e5lning (bleker och \u00e4r en h\u00e4lsorisk). De olika energiformerna skiljer sig \u00e5t genom sina v\u00e5gl\u00e4ngder.<\/p>\n<\/div>\n<\/div>\n<\/div>\n<\/div>\n<p>[\/vc_column_text][\/vc_tta_section][vc_tta_section title=&#8221;Solfaktor (SHGC)&#8221; tab_id=&#8221;1458080981415-f9556cba-86e9&#8243;][vc_column_text]<\/p>\n<div class=\"wpb_accordion_section group\">\n<div id=\"ui-id-32\" class=\"wpb_accordion_content ui-accordion-content vc_clearfix ui-helper-reset ui-widget-content ui-corner-bottom ui-accordion-content-active\">\n<div class=\"wpb_text_column wpb_content_element \">\n<div class=\"wpb_wrapper\">\n<p><span>Den procentandel av solenergin som sl\u00e4pps igenom eller absorberas och str\u00e5lar tillbaka in i en byggnad. Ju l\u00e4gre solfaktor desto b\u00e4ttre \u00e4r f\u00f6nsterfilmens solskydd.<\/span><\/p>\n<\/div>\n<\/div>\n<\/div>\n<\/div>\n<p>[\/vc_column_text][\/vc_tta_section][vc_tta_section title=&#8221;Solenergireflektion (R)&#8221; tab_id=&#8221;1458080980783-06b15bf4-ffe6&#8243;][vc_column_text]<\/p>\n<div class=\"wpb_accordion_section group\">\n<div id=\"ui-id-34\" class=\"wpb_accordion_content ui-accordion-content vc_clearfix ui-helper-reset ui-widget-content ui-corner-bottom ui-accordion-content-active\">\n<div class=\"wpb_text_column wpb_content_element \">\n<div class=\"wpb_wrapper\">\n<p>Den m\u00e4ngd solenergi (synligt, infrar\u00f6tt och ultraviolett ljus) som reflekteras av ett glassystem uttryckt i procent.<\/p>\n<p>N\u00e4r solljus n\u00e5r glas sl\u00e4pps solenergin antingen igenom, absorberas eller reflekteras av rutan. Olika glastyper och f\u00f6nsterfilmer ger olika reflektion, vilket uttrycks som en procentandel \u2013 detta \u00e4r den m\u00e4ngd solenergi som glaset och filmen reflekterar.<br \/>\nF\u00f6r maximal v\u00e4rmereflektion ska du leta efter en film med h\u00f6gt reflektionsv\u00e4rde. F\u00f6lj alltid tillverkarens rekommendationer vid montering av film.<\/p>\n<\/div>\n<\/div>\n<\/div>\n<\/div>\n<p>[\/vc_column_text][\/vc_tta_section][vc_tta_section title=&#8221;Solenergigenomsl\u00e4pp (T)&#8221; tab_id=&#8221;1458080979941-de410844-6b2b&#8221;][vc_column_text]Den m\u00e4ngd solenergi (synligt, infrar\u00f6tt och ultraviolett ljus) som passerar genom ett glassystem uttryckt i procent.<\/p>\n<p>N\u00e4r solljus n\u00e5r glas sl\u00e4pps solenergin antingen igenom, absorberas eller reflekteras bort fr\u00e5n rutan. Olika glastyper och f\u00f6nsterfilmer som har olika transmission, vilket uttrycks som en procentandel \u2013 detta \u00e4r den m\u00e4ngd solenergi som sl\u00e4ppts igenom glaset och filmen. F\u00f6lj alltid tillverkarens rekommendationer vid montering av film.[\/vc_column_text][\/vc_tta_section][vc_tta_section title=&#8221;Sputtring&#8221; tab_id=&#8221;1458080978954-333d3ad0-8aab&#8221;][vc_column_text]<span>En process f\u00f6r ytbel\u00e4ggning av polyesterfilm med metaller som silver, rostfritt st\u00e5l, koppar, guld, titan och krom. Filmen rullas ut och exponeras f\u00f6r materialet. Metallskiktet appliceras i ett j\u00e4mnt lager genom jonisering. Resultatet blir en film med h\u00f6g f\u00e4rgbest\u00e4ndighet och fantastiska solskyddsegenskaper. SGSG var f\u00f6rst i branschen med att anv\u00e4nda denna metod vid tillverkning av f\u00f6nsterfilm.<\/span>[\/vc_column_text][\/vc_tta_section][vc_tta_section title=&#8221;Total solenergireduktion (TSER)&#8221; tab_id=&#8221;1458080978104-3bc65546-8153&#8243;][vc_column_text]<span>M\u00e4ter f\u00f6nsterfilmens f\u00f6rm\u00e5ga att avvisa solenergi i form av synligt ljus, infrar\u00f6d str\u00e5lning och UV-str\u00e5lning. Ju h\u00f6gre TSER, desto mer solenergi avvisar skyddsfilmen.<\/span>[\/vc_column_text][\/vc_tta_section][vc_tta_section title=&#8221;U-v\u00e4rde&#8221; tab_id=&#8221;1458081378046-06e0383f-c6f6&#8243;][vc_column_text]<span>Ett m\u00e5tt p\u00e5 hur mycket v\u00e4rme som \u00f6verf\u00f6rs genom en film p\u00e5 grund av skillnaden mellan ute- och innetemperatur. Ju l\u00e4gre U-v\u00e4rde, desto l\u00e4gre v\u00e4rme\u00f6verf\u00f6ring. N\u00e4r du j\u00e4mf\u00f6r filmfakta \u00e4r ett l\u00e4gre U-v\u00e4rde att f\u00f6redra f\u00f6r att ha kontroll p\u00e5 temperaturen.<\/span>[\/vc_column_text][\/vc_tta_section][vc_tta_section title=&#8221;Ultraviolett ljus (UV)&#8221; tab_id=&#8221;1458081376730-d40a9563-680d&#8221;][vc_column_text]<span>De osynliga men kraftfulla v\u00e5gl\u00e4ngder (kortare \u00e4n synligtljus men l\u00e4ngre \u00e4n r\u00f6ntgenstr\u00e5lning) som finns i solljuset kan delas in i tre typer: UV-A, UV-B och UV-C. UV-B orsakar solbr\u00e4nna och exponering under l\u00e5ng kan orsaka hudcancer. F\u00f6nsterfilmen blockerar n\u00e4stan 100 % av det ultravioletta ljuset fr\u00e5n att passera genom glas. F\u00f6nsterfilmserien rekommenderas av Skin Cancer Foundation.<\/span>[\/vc_column_text][\/vc_tta_section][vc_tta_section title=&#8221;Absorption av synligt ljus (VLA)&#8221; tab_id=&#8221;1458081374972-920b0feb-2f8c&#8221;][vc_column_text]Den m\u00e4ngd av det synliga ljuset som absorberas av ett glassystem, uttryckt som en procentandel.[\/vc_column_text][\/vc_tta_section][vc_tta_section title=&#8221;Reflektion av synligt ljus (VLR)&#8221; tab_id=&#8221;1458081373534-56b41973-9944&#8243;][vc_column_text]<span>Den m\u00e4ngd av det synliga ljuset som reflekteras av ett glassystem, uttryckt som en procentandel. Ett h\u00f6gre reflektionstal inneb\u00e4r b\u00e4ttre skydd mot bl\u00e4ndning. Filmer med h\u00f6gre tal tenderar att vara mer reflekterande och\/eller m\u00f6rkare.<\/span>[\/vc_column_text][\/vc_tta_section][vc_tta_section title=&#8221;Genomsl\u00e4pp av synligt ljus (VLT)&#8221; tab_id=&#8221;1458081372184-d2be3388-cb33&#8243;][vc_column_text]Den m\u00e4ngd av det synliga ljuset som sl\u00e4pps igenom av ett glassystem, uttryckt som en procentandel. En l\u00e4gre transmission motverkar bl\u00e4ndning b\u00e4ttre, medan ett h\u00f6gre \u00e4r att f\u00f6redra f\u00f6r att bevara naturligt dagsljus.[\/vc_column_text][\/vc_tta_section][vc_tta_section title=&#8221;Kemisk f\u00f6rankring&#8221; tab_id=&#8221;1458080977032-8f931c3a-2135&#8243;][vc_column_text]<span>Denna metod f\u00f6r att f\u00f6rst\u00e4rka glaset f\u00f6rankrar s\u00e4kerhetsfilmen i f\u00f6nsterkarmen med hj\u00e4lp av ett silikonbaserat t\u00e4tningslim. S\u00e4kerhetsfilmen installeras f\u00f6rst p\u00e5 vanligt s\u00e4tt och f\u00f6rankras sedan i karmen med ett silikonbaserat lim \u2013 Dow 995 \u00e4r en av de produkter som brukar anv\u00e4ndas. Fogen appliceras l\u00e4ngs filmens alla fyra kanter, den \u00f6verlappar filmen och n\u00e5r upp till karmen och skapar d\u00e4rmed en f\u00f6rbindelse mellan film och f\u00f6nsterkarm.<\/span>[\/vc_column_text][\/vc_tta_section][\/vc_tta_accordion][\/vc_column][\/vc_row]<\/p>\n<\/div>","protected":false},"excerpt":{"rendered":"<p>[vc_row top_margin=&#8221;none&#8221; bottom_margin=&#8221;sm&#8221; gmbt_prlx_bg_type=&#8221;parallax&#8221; gmbt_prlx_break_parents=&#8221;0&#8243; gmbt_prlx_smooth_scrolling=&#8221;&#8221; gmbt_prlx_video_mute=&#8221;&#8221; gmbt_prlx_video_force_hd=&#8221;&#8221; gmbt_prlx_opacity=&#8221;100&#8243; gmbt_prlx_video_aspect_ratio=&#8221;16:9&#8243; gmbt_prlx_parallax=&#8221;none&#8221; gmbt_prlx_speed=&#8221;0.3&#8243; gmbt_prlx_enable_mobile=&#8221;&#8221;][vc_column][vc_tta_accordion style=&#8221;flat&#8221; shape=&#8221;square&#8221; color=&#8221;white&#8221; active_section=&#8221;0&#8243; collapsible_all=&#8221;true&#8221;][vc_tta_section title=&#8221;F\u00f6rankringssystem&#8221; tab_id=&#8221;1458075142605-072f0d0f-ca07&#8243;][vc_column_text]Olika system anv\u00e4nds f\u00f6r att f\u00f6rankra s\u00e4kerhetsfilmer i f\u00f6nsterkarmen f\u00f6r att \u00f6ka deras f\u00f6rm\u00e5ga att h\u00e5lla glaset p\u00e5 plats om det g\u00e5r s\u00f6nder. S\u00e4kerhetsfilm monteras p\u00e5 glasets insida och s\u00e4kras sedan vid f\u00f6nsterkarmen antingen kemiskt eller &hellip; <a href=\"https:\/\/www.solargard.com\/sv\/ordlista\/\">Continued<\/a><\/p>\n","protected":false},"author":1,"featured_media":94521,"parent":0,"menu_order":0,"comment_status":"closed","ping_status":"closed","template":"templates\/resources.php","meta":{"_acf_changed":false,"footnotes":""},"class_list":["post-20860","page","type-page","status-publish","has-post-thumbnail","hentry"],"acf":[],"_links":{"self":[{"href":"https:\/\/www.solargard.com\/sv\/wp-json\/wp\/v2\/pages\/20860","targetHints":{"allow":["GET"]}}],"collection":[{"href":"https:\/\/www.solargard.com\/sv\/wp-json\/wp\/v2\/pages"}],"about":[{"href":"https:\/\/www.solargard.com\/sv\/wp-json\/wp\/v2\/types\/page"}],"author":[{"embeddable":true,"href":"https:\/\/www.solargard.com\/sv\/wp-json\/wp\/v2\/users\/1"}],"replies":[{"embeddable":true,"href":"https:\/\/www.solargard.com\/sv\/wp-json\/wp\/v2\/comments?post=20860"}],"version-history":[{"count":0,"href":"https:\/\/www.solargard.com\/sv\/wp-json\/wp\/v2\/pages\/20860\/revisions"}],"wp:featuredmedia":[{"embeddable":true,"href":"https:\/\/www.solargard.com\/sv\/wp-json\/wp\/v2\/media\/94521"}],"wp:attachment":[{"href":"https:\/\/www.solargard.com\/sv\/wp-json\/wp\/v2\/media?parent=20860"}],"curies":[{"name":"wp","href":"https:\/\/api.w.org\/{rel}","templated":true}]}}