{"id":27879,"date":"2016-03-26T15:53:24","date_gmt":"2016-03-26T15:53:24","guid":{"rendered":"https:\/\/www.solargard.com\/sv\/?page_id=27879"},"modified":"2025-12-16T07:16:59","modified_gmt":"2025-12-16T15:16:59","slug":"vara-bilfilmer","status":"publish","type":"page","link":"https:\/\/www.solargard.com\/sv\/bilfilm-lackskydd\/vara-bilfilmer\/","title":{"rendered":"Komfort i bilen"},"content":{"rendered":"<div class=\"wpb-content-wrapper\"><p>[vc_row top_margin=&#8221;2x&#8221; bottom_margin=&#8221;md&#8221;][vc_column]<div class=\"section-title sg-section-title text-center\" data-wow-delay=\"1s\"><div class=\"copy-content\"><h1 class=\" normal-title\">BILFILM, PPF &amp; SKYDDSFILMER<\/h1><\/div><div class=\"border-bg\"><\/div><\/div>[vc_empty_space][\/vc_column][\/vc_row][vc_row top_margin=&#8221;xs&#8221; bottom_margin=&#8221;md&#8221;][vc_column width=&#8221;1\/2&#8243; el_class=&#8221;left-gray-title&#8221; offset=&#8221;vc_col-xs-6&#8243;][vc_column_text css=&#8221;&#8221;]<\/p>\n<h2 style=\"text-align: center;\">Nano\/Ceramic<\/h2>\n<p style=\"text-align: center;\">Tillverkad med avancerad nanoteknologi och st\u00e5r i en klass f\u00f6r sig n\u00e4r du vill optimera b\u00e5de k\u00f6rupplevelsen och komforten.<\/p>\n<p>[\/vc_column_text][vc_empty_space height=&#8221;10px&#8221;]<div class=\"product-list vc_txt_align_center \"><a href=\"https:\/\/www.solargard.com\/sv\/product\/cx-magnum-black-morkaste-bilfilmen\/\" class=\"product-link text-center\"><div class=\"product-image\" style=\"background-image: url(https:\/\/www.solargard.com\/wp-content\/uploads\/2020\/06\/cx-magnum-WEB-MAIL-300x226.jpg)\"><\/div><h4>CX Magnum Black | M\u00f6rkaste bilfilmserien<\/h4><\/a><a href=\"https:\/\/www.solargard.com\/sv\/product\/cx-magnum-ir\/\" class=\"product-link text-center\"><div class=\"product-image\" style=\"background-image: url(https:\/\/www.solargard.com\/wp-content\/uploads\/2020\/06\/CX-Magnum-IR-Web-Product20-300x300.jpg)\"><\/div><h4>CX Magnum IRC | Snygg &#038; stort utbud<\/h4><\/a><\/div>[\/vc_column][vc_column width=&#8221;1\/2&#8243; offset=&#8221;vc_col-xs-6&#8243;][vc_column_text css=&#8221;&#8221;]<\/p>\n<h2 style=\"text-align: center;\">Icke Reflekterande<\/h2>\n<p style=\"text-align: center;\">De icke-reflekterande filmerna erbjuder insynsskydd, UV-skydd, minskar solv\u00e4rmen utan att p\u00e5verka mobil utrustning.<\/p>\n<p>[\/vc_column_text][vc_empty_space height=&#8221;10px&#8221;]<div class=\"product-list vc_txt_align_center \"><a href=\"https:\/\/www.solargard.com\/sv\/product\/galaxie\/\" class=\"product-link text-center\"><div class=\"product-image\" style=\"background-image: url(https:\/\/www.solargard.com\/wp-content\/uploads\/2014\/11\/Galaxie-1-2-300x273.jpg)\"><\/div><h4>Galaxie<\/h4><\/a><a href=\"https:\/\/www.solargard.com\/sv\/product\/solstice\/\" class=\"product-link text-center\"><div class=\"product-image\" style=\"background-image: url(https:\/\/www.solargard.com\/wp-content\/uploads\/2023\/01\/Solstice-300x273.jpg)\"><\/div><h4>Solstice\u2122<\/h4><\/a><\/div>[\/vc_column][\/vc_row][vc_row top_margin=&#8221;xs&#8221; bottom_margin=&#8221;md&#8221;][vc_column width=&#8221;1\/2&#8243; offset=&#8221;vc_col-xs-6&#8243;][vc_column_text css=&#8221;&#8221;]<\/p>\n<h2 style=\"text-align: center;\"><span style=\"color: #000000;\"><a style=\"color: #000000;\" href=\"https:\/\/www.solargard.com\/sv\/wpf-skyddsfilm-glas\/\" target=\"_blank\" rel=\"noopener noreferrer\">Clearshield\u00ae WPF Skyddsfilm<\/a><\/span><\/h2>\n<p style=\"text-align: center;\"><span>Clearshield WPF skyddsfilm f\u00f6rst\u00e4rker det befintliga glaset utan att kompromissa med utseendet p\u00e5 ditt fordon och kan bibeh\u00e5lla ditt fordons alla glasytor intakta efter \u00e5verkan.<\/span><\/p>\n<p>[\/vc_column_text][vc_empty_space height=&#8221;10px&#8221;]<div class=\"product-list vc_txt_align_center \"><a href=\"https:\/\/www.solargard.com\/sv\/product\/wpf-windshield-protection-film\/\" class=\"product-link text-center\"><div class=\"product-image\" style=\"background-image: url(https:\/\/www.solargard.com\/wp-content\/uploads\/2025\/11\/WPF-CSP-web-sun-roof-300x180.jpg)\"><\/div><h4>WPF Clearshield\u00ae WPF Skyddsfilm f\u00f6r fordonsglas<\/h4><\/a><a href=\"https:\/\/www.solargard.com\/sv\/product\/wsp3-plus-windshield-protection-film\/\" class=\"product-link text-center\"><div class=\"product-image\" style=\"background-image: url(https:\/\/www.solargard.com\/wp-content\/uploads\/2020\/06\/WSP3Plus-Web-Product-300x300.jpg)\"><\/div><h4>WSP3 Plus | Skyddsfilm<\/h4><\/a><\/div>[\/vc_column][\/vc_row][vc_row top_margin=&#8221;2x&#8221; bottom_margin=&#8221;md&#8221;][vc_column]<div class=\"section-title sg-section-title text-center\" data-wow-delay=\"1s\"><div class=\"copy-content\"><h1 class=\" normal-title\">Skydda lacken, \u00f6ka andrahandsv\u00e4rdet<\/h1><\/div><div class=\"border-bg\"><\/div><\/div>[vc_empty_space][\/vc_column][\/vc_row][vc_row top_margin=&#8221;xs&#8221; bottom_margin=&#8221;md&#8221; el_id=&#8221;clearshield&#8221;][vc_column width=&#8221;1\/6&#8243;][\/vc_column][vc_column width=&#8221;2\/3&#8243;][vc_column_text css=&#8221;&#8221;]<\/p>\n<h2 style=\"text-align: center;\">PPF Lackskyddsfilm<\/h2>\n<p style=\"text-align: center;\"><span>Clearshield\u00ae Pro ACTIV Lackskyddsfilm fr\u00e5n Solar Gard \u00e4r k\u00e4nd f\u00f6r sin styrka, h\u00e5llfasthet och uth\u00e5llighet.<\/span><\/p>\n<p>[\/vc_column_text][vc_empty_space height=&#8221;10px&#8221;][vc_column_text css=&#8221;&#8221;]<a href=\"https:\/\/www.solargard.com\/sv\/product\/clearshield-pro-activ\/\" target=\"_blank\" rel=\"noopener\"><img loading=\"lazy\" decoding=\"async\" class=\"aligncenter wp-image-102583\" src=\"https:\/\/www.solargard.com\/wp-content\/uploads\/2023\/06\/hero-csp-activ-960x600-1-e1707745157916-300x126.jpg\" alt=\"\" width=\"640\" height=\"269\" srcset=\"https:\/\/www.solargard.com\/wp-content\/uploads\/2023\/06\/hero-csp-activ-960x600-1-e1707745157916-300x126.jpg 300w, https:\/\/www.solargard.com\/wp-content\/uploads\/2023\/06\/hero-csp-activ-960x600-1-e1707745157916-768x323.jpg 768w, https:\/\/www.solargard.com\/wp-content\/uploads\/2023\/06\/hero-csp-activ-960x600-1-e1707745157916-190x80.jpg 190w, https:\/\/www.solargard.com\/wp-content\/uploads\/2023\/06\/hero-csp-activ-960x600-1-e1707745157916-600x253.jpg 600w, https:\/\/www.solargard.com\/wp-content\/uploads\/2023\/06\/hero-csp-activ-960x600-1-e1707745157916.jpg 960w\" sizes=\"auto, (max-width: 640px) 100vw, 640px\" \/><\/a><\/p>\n<h4 style=\"text-align: center;\"><span style=\"color: #00ccff;\"><a style=\"color: #00ccff;\" href=\"https:\/\/www.solargard.com\/sv\/product\/clearshield-pro-activ\/\" target=\"_blank\" rel=\"noopener\">CLEARSHIELD PRO\u00ae ACTIV<\/a><\/span><\/h4>\n<p style=\"text-align: center;\"><span>Clearshield\u00ae Pro ACTIV\u2122 erbjuder det senaste inom teknik f\u00f6r lackskyddsfilm (PPF) och \u00e4r utformad f\u00f6r att<br \/>\nbalansera en omedelbar aktiv sj\u00e4lvl\u00e4kning med en enast\u00e5ende rept\u00e5lighet.<\/span><\/p>\n<p>[\/vc_column_text][vc_empty_space][\/vc_column][vc_column width=&#8221;1\/6&#8243;][\/vc_column][\/vc_row][vc_row full_width=&#8221;stretch_row&#8221; top_margin=&#8221;2x&#8221; el_class=&#8221;light-blue-row&#8221;][vc_column el_class=&#8221;gray-title&#8221;]<div class=\"section-title sep-bottom-lg text-center\"><h3 class=\" normal-title\">VI REKOMMENDERAR<\/h3><\/div>[vc_row_inner][vc_column_inner width=&#8221;1\/3&#8243;]<a href=\"https:\/\/www.solargard.com\/sv\/product\/cx-magnum-ir\/\" class=\"content-link \"><div class=\"content-link-image\" style=\"background-image: url(https:\/\/www.solargard.com\/wp-content\/uploads\/2020\/06\/CX-Magnum-IR-Web-Product20-300x300.jpg)\"><\/div><h4>CX Magnum IRC | Snygg &#038; stort utbud<\/h4><h5><\/h5><p>CX Magnum IRC Bilfilm CX MAGNUM IRC \u00e4r serie nanokeramiska bilfilmer som \u00e4r utformade f\u00f6r att ge ett b\u00e4ttre skydd mot v\u00e4rme och UV samt ge en sk\u00f6nare k\u00f6rkomfort. Samtidigt tillf\u00f6r denna film ett elegant utseende p\u00e5 ditt fordon. Den avancerade keramiska tekniken som CX MAGNUM IRC \u00e4r uppbyggd av, blockerar mer \u00e4n 99% av &hellip; <a href=\"https:\/\/www.solargard.com\/sv\/product\/cx-magnum-ir\/\">Continued<\/a><\/p><\/a>[\/vc_column_inner][vc_column_inner el_class=&#8221;bordered&#8221; width=&#8221;1\/3&#8243;]<a href=\"https:\/\/www.solargard.com\/sv\/product\/cx-magnum-black-morkaste-bilfilmen\/\" class=\"content-link \"><div class=\"content-link-image\" style=\"background-image: url(https:\/\/www.solargard.com\/wp-content\/uploads\/2020\/06\/cx-magnum-WEB-MAIL-300x226.jpg)\"><\/div><h4>CX Magnum Black | M\u00f6rkaste bilfilmserien<\/h4><h5><\/h5><p>CX Magnum Black Bilfilm CX Magnum Black Ceramic filmserie \u00e4r Solar Gards senaste bilfilmsnyhet. Filmen \u00e4r utvecklad med senaste nanoteknologi och absorberar och blockerar b\u00e5de den ultravioletta och den infrar\u00f6da str\u00e5lningen fr\u00e5n solen. Den avancerade nanoteknologin i CX Magnum Black blockerar mer \u00e4n 99% av UV-str\u00e5lningen, reducerar upp till 64% av IR-str\u00e5lningen samt minskar upp &hellip; <a href=\"https:\/\/www.solargard.com\/sv\/product\/cx-magnum-black-morkaste-bilfilmen\/\">Continued<\/a><\/p><\/a>[\/vc_column_inner][vc_column_inner el_class=&#8221;bordered&#8221; width=&#8221;1\/3&#8243;]<a href=\"https:\/\/www.solargard.com\/sv\/product\/galaxie\/\" class=\"content-link \"><div class=\"content-link-image\" style=\"background-image: url(https:\/\/www.solargard.com\/wp-content\/uploads\/2014\/11\/Galaxie-1-2-300x273.jpg)\"><\/div><h4>Galaxie<\/h4><h5><\/h5><p>Uppseendev\u00e4ckande utseende och prestanda med suver\u00e4na v\u00e4rmereducerande egenskaper som inte st\u00f6r elektronisk utrustning. \u00d6verl\u00e4gsen kvalitet och exceptionell prestanda tar din k\u00f6rupplevelse till en ny niv\u00e5 samtidigt som du skyddas fr\u00e5n solens v\u00e4rme och skadliga UV-str\u00e5lning. Egenskaper och f\u00f6rdelar: Djupsvart film i olika toningar att v\u00e4lja fr\u00e5n Blockerar mer \u00e4n 99% av den skadliga ultravioletta str\u00e5lningen &hellip; <a href=\"https:\/\/www.solargard.com\/sv\/product\/galaxie\/\">Continued<\/a><\/p><\/a>[\/vc_column_inner][\/vc_row_inner][\/vc_column][\/vc_row][vc_row top_margin=&#8221;3x&#8221; bottom_margin=&#8221;3x&#8221;][vc_column]<div class=\"section-title sep-bottom-md text-center\"><h3 class=\" normal-title\">RESURSER<\/h3><\/div>[vc_row_inner el_class=&#8221;same-height-row&#8221;][vc_column_inner width=&#8221;1\/4&#8243;][\/vc_column_inner][vc_column_inner width=&#8221;1\/2&#8243;][vc_btn title=&#8221;UNDERH\u00c5LL &amp; SK\u00d6TSEL&#8221; style=&#8221;flat&#8221; shape=&#8221;square&#8221; color=&#8221;primary&#8221; size=&#8221;lg&#8221; align=&#8221;center&#8221; css=&#8221;&#8221; button_block=&#8221;true&#8221; el_class=&#8221;same-height-item&#8221; link=&#8221;url:https%3A%2F%2Fwww.solargard.com%2Fsv%2Fskotsel-och-underhall%2F|title:Sk%C3%B6tsel%20och%20underh%C3%A5ll&#8221;][\/vc_column_inner][vc_column_inner width=&#8221;1\/4&#8243;][\/vc_column_inner][\/vc_row_inner][\/vc_column][\/vc_row][vc_row full_width=&#8221;stretch_row&#8221; bottom_margin=&#8221;xs&#8221; css=&#8221;.vc_custom_1456356435075{background-color: #e5f5fc !important;}&#8221;][vc_column width=&#8221;2\/12&#8243;][\/vc_column][vc_column width=&#8221;4\/12&#8243;]<div class=\"section-title text-center\"><h3 class=\"upper normal-title\">REDO ATT INSTALLERA?<\/h3><\/div>[\/vc_column][vc_column width=&#8221;4\/12&#8243;][vc_btn title=&#8221;N\u00c4RMASTE \u00c5TERF\u00d6RS\u00c4LJARE&#8221; style=&#8221;flat&#8221; shape=&#8221;square&#8221; color=&#8221;primary&#8221; size=&#8221;lg&#8221; align=&#8221;center&#8221; css=&#8221;&#8221; link=&#8221;url:https%3A%2F%2Fwww.solargard.com%2Fsv%2Fnarmaste-aterforsaljare%2F|title:N%C3%A4rmaste%20%C3%85terf%C3%B6rs%C3%A4ljare&#8221;][\/vc_column][vc_column width=&#8221;2\/12&#8243;][\/vc_column][\/vc_row]<\/p>\n<\/div>","protected":false},"excerpt":{"rendered":"<p>[vc_row top_margin=&#8221;2x&#8221; bottom_margin=&#8221;md&#8221;][vc_column][vc_empty_space][\/vc_column][\/vc_row][vc_row top_margin=&#8221;xs&#8221; bottom_margin=&#8221;md&#8221;][vc_column width=&#8221;1\/2&#8243; el_class=&#8221;left-gray-title&#8221; offset=&#8221;vc_col-xs-6&#8243;][vc_column_text css=&#8221;&#8221;] Nano\/Ceramic Tillverkad med avancerad nanoteknologi och st\u00e5r i en klass f\u00f6r sig n\u00e4r du vill optimera b\u00e5de k\u00f6rupplevelsen och komforten. [\/vc_column_text][vc_empty_space height=&#8221;10px&#8221;][\/vc_column][vc_column width=&#8221;1\/2&#8243; offset=&#8221;vc_col-xs-6&#8243;][vc_column_text css=&#8221;&#8221;] Icke Reflekterande De icke-reflekterande filmerna erbjuder insynsskydd, UV-skydd, minskar solv\u00e4rmen utan att p\u00e5verka mobil utrustning. [\/vc_column_text][vc_empty_space height=&#8221;10px&#8221;][\/vc_column][\/vc_row][vc_row top_margin=&#8221;xs&#8221; bottom_margin=&#8221;md&#8221;][vc_column width=&#8221;1\/2&#8243; offset=&#8221;vc_col-xs-6&#8243;][vc_column_text &hellip; <a href=\"https:\/\/www.solargard.com\/sv\/product\/galaxie\/\">Continued<\/a><\/p>\n","protected":false},"author":3,"featured_media":104528,"parent":34643,"menu_order":0,"comment_status":"closed","ping_status":"closed","template":"","meta":{"_acf_changed":false,"footnotes":""},"class_list":["post-27879","page","type-page","status-publish","has-post-thumbnail","hentry"],"acf":[],"_links":{"self":[{"href":"https:\/\/www.solargard.com\/sv\/wp-json\/wp\/v2\/pages\/27879","targetHints":{"allow":["GET"]}}],"collection":[{"href":"https:\/\/www.solargard.com\/sv\/wp-json\/wp\/v2\/pages"}],"about":[{"href":"https:\/\/www.solargard.com\/sv\/wp-json\/wp\/v2\/types\/page"}],"author":[{"embeddable":true,"href":"https:\/\/www.solargard.com\/sv\/wp-json\/wp\/v2\/users\/3"}],"replies":[{"embeddable":true,"href":"https:\/\/www.solargard.com\/sv\/wp-json\/wp\/v2\/comments?post=27879"}],"version-history":[{"count":0,"href":"https:\/\/www.solargard.com\/sv\/wp-json\/wp\/v2\/pages\/27879\/revisions"}],"up":[{"embeddable":true,"href":"https:\/\/www.solargard.com\/sv\/wp-json\/wp\/v2\/pages\/34643"}],"wp:featuredmedia":[{"embeddable":true,"href":"https:\/\/www.solargard.com\/sv\/wp-json\/wp\/v2\/media\/104528"}],"wp:attachment":[{"href":"https:\/\/www.solargard.com\/sv\/wp-json\/wp\/v2\/media?parent=27879"}],"curies":[{"name":"wp","href":"https:\/\/api.w.org\/{rel}","templated":true}]}}