{"id":27882,"date":"2016-03-26T16:05:53","date_gmt":"2016-03-26T16:05:53","guid":{"rendered":"https:\/\/www.solargard.com\/sv\/?page_id=27882"},"modified":"2025-06-09T10:03:13","modified_gmt":"2025-06-09T18:03:13","slug":"hem-och-foretag","status":"publish","type":"page","link":"https:\/\/www.solargard.com\/sv\/komfort-i-hus-och-hem\/hem-och-foretag\/","title":{"rendered":"Komfort i hemmet\/f\u00f6retaget"},"content":{"rendered":"<div class=\"wpb-content-wrapper\"><p>[vc_row top_margin=&#8221;2x&#8221; bottom_margin=&#8221;md&#8221;][vc_column]<div class=\"section-title sg-section-title text-center\"><div class=\"copy-content\"><h1 class=\" normal-title\">Solar Gards fastighetsfilmer<\/h1><\/div><div class=\"border-bg\"><\/div><\/div>[\/vc_column][\/vc_row][vc_row top_margin=&#8221;md&#8221; bottom_margin=&#8221;sm&#8221;][vc_column offset=&#8221;vc_col-xs-12&#8243;][vc_column_text]<\/p>\n<h2 style=\"text-align: center;\">SOLSKYDD<\/h2>\n<p style=\"text-align: center;\">Med Solar Gard\u00ae installerad p\u00e5 f\u00f6nsterglasen i ditt hem eller i dina kontorslokaler kan du spara stora belopp p\u00e5 energikostnaderna,<br \/>\nskapa en behagligare och mer produktiv arbetsmilj\u00f6, minska blekningen av inredningen och f\u00e5 en snyggare exteri\u00f6r.<\/p>\n<p>[\/vc_column_text][vc_empty_space]<div class=\"product-list vc_txt_align_center \"><a href=\"https:\/\/www.solargard.com\/sv\/product\/sentinel\/\" class=\"product-link text-center\"><div class=\"product-image\" style=\"background-image: url(https:\/\/www.solargard.com\/wp-content\/uploads\/2014\/11\/ALL-SENTINEL-PLUS10year-web-product-300x225.jpg)\"><\/div><h4>Exteri\u00f6r &#8211; Alla Sentinel Plus<\/h4><\/a><a href=\"https:\/\/www.solargard.com\/sv\/product\/sentinel-plus-dx-serien\/\" class=\"product-link text-center\"><div class=\"product-image\" style=\"background-image: url(https:\/\/www.solargard.com\/wp-content\/uploads\/2020\/06\/ALL-SENTINEL-PLUS-QX-10y-web-product-300x225.jpg)\"><\/div><h4>Exteri\u00f6r &#8211; Sentinel Plus DX<\/h4><\/a><a href=\"https:\/\/www.solargard.com\/sv\/product\/sentinel-plus-qx-series\/\" class=\"product-link text-center\"><div class=\"product-image\" style=\"background-image: url(https:\/\/www.solargard.com\/wp-content\/uploads\/2020\/06\/1-QX-40-Clarion-Hotel-Arlanda-Airport-Malarfilm-SWlr-300x225.jpg)\"><\/div><h4>Exteri\u00f6r &#8211; Sentinel Plus QX<\/h4><\/a><a href=\"https:\/\/www.solargard.com\/sv\/product\/sentinel-plus-qxn-75\/\" class=\"product-link text-center\"><div class=\"product-image\" style=\"background-image: url(https:\/\/www.solargard.com\/wp-content\/uploads\/2024\/10\/ALL-SENTINEL-PLUS-QXN-10y-web-product-1-300x225.jpg)\"><\/div><h4>Exteri\u00f6r &#8211; Sentinel Plus QXN 75<\/h4><\/a><a href=\"https:\/\/www.solargard.com\/sv\/product\/lx\/\" class=\"product-link text-center\"><div class=\"product-image\" style=\"background-image: url(https:\/\/www.solargard.com\/wp-content\/uploads\/2016\/05\/LX-Hilite_alt-300x200.jpg)\"><\/div><h4>Interi\u00f6r &#8211; LX<\/h4><\/a><a href=\"https:\/\/www.solargard.com\/sv\/product\/silver\/\" class=\"product-link text-center\"><div class=\"product-image\" style=\"background-image: url(https:\/\/www.solargard.com\/wp-content\/uploads\/2014\/11\/DOE2-300x272.jpg)\"><\/div><h4>Interi\u00f6r &#8211; Silver<\/h4><\/a><a href=\"https:\/\/www.solargard.com\/sv\/product\/solar-bronze\/\" class=\"product-link text-center\"><div class=\"product-image\" style=\"background-image: url(https:\/\/www.solargard.com\/wp-content\/uploads\/2014\/11\/Nat_GEO-300x222.jpg)\"><\/div><h4>Interi\u00f6r &#8211; Solar Bronze<\/h4><\/a><a href=\"https:\/\/www.solargard.com\/sv\/product\/stainless-steel\/\" class=\"product-link text-center\"><div class=\"product-image\" style=\"background-image: url(https:\/\/www.solargard.com\/wp-content\/uploads\/2016\/05\/StainlessSteel-300x200.jpg)\"><\/div><h4>Interi\u00f6r &#8211; Stainless Steel<\/h4><\/a><a href=\"https:\/\/www.solargard.com\/sv\/product\/sterling\/\" class=\"product-link text-center\"><div class=\"product-image\" style=\"background-image: url(https:\/\/www.solargard.com\/wp-content\/uploads\/2016\/03\/AyersPhoto-300x225.jpg)\"><\/div><h4>Interi\u00f6r &#8211; Sterling<\/h4><\/a><a href=\"https:\/\/www.solargard.com\/sv\/product\/truevue\/\" class=\"product-link text-center\"><div class=\"product-image\" style=\"background-image: url(https:\/\/www.solargard.com\/wp-content\/uploads\/2016\/03\/shutterstock_270840203_edited_warm-300x200.jpg)\"><\/div><h4>Interi\u00f6r &#8211; TrueVue<\/h4><\/a><\/div>[vc_row_inner][vc_column_inner][vc_column_text]<\/p>\n<h2 style=\"text-align: center;\">L\u00c5GENERGIFILM<\/h2>\n<p style=\"text-align: center;\"><span>Precis som l\u00e5genergiglass \u00e4r dessa multi-klimatfilmer utformade f\u00f6r att blockera solv\u00e4rmen p\u00e5 sommaren och beh\u00e5lla v\u00e4rmen inomhus under vintern.<\/span><\/p>\n<p>[\/vc_column_text][vc_empty_space]<div class=\"product-list vc_txt_align_center \"><a href=\"https:\/\/www.solargard.com\/sv\/product\/ecolux\/\" class=\"product-link text-center\"><div class=\"product-image\" style=\"background-image: url(https:\/\/www.solargard.com\/wp-content\/uploads\/2014\/11\/ecolux-300x300.jpg)\"><\/div><h4>Low-E Ecolux&#x2122;<\/h4><\/a><a href=\"https:\/\/www.solargard.com\/sv\/product\/silver-ag-low-e\/\" class=\"product-link text-center\"><div class=\"product-image\" style=\"background-image: url(https:\/\/www.solargard.com\/wp-content\/uploads\/2014\/12\/solargard-silver-ag22-2-300x200.jpg)\"><\/div><h4>Low-E Silver AG<\/h4><\/a><\/div>[\/vc_column_inner][\/vc_row_inner][\/vc_column][\/vc_row][vc_row][vc_column][vc_column_text]<\/p>\n<h2 style=\"text-align: center;\">S\u00c4KERHET<\/h2>\n<p style=\"text-align: center;\">Solar Gard erbjuder ett osynlig skydd till dina f\u00f6nster och glasytor. Solar Gard Armorcoat\u00ae skyddar dina n\u00e4ra och k\u00e4ra samt dina \u00e4godelar fr\u00e5n h\u00e5rt v\u00e4der, intr\u00e5ng, olyckor och \u00e4ven vid attentat.<\/p>\n<p>[\/vc_column_text][vc_empty_space][vc_row_inner][vc_column_inner]<div class=\"product-list vc_txt_align_center \"><a href=\"https:\/\/www.solargard.com\/sv\/product\/klar-sakerhetsfilm\/\" class=\"product-link text-center\"><div class=\"product-image\" style=\"background-image: url(https:\/\/www.solargard.com\/wp-content\/uploads\/2016\/05\/Safety-alt-300x200.jpg)\"><\/div><h4>Klar s\u00e4kerhetsfilm<\/h4><\/a><a href=\"https:\/\/www.solargard.com\/sv\/product\/sol-och-sakerhetsfilm\/\" class=\"product-link text-center\"><div class=\"product-image\" style=\"background-image: url(https:\/\/www.solargard.com\/wp-content\/uploads\/2016\/05\/Safety-300x179.jpg)\"><\/div><h4>Sol- och s\u00e4kerhetsfilm<\/h4><\/a><\/div>[\/vc_column_inner][\/vc_row_inner][\/vc_column][\/vc_row][vc_row top_margin=&#8221;md&#8221; bottom_margin=&#8221;none&#8221;][vc_column]<div class=\"section-title sg-section-title text-center\"><div class=\"copy-content\"><h4 class=\" normal-title\">S\u00e5 mycket mer \u00e4n bara solskydd...<\/h4><\/div><div class=\"border-bg\"><\/div><\/div>[\/vc_column][\/vc_row][vc_row top_margin=&#8221;md&#8221; bottom_margin=&#8221;sm&#8221;][vc_column width=&#8221;1\/2&#8243; offset=&#8221;vc_col-xs-6&#8243;]<a href=\"https:\/\/www.solargard.com\/sv\/product-category\/dekorfilmer\/\" class=\"product-category-link\">\n    <div class=\"content-link-image\" style=\"background-image:url('https:\/\/www.solargard.com\/wp-content\/uploads\/2016\/05\/Decorative-film-1024x620.jpg')\">\n      \n    <\/div>\n    <h4>\n      Dekorfilmer\n    <\/h4>\n    <p>\n      Solar Gards dekorfilmer ger obegr\u00e4nsade m\u00f6jligheter f\u00f6r att skapa vackra och unika l\u00f6sningar f\u00f6r alla typer av f\u00f6retag, oavsett om m\u00e5let \u00e4r att locka uppm\u00e4rksamhet eller skapa ett diskret insynsskydd.\n    <\/p>\n  <\/a>[\/vc_column][vc_column width=&#8221;1\/2&#8243; offset=&#8221;vc_col-xs-6&#8243;]<a href=\"https:\/\/www.solargard.com\/sv\/product-category\/fastighetsfilm\/anti-graffiti-sv\/\" class=\"product-category-link\">\n    <div class=\"content-link-image\" style=\"background-image:url('https:\/\/www.solargard.com\/wp-content\/uploads\/2016\/05\/Anti-Grafitti-1024x768.jpg')\">\n      \n    <\/div>\n    <h4>\n      Anti-Graffiti\n    <\/h4>\n    <p>\n      <span>Skyddsfilmen Solar Gard\u00ae Graffitigard \u00e4r en slitstark, transparent och avtagbar produkt som skyddar ytan under fr\u00e5n klotter. Den kan anv\u00e4ndas p\u00e5 glasf\u00f6nster inom- och utomhus, p\u00e5 speglar och icke-por\u00f6sa material som till exempel rostfritt st\u00e5l och marmor. Den osynliga filmen skyddar ytor fr\u00e5n f\u00e4rg, repning, klotter och till och med fr\u00e4tskador.\u00a0<\/span>\n    <\/p>\n  <\/a>[\/vc_column][\/vc_row][vc_row full_width=&#8221;stretch_row&#8221; el_class=&#8221;light-blue-row&#8221;][vc_column el_class=&#8221;gray-title&#8221;]<div class=\"section-title sep-bottom-md text-center\"><h3 class=\" normal-title\">VI REKOMMENDERAR<\/h3><\/div>[vc_row_inner][vc_column_inner el_class=&#8221;bordered&#8221; width=&#8221;1\/3&#8243;]<a href=\"https:\/\/www.solargard.com\/sv\/product\/sentinel\/\" class=\"content-link text-left\" ><div class=\"content-link-image \" style=\"background-image: url(https:\/\/www.solargard.com\/wp-content\/uploads\/2016\/03\/sentinel-dx-malarfilm-3.jpg)\" ><\/div><h4>SENTINEL PLUS<\/h4><h5>H\u00d6GEFFEKTIVT UTV\u00c4NDIGT SKYDD<\/h5><p>Sentinel Plus-filmerna \u00e4r utformade som ett yttre skydd f\u00f6r fastigheter genom att reducera v\u00e4rmetoppar och bl\u00e4ndning samt blockera skadlig UV-str\u00e5lning.<\/p><\/a>[\/vc_column_inner][vc_column_inner el_class=&#8221;bordered&#8221; width=&#8221;1\/3&#8243;]<a href=\"https:\/\/www.solargard.com\/sv\/product\/klar-sakerhetsfilm\/\" class=\"content-link text-left\" ><div class=\"content-link-image \" style=\"background-image: url(https:\/\/www.solargard.com\/wp-content\/uploads\/2016\/03\/safety-films-featured-emea.jpg)\" ><\/div><h4>Armorcoat\u00ae<\/h4><h5>ALLT FR\u00c5N EN GOLFBOLL TILL FULLSKALIGA ORKANER<\/h5><p>Den optiskt transparenta Armorcoat\u00ae s\u00e4kerhetsfilmen \u00e4r helt f\u00e4rgl\u00f6s och kan inte uppt\u00e4ckas s\u00e5 l\u00e4tt p\u00e5 glaset vilket skapar en osynlig barri\u00e4r p\u00e5 befintliga glas d\u00e4r s\u00e4kerheten \u00e4r ett problem.<\/p><\/a>[\/vc_column_inner][vc_column_inner el_class=&#8221;bordered&#8221; width=&#8221;1\/3&#8243;]<a href=\"https:\/\/www.solargard.com\/sv\/product\/sterling\/\" class=\"content-link \"><div class=\"content-link-image\" style=\"background-image: url(https:\/\/www.solargard.com\/wp-content\/uploads\/2016\/03\/AyersPhoto-300x225.jpg)\"><\/div><h4>Interi\u00f6r &#8211; Sterling<\/h4><h5>INSYNSSKYDD &amp; ESTETIK<\/h5><p>Solar Gards Sterling-serie \u00e4r en spektralt selektiv film som sl\u00e4pper igenom mycket av det synliga ljuset. Sterling-serien best\u00e5r av filmer som reflekterar bort solenergi samtidigt som den har stort ljusgenomsl\u00e4pp. Detta ger dig en ljusare och vackrare inomhusmilj\u00f6 kombinerat med en behagligare inomhustemperatur. Sterling-serien erbjuder ett brett urval av m\u00f6jligheter till v\u00e4rmereduktion \u2013 allt ifr\u00e5n &hellip; <a href=\"https:\/\/www.solargard.com\/sv\/product\/sterling\/\">Continued<\/a><\/p><\/a>[\/vc_column_inner][\/vc_row_inner][\/vc_column][vc_column][\/vc_column][\/vc_row][vc_row top_margin=&#8221;md&#8221;][vc_column]<div class=\"section-title sep-bottom-md text-center\"><h3 class=\" normal-title\">N\u00c4R DU INSTALLERAT FILM...<\/h3><\/div>[vc_empty_space][vc_row_inner el_class=&#8221;same-height-row&#8221;][vc_column_inner width=&#8221;1\/3&#8243;][\/vc_column_inner][vc_column_inner width=&#8221;1\/3&#8243;][vc_btn title=&#8221;SK\u00d6T OM DIN FILM S\u00c5 H\u00c5LLER DEN L\u00c4NGRE!&#8221; style=&#8221;flat&#8221; shape=&#8221;square&#8221; color=&#8221;primary&#8221; size=&#8221;lg&#8221; align=&#8221;center&#8221; css=&#8221;&#8221; button_block=&#8221;true&#8221; el_class=&#8221;same-height-item&#8221; link=&#8221;url:https%3A%2F%2Fwww.solargard.com%2Fsv%2Fskotsel-och-underhall%2F&#8221;][\/vc_column_inner][vc_column_inner width=&#8221;1\/3&#8243;][\/vc_column_inner][\/vc_row_inner][\/vc_column][\/vc_row][vc_row full_width=&#8221;stretch_row&#8221; bottom_margin=&#8221;xs&#8221; css=&#8221;.vc_custom_1456356450604{background-color: #e5f5fc !important;}&#8221;][vc_column width=&#8221;2\/12&#8243;][\/vc_column][vc_column width=&#8221;4\/12&#8243;]<div class=\"section-title text-center\"><h3 class=\"upper normal-title\">Redo att installera?<\/h3><\/div>[\/vc_column][vc_column width=&#8221;4\/12&#8243;][vc_btn title=&#8221;N\u00c4RMASTE \u00c5TERF\u00d6RS\u00c4LJARE&#8221; style=&#8221;flat&#8221; shape=&#8221;square&#8221; color=&#8221;primary&#8221; css=&#8221;&#8221; link=&#8221;url:https%3A%2F%2Fwww.solargard.com%2Fsv%2Ffind-a-dealer%2F&#8221;][\/vc_column][vc_column width=&#8221;2\/12&#8243;][\/vc_column][\/vc_row]<\/p>\n<\/div>","protected":false},"excerpt":{"rendered":"<p>[vc_row top_margin=&#8221;2x&#8221; bottom_margin=&#8221;md&#8221;][vc_column][\/vc_column][\/vc_row][vc_row top_margin=&#8221;md&#8221; bottom_margin=&#8221;sm&#8221;][vc_column offset=&#8221;vc_col-xs-12&#8243;][vc_column_text] SOLSKYDD Med Solar Gard\u00ae installerad p\u00e5 f\u00f6nsterglasen i ditt hem eller i dina kontorslokaler kan du spara stora belopp p\u00e5 energikostnaderna, skapa en behagligare och mer produktiv arbetsmilj\u00f6, minska blekningen av inredningen och f\u00e5 en snyggare exteri\u00f6r. [\/vc_column_text][vc_empty_space][vc_row_inner][vc_column_inner][vc_column_text] L\u00c5GENERGIFILM Precis som l\u00e5genergiglass \u00e4r dessa multi-klimatfilmer utformade f\u00f6r att blockera &hellip; <a href=\"https:\/\/www.solargard.com\/sv\/product\/sterling\/\">Continued<\/a><\/p>\n","protected":false},"author":3,"featured_media":21238,"parent":34657,"menu_order":0,"comment_status":"closed","ping_status":"closed","template":"","meta":{"_acf_changed":false,"footnotes":""},"class_list":["post-27882","page","type-page","status-publish","has-post-thumbnail","hentry"],"acf":[],"_links":{"self":[{"href":"https:\/\/www.solargard.com\/sv\/wp-json\/wp\/v2\/pages\/27882","targetHints":{"allow":["GET"]}}],"collection":[{"href":"https:\/\/www.solargard.com\/sv\/wp-json\/wp\/v2\/pages"}],"about":[{"href":"https:\/\/www.solargard.com\/sv\/wp-json\/wp\/v2\/types\/page"}],"author":[{"embeddable":true,"href":"https:\/\/www.solargard.com\/sv\/wp-json\/wp\/v2\/users\/3"}],"replies":[{"embeddable":true,"href":"https:\/\/www.solargard.com\/sv\/wp-json\/wp\/v2\/comments?post=27882"}],"version-history":[{"count":0,"href":"https:\/\/www.solargard.com\/sv\/wp-json\/wp\/v2\/pages\/27882\/revisions"}],"up":[{"embeddable":true,"href":"https:\/\/www.solargard.com\/sv\/wp-json\/wp\/v2\/pages\/34657"}],"wp:featuredmedia":[{"embeddable":true,"href":"https:\/\/www.solargard.com\/sv\/wp-json\/wp\/v2\/media\/21238"}],"wp:attachment":[{"href":"https:\/\/www.solargard.com\/sv\/wp-json\/wp\/v2\/media?parent=27882"}],"curies":[{"name":"wp","href":"https:\/\/api.w.org\/{rel}","templated":true}]}}