{"id":27934,"date":"2016-03-29T14:52:30","date_gmt":"2016-03-29T14:52:30","guid":{"rendered":"https:\/\/www.solargard.com\/sv\/?page_id=27934"},"modified":"2025-06-09T10:35:41","modified_gmt":"2025-06-09T18:35:41","slug":"skotsel-och-underhall","status":"publish","type":"page","link":"https:\/\/www.solargard.com\/sv\/skotsel-och-underhall\/","title":{"rendered":"Sk\u00f6tsel och underh\u00e5ll"},"content":{"rendered":"<div class=\"wpb-content-wrapper\"><p>[vc_row top_margin=&#8221;md&#8221; bottom_margin=&#8221;md&#8221;][vc_column]<div class=\"section-title sg-section-title text-center\"><div class=\"copy-content\"><h1 class=\" normal-title\">Sk\u00f6tsel och underh\u00e5ll av f\u00f6nsterfilm<\/h1><\/div><div class=\"border-bg\"><\/div><\/div>[\/vc_column][vc_column width=&#8221;1\/2&#8243; css=&#8221;.vc_custom_1457739255357{margin-top: 20px !important;}&#8221;][vc_column_text]<\/p>\n<h3><strong>Filmens torktid:<\/strong><\/h3>\n<p><strong><img loading=\"lazy\" decoding=\"async\" class=\"alignnone wp-image-96806 size-full\" src=\"https:\/\/www.solargard.com\/wp-content\/uploads\/2022\/05\/solargard-skotselrad-torktid-e1652085710542.png\" alt=\"\" width=\"926\" height=\"358\" srcset=\"https:\/\/www.solargard.com\/wp-content\/uploads\/2022\/05\/solargard-skotselrad-torktid-e1652085710542.png 926w, https:\/\/www.solargard.com\/wp-content\/uploads\/2022\/05\/solargard-skotselrad-torktid-e1652085710542-300x116.png 300w, https:\/\/www.solargard.com\/wp-content\/uploads\/2022\/05\/solargard-skotselrad-torktid-e1652085710542-768x297.png 768w, https:\/\/www.solargard.com\/wp-content\/uploads\/2022\/05\/solargard-skotselrad-torktid-e1652085710542-190x73.png 190w, https:\/\/www.solargard.com\/wp-content\/uploads\/2022\/05\/solargard-skotselrad-torktid-e1652085710542-600x232.png 600w\" sizes=\"auto, (max-width: 926px) 100vw, 926px\" \/><\/strong>[\/vc_column_text][vc_empty_space][vc_column_text]Montagel\u00f6sningen som anv\u00e4nds vid installation av Solar Gards f\u00f6nstefilmer kan kr\u00e4va en viss tid f\u00f6r att torka. I kallare klimat och i solfattigare\u00a0omr\u00e5den kan torktiden f\u00f6rl\u00e4ngas medan den\u00a0kan f\u00f6rkortas i varmare\u00a0och soligare klimat.\u00a0Sm\u00e5 vattenbubblor och\u00a0&#8221;dimbildning&#8221; kan f\u00f6rekomma under torktiden men ingen panik! Detta \u00e4r helt normalt och det kommer att f\u00f6rsvinna d\u00e5 den torkat f\u00e4rdigt.[\/vc_column_text][\/vc_column][vc_column width=&#8221;1\/2&#8243; css=&#8221;.vc_custom_1457739267025{margin-top: 50px !important;}&#8221;][vc_empty_space height=&#8221;40px&#8221;][vc_single_image image=&#8221;96807&#8243; img_size=&#8221;large&#8221; css=&#8221;.vc_custom_1652085829159{border-radius: 20px !important;}&#8221;][\/vc_column][\/vc_row][vc_row full_width=&#8221;stretch_row&#8221; top_margin=&#8221;sm&#8221; bottom_margin=&#8221;md&#8221; css=&#8221;.vc_custom_1652086408759{background-color: #dcf0f7 !important;}&#8221;][vc_column width=&#8221;1\/2&#8243;][vc_column_text]<\/p>\n<h3><strong>Tv\u00e4ttinstruktioner:<\/strong><\/h3>\n<p>F\u00f6r att maximera livsl\u00e4ngden p\u00e5 filmen, f\u00f6lj dessa instruktioner f\u00f6r hur du\u00a0skall ta\u00a0hand om filmen p\u00e5 b\u00e4sta s\u00e4tt.<\/p>\n<ul>\n<li>Anv\u00e4nd ALLTID rena\u00a0och\u00a0mjuka material vid reng\u00f6ring och torkning av f\u00f6nsterfilmen.<\/li>\n<\/ul>\n<p>&nbsp;<\/p>\n<ul>\n<li>De flesta glasreng\u00f6ringsprodukterna g\u00e5r\u00a0att anv\u00e4nda (medlet f\u00e5r ALDRIG inneh\u00e5lla ammoniak eller andra starka medel!). Det vi rekommenderar \u00e4r att blanda\u00a0lite\u00a0diskmedel (ca 15 ml)\u00a0med 1 liter fr\u00e4scht och rent vatten.<\/li>\n<\/ul>\n<p>&nbsp;<\/p>\n<ul>\n<li>En mjuk trasa eller en ren syntetisk svamp rekommenderas vid reng\u00f6ring av f\u00f6nsterfilm, b\u00e5de vid sj\u00e4lva reng\u00f6ringen. Anv\u00e4nd en ny och ren\u00a0mjuk trasa eller svamp plus gummiskrapa\u00a0vid eftertorkningen.<\/li>\n<\/ul>\n<p>[\/vc_column_text][\/vc_column][vc_column width=&#8221;1\/2&#8243;][vc_column_text css=&#8221;.vc_custom_1652086215565{margin-top: 30px !important;}&#8221;]<\/p>\n<ul>\n<li>F\u00f6r att undvika repor p\u00e5 filmen, undvik att anv\u00e4nda borstar, skrubbsvampar eller reng\u00f6ringsmaterial som eventuellt kan ha kontaminerats av\u00a0smutspartiklar. Undvik \u00e4ven att tv\u00e4tta insides- och utsidesfilmer med samma material.<\/li>\n<li>Vissa typer av papperhanddukar kan ge repor p\u00e5 filmen, \u00e4ven p\u00e5 repskyddade filmer med hard coat bel\u00e4ggning. Du kanske inte ser dem direkt men i l\u00e4ngden kan de g\u00f6ra skada p\u00e5 filmen och den kanske aldrig blir lika fin och\u00a0blank som den en g\u00e5ng var.<\/li>\n<li>\n<h5><span style=\"color: #ff6600;\"><strong>OBS! TV\u00c4TTA INTE F\u00d6NSTREN UNDER DE F\u00d6RSTA 30 DAGARNA EFTER INSTALLATION!<\/strong><\/span><\/h5>\n<\/li>\n<\/ul>\n<p>[\/vc_column_text][\/vc_column][\/vc_row]<\/p>\n<\/div>","protected":false},"excerpt":{"rendered":"<p>[vc_row top_margin=&#8221;md&#8221; bottom_margin=&#8221;md&#8221;][vc_column][\/vc_column][vc_column width=&#8221;1\/2&#8243; css=&#8221;.vc_custom_1457739255357{margin-top: 20px !important;}&#8221;][vc_column_text] Filmens torktid: [\/vc_column_text][vc_empty_space][vc_column_text]Montagel\u00f6sningen som anv\u00e4nds vid installation av Solar Gards f\u00f6nstefilmer kan kr\u00e4va en viss tid f\u00f6r att torka. I kallare klimat och i solfattigare\u00a0omr\u00e5den kan torktiden f\u00f6rl\u00e4ngas medan den\u00a0kan f\u00f6rkortas i varmare\u00a0och soligare klimat.\u00a0Sm\u00e5 vattenbubblor och\u00a0&#8221;dimbildning&#8221; kan f\u00f6rekomma under torktiden men ingen panik! Detta \u00e4r helt normalt &hellip; <a href=\"https:\/\/www.solargard.com\/sv\/skotsel-och-underhall\/\">Continued<\/a><\/p>\n","protected":false},"author":3,"featured_media":0,"parent":0,"menu_order":0,"comment_status":"closed","ping_status":"closed","template":"","meta":{"_acf_changed":false,"footnotes":""},"class_list":["post-27934","page","type-page","status-publish","hentry"],"acf":[],"_links":{"self":[{"href":"https:\/\/www.solargard.com\/sv\/wp-json\/wp\/v2\/pages\/27934","targetHints":{"allow":["GET"]}}],"collection":[{"href":"https:\/\/www.solargard.com\/sv\/wp-json\/wp\/v2\/pages"}],"about":[{"href":"https:\/\/www.solargard.com\/sv\/wp-json\/wp\/v2\/types\/page"}],"author":[{"embeddable":true,"href":"https:\/\/www.solargard.com\/sv\/wp-json\/wp\/v2\/users\/3"}],"replies":[{"embeddable":true,"href":"https:\/\/www.solargard.com\/sv\/wp-json\/wp\/v2\/comments?post=27934"}],"version-history":[{"count":0,"href":"https:\/\/www.solargard.com\/sv\/wp-json\/wp\/v2\/pages\/27934\/revisions"}],"wp:attachment":[{"href":"https:\/\/www.solargard.com\/sv\/wp-json\/wp\/v2\/media?parent=27934"}],"curies":[{"name":"wp","href":"https:\/\/api.w.org\/{rel}","templated":true}]}}