{"id":27949,"date":"2016-03-27T11:21:42","date_gmt":"2016-03-27T11:21:42","guid":{"rendered":"https:\/\/www.solargard.com\/sv\/?page_id=27949"},"modified":"2025-06-09T10:06:51","modified_gmt":"2025-06-09T18:06:51","slug":"utsidesfilm","status":"publish","type":"page","link":"https:\/\/www.solargard.com\/sv\/komfort-i-hus-och-hem\/hem-och-foretag\/utsidesfilm\/","title":{"rendered":"Exteri\u00f6r F\u00f6nsterfilm"},"content":{"rendered":"<div class=\"wpb-content-wrapper\"><p>[vc_row top_margin=&#8221;md&#8221; bottom_margin=&#8221;xs&#8221;][vc_column]<div class=\"section-title sg-section-title text-center\"><div class=\"copy-content\"><h1 class=\" normal-title\">Utsidesfilm<\/h1><\/div><div class=\"border-bg\"><\/div><\/div>[\/vc_column][\/vc_row][vc_row top_margin=&#8221;none&#8221;][vc_column el_class=&#8221;left-gray-title&#8221;][vc_column_text css=&#8221;&#8221;]<\/p>\n<p style=\"text-align: center;\">Stoppa v\u00e4rmen redan vid glaset!<br \/>\nSolar Gard Sentinel\u2122 Plus\u00a0utsidesfilmer (OSW) minimerar solv\u00e4rmeinsl\u00e4ppet i alla typer av byggnader.<\/p>\n<p style=\"text-align: center;\"><span>SOLAR GARD SENTINEL PLUS firade 10 \u00e5r p\u00e5 marknaden f\u00f6rra \u00e5ret.<br \/>\n<\/span><span>Saint-Gobain Solar Gard har nu tillr\u00e4cklig erfarenhet f\u00f6r att ut\u00f6ka sin fabriksgaranti med upp till 10 \u00e5r* f\u00f6r alla v\u00e5ra kunder!<\/span><\/p>\n<h6 style=\"text-align: center;\"><a href=\"https:\/\/www.solargard.com\/sv\/affars-garanti-leverans-villkor\/\" target=\"_blank\" rel=\"noopener\">*Se v\u00e5ra f\u00f6rs\u00e4ljnings- och garantivillkor<\/a><\/h6>\n<p>[\/vc_column_text][\/vc_column][\/vc_row][vc_row top_margin=&#8221;none&#8221; bottom_margin=&#8221;none&#8221;][vc_column]<div class=\"product-list vc_txt_align_center \"><a href=\"https:\/\/www.solargard.com\/sv\/product\/sentinel\/\" class=\"product-link text-center\"><div class=\"product-image\" style=\"background-image: url(https:\/\/www.solargard.com\/wp-content\/uploads\/2014\/11\/ALL-SENTINEL-PLUS10year-web-product-300x225.jpg)\"><\/div><h4>Exteri\u00f6r &#8211; Alla Sentinel Plus<\/h4><\/a><a href=\"https:\/\/www.solargard.com\/sv\/product\/sentinel-plus-dx-serien\/\" class=\"product-link text-center\"><div class=\"product-image\" style=\"background-image: url(https:\/\/www.solargard.com\/wp-content\/uploads\/2020\/06\/ALL-SENTINEL-PLUS-QX-10y-web-product-300x225.jpg)\"><\/div><h4>Exteri\u00f6r &#8211; Sentinel Plus DX<\/h4><\/a><a href=\"https:\/\/www.solargard.com\/sv\/product\/sentinel-plus-qx-series\/\" class=\"product-link text-center\"><div class=\"product-image\" style=\"background-image: url(https:\/\/www.solargard.com\/wp-content\/uploads\/2020\/06\/1-QX-40-Clarion-Hotel-Arlanda-Airport-Malarfilm-SWlr-300x225.jpg)\"><\/div><h4>Exteri\u00f6r &#8211; Sentinel Plus QX<\/h4><\/a><a href=\"https:\/\/www.solargard.com\/sv\/product\/sentinel-plus-qxn-75\/\" class=\"product-link text-center\"><div class=\"product-image\" style=\"background-image: url(https:\/\/www.solargard.com\/wp-content\/uploads\/2024\/10\/ALL-SENTINEL-PLUS-QXN-10y-web-product-1-300x225.jpg)\"><\/div><h4>Exteri\u00f6r &#8211; Sentinel Plus QXN 75<\/h4><\/a><\/div>[\/vc_column][\/vc_row][vc_row full_width=&#8221;stretch_row&#8221; content_placement=&#8221;top&#8221; parallax=&#8221;content-moving&#8221; parallax_image=&#8221;100687&#8243; light=&#8221;1&#8243; top_margin=&#8221;none&#8221; bottom_margin=&#8221;none&#8221; css=&#8221;.vc_custom_1728394491161{background-image: url(https:\/\/www.solargard.com\/wp-content\/uploads\/2023\/04\/bg-greenblu.jpg?id=100687) !important;}&#8221;][vc_column width=&#8221;1\/4&#8243;][vc_column_text css=&#8221;&#8221;]<\/p>\n<h3><span style=\"color: #ffffff;\">VARF\u00d6R V\u00c4LJA SOLAR GARDS<br \/>\n<\/span><span style=\"color: #ffffff;\"><strong>UTV\u00c4NDIGA F\u00d6NSTERFILMER?<\/strong><\/span><\/h3>\n<p>[\/vc_column_text][\/vc_column][vc_column width=&#8221;3\/4&#8243;][vc_column_text css=&#8221;&#8221;]<\/p>\n<blockquote><p><span><span style=\"color: #ff9900;\">\u2713<\/span> EPD &amp; FDES verifierade av programoperat\u00f6rerna Environdec, IBU, INIES och NIBE<\/span><\/p>\n<p><span><span style=\"color: #ff9900;\">\u2713<\/span> CSTB-certifiering \/ AVIS Technique<\/span><\/p>\n<p><span><span style=\"color: #ff9900;\">\u2713<\/span> Tekniskt support, energikalkyler, carbon footprint<\/span><\/p>\n<p><span><span style=\"color: #ff9900;\">\u2713<\/span> Ett stort n\u00e4tverk med auktoriserade installat\u00f6rer<\/span><\/p>\n<p><span><span style=\"color: #ff9900;\">\u2713<\/span> 10 \u00e5rs garanti* (vertikala installationer)<\/span><\/p><\/blockquote>\n<p>[\/vc_column_text][vc_empty_space height=&#8221;30px&#8221;][\/vc_column][\/vc_row][vc_row top_margin=&#8221;sm&#8221; bottom_margin=&#8221;none&#8221;][vc_column][\/vc_column][\/vc_row][vc_row full_width=&#8221;stretch_row&#8221; content_placement=&#8221;middle&#8221; top_margin=&#8221;xs&#8221; bottom_margin=&#8221;sm&#8221; css=&#8221;.vc_custom_1727786906658{background-color: #e5f5fc !important;}&#8221;][vc_column width=&#8221;2\/12&#8243;][\/vc_column][vc_column width=&#8221;4\/12&#8243;]<div class=\"section-title text-center\"><h3 class=\"upper normal-title\">VILL DU UPPGRADERA DINA BEFINTLIGA GLAS?<\/h3><\/div>[\/vc_column][vc_column width=&#8221;4\/12&#8243;][vc_btn title=&#8221;\u00c5TERF\u00d6RS\u00c4LJARE N\u00c4RA DIG&#8221; style=&#8221;flat&#8221; shape=&#8221;square&#8221; color=&#8221;primary&#8221; css=&#8221;&#8221; link=&#8221;url:https%3A%2F%2Fwww.solargard.com%2Fsv%2Fnarmaste-aterforsaljare%2F|title:N%C3%A4rmaste%20%C3%85terf%C3%B6rs%C3%A4ljare&#8221;][\/vc_column][vc_column width=&#8221;2\/12&#8243;][\/vc_column][\/vc_row]<\/p>\n<\/div>","protected":false},"excerpt":{"rendered":"<p>[vc_row top_margin=&#8221;md&#8221; bottom_margin=&#8221;xs&#8221;][vc_column][\/vc_column][\/vc_row][vc_row top_margin=&#8221;none&#8221;][vc_column el_class=&#8221;left-gray-title&#8221;][vc_column_text css=&#8221;&#8221;] Stoppa v\u00e4rmen redan vid glaset! Solar Gard Sentinel\u2122 Plus\u00a0utsidesfilmer (OSW) minimerar solv\u00e4rmeinsl\u00e4ppet i alla typer av byggnader. SOLAR GARD SENTINEL PLUS firade 10 \u00e5r p\u00e5 marknaden f\u00f6rra \u00e5ret. Saint-Gobain Solar Gard har nu tillr\u00e4cklig erfarenhet f\u00f6r att ut\u00f6ka sin fabriksgaranti med upp till 10 \u00e5r* f\u00f6r alla v\u00e5ra kunder! &hellip; <a href=\"https:\/\/www.solargard.com\/sv\/product\/sentinel-plus-qxn-75\/\">Continued<\/a><\/p>\n","protected":false},"author":3,"featured_media":0,"parent":27882,"menu_order":0,"comment_status":"closed","ping_status":"closed","template":"","meta":{"_acf_changed":false,"footnotes":""},"class_list":["post-27949","page","type-page","status-publish","hentry"],"acf":[],"_links":{"self":[{"href":"https:\/\/www.solargard.com\/sv\/wp-json\/wp\/v2\/pages\/27949","targetHints":{"allow":["GET"]}}],"collection":[{"href":"https:\/\/www.solargard.com\/sv\/wp-json\/wp\/v2\/pages"}],"about":[{"href":"https:\/\/www.solargard.com\/sv\/wp-json\/wp\/v2\/types\/page"}],"author":[{"embeddable":true,"href":"https:\/\/www.solargard.com\/sv\/wp-json\/wp\/v2\/users\/3"}],"replies":[{"embeddable":true,"href":"https:\/\/www.solargard.com\/sv\/wp-json\/wp\/v2\/comments?post=27949"}],"version-history":[{"count":0,"href":"https:\/\/www.solargard.com\/sv\/wp-json\/wp\/v2\/pages\/27949\/revisions"}],"up":[{"embeddable":true,"href":"https:\/\/www.solargard.com\/sv\/wp-json\/wp\/v2\/pages\/27882"}],"wp:attachment":[{"href":"https:\/\/www.solargard.com\/sv\/wp-json\/wp\/v2\/media?parent=27949"}],"curies":[{"name":"wp","href":"https:\/\/api.w.org\/{rel}","templated":true}]}}