{"id":27954,"date":"2016-03-27T11:27:55","date_gmt":"2016-03-27T11:27:55","guid":{"rendered":"https:\/\/www.solargard.com\/sv\/?page_id=27954"},"modified":"2025-12-22T00:44:04","modified_gmt":"2025-12-22T08:44:04","slug":"lagenergifilmer","status":"publish","type":"page","link":"https:\/\/www.solargard.com\/sv\/komfort-i-hus-och-hem\/hem-och-foretag\/lagenergifilmer\/","title":{"rendered":"L\u00e5genergifilmer (Low-E)"},"content":{"rendered":"<div class=\"wpb-content-wrapper\"><p>[vc_row bottom_margin=&#8221;sm&#8221;][vc_column]<div class=\"section-title sg-section-title text-center\"><div class=\"copy-content\"><h4 class=\" normal-title\">L\u00e5genergifilm (Low-E) f\u00f6r fastigheter<\/h4><\/div><div class=\"border-bg\"><\/div><\/div>[\/vc_column][\/vc_row][vc_row content_placement=&#8221;top&#8221; top_margin=&#8221;none&#8221; bottom_margin=&#8221;sm&#8221;][vc_column][vc_column_text css=&#8221;&#8221;]<\/p>\n<div class=\"wpb_raw_code wpb_content_element wpb_raw_html\">\n<div class=\"wpb_wrapper\">\n<h4 style=\"text-align: center;\"><strong>L\u00e5genergifilm kan fungera som \u00e5terbruk av befintliga f\u00f6nster och glas!<\/strong><\/h4>\n<h4 style=\"text-align: center;\"><strong>V\u00e5ra l\u00e5genergifilmer beh\u00e5ller v\u00e4rmen inomhus vintertid och reflekterar bort<br \/>\nsolv\u00e4rmen sommartid och skapar en komfortabel inomhustemperatur.<br \/>\n<\/strong><strong>Det betyder att du b\u00e5de kan spara pengar och f\u00e5 ett perfekt inomhusklimat \u2013 \u00e5ret runt!<\/strong><\/h4>\n<\/div>\n<\/div>\n<p>[\/vc_column_text][\/vc_column][\/vc_row][vc_row][vc_column width=&#8221;1\/2&#8243;]<div class=\"section-title text-center\"><h3 class=\"upper normal-title\">ECOLUX 70<\/h3><\/div>[vc_single_image image=&#8221;48509&#8243; img_size=&#8221;500&#215;300&#8243; alignment=&#8221;center&#8221; onclick=&#8221;custom_link&#8221; img_link_target=&#8221;_blank&#8221; css_animation=&#8221;fadeIn&#8221; link=&#8221;https:\/\/www.solargard.com\/sv\/ecolux\/&#8221;][\/vc_column][vc_column width=&#8221;1\/2&#8243;]<div class=\"section-title text-center\"><h3 class=\"upper normal-title\">SILVER AG 50<\/h3><\/div>[vc_single_image image=&#8221;98579&#8243; img_size=&#8221;500&#215;300&#8243; alignment=&#8221;center&#8221; onclick=&#8221;custom_link&#8221; img_link_target=&#8221;_blank&#8221; css_animation=&#8221;fadeIn&#8221; link=&#8221;https:\/\/www.solargard.com\/sv\/product\/silver-ag-low-e\/&#8221;][\/vc_column][\/vc_row][vc_row top_margin=&#8221;none&#8221; bottom_margin=&#8221;xs&#8221;][vc_column el_class=&#8221;left-gray-title&#8221;]<div class=\"section-title sep-top-sm sep-bottom-sm text-center wow bounce\"><h3 class=\" normal-title\">PERFEKT TEMPERATUR SOMMAR SOM VINTER<\/h3><\/div>[\/vc_column][\/vc_row][vc_row full_width=&#8221;stretch_row&#8221; css=&#8221;.vc_custom_1452810933692{background-color: #e5f5fc !important;}&#8221;][vc_column width=&#8221;2\/12&#8243;][\/vc_column][vc_column width=&#8221;4\/12&#8243;]<div class=\"section-title text-center\"><h3 class=\"upper normal-title\">VILL DU VETA MER ELLER BEST\u00c4LLA?<\/h3><\/div>[\/vc_column][vc_column width=&#8221;4\/12&#8243;][vc_btn title=&#8221;HITTA N\u00c4RMASTE \u00c5TERF\u00d6RS\u00c4LJARE&#8221; style=&#8221;flat&#8221; shape=&#8221;square&#8221; color=&#8221;primary&#8221; css=&#8221;&#8221; link=&#8221;url:https%3A%2F%2Fwww.solargard.com%2Fsv%2Fnarmaste-aterforsaljare%2F&#8221;][\/vc_column][vc_column width=&#8221;2\/12&#8243;][\/vc_column][\/vc_row]<\/p>\n<\/div>","protected":false},"excerpt":{"rendered":"<p>[vc_row bottom_margin=&#8221;sm&#8221;][vc_column][\/vc_column][\/vc_row][vc_row content_placement=&#8221;top&#8221; top_margin=&#8221;none&#8221; bottom_margin=&#8221;sm&#8221;][vc_column][vc_column_text css=&#8221;&#8221;] L\u00e5genergifilm kan fungera som \u00e5terbruk av befintliga f\u00f6nster och glas! V\u00e5ra l\u00e5genergifilmer beh\u00e5ller v\u00e4rmen inomhus vintertid och reflekterar bort solv\u00e4rmen sommartid och skapar en komfortabel inomhustemperatur. Det betyder att du b\u00e5de kan spara pengar och f\u00e5 ett perfekt inomhusklimat \u2013 \u00e5ret runt! [\/vc_column_text][\/vc_column][\/vc_row][vc_row][vc_column width=&#8221;1\/2&#8243;][vc_single_image image=&#8221;48509&#8243; img_size=&#8221;500&#215;300&#8243; alignment=&#8221;center&#8221; onclick=&#8221;custom_link&#8221; img_link_target=&#8221;_blank&#8221; &hellip; <a href=\"https:\/\/www.solargard.com\/sv\/komfort-i-hus-och-hem\/hem-och-foretag\/lagenergifilmer\/\">Continued<\/a><\/p>\n","protected":false},"author":3,"featured_media":25878,"parent":27882,"menu_order":0,"comment_status":"closed","ping_status":"closed","template":"","meta":{"_acf_changed":false,"footnotes":""},"class_list":["post-27954","page","type-page","status-publish","has-post-thumbnail","hentry"],"acf":[],"_links":{"self":[{"href":"https:\/\/www.solargard.com\/sv\/wp-json\/wp\/v2\/pages\/27954","targetHints":{"allow":["GET"]}}],"collection":[{"href":"https:\/\/www.solargard.com\/sv\/wp-json\/wp\/v2\/pages"}],"about":[{"href":"https:\/\/www.solargard.com\/sv\/wp-json\/wp\/v2\/types\/page"}],"author":[{"embeddable":true,"href":"https:\/\/www.solargard.com\/sv\/wp-json\/wp\/v2\/users\/3"}],"replies":[{"embeddable":true,"href":"https:\/\/www.solargard.com\/sv\/wp-json\/wp\/v2\/comments?post=27954"}],"version-history":[{"count":0,"href":"https:\/\/www.solargard.com\/sv\/wp-json\/wp\/v2\/pages\/27954\/revisions"}],"up":[{"embeddable":true,"href":"https:\/\/www.solargard.com\/sv\/wp-json\/wp\/v2\/pages\/27882"}],"wp:featuredmedia":[{"embeddable":true,"href":"https:\/\/www.solargard.com\/sv\/wp-json\/wp\/v2\/media\/25878"}],"wp:attachment":[{"href":"https:\/\/www.solargard.com\/sv\/wp-json\/wp\/v2\/media?parent=27954"}],"curies":[{"name":"wp","href":"https:\/\/api.w.org\/{rel}","templated":true}]}}