{"id":27963,"date":"2016-03-27T11:42:50","date_gmt":"2016-03-27T11:42:50","guid":{"rendered":"https:\/\/www.solargard.com\/sv\/?page_id=27963"},"modified":"2025-06-09T10:04:25","modified_gmt":"2025-06-09T18:04:25","slug":"kontrollera-solvarmen","status":"publish","type":"page","link":"https:\/\/www.solargard.com\/sv\/komfort-i-hus-och-hem\/hem-och-foretag\/kontrollera-solvarmen\/","title":{"rendered":"Kontrollera solv\u00e4rmeinstr\u00e5lningen"},"content":{"rendered":"<div class=\"wpb-content-wrapper\"><p>[vc_row top_margin=&#8221;md&#8221; bottom_margin=&#8221;xs&#8221;][vc_column]<div class=\"section-title sg-section-title text-center\"><div class=\"copy-content\"><h1 class=\" normal-title\">Reducera solens v\u00e4rme och UV-str\u00e5lning med Solar Gards solskyddsfilmer<\/h1><\/div><div class=\"border-bg\"><\/div><\/div>[\/vc_column][\/vc_row][vc_row top_margin=&#8221;xs&#8221; bottom_margin=&#8221;md&#8221;][vc_column width=&#8221;1\/12&#8243;][\/vc_column][vc_column width=&#8221;5\/6&#8243;][vc_column_text]<\/p>\n<h4 style=\"text-align: center;\"><span>Inget \u00e4r s\u00e5 h\u00e4rligt som dagsljus som skiner in genom\u00a0f\u00f6nstret\u00a0in i rummet, men det kan bli f\u00f6r mycket av det goda. Det naturliga solljuset\u00a0kan f\u00f6ra\u00a0med sig v\u00e4rmetoppar och \u00f6verljus\u00a0vilket p\u00e5verkar komforten i din vardag. Solar Gards f\u00f6nsterfilmer\u00a0reducerar upp till 82% av solv\u00e4rmen och skapar en j\u00e4mnare\u00a0inomhustemperatur samtidigt som du slipper b\u00e5de blekning och bl\u00e4ndning. En professionellt installerad Solar Gard f\u00f6nsterfilm kan ge dig l\u00f6sningen\u00a0p\u00e5 alla de problem som solen kan st\u00e4lla till med.<\/span><\/h4>\n<p>[\/vc_column_text][\/vc_column][vc_column width=&#8221;1\/12&#8243;][\/vc_column][\/vc_row][vc_row top_margin=&#8221;none&#8221; bottom_margin=&#8221;md&#8221;][vc_column]<div class=\"product-list vc_txt_align_center \"><a href=\"https:\/\/www.solargard.com\/sv\/product\/sentinel\/\" class=\"product-link text-center\"><div class=\"product-image\" style=\"background-image: url(https:\/\/www.solargard.com\/wp-content\/uploads\/2014\/11\/ALL-SENTINEL-PLUS10year-web-product-300x225.jpg)\"><\/div><h4>Exteri\u00f6r &#8211; Alla Sentinel Plus<\/h4><\/a><a href=\"https:\/\/www.solargard.com\/sv\/product\/sentinel-plus-dx-serien\/\" class=\"product-link text-center\"><div class=\"product-image\" style=\"background-image: url(https:\/\/www.solargard.com\/wp-content\/uploads\/2020\/06\/ALL-SENTINEL-PLUS-QX-10y-web-product-300x225.jpg)\"><\/div><h4>Exteri\u00f6r &#8211; Sentinel Plus DX<\/h4><\/a><a href=\"https:\/\/www.solargard.com\/sv\/product\/sentinel-plus-qx-series\/\" class=\"product-link text-center\"><div class=\"product-image\" style=\"background-image: url(https:\/\/www.solargard.com\/wp-content\/uploads\/2020\/06\/1-QX-40-Clarion-Hotel-Arlanda-Airport-Malarfilm-SWlr-300x225.jpg)\"><\/div><h4>Exteri\u00f6r &#8211; Sentinel Plus QX<\/h4><\/a><a href=\"https:\/\/www.solargard.com\/sv\/product\/sentinel-plus-qxn-75\/\" class=\"product-link text-center\"><div class=\"product-image\" style=\"background-image: url(https:\/\/www.solargard.com\/wp-content\/uploads\/2024\/10\/ALL-SENTINEL-PLUS-QXN-10y-web-product-1-300x225.jpg)\"><\/div><h4>Exteri\u00f6r &#8211; Sentinel Plus QXN 75<\/h4><\/a><a href=\"https:\/\/www.solargard.com\/sv\/product\/lx\/\" class=\"product-link text-center\"><div class=\"product-image\" style=\"background-image: url(https:\/\/www.solargard.com\/wp-content\/uploads\/2016\/05\/LX-Hilite_alt-300x200.jpg)\"><\/div><h4>Interi\u00f6r &#8211; LX<\/h4><\/a><a href=\"https:\/\/www.solargard.com\/sv\/product\/silver\/\" class=\"product-link text-center\"><div class=\"product-image\" style=\"background-image: url(https:\/\/www.solargard.com\/wp-content\/uploads\/2014\/11\/DOE2-300x272.jpg)\"><\/div><h4>Interi\u00f6r &#8211; Silver<\/h4><\/a><a href=\"https:\/\/www.solargard.com\/sv\/product\/solar-bronze\/\" class=\"product-link text-center\"><div class=\"product-image\" style=\"background-image: url(https:\/\/www.solargard.com\/wp-content\/uploads\/2014\/11\/Nat_GEO-300x222.jpg)\"><\/div><h4>Interi\u00f6r &#8211; Solar Bronze<\/h4><\/a><a href=\"https:\/\/www.solargard.com\/sv\/product\/stainless-steel\/\" class=\"product-link text-center\"><div class=\"product-image\" style=\"background-image: url(https:\/\/www.solargard.com\/wp-content\/uploads\/2016\/05\/StainlessSteel-300x200.jpg)\"><\/div><h4>Interi\u00f6r &#8211; Stainless Steel<\/h4><\/a><a href=\"https:\/\/www.solargard.com\/sv\/product\/sterling\/\" class=\"product-link text-center\"><div class=\"product-image\" style=\"background-image: url(https:\/\/www.solargard.com\/wp-content\/uploads\/2016\/03\/AyersPhoto-300x225.jpg)\"><\/div><h4>Interi\u00f6r &#8211; Sterling<\/h4><\/a><a href=\"https:\/\/www.solargard.com\/sv\/product\/truevue\/\" class=\"product-link text-center\"><div class=\"product-image\" style=\"background-image: url(https:\/\/www.solargard.com\/wp-content\/uploads\/2016\/03\/shutterstock_270840203_edited_warm-300x200.jpg)\"><\/div><h4>Interi\u00f6r &#8211; TrueVue<\/h4><\/a><\/div>[\/vc_column][\/vc_row][vc_row full_width=&#8221;stretch_row&#8221; el_class=&#8221;light-blue-row&#8221;][vc_column el_class=&#8221;gray-title&#8221;]<div class=\"section-title sep-bottom-md text-center\"><h3 class=\" normal-title\">VI REKOMMENDERAR<\/h3><\/div>[vc_row_inner][vc_column_inner el_class=&#8221;bordered&#8221; width=&#8221;1\/3&#8243;]<a href=\"https:\/\/www.solargard.com\/sv\/product\/sentinel-plus-qxn-75\/\" class=\"content-link \"><div class=\"content-link-image\" style=\"background-image: url(https:\/\/www.solargard.com\/wp-content\/uploads\/2024\/10\/ALL-SENTINEL-PLUS-QXN-10y-web-product-1-300x225.jpg)\"><\/div><h4>Exteri\u00f6r &#8211; Sentinel Plus QXN 75<\/h4><h5><\/h5><p>Sentinel Plus QXN 75 erbjuder en o\u00f6vertr\u00e4ffad kombination av h\u00f6g v\u00e4rmeavvisning och ett stort ljusgenomsl\u00e4pp. Sentinel Plus QXN 75 ger en mycket l\u00e5g ljusreflektion vilket ger glaset en neutral, n\u00e4stan osynligt utseende.\u00a0Tack vare den avancerade sputtering-teknologin som anv\u00e4nds f\u00f6r att skapa de de olika funktionsskikten i Sentinel Plus QXN 75, har produkten en mycket l\u00e5g &hellip; <a href=\"https:\/\/www.solargard.com\/sv\/product\/sentinel-plus-qxn-75\/\">Continued<\/a><\/p><\/a>[\/vc_column_inner][vc_column_inner el_class=&#8221;bordered&#8221; width=&#8221;1\/3&#8243;]<a href=\"https:\/\/www.solargard.com\/sv\/product\/sentinel\/\" class=\"content-link \"><div class=\"content-link-image\" style=\"background-image: url(https:\/\/www.solargard.com\/wp-content\/uploads\/2014\/11\/ALL-SENTINEL-PLUS10year-web-product-300x225.jpg)\"><\/div><h4>Exteri\u00f6r &#8211; Alla Sentinel Plus<\/h4><h5>MAXIMALT LJUSINFL\u00d6DE<\/h5><p>Solar Gard\u00ae Sentinel\u2122 Plus \u00e4r en filmserie av utsidesfilmer (OSW) b\u00e5de f\u00f6r din komfort och din s\u00e4kerhet. De \u00e4r ideala f\u00f6r bost\u00e4der som har l\u00e5genergiglas, laminerade glas eller tr\u00e5dglas. Sentinel och Sentinel Plus solskyddsfilmer \u00e4r utformade som ett yttre skydd f\u00f6r\u00a0fastigheter genom att reducera v\u00e4rmetoppar, bl\u00e4ndning och skadlig\u00a0UV-str\u00e5lning. Sentinel Plus DX 5\u00a0\u00a0I\u00a0\u00a0Sentinel Plus 15 (Duo-reflektiv) &hellip; <a href=\"https:\/\/www.solargard.com\/sv\/product\/sentinel\/\">Continued<\/a><\/p><\/a>[\/vc_column_inner][vc_column_inner el_class=&#8221;bordered&#8221; width=&#8221;1\/3&#8243;]<a href=\"https:\/\/www.solargard.com\/sv\/product\/sentinel-plus-dx-serien\/\" class=\"content-link \"><div class=\"content-link-image\" style=\"background-image: url(https:\/\/www.solargard.com\/wp-content\/uploads\/2020\/06\/ALL-SENTINEL-PLUS-QX-10y-web-product-300x225.jpg)\"><\/div><h4>Exteri\u00f6r &#8211; Sentinel Plus DX<\/h4><h5>S\u00c4KERHET OCH SOLV\u00c4RMEKONTROLL<\/h5><p>Solar Gard\u00ae Sentinel \u2122 Plus DX-serien f\u00f6r utsides applikation kombinerar en utm\u00e4rkt v\u00e4rmeavvisning med en l\u00e5g visuell reflektion in i byggnaden. En perfekt l\u00f6sning f\u00f6r kontor och utrymmen med behov av att minska bl\u00e4ndning och \u00f6ka den termiska komforten. Alla Solar Gards produkter blockerar mer \u00e4n 99% av den skadliga UV -str\u00e5lningen och \u00e4r kompatibel &hellip; <a href=\"https:\/\/www.solargard.com\/sv\/product\/sentinel-plus-dx-serien\/\">Continued<\/a><\/p><\/a>[\/vc_column_inner][\/vc_row_inner][\/vc_column][\/vc_row][vc_row top_margin=&#8221;3x&#8221; bottom_margin=&#8221;3x&#8221;][vc_column][vc_row_inner el_class=&#8221;same-height-row&#8221;][vc_column_inner width=&#8221;2\/12&#8243;][\/vc_column_inner][vc_column_inner width=&#8221;4\/12&#8243;][\/vc_column_inner][vc_column_inner width=&#8221;2\/12&#8243;][\/vc_column_inner][\/vc_row_inner][\/vc_column][\/vc_row][vc_row full_width=&#8221;stretch_row&#8221; bottom_margin=&#8221;xs&#8221; css=&#8221;.vc_custom_1456356765110{background-color: #e5f5fc !important;}&#8221;][vc_column width=&#8221;2\/12&#8243;][\/vc_column][vc_column width=&#8221;4\/12&#8243;]<div class=\"section-title text-center\"><h3 class=\"upper normal-title\">REDO ATT S\u00c4KRA DINA GLAS?<\/h3><\/div>[\/vc_column][vc_column width=&#8221;4\/12&#8243;][vc_btn title=&#8221;N\u00c4RMASTE \u00c5TERF\u00d6RS\u00c4LJARE&#8221; style=&#8221;flat&#8221; shape=&#8221;square&#8221; color=&#8221;primary&#8221; css=&#8221;&#8221; link=&#8221;url:https%3A%2F%2Fwww.solargard.com%2Fsv%2Ffind-a-dealer%2F&#8221;][\/vc_column][vc_column width=&#8221;2\/12&#8243;][\/vc_column][\/vc_row]<\/p>\n<\/div>","protected":false},"excerpt":{"rendered":"<p>[vc_row top_margin=&#8221;md&#8221; bottom_margin=&#8221;xs&#8221;][vc_column][\/vc_column][\/vc_row][vc_row top_margin=&#8221;xs&#8221; bottom_margin=&#8221;md&#8221;][vc_column width=&#8221;1\/12&#8243;][\/vc_column][vc_column width=&#8221;5\/6&#8243;][vc_column_text] Inget \u00e4r s\u00e5 h\u00e4rligt som dagsljus som skiner in genom\u00a0f\u00f6nstret\u00a0in i rummet, men det kan bli f\u00f6r mycket av det goda. Det naturliga solljuset\u00a0kan f\u00f6ra\u00a0med sig v\u00e4rmetoppar och \u00f6verljus\u00a0vilket p\u00e5verkar komforten i din vardag. Solar Gards f\u00f6nsterfilmer\u00a0reducerar upp till 82% av solv\u00e4rmen och skapar en j\u00e4mnare\u00a0inomhustemperatur samtidigt som &hellip; <a href=\"https:\/\/www.solargard.com\/sv\/product\/sentinel-plus-dx-serien\/\">Continued<\/a><\/p>\n","protected":false},"author":3,"featured_media":0,"parent":27882,"menu_order":0,"comment_status":"closed","ping_status":"closed","template":"","meta":{"_acf_changed":false,"footnotes":""},"class_list":["post-27963","page","type-page","status-publish","hentry"],"acf":[],"_links":{"self":[{"href":"https:\/\/www.solargard.com\/sv\/wp-json\/wp\/v2\/pages\/27963","targetHints":{"allow":["GET"]}}],"collection":[{"href":"https:\/\/www.solargard.com\/sv\/wp-json\/wp\/v2\/pages"}],"about":[{"href":"https:\/\/www.solargard.com\/sv\/wp-json\/wp\/v2\/types\/page"}],"author":[{"embeddable":true,"href":"https:\/\/www.solargard.com\/sv\/wp-json\/wp\/v2\/users\/3"}],"replies":[{"embeddable":true,"href":"https:\/\/www.solargard.com\/sv\/wp-json\/wp\/v2\/comments?post=27963"}],"version-history":[{"count":0,"href":"https:\/\/www.solargard.com\/sv\/wp-json\/wp\/v2\/pages\/27963\/revisions"}],"up":[{"embeddable":true,"href":"https:\/\/www.solargard.com\/sv\/wp-json\/wp\/v2\/pages\/27882"}],"wp:attachment":[{"href":"https:\/\/www.solargard.com\/sv\/wp-json\/wp\/v2\/media?parent=27963"}],"curies":[{"name":"wp","href":"https:\/\/api.w.org\/{rel}","templated":true}]}}