{"id":27967,"date":"2016-03-27T11:48:09","date_gmt":"2016-03-27T11:48:09","guid":{"rendered":"https:\/\/www.solargard.com\/sv\/?page_id=27967"},"modified":"2025-07-29T05:46:16","modified_gmt":"2025-07-29T13:46:16","slug":"press","status":"publish","type":"page","link":"https:\/\/www.solargard.com\/sv\/press\/","title":{"rendered":"Press"},"content":{"rendered":"<div class=\"wpb-content-wrapper\"><p >[vc_row top_margin=&#8221;sm&#8221; bottom_margin=&#8221;md&#8221;][vc_column]<div class=\"section-title sg-section-title text-center\"><div class=\"copy-content\"><h4 class=\" normal-title\">Vill du h\u00f6ra hela historien?<\/h4><p class=\"lead x2 x2\">We're On It!<\/p><\/div><div class=\"border-bg\"><\/div><\/div>[\/vc_column][\/vc_row][vc_row][vc_column width=&#8221;1\/2&#8243; el_class=&#8221;sep-bottom-md&#8221;][vc_column_text css=&#8221;&#8221;]<\/p>\n<h1 >Solar Gards Pressrum<\/h1>\n<div id=\"contentArea\">\n<p  style=\"text-align: left;\">I \u00f6ver 30\u00a0\u00e5r har\u00a0Solar Gards h\u00f6gkvalitativa f\u00f6nsterfilmer\u00a0f\u00f6rb\u00e4ttrat komforten i\u00a0fordon, i privata och kommersiella fastigheter samt \u00e4ven regeringsbyggnader.<\/p>\n<p  style=\"text-align: left;\">Solar Gards produkter finns endast tillg\u00e4ngliga genom v\u00e5ra globala n\u00e4tverk\u00a0av utbildade och professionella f\u00f6nsterfilmsinstallat\u00f6rer.<\/p>\n<p  style=\"text-align: left;\">H\u00e4r finner du de senaste artiklarna, nyheterna om Solar Gard och v\u00e5ra produkter.<\/p>\n<hr \/>\n<h4 >Press contact<\/h4>\n<blockquote><p>Bill Trifiro<br \/>\n<a href=\"https:\/\/www.trisvara.com\" target=\"_blank\" rel=\"noopener\">TriSvara<\/a><br \/>\n540 440 1100<br \/>\n<a href=\"mailto:contactus@solargard.com\">contactus@solargard.com<\/a><\/p><\/blockquote>\n<\/div>\n<p >[\/vc_column_text][\/vc_column][vc_column width=&#8221;1\/2&#8243; css=&#8221;.vc_custom_1456244643079{border-top-width: 10px !important;border-right-width: 10px !important;border-bottom-width: 10px !important;border-left-width: 10px !important;border-left-color: #208bc9 !important;border-left-style: solid !important;border-right-color: #208bc9 !important;border-right-style: solid !important;border-top-color: #208bc9 !important;border-top-style: solid !important;border-bottom-color: #208bc9 !important;border-bottom-style: solid !important;}&#8221;][vc_wp_posts title=&#8221;SENASTE NYHETERNA&#8221; number=&#8221;8&#8243; category=&#8221;press-releases-sv&#8221;][\/vc_column][\/vc_row]<\/p>\n<\/div>","protected":false},"excerpt":{"rendered":"<p>[vc_row top_margin=&#8221;sm&#8221; bottom_margin=&#8221;md&#8221;][vc_column][\/vc_column][\/vc_row][vc_row][vc_column width=&#8221;1\/2&#8243; el_class=&#8221;sep-bottom-md&#8221;][vc_column_text css=&#8221;&#8221;] Solar Gards Pressrum I \u00f6ver 30\u00a0\u00e5r har\u00a0Solar Gards h\u00f6gkvalitativa f\u00f6nsterfilmer\u00a0f\u00f6rb\u00e4ttrat komforten i\u00a0fordon, i privata och kommersiella fastigheter samt \u00e4ven regeringsbyggnader. Solar Gards produkter finns endast tillg\u00e4ngliga genom v\u00e5ra globala n\u00e4tverk\u00a0av utbildade och professionella f\u00f6nsterfilmsinstallat\u00f6rer. H\u00e4r finner du de senaste artiklarna, nyheterna om Solar Gard och v\u00e5ra produkter. Press contact &hellip; <a href=\"https:\/\/www.solargard.com\/sv\/press\/\">Continued<\/a><\/p>\n","protected":false},"author":3,"featured_media":0,"parent":0,"menu_order":0,"comment_status":"closed","ping_status":"closed","template":"","meta":{"_acf_changed":false,"footnotes":""},"class_list":["post-27967","page","type-page","status-publish","hentry"],"acf":[],"_links":{"self":[{"href":"https:\/\/www.solargard.com\/sv\/wp-json\/wp\/v2\/pages\/27967","targetHints":{"allow":["GET"]}}],"collection":[{"href":"https:\/\/www.solargard.com\/sv\/wp-json\/wp\/v2\/pages"}],"about":[{"href":"https:\/\/www.solargard.com\/sv\/wp-json\/wp\/v2\/types\/page"}],"author":[{"embeddable":true,"href":"https:\/\/www.solargard.com\/sv\/wp-json\/wp\/v2\/users\/3"}],"replies":[{"embeddable":true,"href":"https:\/\/www.solargard.com\/sv\/wp-json\/wp\/v2\/comments?post=27967"}],"version-history":[{"count":0,"href":"https:\/\/www.solargard.com\/sv\/wp-json\/wp\/v2\/pages\/27967\/revisions"}],"wp:attachment":[{"href":"https:\/\/www.solargard.com\/sv\/wp-json\/wp\/v2\/media?parent=27967"}],"curies":[{"name":"wp","href":"https:\/\/api.w.org\/{rel}","templated":true}]}}