{"id":27970,"date":"2016-03-27T11:58:16","date_gmt":"2016-03-27T11:58:16","guid":{"rendered":"https:\/\/www.solargard.com\/sv\/?page_id=27970"},"modified":"2024-07-18T00:32:33","modified_gmt":"2024-07-18T08:32:33","slug":"sekretesspolicy-anvandarvillkor","status":"publish","type":"page","link":"https:\/\/www.solargard.com\/sv\/sekretesspolicy-anvandarvillkor\/","title":{"rendered":"Sekretesspolicy &#038; anv\u00e4ndarvillkor"},"content":{"rendered":"<div class=\"wpb-content-wrapper\"><p>[vc_row top_margin=&#8221;md&#8221;][vc_column width=&#8221;2\/3&#8243;][vc_column_text css=&#8221;&#8221;]<\/p>\n<h3><img loading=\"lazy\" decoding=\"async\" class=\" wp-image-103179 alignleft\" src=\"https:\/\/www.solargard.com\/wp-content\/uploads\/2024\/07\/Saint_Gobain-privacy_policy-EN-2.jpg\" alt=\"\" width=\"129\" height=\"112\" srcset=\"https:\/\/www.solargard.com\/wp-content\/uploads\/2024\/07\/Saint_Gobain-privacy_policy-EN-2.jpg 253w, https:\/\/www.solargard.com\/wp-content\/uploads\/2024\/07\/Saint_Gobain-privacy_policy-EN-2-110x95.jpg 110w\" sizes=\"auto, (max-width: 129px) 100vw, 129px\" \/><span style=\"color: #333333;\">SAINT-GOBAIN<br \/>\nINTEGRITETSPOLICY<\/span><\/h3>\n<h4><span style=\"color: #333333;\">S\u00e5 h\u00e4r behandlar vi dina personuppgifter<\/span><\/h4>\n<p>&nbsp;<\/p>\n<h4>Din integritet \u00e4r viktig f\u00f6r oss!<\/h4>\n<p>Inom Saint-Gobain Sweden AB (nedan kallat SGS) samlar vi in och anv\u00e4nder personuppgifter ifr\u00e5n de personer som interagerar med oss som kund\/leverant\u00f6r samt via v\u00e5r webbplats. Sj\u00e4lvklart \u00e4r det av st\u00f6rsta vikt f\u00f6r oss att de personuppgifter som vi samlar in inte sprids till obeh\u00f6rig eller missbrukas. Denna personuppgiftspolicy g\u00e5r igenom hur vi samlar in och hanterar dina personuppgifter, samt beskriver vilka r\u00e4ttigheter du har som registrerad.<\/p>\n<h4>Vad \u00e4r en personuppgift?<\/h4>\n<p>En personuppgift avser varje upplysning (eller kombination av upplysningar) som kan knytas till en identifierad och enskild fysisk person (\u00e4ven kallad en registrerad). Exempel \u00e4r namn, personnummer etc.<\/p>\n<h4>Hur samlar vi in och anv\u00e4nder personuppgifter?<\/h4>\n<p>Om du \u00e4r inne p\u00e5 v\u00e5r webbplats kan vi be dig att uppge personuppgifter, till exempel i samband med att du fyller i ett formul\u00e4r f\u00f6r att bli kund eller laddar ner kataloger eller annan information. Det kan \u00e4ven h\u00e4nda att vi delar den informationen som du uppger med tredje part, s\u00e5som v\u00e5ra underleverant\u00f6rer\/installat\u00f6rer, om du till exempel best\u00e4ller n\u00e5got som de ska leverera till\/installera \u00e5t dig.<\/p>\n<h4>Vilken typ av information samlar vi in?<\/h4>\n<p>N\u00e4r du blir kund\/\u00e5terf\u00f6rs\u00e4ljare till SGS, registrerar dig f\u00f6r n\u00e5got av v\u00e5ra nyhetsbrev eller laddar ner till exempel produktkataloger kan vi komma att samla in f\u00f6ljande:<\/p>\n<ul>\n<li>F\u00f6r- och efternamn<\/li>\n<li>Adress<\/li>\n<li>Telefonnummer<\/li>\n<li>E-postadress<\/li>\n<li>Personnummer, d\u00e5 organisationsnumret f\u00f6r enskild firma utg\u00f6rs av personnumret<\/li>\n<li>Hur du anv\u00e4nder v\u00e5r webbplats och andra digitala kanaler (vilka sidor du bes\u00f6ker, vilka ord du s\u00f6ker p\u00e5)<\/li>\n<li>K\u00f6pvanor och k\u00f6phistorik<\/li>\n<\/ul>\n<p>Vi inh\u00e4mtar i f\u00f6rsta hand uppgifter fr\u00e5n dig som kund, men det finns tillf\u00e4llen d\u00e5 vi kan komma att h\u00e4mta uppgifter om dig fr\u00e5n andra k\u00e4llor. Detta sker framf\u00f6rallt i tv\u00e5 olika situationer:<\/p>\n<ul>\n<li>D\u00e5 det \u00e4r n\u00f6dv\u00e4ndigt att uppr\u00e4tth\u00e5lla god registerv\u00e5rd kommer vi att uppdatera adressinformation fr\u00e5n centrala adressk\u00e4llor, som exempelvis SPAR (Statens personadressregister)<\/li>\n<li>D\u00e5 vi inh\u00e4mtar dina kontaktuppgifter fr\u00e5n externa databaser f\u00f6r att kunna erbjuda dig relevanta och attraktiva erbjudanden och nyheter.<\/li>\n<\/ul>\n<h4><\/h4>\n<h4>Vad anv\u00e4nder vi informationen till?<\/h4>\n<p><strong>Identifiering och kontakt<\/strong><\/p>\n<p>Vi anv\u00e4nder dina personuppgifter f\u00f6r att kunna identifiera dig som kund eller avtalspart och teckna ett giltigt avtal.<br \/>\nDina personuppgifter anv\u00e4nds \u00e4ven f\u00f6r att kunna kontakta dig r\u00f6rande leverans, order, prisaviseringar, erbjudanden kopplade till ditt k\u00f6p samt f\u00f6r utskick av v\u00e5ra nyhetsbrev.<\/p>\n<p>De anv\u00e4nds \u00e4ven f\u00f6r att kommunicera och besvara f\u00f6rfr\u00e5gningar som kommer in till v\u00e5r kundtj\u00e4nst via telefon eller i digitala kanaler, samt utreda reklamations\u00e4renden.<\/p>\n<h4>R\u00e4ttslig grund:<\/h4>\n<ul>\n<li>Mottagare av nyhetsbrev \u2013 ber\u00e4ttigat intresse<\/li>\n<li>Registrerade kunder\/leverant\u00f6rer \u2013 fullg\u00f6rande av avtal<\/li>\n<\/ul>\n<h4>Genomf\u00f6rande av k\u00f6p\/best\u00e4llning<\/h4>\n<p>Dina personuppgifter anv\u00e4nds f\u00f6r att kunna leverera best\u00e4lld\/k\u00f6pt produkt eller tj\u00e4nst (inklusive avisering om och kontakt g\u00e4llande leverans). I de fall d\u00e4r ditt k\u00f6p inneb\u00e4r att installation ska genomf\u00f6ras av tredje part vidarebefordrar vi \u00e4ven dina kontaktuppgifter till tredje part f\u00f6r att denne ska kunna kontakta dig.<br \/>\nDina uppgifter anv\u00e4nds \u00e4ven f\u00f6r att hantera din betalning (vilket innefattar kontroll mot betalningshistorik och inh\u00e4mtning av kreditupplysningar fr\u00e5n kreditupplysningsbolag).<\/p>\n<h4>R\u00e4ttslig grund:<\/h4>\n<ul>\n<li>K\u00f6peavtal<\/li>\n<\/ul>\n<h4>Informationsutskick, t\u00e4vlingar och event<\/h4>\n<p>Genom de personuppgifter vi samlar in kan vi h\u00e5lla dig uppdaterad om v\u00e5ra senaste produkter, tj\u00e4nster och kommande kampanjer\/rabatter. Om du inte vill ta del av dessa utskick kan du enkelt avanm\u00e4la dig fr\u00e5n dessa. Vi kan \u00e4ven anv\u00e4nda informationen f\u00f6r att kommunicera viktiga meddelanden kring ink\u00f6p eller f\u00f6r\u00e4ndringar i v\u00e5ra villkor och policyer till dig.<\/p>\n<p>Om du deltar i en t\u00e4vling, ett event eller en liknande kampanj kan vi anv\u00e4nda informationen du anger i syfte att administrera kampanjen.<\/p>\n<h4>R\u00e4ttslig grund:<\/h4>\n<ul>\n<li>Registrerade och icke-registrerade kunder \u2013 ber\u00e4ttigat intresse<\/li>\n<li>Mottagare av nyhetsbrev och bes\u00f6kare p\u00e5 webbplats \u2013 ber\u00e4ttigat intresse<\/li>\n<\/ul>\n<h4>F\u00f6rb\u00e4ttringar<\/h4>\n<p>Vi anv\u00e4nder ocks\u00e5 personuppgifter f\u00f6r att kunna skapa, utveckla, driva, leverera och f\u00f6rb\u00e4ttra v\u00e5ra produkter och tj\u00e4nster, v\u00e5rt inneh\u00e5ll och v\u00e5r marknadsf\u00f6ring.<br \/>\nDetta m\u00f6jligg\u00f6rs genom analyser av de personliga uppgifter som SGS samlar in f\u00f6r samma syfte, till exempel av hur du anv\u00e4nder v\u00e5r webbplats och andra digitala kanaler (vilka sidor du bes\u00f6ker, vilka ord du s\u00f6ker p\u00e5). Utifr\u00e5n dessa analyser kan vi g\u00f6ra v\u00e5ra tj\u00e4nster mer anv\u00e4ndarv\u00e4nliga, till exempel genom att f\u00f6renkla anv\u00e4ndargr\u00e4nssnittet och f\u00f6rb\u00e4ttra varu- och logistikfl\u00f6den samt sortiment, exempelvis genom att kunna prognostisera ink\u00f6p, lager och leveranser.<\/p>\n<h4>R\u00e4ttslig grund:<\/h4>\n<ul>\n<li>Ber\u00e4ttigat intresse<\/li>\n<\/ul>\n<h4>S\u00e4kerhet och r\u00e4ttsliga f\u00f6rpliktelser<\/h4>\n<p>Vi behandlar \u00e4ven personuppgifter i syfte att tillgodose s\u00e4kerheten f\u00f6r alla v\u00e5ra tj\u00e4nster samt f\u00f6r att f\u00f6rhindra f\u00f6rlust och f\u00f6rebygga bedr\u00e4geri. Som exempel kan personuppgifter anv\u00e4ndas f\u00f6r att utreda f\u00f6rs\u00f6k till intr\u00e5ng. L\u00e4s mer om hur vi arbetar med s\u00e4kerhet i avsnittet \u201dHur skyddar vi dina personuppgifter?\u201d.<br \/>\nPersonuppgifter samlas \u00e4ven in och hanteras f\u00f6r att uppfylla r\u00e4ttsliga f\u00f6rpliktelser, s\u00e5som lagkrav, domar eller myndighetsbeslut. Dessa krav kan till exempel avse produktansvar och produkts\u00e4kerhet eller bokf\u00f6ring.<\/p>\n<h4>Laglig grund:<\/h4>\n<ul>\n<li>Fullg\u00f6ra r\u00e4ttslig f\u00f6rpliktelse \u2013 om s\u00e5dan f\u00f6religger<\/li>\n<li>Ber\u00e4ttigat intresse<\/li>\n<\/ul>\n<h4>Vem delar vi informationen med?<\/h4>\n<p><strong>Underleverant\u00f6rer (s\u00e5 kallade personuppgiftsbitr\u00e4den)<\/strong><\/p>\n<p>F\u00f6r att kunna leverera varor och tj\u00e4nster till dig delar vi din information med v\u00e5ra underleverant\u00f6rer och andra bolag inom v\u00e5r koncern. Vi har skriftliga avtal med personuppgiftsbitr\u00e4den genom vilka de garanterar s\u00e4kerheten f\u00f6r de personuppgifter som behandlas och \u00e5tar sig att f\u00f6lja v\u00e5ra instruktioner och s\u00e4kerhetskrav samt begr\u00e4nsningar och krav avseende internationell \u00f6verf\u00f6ring av personuppgifter. Vissa av v\u00e5ra underleverant\u00f6rer kan ha delar av sin verksamhet i tredje land, det vill s\u00e4ga l\u00e4nder utanf\u00f6r Sverige eller EU\/EES. Om vi f\u00f6r att tillhandah\u00e5lla tj\u00e4nsten\/produkten till dig \u00f6verf\u00f6r personuppgifter till en leverant\u00f6r i ett tredje land, vidtar vi l\u00e4mpliga skydds\u00e5tg\u00e4rder och s\u00e4kerst\u00e4ller att informationen hanteras i enlighet med kraven som st\u00e4lls i GDPR genom att bland annat ing\u00e5 EU-kommissionens standardavtal f\u00f6r skydd av personuppgifter med v\u00e5ra underleverant\u00f6rer.<\/p>\n<p><strong>Samarbetspartner<\/strong><\/p>\n<p>Vi kan g\u00f6ra viss information tillg\u00e4nglig f\u00f6r v\u00e5ra samarbetspartner som tillhandah\u00e5ller tj\u00e4nster och produkter i samarbete med oss, till exempel som hj\u00e4lper SGS inom marknadsf\u00f6ring.<\/p>\n<p><strong>Myndigheter<\/strong><\/p>\n<p>Vi \u00e4r skyldiga att, p\u00e5 beg\u00e4ran enligt lag och myndighetsbeslut, l\u00e4mna ut personuppgifter till exempelvis Skatteverket.<\/p>\n<p><strong>\u00d6vriga<\/strong><\/p>\n<p>Om du har l\u00e4mnat ditt samtycke kan vi \u00e4ven i andra fall \u00e4n vad som anges i punkterna ovan komma att l\u00e4mna ut dina personuppgifter till andra f\u00f6retag, organisationer eller personer.<\/p>\n<h4>Hur l\u00e4nge lagrar vi informationen?<\/h4>\n<p>Vi lagrar inte personuppgifter l\u00e4ngre \u00e4n vad vi beh\u00f6ver, och hur l\u00e4nge vi lagrar informationen beror p\u00e5 syftet f\u00f6r vilket informationen samlades in och vilka skyldigheter vi har enligt lag.<\/p>\n<p>Kundinformation sparas s\u00e5 l\u00e4nge du \u00e4r kund hos SGS och d\u00e4refter som l\u00e4ngst 24 m\u00e5nader efter det att avtalsf\u00f6rh\u00e5llandet upph\u00f6rt eller den senaste aktiva dialogen. Under samma tid kommer vi \u00e4ven att anv\u00e4nda informationen f\u00f6r att kommunicera attraktiva erbjudanden kring v\u00e5ra tj\u00e4nster och produkter utifr\u00e5n dina behov. Undantag g\u00e4ller f\u00f6r s\u00e5dant underlag som m\u00e5ste sparas enligt lag, till exempel bokf\u00f6ringslagen.<\/p>\n<p>Leverant\u00f6rsinformation sparas s\u00e5 l\u00e4nge du \u00e4r registrerad som leverant\u00f6r till oss och d\u00e4refter som l\u00e4ngst 24 m\u00e5nader efter det att avtalsf\u00f6rh\u00e5llandet upph\u00f6rt eller den senaste aktiva dialogen. Undantag g\u00e4ller f\u00f6r s\u00e5dant underlag som m\u00e5ste sparas enligt lag, till exempel bokf\u00f6ringslagen.<\/p>\n<h4><strong><br \/>\n<\/strong>Hur samlar vi in och anv\u00e4nder cookies?<\/h4>\n<p>Alla v\u00e5ra webbplatser anv\u00e4nder cookies f\u00f6r att samla in information kring v\u00e5ra bes\u00f6kares aktivitet. Detta ger oss en b\u00e4ttre f\u00f6rst\u00e5else f\u00f6r hur v\u00e5ra bes\u00f6kare t\u00e4nker och l\u00e5ter oss ta reda p\u00e5 vilka delar av v\u00e5ra webbplatser som du har bes\u00f6kt, vilket g\u00f6r att vi kan f\u00f6rb\u00e4ttra anv\u00e4ndarupplevelsen f\u00f6r dig.<br \/>\nCookies anv\u00e4nds bland annat f\u00f6r att se vilka val du tidigare gjort, var du klickat och vilka sidor som du har varit inne p\u00e5. Cookies anv\u00e4nds \u00e4ven f\u00f6r att m\u00e4ta trafiken p\u00e5 v\u00e5ra webbplatser och f\u00f6r statistik.<\/p>\n<h4>Vad \u00e4r en cookie?<\/h4>\n<p>En cookie \u00e4r en liten textbaserad datafil som en webbserver kan be att f\u00e5 spara p\u00e5 din dator, den ger webbservern information kring hur du surfar. Om dina inst\u00e4llningar i din webbl\u00e4sare till\u00e5ter det s\u00e5 kan alla webbplatser spara cookies p\u00e5 din dator.<\/p>\n<p>Det finns tre typer av cookies: permanenta, tempor\u00e4ra (s\u00e5 kallade sessionscookies) och tredjeparts- cookies. Permanenta cookies \u00e4r filer som lagras p\u00e5 din dator under en l\u00e4ngre period. Tempor\u00e4ra cookies \u00e4r filer som lagras tillf\u00e4lligt p\u00e5 din dator n\u00e4r du bes\u00f6ker en webbplats, men raderas n\u00e4r du st\u00e4nger ner sidan.<\/p>\n<p>Tredjeparts-cookies kommer fr\u00e5n en annan webbplats och har till syfte att samla in statistik om bes\u00f6karnas aktivitet p\u00e5 n\u00e4tet.<\/p>\n<p>De flesta f\u00f6retag anv\u00e4nder cookies p\u00e5 sina webbplatser f\u00f6r att f\u00f6rb\u00e4ttra anv\u00e4ndarupplevelsen, och cookies kan inte skada dina filer eller \u00f6ka risken f\u00f6r virus p\u00e5 din dator.<\/p>\n<h4>Hur kan jag st\u00e4nga av cookies?<\/h4>\n<p>Via inst\u00e4llningar i din webbl\u00e4sare kan du sj\u00e4lv v\u00e4lja om du vill till\u00e5ta cookies. Det ser lite olika ut beroende p\u00e5 vilken webbl\u00e4sare som du anv\u00e4nder men det \u00e4r generellt ett val du kan g\u00f6ra genom att g\u00e5 in i inst\u00e4llningar eller verktyg via menyn i webbf\u00f6nstret.<\/p>\n<h4>Hur skyddar vi dina personuppgifter?<\/h4>\n<p>Vi \u00e4r m\u00e5na om att ta hand om v\u00e5ra kunder\/leverant\u00f6rer och vi inser vikten av v\u00e5rt ansvar som personuppgiftsansvarig att ta v\u00e4l hand om de personuppgifter som vi samlar in och hanterar. Vi arbetar st\u00e4ndigt med att skydda din integritet och arbetar p\u00e5 flera olika niv\u00e5er med s\u00e4kerhet s\u00e5som IT-infrastruktur, policyer, riktlinjer och byggnader. Vi l\u00e4gger stor vikt vid att arbeta f\u00f6rebyggande och f\u00f6rhindra att din information sprids och\/eller missbrukas. Behandlingen av din information loggas och kontrolleras kontinuerligt. Bland annat genomf\u00f6rs f\u00f6ljande s\u00e4kerhets\u00e5tg\u00e4rder:<\/p>\n<h4>Begr\u00e4nsning av beh\u00f6righeter<\/h4>\n<p>\u00c5tkomst till dina personuppgifter ges endast till dem som beh\u00f6ver det f\u00f6r sina arbetsuppgifter. Det minimerar antalet personer som har tillg\u00e5ng till uppgifterna och d\u00e4rmed \u00e4ven risken f\u00f6r felhantering.<\/p>\n<h4>Kryptering<\/h4>\n<p>Kryptering av mer k\u00e4nslig information sker med allm\u00e4nt erk\u00e4nda och s\u00e4kra krypteringsmetoder.<\/p>\n<h4>Brandv\u00e4ggar och s\u00e4kerhetsl\u00f6sningar<\/h4>\n<p>SGS applicerar b\u00e5de brandv\u00e4ggar och andra s\u00e4kerhetsl\u00f6sningar, s\u00e5som antivirusprogram, f\u00f6r att s\u00e4kra SGS:s IT-milj\u00f6 ifr\u00e5n intr\u00e5ng och yttre hot.<\/p>\n<h4>Policyer och riktlinjer<\/h4>\n<p>Inom SGS finns tydliga och kommunicerade policyer och riktlinjer f\u00f6r hur personer inom SGS ska hantera personuppgifter. Detta bidrar till en medvetenhet kring hur man kan behandla personliga uppgifter p\u00e5 ett s\u00e4kert s\u00e4tt.<\/p>\n<h4>Seri\u00f6sa leverant\u00f6rsval<\/h4>\n<p>Inom SGS anv\u00e4nder vi oss bara av seri\u00f6sa och v\u00e4lbepr\u00f6vade IT-l\u00f6sningar och leverant\u00f6rer. D\u00e4r styrks leverant\u00f6rens skyldigheter gentemot SGS och i f\u00f6rh\u00e5llande till GDPR (General Data Protection Regulation) via tydliga avtal.<\/p>\n<h4>Vilka r\u00e4ttigheter har du?<\/h4>\n<p>Som registrerad har du utifr\u00e5n det regelverk som fastst\u00e4llts i GDPR r\u00e4tt till f\u00f6ljande:<\/p>\n<ul>\n<li>Att dina uppgifter r\u00e4ttas om de uppt\u00e4cks vara felaktiga.<\/li>\n<li>Att bli bortgl\u00f6md om det inte finns andra r\u00e4ttsliga sk\u00e4l till att SGS beh\u00f6ver spara dina personuppgifter, s\u00e5som exempelvis bokf\u00f6ringsskyldighet.<\/li>\n<li>Att komma med inv\u00e4ndningar kring och be om begr\u00e4nsningar av vilka behandlingar som SGS utf\u00f6r av dina personuppgifter.<\/li>\n<li>Att beg\u00e4ra ut alla dina personuppgifter ifr\u00e5n SGS i ett strukturerat format.<\/li>\n<li>Att bli informerad om det sker en incident som inneb\u00e4r att dina personuppgifter hamnar i felaktiga h\u00e4nder.<\/li>\n<li>Att f\u00e5 dina personuppgifter utl\u00e4mnade i elektronisk form f\u00f6r \u00f6verf\u00f6ring till annan personuppgiftsansvarig<\/li>\n<\/ul>\n<p>Uppt\u00e4cker du att n\u00e5got \u00e4r fel, vill beg\u00e4ra ut dina uppgifter eller f\u00e5 dem raderade, kontakta v\u00e5rt dataskyddsombud (se kontaktuppgifter nedan) f\u00f6r att f\u00e5 hj\u00e4lp.<\/p>\n<p>&nbsp;<\/p>\n<h4>Kontaktuppgifter till oss<\/h4>\n<p>Alla fr\u00e5gor\u00a0om denna policy\u00a0kan st\u00e4llas direkt till v\u00e5r dataskyddskorrespondent med hj\u00e4lp av kontaktuppgifterna nedan.<br \/>\nVill du skriva till oss? V\u00e4nligen kontakta oss p\u00e5 denna adress:<\/p>\n<p>Saint-Gobain Innovative Materials Belgium SA \/ Solar Gard<br \/>\nAvenue Einstein 6 \u2022 1300 Wavre \u2022 Belgium<br \/>\nRPR Nivelles: 0402.733.607 \u2013\u00a0 VAT: BE0402.733.607<br \/>\nContact address: Karreweg 18 \u2022 9870 Zulte \u2022 Belgium<\/p>\n<p>E-postadress f\u00f6r dataskyddsfr\u00e5gor:<br \/>\n<a href=\"mailto:SolarGard.Privacy@saint-gobain.com\" target=\"_blank\" rel=\"noopener\">SolarGard.Privacy@saint-gobain.com<\/a>.<\/p>\n<p>Du har enligt dataskyddslagstiftningen r\u00e4tt att inge klagom\u00e5l p\u00e5 en behandling av dina personuppgifter till Datainspektionen (<a href=\"https:\/\/www.datainspektionen.se\/\" target=\"_blank\" rel=\"noopener\">www.datainspektionen.se<\/a>)<\/p>\n<h1><\/h1>\n<p>[\/vc_column_text][\/vc_column][vc_column width=&#8221;1\/3&#8243; css=&#8221;.vc_custom_1456243704152{margin-top: 30px !important;}&#8221;][vc_cta h2=&#8221;KONTAKTA OSS&#8221; h4=&#8221;Om v\u00e5r integritetspolicy&#8221; txt_align=&#8221;center&#8221; shape=&#8221;square&#8221; add_button=&#8221;bottom&#8221; btn_title=&#8221;SKICKA MAIL&#8221; btn_shape=&#8221;square&#8221; btn_color=&#8221;sky&#8221; btn_align=&#8221;center&#8221; css=&#8221;&#8221; btn_button_block=&#8221;true&#8221; btn_add_icon=&#8221;true&#8221; btn_custom_onclick=&#8221;true&#8221; btn_link=&#8221;url:mailto%3ASolarGard.Privacy%40saint-gobain.com|target:_blank&#8221;][\/vc_cta][\/vc_column][\/vc_row]<\/p>\n<\/div>","protected":false},"excerpt":{"rendered":"<p>[vc_row top_margin=&#8221;md&#8221;][vc_column width=&#8221;2\/3&#8243;][vc_column_text css=&#8221;&#8221;] SAINT-GOBAIN INTEGRITETSPOLICY S\u00e5 h\u00e4r behandlar vi dina personuppgifter &nbsp; Din integritet \u00e4r viktig f\u00f6r oss! Inom Saint-Gobain Sweden AB (nedan kallat SGS) samlar vi in och anv\u00e4nder personuppgifter ifr\u00e5n de personer som interagerar med oss som kund\/leverant\u00f6r samt via v\u00e5r webbplats. Sj\u00e4lvklart \u00e4r det av st\u00f6rsta vikt f\u00f6r oss att de &hellip; <a href=\"https:\/\/www.solargard.com\/sv\/sekretesspolicy-anvandarvillkor\/\">Continued<\/a><\/p>\n","protected":false},"author":3,"featured_media":72543,"parent":0,"menu_order":0,"comment_status":"closed","ping_status":"closed","template":"","meta":{"_acf_changed":false,"footnotes":""},"class_list":["post-27970","page","type-page","status-publish","has-post-thumbnail","hentry"],"acf":[],"_links":{"self":[{"href":"https:\/\/www.solargard.com\/sv\/wp-json\/wp\/v2\/pages\/27970","targetHints":{"allow":["GET"]}}],"collection":[{"href":"https:\/\/www.solargard.com\/sv\/wp-json\/wp\/v2\/pages"}],"about":[{"href":"https:\/\/www.solargard.com\/sv\/wp-json\/wp\/v2\/types\/page"}],"author":[{"embeddable":true,"href":"https:\/\/www.solargard.com\/sv\/wp-json\/wp\/v2\/users\/3"}],"replies":[{"embeddable":true,"href":"https:\/\/www.solargard.com\/sv\/wp-json\/wp\/v2\/comments?post=27970"}],"version-history":[{"count":0,"href":"https:\/\/www.solargard.com\/sv\/wp-json\/wp\/v2\/pages\/27970\/revisions"}],"wp:featuredmedia":[{"embeddable":true,"href":"https:\/\/www.solargard.com\/sv\/wp-json\/wp\/v2\/media\/72543"}],"wp:attachment":[{"href":"https:\/\/www.solargard.com\/sv\/wp-json\/wp\/v2\/media?parent=27970"}],"curies":[{"name":"wp","href":"https:\/\/api.w.org\/{rel}","templated":true}]}}