{"id":27976,"date":"2016-03-27T12:05:52","date_gmt":"2016-03-27T12:05:52","guid":{"rendered":"https:\/\/www.solargard.com\/sv\/?page_id=27976"},"modified":"2025-06-09T07:33:21","modified_gmt":"2025-06-09T15:33:21","slug":"alla-referenser","status":"publish","type":"page","link":"https:\/\/www.solargard.com\/sv\/resurser\/alla-referenser\/","title":{"rendered":"Alla referenser"},"content":{"rendered":"<div class=\"wpb-content-wrapper\"><p>[vc_row top_margin=&#8221;none&#8221;][vc_column][vc_tta_accordion title_tag=&#8221;h1&#8243; active_section=&#8221;0&#8243; collapsible_all=&#8221;true&#8221; title=&#8221;Alla Referenser&#8221;][vc_tta_section title=&#8221;REFERENSER SOLFILM&#8221; tab_id=&#8221;1455211295819-b62fa33c-06b5&#8243;]    <div class=\"download-list \">\n        <a href=\"https:\/\/www.solargard.com\/wp-content\/uploads\/2024\/04\/DX20-Malarfilm-PDF0163DX20SWA4.pdf\" class=\"download-link\" target=\"_self\">Referens Solar Gard Sentinel Plus DX &#8211; J\u00f6nk\u00f6pings Tingsr\u00e4tt<\/a><a href=\"https:\/\/www.solargard.com\/wp-content\/uploads\/2023\/07\/QX-40-Clarion-Hotel-Arlanda-Airport-Malarfilm-SW.pdf\" class=\"download-link\" target=\"_self\">QX 40 Clarion Hotel Arlanda Airport-SW<\/a><a href=\"https:\/\/www.solargard.com\/wp-content\/uploads\/2016\/02\/benfield-success-story-solar-0163sgg.pdf\" class=\"download-link\" target=\"_self\">Benfield Ford Showroom, Leeds, England<\/a>\n    <\/div>[\/vc_tta_section][vc_tta_section title=&#8221;REFERENSER S\u00c4KERHETSFILM&#8221; tab_id=&#8221;1455211295982-c16aad7e-5223&#8243;]    <div class=\"download-list \">\n        <a href=\"https:\/\/www.solargard.com\/wp-content\/uploads\/2016\/02\/design-center-success-story-safety-pdf0163ssc.pdf\" class=\"download-link\" target=\"_self\">All Interior Furnishings Design Center, Tampa, Florida<\/a><a href=\"https:\/\/www.solargard.com\/wp-content\/uploads\/2016\/02\/department-of-energy-success-story-safety-0163ssb.pdf\" class=\"download-link\" target=\"_self\">Department Of Energy, Washington, D.C.<\/a><a href=\"https:\/\/www.solargard.com\/wp-content\/uploads\/2016\/02\/Skyrail_Cairns_Success_Story_PDF0163SGSRC_AU.pdf\" class=\"download-link\" target=\"_self\">Glass Floor Protection, Skyrail Rainforest Cableway, Cairns<\/a><a href=\"https:\/\/www.solargard.com\/wp-content\/uploads\/2016\/02\/blain-group-success-story-safety-pdf0163ssj.pdf\" class=\"download-link\" target=\"_self\">Multi-tenant commercial property, Michigan<\/a><a href=\"https:\/\/www.solargard.com\/wp-content\/uploads\/2016\/02\/multiple-us-government-success-story-safety-0163ssd.pdf\" class=\"download-link\" target=\"_self\">Multiple US Government Facilities, Washington, DC<\/a><a href=\"https:\/\/www.solargard.com\/wp-content\/uploads\/2016\/02\/poultry-success-story-safety-pdf0163ssn.pdf\" class=\"download-link\" target=\"_self\">No. 1 Poultry Building<\/a><a href=\"https:\/\/www.solargard.com\/wp-content\/uploads\/2016\/02\/tarpon-springs-success-story-safety-0163ssk.pdf\" class=\"download-link\" target=\"_self\">Private Residence, Tarpon Springs, Florida<\/a><a href=\"https:\/\/www.solargard.com\/wp-content\/uploads\/2016\/02\/royal-albert-success-story-safety-pdf0163ssl.pdf\" class=\"download-link\" target=\"_self\">Protecting The Royal Albert Hall<\/a><a href=\"https:\/\/www.solargard.com\/wp-content\/uploads\/2016\/02\/us-department-of-labor-success-story-safety-0163ssg.pdf\" class=\"download-link\" target=\"_self\">US Department Of Labor, Washington, D.C.<\/a>\n    <\/div>[\/vc_tta_section][vc_tta_section title=&#8221;REFERENSER ENERGIFILM&#8221; tab_id=&#8221;1455211436024-ea5d1cd9-efb3&#8243;]    <div class=\"download-list \">\n        <a href=\"https:\/\/www.solargard.com\/wp-content\/uploads\/2016\/02\/stena-line-success-story-energy-0163sgeo.pdf\" class=\"download-link\" target=\"_self\">Stena Line, Nordic Region<\/a><a href=\"https:\/\/www.solargard.com\/wp-content\/uploads\/2016\/02\/Collaroy_Home_Ecolux_Success_Story_Energy_PDF0163ECXBH_AU.pdf\" class=\"download-link\" target=\"_self\">Summer\/Winter Comfort, Private Residence, Collaroy<\/a><a href=\"https:\/\/www.solargard.com\/wp-content\/uploads\/2016\/02\/modesto-theatre-success-story-pdf0163sgmst.pdf\" class=\"download-link\" target=\"_self\">The Modesto State Theatre, Modesto, California<\/a>\n    <\/div>[\/vc_tta_section][vc_tta_section title=&#8221;REFERENSER BILFILM&#8221; tab_id=&#8221;1455211433642-7c496fc8-7fb8&#8243;]    <div class=\"download-list \">\n        \n    <\/div>[\/vc_tta_section][\/vc_tta_accordion][\/vc_column][\/vc_row]<\/p>\n<\/div>","protected":false},"excerpt":{"rendered":"<p>[vc_row top_margin=&#8221;none&#8221;][vc_column][vc_tta_accordion title_tag=&#8221;h1&#8243; active_section=&#8221;0&#8243; collapsible_all=&#8221;true&#8221; title=&#8221;Alla Referenser&#8221;][vc_tta_section title=&#8221;REFERENSER SOLFILM&#8221; tab_id=&#8221;1455211295819-b62fa33c-06b5&#8243;][\/vc_tta_section][vc_tta_section title=&#8221;REFERENSER S\u00c4KERHETSFILM&#8221; tab_id=&#8221;1455211295982-c16aad7e-5223&#8243;][\/vc_tta_section][vc_tta_section title=&#8221;REFERENSER ENERGIFILM&#8221; tab_id=&#8221;1455211436024-ea5d1cd9-efb3&#8243;][\/vc_tta_section][vc_tta_section title=&#8221;REFERENSER BILFILM&#8221; tab_id=&#8221;1455211433642-7c496fc8-7fb8&#8243;][\/vc_tta_section][\/vc_tta_accordion][\/vc_column][\/vc_row]<\/p>\n","protected":false},"author":3,"featured_media":15458,"parent":20799,"menu_order":0,"comment_status":"closed","ping_status":"closed","template":"templates\/resources.php","meta":{"_acf_changed":false,"footnotes":""},"class_list":["post-27976","page","type-page","status-publish","has-post-thumbnail","hentry"],"acf":[],"_links":{"self":[{"href":"https:\/\/www.solargard.com\/sv\/wp-json\/wp\/v2\/pages\/27976","targetHints":{"allow":["GET"]}}],"collection":[{"href":"https:\/\/www.solargard.com\/sv\/wp-json\/wp\/v2\/pages"}],"about":[{"href":"https:\/\/www.solargard.com\/sv\/wp-json\/wp\/v2\/types\/page"}],"author":[{"embeddable":true,"href":"https:\/\/www.solargard.com\/sv\/wp-json\/wp\/v2\/users\/3"}],"replies":[{"embeddable":true,"href":"https:\/\/www.solargard.com\/sv\/wp-json\/wp\/v2\/comments?post=27976"}],"version-history":[{"count":0,"href":"https:\/\/www.solargard.com\/sv\/wp-json\/wp\/v2\/pages\/27976\/revisions"}],"up":[{"embeddable":true,"href":"https:\/\/www.solargard.com\/sv\/wp-json\/wp\/v2\/pages\/20799"}],"wp:featuredmedia":[{"embeddable":true,"href":"https:\/\/www.solargard.com\/sv\/wp-json\/wp\/v2\/media\/15458"}],"wp:attachment":[{"href":"https:\/\/www.solargard.com\/sv\/wp-json\/wp\/v2\/media?parent=27976"}],"curies":[{"name":"wp","href":"https:\/\/api.w.org\/{rel}","templated":true}]}}