{"id":27978,"date":"2016-03-27T12:09:19","date_gmt":"2016-03-27T12:09:19","guid":{"rendered":"https:\/\/www.solargard.com\/sv\/?page_id=27978"},"modified":"2025-06-09T07:43:08","modified_gmt":"2025-06-09T15:43:08","slug":"varfor-solar-gard","status":"publish","type":"page","link":"https:\/\/www.solargard.com\/sv\/varfor-solar-gard\/","title":{"rendered":"Varf\u00f6r Solar Gard?"},"content":{"rendered":"<div class=\"wpb-content-wrapper\"><p>[vc_row css=&#8221;.vc_custom_1453224340078{background-color: #ffffff !important;}&#8221;][vc_column width=&#8221;1\/2&#8243;]<div class=\"section-title sep-bottom-xs text-left\"><h3 class=\"upper normal-title\">Solar Gard - We're On It<\/h3><\/div>[vc_video link=&#8221;https:\/\/player.vimeo.com\/video\/260142915&#8243;][\/vc_column][vc_column width=&#8221;1\/2&#8243;]<div class=\"section-title sg-section-title text-center\"><div class=\"copy-content\"><h1 class=\" normal-title\">Varf\u00f6r Solar Gard?<\/h1><\/div><div class=\"border-bg\"><\/div><\/div><div class=\"section-title text-left\"><h4 class=\"upper normal-title\">GARANTIERNA<\/h4><\/div>[vc_column_text]Solar Gard har industriledande produktgarantier och v\u00e5rt serviceteam hanterar garanti\u00e4renden snabbt och effektivt.[\/vc_column_text]<div class=\"section-title sep-top-xs text-left\"><h4 class=\"upper normal-title\">F\u00c4RGSTABILITET<\/h4><\/div>[vc_column_text]Solar Gard erbjuder h\u00f6gkvalitativa filmer som f\u00f6rs\u00e4krar att filmen f\u00e4rgstabilitet h\u00e5ller under hela garantitiden.[\/vc_column_text]<div class=\"section-title sep-top-xs text-left\"><h4 class=\"upper normal-title\">KLARHET<\/h4><\/div>[vc_column_text]En films klarhet \u00e4r inte bara viktig i fr\u00e5ga om utseende p\u00e5 filmen, det \u00e4r \u00e4ven viktigt ur ett s\u00e4kerhetsperspektiv. Underm\u00e5lig f\u00f6nsterfilm kan f\u00e5 problem med \u201ddimbildning\u201d och f\u00f6rsv\u00e5ra sikten och \u00e4ven \u00f6ka problem med bl\u00e4ndning.[\/vc_column_text]<div class=\"section-title sep-top-xs text-left\"><h4 class=\"upper normal-title\">O\u00d6VERTR\u00c4FFAD VIDH\u00c4FTNING<\/h4><\/div>[vc_column_text]Solar Gards utomordentliga lim \u00e4r en stor del av filmens optimala prestanda. Underm\u00e5liga lim kan orsaka att produkten sl\u00e4pper fr\u00e5n ytan och i v\u00e4rst fall resultera i att filmen inte f\u00e4ster.[\/vc_column_text]<div class=\"section-title sep-top-xs text-left\"><h4 class=\"upper normal-title\">KVALITETS- OCH PRESTANDATESTER<\/h4><\/div>[vc_column_text]<\/p>\n<p>Solar Gards kvalitetsgaranti f\u00f6rs\u00e4krar att alla rulle filmar som l\u00e4mnar fabriken h\u00e5ller samma f\u00e4rgton f\u00f6r perfekta resultat, oavsett vilken rulle film i serien man anv\u00e4nder.<\/p>\n<p>Solar Gard utf\u00f6r rigor\u00f6sa prestandatester f\u00f6r att f\u00f6rs\u00e4kra att v\u00e5ra produkter alltid presterar som f\u00f6rv\u00e4ntat i under olika f\u00f6ruts\u00e4ttningar.[\/vc_column_text][\/vc_column][\/vc_row][vc_row full_width=&#8221;stretch_row&#8221; top_margin=&#8221;2x&#8221; bottom_margin=&#8221;2x&#8221; css=&#8221;.vc_custom_1453223399357{background-color: #eeeeee !important;}&#8221;][vc_column][vc_row_inner][vc_column_inner width=&#8221;1\/2&#8243; css=&#8221;.vc_custom_1455826284989{padding-right: 20px !important;}&#8221;]<div class=\"section-title sep-bottom-md text-left wow bounceInLeft\" data-wow-delay=\"0.25s\"><h3 class=\"upper normal-title\">OM SOLAR GARD<\/h3><p class=\"lead \">Solar Gard \u00e4r en global ledare inom patentskyddade filmteknologier f\u00f6r solskydd och ytskydd inom fordons-, bostads- och kommersiella industrier. Som Specialty Films Division av den globala glas- och byggnadsteknologiikonen Saint-Gobain \u2013 ett f\u00f6retag vars minst 350-\u00e5riga arv har sitt ursprung i Spegelsalen i Versailles-palatset, Paris \u2013 \u00e4r Solar Gard byggd p\u00e5 h\u00e5rt arbete och utveckling under \u00e5rtionden f\u00f6r att kunna erbjuda egentillverkad sol- och klimatkontroll och s\u00e4kerhetsfilml\u00f6sningar. F\u00f6retagets produktportf\u00f6lj ger o\u00f6vertr\u00e4ffade resultat n\u00e4r det g\u00e4ller att f\u00f6rb\u00e4ttra och skydda fordon, hem och byggnader, och inte minst passagerarna, de boende och hyresg\u00e4sterna som vistas i dessa milj\u00f6er.<br \/>\nF\u00f6lj Solar Gard p\u00e5 LinkedIn, Facebook, Twitter och Instagram.<br \/>\n#SolarGardEU<\/p><\/div>[\/vc_column_inner][vc_column_inner width=&#8221;1\/2&#8243;][vc_single_image image=&#8221;27980&#8243; img_size=&#8221;full&#8221;][\/vc_column_inner][\/vc_row_inner][\/vc_column][\/vc_row][vc_row full_width=&#8221;stretch_row&#8221; top_margin=&#8221;2x&#8221; bottom_margin=&#8221;2x&#8221;][vc_column width=&#8221;1\/2&#8243; el_class=&#8221;sep-bottom-md&#8221;][vc_single_image image=&#8221;27982&#8243; img_size=&#8221;full&#8221;][\/vc_column][vc_column width=&#8221;1\/2&#8243;]<div class=\"section-title text-left wow bounceInRight\" data-wow-delay=\"0.25s\"><h3 class=\"upper normal-title\">MED 350 \u00c5RS ERFARENHET I RYGGEN<\/h3><p class=\"lead \">Saint-Gobain finns i 64 l\u00e4nder, har cirka 190 000 anst\u00e4llda och \u00e4r ett av v\u00e4rldens 100 st\u00f6rsta f\u00f6retag. Som en av de v\u00e4rldsledande verksamheterna inom livsmilj\u00f6 utformar, tillverkar och distribuerar Saint-Gobain byggnadsmaterial som ger innovativa l\u00f6sningar f\u00f6r att m\u00f6ta de st\u00e4ndigt \u00f6kande kraven vad g\u00e4ller tillv\u00e4xt, energibesparingar och milj\u00f6skydd.\nF\u00f6r mer information, bes\u00f6k www.saint-gobain.com.<\/p><\/div>[\/vc_column][\/vc_row][vc_row top_margin=&#8221;md&#8221; bottom_margin=&#8221;none&#8221; el_id=&#8221;quality-policies&#8221;][vc_column]<div class=\"section-title sg-section-title text-center\"><div class=\"copy-content\"><h4 class=\" normal-title\">V\u00e5r kvalitets- och milj\u00f6policy<\/h4><\/div><div class=\"border-bg\"><\/div><\/div>[vc_row_inner][vc_column_inner][vc_column_text css=&#8221;.vc_custom_1543677342910{padding-top: 5% !important;padding-bottom: 5% !important;}&#8221;]<\/p>\n<p style=\"text-align: center;\">&#8221;Vi skall p\u00e5 utlovad tid hantera och leverera produkter som uppfyller v\u00e5ra kunders f\u00f6rv\u00e4ntningar. Vi arbetar st\u00e4ndigt och kontinuerligt p\u00e5 att f\u00f6rb\u00e4ttra kvaliteten p\u00e5 v\u00e5ra produkter, processer och kundservice med ett kvalitetssystem som ser till att vi uppn\u00e5r v\u00e5ra m\u00e5l och v\u00e5ra kunders f\u00f6rv\u00e4ntningar.&#8221;<\/p>\n<p style=\"text-align: center;\"><strong>Saint-Gobain Solar Gards engagemang<\/strong><\/p>\n<p style=\"text-align: center;\">Saint-Gobain Solar Gard engagerar sig starkt i att skydda b\u00e5de milj\u00f6n och f\u00f6r att s\u00e4kerst\u00e4lla h\u00e4lsan och s\u00e4kerheten f\u00f6r sina anst\u00e4llda, kunder, bes\u00f6kare d\u00e4r vi verkar och arbetar. Vi tillhandah\u00e5ller resurser och utbildar v\u00e5ra anst\u00e4llda f\u00f6r att f\u00f6lja v\u00e5r policy att minimera milj\u00f6p\u00e5verkan i v\u00e5rt dagliga arbete. Att uppfylla detta \u00e5tagande \u00e4r ett prim\u00e4rt m\u00e5l b\u00e5de p\u00e5 det individuella och det kollektiva planet och ansvaret ligger p\u00e5 alla anst\u00e4llda och ledarskapet inom Saint Gobain Solar Gard.<\/p>\n<p style=\"text-align: center;\"><strong>F\u00f6r att uppn\u00e5 v\u00e5rt m\u00e5l skall vi:<\/strong><\/p>\n<p style=\"text-align: center;\">F\u00f6lja alla till\u00e4mpliga milj\u00f6-, h\u00e4lso- och s\u00e4kerhetslagar, f\u00f6reskrifter och andra krav inom Saint-Gobain Solar Gard.<\/p>\n<p style=\"text-align: center;\">F\u00f6rb\u00e4ttra v\u00e5ra produkter genom att utveckla ny teknik och metoder f\u00f6r att minska v\u00e5ra koldioxidutsl\u00e4pp.<\/p>\n<p style=\"text-align: center;\">F\u00f6rebygga och minska utsl\u00e4pp och f\u00f6roreningar och d\u00e4rmed minimera den totala milj\u00f6p\u00e5verkan i v\u00e5r verksamhet.<\/p>\n<p style=\"text-align: center;\">Forts\u00e4tta att kontinuerligt f\u00f6rb\u00e4ttra v\u00e5r milj\u00f6, h\u00e4lsa och s\u00e4kerhet.<\/p>\n<p style=\"text-align: center;\">Leda utvecklingen fram\u00e5t genom att utnyttja kostnadseffektiva milj\u00f6-, h\u00e4lso- och s\u00e4kerhetstekniker och f\u00f6rfaranden.<\/p>\n<p style=\"text-align: center;\">Ge alla medarbetare m\u00f6jlighet att ta personligt ansvar eller skydda milj\u00f6n och skapa en s\u00e4ker och h\u00e4lsosam arbetsplats.<\/p>\n<p>[\/vc_column_text][\/vc_column_inner][\/vc_row_inner][\/vc_column][\/vc_row][vc_row full_width=&#8221;stretch_row&#8221;][vc_column]<div class=\"section-title sep-bottom-lg text-center wow fadeInRight\"><h3 class=\"upper normal-title\">F\u00d6RENINGAR &amp; MEDLEMSSKAP<\/h3><\/div>    <div class=\"\">\n      <div dir=\"ltr\" data-auto-play=\"3000\" data-items=\"8\" data-auto-height=\"false\" class=\"client-list owl-carousel owl-theme\">\n        <div class=\"item\"> <a href=\"http:\/\/www.aimcal.org\/\" target=\"_blank\" rel=\"noopener\"><img decoding=\"async\" class=\"img-responsive\" alt=\"AIMCAL\" src=\"https:\/\/www.solargard.com\/wp-content\/uploads\/2016\/03\/0009_bwlogo_aimcal.jpg\"><\/a> <\/div><div class=\"item\"> <a href=\"http:\/\/www.thenbs.com\/PublicationIndex\/documents?Pub=AIS\" target=\"_blank\" rel=\"noopener\"><img decoding=\"async\" class=\"img-responsive\" alt=\"AIS\" src=\"https:\/\/www.solargard.com\/wp-content\/uploads\/2016\/03\/ais.jpg\"><\/a> <\/div><div class=\"item\"> <a href=\"http:\/\/www.asid.org\" target=\"_blank\" rel=\"noopener\"><img decoding=\"async\" class=\"img-responsive\" alt=\"ASID\" src=\"https:\/\/www.solargard.com\/wp-content\/uploads\/2016\/03\/0008_bwlogo_asid.jpg\"><\/a> <\/div><div class=\"item\"> <a href=\"http:\/\/www.boma.org\" target=\"_blank\" rel=\"noopener\"><img decoding=\"async\" class=\"img-responsive\" alt=\"BOMA\" src=\"https:\/\/www.solargard.com\/wp-content\/uploads\/2016\/03\/0007_bwlogo_boma.jpg\"><\/a> <\/div><div class=\"item\"> <a href=\"https:\/\/www.energystar.gov\/\" target=\"_blank\" rel=\"noopener\"><img decoding=\"async\" class=\"img-responsive\" alt=\"Energy Star\" src=\"https:\/\/www.solargard.com\/wp-content\/uploads\/2016\/03\/0005_bwlogo_energystar.jpg\"><\/a> <\/div><div class=\"item\"> <a href=\"http:\/\/www.ggf.org.uk\" target=\"_blank\" rel=\"noopener\"><img decoding=\"async\" class=\"img-responsive\" alt=\"GGF\" src=\"https:\/\/www.solargard.com\/wp-content\/uploads\/2016\/03\/ggf.jpg\"><\/a> <\/div><div class=\"item\"> <a href=\"http:\/\/www.iwfa.com\" target=\"_blank\" rel=\"noopener\"><img decoding=\"async\" class=\"img-responsive\" alt=\"IWFA\" src=\"https:\/\/www.solargard.com\/wp-content\/uploads\/2016\/03\/iwfa.jpg\"><\/a> <\/div><div class=\"item\"> <a href=\"http:\/\/www.glass.org\" target=\"_blank\" rel=\"noopener\"><img decoding=\"async\" class=\"img-responsive\" alt=\"NGA\" src=\"https:\/\/www.solargard.com\/wp-content\/uploads\/2016\/03\/0002_bwlogo_nga.jpg\"><\/a> <\/div><div class=\"item\"> <a href=\"http:\/\/protectiveglazing.com\/\" target=\"_blank\" rel=\"noopener\"><img decoding=\"async\" class=\"img-responsive\" alt=\"PGC\" src=\"https:\/\/www.solargard.com\/wp-content\/uploads\/2016\/03\/0001_bwlogo_pgc.jpg\"><\/a> <\/div><div class=\"item\"> <a href=\"http:\/\/www.usgbc.org\/\" target=\"_blank\" rel=\"noopener\"><img decoding=\"async\" class=\"img-responsive\" alt=\"USGBC\" src=\"https:\/\/www.solargard.com\/wp-content\/uploads\/2016\/03\/0000_leaves-e1455834545243.jpg\"><\/a> <\/div><div class=\"item\"> <a href=\"http:\/\/www.wers.net\/wers-home\" target=\"_blank\" rel=\"noopener\"><img decoding=\"async\" class=\"img-responsive\" alt=\"Window Energy Rating Scheme\" src=\"https:\/\/www.solargard.com\/wp-content\/uploads\/2016\/06\/WER.png\"><\/a> <\/div><div class=\"item\"> <a href=\"http:\/\/www.wfaanz.org.au\/\" target=\"_blank\" rel=\"noopener\"><img decoding=\"async\" class=\"img-responsive\" alt=\"Window Film Association of Australia and New Zealand\" src=\"https:\/\/www.solargard.com\/wp-content\/uploads\/2016\/06\/WFAANZ-2.png\"><\/a> <\/div>\n      <\/div>\n    <\/div>[\/vc_column][\/vc_row][vc_row full_width=&#8221;stretch_row&#8221; bottom_margin=&#8221;xs&#8221; css=&#8221;.vc_custom_1456356355112{background-color: #e5f5fc !important;}&#8221;][vc_column width=&#8221;2\/12&#8243;][\/vc_column][vc_column width=&#8221;4\/12&#8243;]<div class=\"section-title text-center\"><h3 class=\"upper normal-title\">HAR DU FR\u00c5GOR?<\/h3><\/div>[\/vc_column][vc_column width=&#8221;4\/12&#8243;][vc_btn title=&#8221;KONTAKTA OSS&#8221; style=&#8221;flat&#8221; shape=&#8221;square&#8221; color=&#8221;primary&#8221; align=&#8221;center&#8221; css=&#8221;&#8221; link=&#8221;url:https%3A%2F%2Fwww.solargard.com%2Fsv%2Fkontakta-oss%2F&#8221;][\/vc_column][vc_column width=&#8221;2\/12&#8243;][\/vc_column][\/vc_row]<\/p>\n<\/div>","protected":false},"excerpt":{"rendered":"<p>[vc_row css=&#8221;.vc_custom_1453224340078{background-color: #ffffff !important;}&#8221;][vc_column width=&#8221;1\/2&#8243;][vc_video link=&#8221;https:\/\/player.vimeo.com\/video\/260142915&#8243;][\/vc_column][vc_column width=&#8221;1\/2&#8243;][vc_column_text]Solar Gard har industriledande produktgarantier och v\u00e5rt serviceteam hanterar garanti\u00e4renden snabbt och effektivt.[\/vc_column_text][vc_column_text]Solar Gard erbjuder h\u00f6gkvalitativa filmer som f\u00f6rs\u00e4krar att filmen f\u00e4rgstabilitet h\u00e5ller under hela garantitiden.[\/vc_column_text][vc_column_text]En films klarhet \u00e4r inte bara viktig i fr\u00e5ga om utseende p\u00e5 filmen, det \u00e4r \u00e4ven viktigt ur ett s\u00e4kerhetsperspektiv. Underm\u00e5lig f\u00f6nsterfilm kan f\u00e5 &hellip; <a href=\"https:\/\/www.solargard.com\/sv\/client\/window-film-association-australia-new-zealand-2\/\">Continued<\/a><\/p>\n","protected":false},"author":3,"featured_media":27975,"parent":0,"menu_order":0,"comment_status":"closed","ping_status":"closed","template":"","meta":{"_acf_changed":false,"footnotes":""},"class_list":["post-27978","page","type-page","status-publish","has-post-thumbnail","hentry"],"acf":[],"_links":{"self":[{"href":"https:\/\/www.solargard.com\/sv\/wp-json\/wp\/v2\/pages\/27978","targetHints":{"allow":["GET"]}}],"collection":[{"href":"https:\/\/www.solargard.com\/sv\/wp-json\/wp\/v2\/pages"}],"about":[{"href":"https:\/\/www.solargard.com\/sv\/wp-json\/wp\/v2\/types\/page"}],"author":[{"embeddable":true,"href":"https:\/\/www.solargard.com\/sv\/wp-json\/wp\/v2\/users\/3"}],"replies":[{"embeddable":true,"href":"https:\/\/www.solargard.com\/sv\/wp-json\/wp\/v2\/comments?post=27978"}],"version-history":[{"count":0,"href":"https:\/\/www.solargard.com\/sv\/wp-json\/wp\/v2\/pages\/27978\/revisions"}],"wp:featuredmedia":[{"embeddable":true,"href":"https:\/\/www.solargard.com\/sv\/wp-json\/wp\/v2\/media\/27975"}],"wp:attachment":[{"href":"https:\/\/www.solargard.com\/sv\/wp-json\/wp\/v2\/media?parent=27978"}],"curies":[{"name":"wp","href":"https:\/\/api.w.org\/{rel}","templated":true}]}}