{"id":30671,"date":"2016-04-13T17:38:09","date_gmt":"2016-04-13T17:38:09","guid":{"rendered":"https:\/\/www.solargard.com\/sv\/?page_id=30671"},"modified":"2025-05-07T02:09:10","modified_gmt":"2025-05-07T10:09:10","slug":"vad-sager-lagen","status":"publish","type":"page","link":"https:\/\/www.solargard.com\/sv\/vad-sager-lagen\/","title":{"rendered":"Vad s\u00e4ger lagen?"},"content":{"rendered":"<div class=\"wpb-content-wrapper\"><p>[vc_row][vc_column][vc_column_text css=&#8221;&#8221;]<\/p>\n<h1>Lagar och best\u00e4mmelser om toning av bilrutor<\/h1>\n<h2>Exakt r\u00e4tt toning f\u00f6r dina behov<\/h2>\n<p>Solar Gard har ett av de bredaste sortimenten av solskyddsfilmer p\u00e5 marknaden och kan erbjuda den perfekta filmen f\u00f6r varje fordon. Det stora urvalet av allt fr\u00e5n m\u00f6rkare till ljusare, reflekterande eller matta filmer med olika ljusgenomsl\u00e4pp och ytbehandlingar, g\u00f6r det enkelt att hitta r\u00e4tt film f\u00f6r din bil. Solar Gard kan erbjuda den produkt som b\u00e4st passar ditt fordon.<\/p>\n<p>Din Solar Gard-mont\u00f6r \u00e4r professionell med erfarenhet och kunskap du kan lita p\u00e5. Det \u00e4r viktigt att lagen efterf\u00f6ljs, s\u00e5 se till att aldrig l\u00e5ta tona framrutorna p\u00e5 ditt fordon, det \u00e4r n\u00e4mligen inte till\u00e5tet enligt svensk lag.<\/p>\n<p>V\u00e5ra \u00e5terf\u00f6rs\u00e4ljare v\u00e4ljer att arbeta med Solar Gard eftersom de litar p\u00e5 dess h\u00f6ga kvalitet, dess prestanda och n\u00e5gra av marknadens b\u00e4sta garantier. Vi vill \u00e4ven ge dig bra kundservice och vi finns h\u00e4r f\u00f6r er och hj\u00e4lper dig g\u00e4rna.<\/p>\n<p>Observera att det enligt svensk lag \u00e4r f\u00f6rbjudet att installera n\u00e5gon tonad film \u00f6verhuvudtaget p\u00e5 framruta eller sidorutorna fram.<\/p>\n<ul>\n<li>\n<div><a href=\"https:\/\/ntf.se\/fragor-och-svar\/bilar\/ovrigt-om-bilar\/solfilm-eller-solskydd-pa-bilrutan\/#:~:text=Bilrutan%20i%20f%C3%B6rarens%20siktf%C3%A4lt%20ska,risk%20att%20bl%C3%A4nda%20andra%20trafikanter.\" target=\"_blank\" rel=\"noopener\">Lagstiftning i Sverige<\/a><\/div>\n<\/li>\n<\/ul>\n<p>[\/vc_column_text][\/vc_column][\/vc_row]<\/p>\n<\/div>","protected":false},"excerpt":{"rendered":"<p>[vc_row][vc_column][vc_column_text css=&#8221;&#8221;] Lagar och best\u00e4mmelser om toning av bilrutor Exakt r\u00e4tt toning f\u00f6r dina behov Solar Gard har ett av de bredaste sortimenten av solskyddsfilmer p\u00e5 marknaden och kan erbjuda den perfekta filmen f\u00f6r varje fordon. Det stora urvalet av allt fr\u00e5n m\u00f6rkare till ljusare, reflekterande eller matta filmer med olika ljusgenomsl\u00e4pp och ytbehandlingar, g\u00f6r &hellip; <a href=\"https:\/\/www.solargard.com\/sv\/vad-sager-lagen\/\">Continued<\/a><\/p>\n","protected":false},"author":1,"featured_media":0,"parent":0,"menu_order":0,"comment_status":"closed","ping_status":"closed","template":"","meta":{"_acf_changed":false,"footnotes":""},"class_list":["post-30671","page","type-page","status-publish","hentry"],"acf":[],"_links":{"self":[{"href":"https:\/\/www.solargard.com\/sv\/wp-json\/wp\/v2\/pages\/30671","targetHints":{"allow":["GET"]}}],"collection":[{"href":"https:\/\/www.solargard.com\/sv\/wp-json\/wp\/v2\/pages"}],"about":[{"href":"https:\/\/www.solargard.com\/sv\/wp-json\/wp\/v2\/types\/page"}],"author":[{"embeddable":true,"href":"https:\/\/www.solargard.com\/sv\/wp-json\/wp\/v2\/users\/1"}],"replies":[{"embeddable":true,"href":"https:\/\/www.solargard.com\/sv\/wp-json\/wp\/v2\/comments?post=30671"}],"version-history":[{"count":0,"href":"https:\/\/www.solargard.com\/sv\/wp-json\/wp\/v2\/pages\/30671\/revisions"}],"wp:attachment":[{"href":"https:\/\/www.solargard.com\/sv\/wp-json\/wp\/v2\/media?parent=30671"}],"curies":[{"name":"wp","href":"https:\/\/api.w.org\/{rel}","templated":true}]}}