{"id":34643,"date":"2016-05-16T20:14:10","date_gmt":"2016-05-16T20:14:10","guid":{"rendered":"https:\/\/www.solargard.com\/sv\/?page_id=34643"},"modified":"2025-06-09T07:01:35","modified_gmt":"2025-06-09T15:01:35","slug":"bilfilm-lackskydd","status":"publish","type":"page","link":"https:\/\/www.solargard.com\/sv\/bilfilm-lackskydd\/","title":{"rendered":"Produkter f\u00f6r bilen"},"content":{"rendered":"<div class=\"wpb-content-wrapper\"><p>[vc_row bottom_margin=&#8221;none&#8221;][vc_column]<div class=\"section-title sg-section-title text-center\"><div class=\"copy-content\"><h1 class=\" normal-title\">Det som betyder mest...<\/h1><p class=\"lead x2 x2\">We're On It!<\/p><\/div><div class=\"border-bg\"><\/div><\/div>[\/vc_column][\/vc_row][vc_row top_margin=&#8221;xs&#8221; bottom_margin=&#8221;none&#8221;][vc_column width=&#8221;1\/4&#8243; offset=&#8221;vc_col-xs-6&#8243;]<div class=\"content-icon text-left\"><div class=\"content-link-image wow bounceInUp\" style=\"background-image: url(https:\/\/www.solargard.com\/wp-content\/uploads\/2016\/04\/keep_me_cool_2.png)\"  data-wow-delay=\"0.25s\"><\/div><h4>KOMFORT<\/h4><h5><\/h5><p>Blockerar upp till 70% av solv\u00e4rmen f\u00f6r en sk\u00f6nare och svalare k\u00f6rupplevelse<\/p><\/div>[\/vc_column][vc_column width=&#8221;1\/4&#8243; offset=&#8221;vc_col-xs-6&#8243;]<div class=\"content-icon text-left\"><div class=\"content-link-image wow bounceInUp\" style=\"background-image: url(https:\/\/www.solargard.com\/wp-content\/uploads\/2016\/04\/shield_2.png)\"  data-wow-delay=\"0.5s\"><\/div><h4>UV-SKYDD<\/h4><h5><\/h5><p>Blockerar upp till 99% av solens skadliga UV-str\u00e5lning<\/p><\/div>[\/vc_column][vc_column width=&#8221;1\/4&#8243; offset=&#8221;vc_col-xs-6&#8243;]<div class=\"content-icon text-left\"><div class=\"content-link-image wow bounceInUp\" style=\"background-image: url(https:\/\/www.solargard.com\/wp-content\/uploads\/2016\/04\/prevent_fading_2.png)\"  data-wow-delay=\"0.75s\"><\/div><h4>BLEKNING<\/h4><h5><\/h5><p>Skydda bilen fr\u00e5n blekande str\u00e5lar som f\u00f6rst\u00f6r din inredning<\/p><\/div>[\/vc_column][vc_column width=&#8221;1\/4&#8243; offset=&#8221;vc_col-xs-6&#8243;]<a href=\"https:\/\/www.solargard.com\/sv\/blandning-reflexer\/\" class=\"content-icon text-left\" ><div class=\"content-link-image wow bounceInUp\" style=\"background-image: url(https:\/\/www.solargard.com\/wp-content\/uploads\/2016\/04\/glare_2.png)\"  data-wow-delay=\"1s\"><\/div><h4>BL\u00c4NDNING<\/h4><h5><\/h5><p>Undvik bl\u00e4ndning fr\u00e5n solen samt fr\u00e5n m\u00f6tande str\u00e5lkastare kv\u00e4llstid<\/p><\/a>[\/vc_column][\/vc_row][vc_row top_margin=&#8221;none&#8221; bottom_margin=&#8221;none&#8221;][vc_column width=&#8221;1\/4&#8243; offset=&#8221;vc_col-xs-6&#8243;]<div class=\"content-icon text-left\"><div class=\"content-link-image wow bounceInUp\" style=\"background-image: url(https:\/\/www.solargard.com\/wp-content\/uploads\/2016\/04\/privacy_2.png)\"  data-wow-delay=\"0.25s\"><\/div><h4>INSYNSSKYDD<\/h4><h5><\/h5><p>Minska insynen in i bilen<\/p><\/div>[\/vc_column][vc_column width=&#8221;1\/4&#8243; offset=&#8221;vc_col-xs-6&#8243;]<div class=\"content-icon text-left\"><div class=\"content-link-image wow bounceInUp\" style=\"background-image: url(https:\/\/www.solargard.com\/wp-content\/uploads\/2016\/04\/change_look_2.png)\"  data-wow-delay=\"0.5s\"><\/div><h4>SNYGG LOOK<\/h4><h5><\/h5><p>Ge bilen en snygg look - vi har ett utbud som passar de flesta<\/p><\/div>[\/vc_column][vc_column width=&#8221;1\/4&#8243; offset=&#8221;vc_col-xs-6&#8243;]<div class=\"content-icon text-left\"><div class=\"content-link-image wow bounceInUp\" style=\"background-image: url(https:\/\/www.solargard.com\/wp-content\/uploads\/2016\/04\/safety_2.png)\"  data-wow-delay=\"0.75s\"><\/div><h4>S\u00c4KERHET<\/h4><h5><\/h5><p>Slipp effekterna av smash-and-grab och splittrat glas i bilen<\/p><\/div>[\/vc_column][vc_column width=&#8221;1\/4&#8243; offset=&#8221;vc_col-xs-6&#8243;]<div class=\"content-icon text-left\"><div class=\"content-link-image wow bounceInUp\" style=\"background-image: url(https:\/\/www.solargard.com\/wp-content\/uploads\/2016\/04\/gas_pump_2.png)\"  data-wow-delay=\"1s\"><\/div><h4>SPARA BENSIN<\/h4><h5><\/h5><p>Mindre anv\u00e4ndning av air-conditioner ger mindre br\u00e4nslef\u00f6rbrukning<\/p><\/div>[\/vc_column][\/vc_row][vc_row top_margin=&#8221;none&#8221; bottom_margin=&#8221;none&#8221;][vc_column][vc_separator][\/vc_column][\/vc_row][vc_row top_margin=&#8221;none&#8221; bottom_margin=&#8221;none&#8221;][vc_column][\/vc_column][\/vc_row][vc_row top_margin=&#8221;md&#8221; bottom_margin=&#8221;sm&#8221;][vc_column][\/vc_column][\/vc_row][vc_row full_width=&#8221;stretch_row&#8221; top_margin=&#8221;2x&#8221; el_class=&#8221;light-blue-row&#8221;][vc_column el_class=&#8221;gray-title&#8221;]<div class=\"section-title sep-bottom-lg text-center\"><h3 class=\" normal-title\">V\u00c5RA BILFILMER<\/h3><\/div>[vc_row_inner][vc_column_inner width=&#8221;1\/3&#8243;]<a href=\"https:\/\/www.solargard.com\/sv\/product\/galaxie\/\" class=\"content-link \"><div class=\"content-link-image\" style=\"background-image: url(https:\/\/www.solargard.com\/wp-content\/uploads\/2014\/11\/Galaxie-1-2-300x273.jpg)\"><\/div><h4>Galaxie<\/h4><h5><\/h5><p>Uppseendev\u00e4ckande utseende och prestanda med suver\u00e4na v\u00e4rmereducerande egenskaper som inte st\u00f6r elektronisk utrustning. \u00d6verl\u00e4gsen kvalitet och exceptionell prestanda tar din k\u00f6rupplevelse till en ny niv\u00e5 samtidigt som du skyddas fr\u00e5n solens v\u00e4rme och skadliga UV-str\u00e5lning. Egenskaper och f\u00f6rdelar: Djupsvart film i olika toningar att v\u00e4lja fr\u00e5n Blockerar mer \u00e4n 99% av den skadliga ultravioletta str\u00e5lningen &hellip; <a href=\"https:\/\/www.solargard.com\/sv\/product\/galaxie\/\">Continued<\/a><\/p><\/a>[\/vc_column_inner][vc_column_inner el_class=&#8221;bordered&#8221; width=&#8221;1\/3&#8243;]<a href=\"https:\/\/www.solargard.com\/sv\/product\/cx-magnum-ir\/\" class=\"content-link \"><div class=\"content-link-image\" style=\"background-image: url(https:\/\/www.solargard.com\/wp-content\/uploads\/2020\/06\/CX-Magnum-IR-Web-Product20-300x300.jpg)\"><\/div><h4>CX Magnum IRC | Snygg &#038; stort utbud<\/h4><h5><\/h5><p>CX Magnum IRC Bilfilm CX MAGNUM IRC \u00e4r serie nanokeramiska bilfilmer som \u00e4r utformade f\u00f6r att ge ett b\u00e4ttre skydd mot v\u00e4rme och UV samt ge en sk\u00f6nare k\u00f6rkomfort. Samtidigt tillf\u00f6r denna film ett elegant utseende p\u00e5 ditt fordon. Den avancerade keramiska tekniken som CX MAGNUM IRC \u00e4r uppbyggd av, blockerar mer \u00e4n 99% av &hellip; <a href=\"https:\/\/www.solargard.com\/sv\/product\/cx-magnum-ir\/\">Continued<\/a><\/p><\/a>[\/vc_column_inner][vc_column_inner el_class=&#8221;bordered&#8221; width=&#8221;1\/3&#8243;]<a href=\"https:\/\/www.solargard.com\/sv\/product\/cx-magnum-black-morkaste-bilfilmen\/\" class=\"content-link \"><div class=\"content-link-image\" style=\"background-image: url(https:\/\/www.solargard.com\/wp-content\/uploads\/2020\/06\/cx-magnum-WEB-MAIL-300x226.jpg)\"><\/div><h4>CX Magnum Black | M\u00f6rkaste bilfilmserien<\/h4><h5><\/h5><p>CX Magnum Black Bilfilm CX Magnum Black Ceramic filmserie \u00e4r Solar Gards senaste bilfilmsnyhet. Filmen \u00e4r utvecklad med senaste nanoteknologi och absorberar och blockerar b\u00e5de den ultravioletta och den infrar\u00f6da str\u00e5lningen fr\u00e5n solen. Den avancerade nanoteknologin i CX Magnum Black blockerar mer \u00e4n 99% av UV-str\u00e5lningen, reducerar upp till 64% av IR-str\u00e5lningen samt minskar upp &hellip; <a href=\"https:\/\/www.solargard.com\/sv\/product\/cx-magnum-black-morkaste-bilfilmen\/\">Continued<\/a><\/p><\/a>[\/vc_column_inner][\/vc_row_inner][\/vc_column][\/vc_row][vc_row top_margin=&#8221;3x&#8221; bottom_margin=&#8221;3x&#8221;][vc_column]<div class=\"section-title sep-bottom-md text-center\"><h3 class=\" normal-title\">RESURSER<\/h3><\/div>[vc_row_inner el_class=&#8221;same-height-row&#8221;][vc_column_inner width=&#8221;1\/4&#8243;][\/vc_column_inner][vc_column_inner width=&#8221;1\/4&#8243;][vc_btn title=&#8221;VAD S\u00c4GER LAGEN?&#8221; style=&#8221;flat&#8221; shape=&#8221;square&#8221; color=&#8221;primary&#8221; size=&#8221;lg&#8221; align=&#8221;center&#8221; css=&#8221;&#8221; button_block=&#8221;true&#8221; el_class=&#8221;same-height-item&#8221; link=&#8221;url:https%3A%2F%2Fwww.solargard.com%2Fsv%2Ftint-laws%2F&#8221;][\/vc_column_inner][vc_column_inner width=&#8221;1\/4&#8243;][vc_btn title=&#8221;UNDERH\u00c5LL &amp; SK\u00d6TSEL&#8221; style=&#8221;flat&#8221; shape=&#8221;square&#8221; color=&#8221;primary&#8221; size=&#8221;lg&#8221; align=&#8221;center&#8221; css=&#8221;&#8221; button_block=&#8221;true&#8221; el_class=&#8221;same-height-item&#8221; link=&#8221;url:https%3A%2F%2Fwww.solargard.com%2Fsv%2Fskotsel-och-underhall%2F&#8221;][\/vc_column_inner][vc_column_inner width=&#8221;1\/4&#8243;][\/vc_column_inner][\/vc_row_inner][\/vc_column][\/vc_row][vc_row full_width=&#8221;stretch_row&#8221; top_margin=&#8221;3x&#8221; bottom_margin=&#8221;3x&#8221; el_class=&#8221;light-blue-row&#8221;][vc_column]<div class=\"section-title text-center\"><h3 class=\"upper normal-title\">SOLAR GARDS BILFILMSPRODUKTER<\/h3><\/div>[vc_row_inner][vc_column_inner width=&#8221;1\/3&#8243;][\/vc_column_inner][vc_column_inner width=&#8221;1\/3&#8243;][vc_btn title=&#8221;KLICKA H\u00c4R&#8221; style=&#8221;flat&#8221; shape=&#8221;square&#8221; color=&#8221;primary&#8221; size=&#8221;lg&#8221; align=&#8221;center&#8221; css=&#8221;&#8221; button_block=&#8221;true&#8221; link=&#8221;url:https%3A%2F%2Fwww.solargard.com%2Fsv%2Fabout-automotive-films%2Fautomotive%2F&#8221;][\/vc_column_inner][vc_column_inner width=&#8221;1\/3&#8243;][\/vc_column_inner][\/vc_row_inner][\/vc_column][\/vc_row]<\/p>\n<\/div>","protected":false},"excerpt":{"rendered":"<p>[vc_row bottom_margin=&#8221;none&#8221;][vc_column][\/vc_column][\/vc_row][vc_row top_margin=&#8221;xs&#8221; bottom_margin=&#8221;none&#8221;][vc_column width=&#8221;1\/4&#8243; offset=&#8221;vc_col-xs-6&#8243;][\/vc_column][vc_column width=&#8221;1\/4&#8243; offset=&#8221;vc_col-xs-6&#8243;][\/vc_column][vc_column width=&#8221;1\/4&#8243; offset=&#8221;vc_col-xs-6&#8243;][\/vc_column][vc_column width=&#8221;1\/4&#8243; offset=&#8221;vc_col-xs-6&#8243;][\/vc_column][\/vc_row][vc_row top_margin=&#8221;none&#8221; bottom_margin=&#8221;none&#8221;][vc_column width=&#8221;1\/4&#8243; offset=&#8221;vc_col-xs-6&#8243;][\/vc_column][vc_column width=&#8221;1\/4&#8243; offset=&#8221;vc_col-xs-6&#8243;][\/vc_column][vc_column width=&#8221;1\/4&#8243; offset=&#8221;vc_col-xs-6&#8243;][\/vc_column][vc_column width=&#8221;1\/4&#8243; offset=&#8221;vc_col-xs-6&#8243;][\/vc_column][\/vc_row][vc_row top_margin=&#8221;none&#8221; bottom_margin=&#8221;none&#8221;][vc_column][vc_separator][\/vc_column][\/vc_row][vc_row top_margin=&#8221;none&#8221; bottom_margin=&#8221;none&#8221;][vc_column][\/vc_column][\/vc_row][vc_row top_margin=&#8221;md&#8221; bottom_margin=&#8221;sm&#8221;][vc_column][\/vc_column][\/vc_row][vc_row full_width=&#8221;stretch_row&#8221; top_margin=&#8221;2x&#8221; el_class=&#8221;light-blue-row&#8221;][vc_column el_class=&#8221;gray-title&#8221;][vc_row_inner][vc_column_inner width=&#8221;1\/3&#8243;][\/vc_column_inner][vc_column_inner el_class=&#8221;bordered&#8221; width=&#8221;1\/3&#8243;][\/vc_column_inner][vc_column_inner el_class=&#8221;bordered&#8221; width=&#8221;1\/3&#8243;][\/vc_column_inner][\/vc_row_inner][\/vc_column][\/vc_row][vc_row top_margin=&#8221;3x&#8221; bottom_margin=&#8221;3x&#8221;][vc_column][vc_row_inner el_class=&#8221;same-height-row&#8221;][vc_column_inner width=&#8221;1\/4&#8243;][\/vc_column_inner][vc_column_inner width=&#8221;1\/4&#8243;][vc_btn title=&#8221;VAD S\u00c4GER LAGEN?&#8221; style=&#8221;flat&#8221; shape=&#8221;square&#8221; color=&#8221;primary&#8221; size=&#8221;lg&#8221; align=&#8221;center&#8221; css=&#8221;&#8221; button_block=&#8221;true&#8221; el_class=&#8221;same-height-item&#8221; link=&#8221;url:https%3A%2F%2Fwww.solargard.com%2Fsv%2Ftint-laws%2F&#8221;][\/vc_column_inner][vc_column_inner width=&#8221;1\/4&#8243;][vc_btn &hellip; <a href=\"https:\/\/www.solargard.com\/sv\/product\/cx-magnum-black-morkaste-bilfilmen\/\">Continued<\/a><\/p>\n","protected":false},"author":1,"featured_media":21208,"parent":0,"menu_order":0,"comment_status":"closed","ping_status":"closed","template":"","meta":{"_acf_changed":false,"footnotes":""},"class_list":["post-34643","page","type-page","status-publish","has-post-thumbnail","hentry"],"acf":[],"_links":{"self":[{"href":"https:\/\/www.solargard.com\/sv\/wp-json\/wp\/v2\/pages\/34643","targetHints":{"allow":["GET"]}}],"collection":[{"href":"https:\/\/www.solargard.com\/sv\/wp-json\/wp\/v2\/pages"}],"about":[{"href":"https:\/\/www.solargard.com\/sv\/wp-json\/wp\/v2\/types\/page"}],"author":[{"embeddable":true,"href":"https:\/\/www.solargard.com\/sv\/wp-json\/wp\/v2\/users\/1"}],"replies":[{"embeddable":true,"href":"https:\/\/www.solargard.com\/sv\/wp-json\/wp\/v2\/comments?post=34643"}],"version-history":[{"count":0,"href":"https:\/\/www.solargard.com\/sv\/wp-json\/wp\/v2\/pages\/34643\/revisions"}],"wp:featuredmedia":[{"embeddable":true,"href":"https:\/\/www.solargard.com\/sv\/wp-json\/wp\/v2\/media\/21208"}],"wp:attachment":[{"href":"https:\/\/www.solargard.com\/sv\/wp-json\/wp\/v2\/media?parent=34643"}],"curies":[{"name":"wp","href":"https:\/\/api.w.org\/{rel}","templated":true}]}}