{"id":34657,"date":"2016-05-16T20:23:39","date_gmt":"2016-05-16T20:23:39","guid":{"rendered":"https:\/\/www.solargard.com\/sv\/?page_id=34657"},"modified":"2025-07-03T03:07:13","modified_gmt":"2025-07-03T11:07:13","slug":"komfort-i-hus-och-hem","status":"publish","type":"page","link":"https:\/\/www.solargard.com\/sv\/komfort-i-hus-och-hem\/","title":{"rendered":"Komfort I Hus Och Hem"},"content":{"rendered":"<div class=\"wpb-content-wrapper\"><p>[vc_row bottom_margin=&#8221;none&#8221;][vc_column]<div class=\"section-title sg-section-title text-center\"><div class=\"copy-content\"><h1 class=\" normal-title\">Det som betyder mest f\u00f6r dig...<\/h1><p class=\"lead x2 x2\">We're On It!<\/p><\/div><div class=\"border-bg\"><\/div><\/div>[\/vc_column][\/vc_row][vc_row top_margin=&#8221;xs&#8221; bottom_margin=&#8221;none&#8221;][vc_column width=&#8221;1\/4&#8243; offset=&#8221;vc_col-xs-6&#8243;]<div class=\"content-icon text-left\"><div class=\"content-link-image wow bounceInUp\" style=\"background-image: url(https:\/\/www.solargard.com\/wp-content\/uploads\/2016\/04\/heat_2.png)\"  data-wow-delay=\"0.25s\"><\/div><h4>V\u00c4RMEREDUKTION<\/h4><h5><\/h5><p>Effektiv v\u00e4rmereduktion ger optimal komfort<\/p><\/div>[\/vc_column][vc_column width=&#8221;1\/4&#8243; offset=&#8221;vc_col-xs-6&#8243;]<div class=\"content-icon text-left\"><div class=\"content-link-image wow bounceInUp\" style=\"background-image: url(https:\/\/www.solargard.com\/wp-content\/uploads\/2016\/04\/energy_savings.png)\"  data-wow-delay=\"0.5s\"><\/div><h4>ENERGIBESPARING<\/h4><h5><\/h5><p>Reducera energikostnaderna med upp till 30%<\/p><\/div>[\/vc_column][vc_column width=&#8221;1\/4&#8243; offset=&#8221;vc_col-xs-6&#8243;]<div class=\"content-icon text-left\"><div class=\"content-link-image wow bounceInUp\" style=\"background-image: url(https:\/\/www.solargard.com\/wp-content\/uploads\/2016\/04\/prevent_fading_2.png)\"  data-wow-delay=\"0.75s\"><\/div><h4>BLEKNING<\/h4><h5><\/h5><p>Blockera 99% av UV-str\u00e5lningen och slipp blekning av m\u00f6bler och inredning<\/p><\/div>[vc_empty_space height=&#8221;20px&#8221;][\/vc_column][vc_column width=&#8221;1\/4&#8243; offset=&#8221;vc_col-xs-6&#8243;]<div class=\"content-icon text-left\"><div class=\"content-link-image wow bounceInUp\" style=\"background-image: url(https:\/\/www.solargard.com\/wp-content\/uploads\/2016\/04\/glare_2.png)\"  data-wow-delay=\"1s\"><\/div><h4>BL\u00c4NDNINGSSKYDD<\/h4><h5><\/h5><p>Slipp bl\u00e4ndning och reflexer i datorer och sk\u00e4rmar<\/p><\/div>[\/vc_column][\/vc_row][vc_row top_margin=&#8221;none&#8221; bottom_margin=&#8221;none&#8221; css=&#8221;.vc_custom_1462378279566{margin-bottom: -20px !important;}&#8221;][vc_column width=&#8221;1\/4&#8243; offset=&#8221;vc_col-xs-6&#8243;]<div class=\"content-icon text-left\"><div class=\"content-link-image wow bounceInUp\" style=\"background-image: url(https:\/\/www.solargard.com\/wp-content\/uploads\/2016\/04\/privacy_2.png)\"  data-wow-delay=\"0.25s\"><\/div><h4>INSYNSSKYDD<\/h4><h5><\/h5><p>Du ser ut genom glaset - men ingen ser in<\/p><\/div>[\/vc_column][vc_column width=&#8221;1\/4&#8243; offset=&#8221;vc_col-xs-6&#8243;]<div class=\"content-icon text-left\"><div class=\"content-link-image wow bounceInUp\" style=\"background-image: url(https:\/\/www.solargard.com\/wp-content\/uploads\/2016\/04\/shield_2.png)\"  data-wow-delay=\"0.5s\"><\/div><h4>UV-SKYDD<\/h4><h5><\/h5><p>Motsvarar solskyddsfaktor SPF 285<\/p><\/div>[\/vc_column][vc_column width=&#8221;1\/4&#8243; offset=&#8221;vc_col-xs-6&#8243;]<div class=\"content-icon text-left\"><div class=\"content-link-image wow bounceInUp\" style=\"background-image: url(https:\/\/www.solargard.com\/wp-content\/uploads\/2016\/04\/change_look_2.png)\"  data-wow-delay=\"0.75s\"><\/div><h4>SNYGG FASAD<\/h4><h5><\/h5><p>F\u00f6rb\u00e4ttra utseendet p\u00e5 din fastighet eller bostad - vi har ett brett utbud som tilltalar de flesta<\/p><\/div>[\/vc_column][vc_column width=&#8221;1\/4&#8243; offset=&#8221;vc_col-xs-6&#8243;]<div class=\"content-icon text-left\"><div class=\"content-link-image wow bounceInUp\" style=\"background-image: url(https:\/\/www.solargard.com\/wp-content\/uploads\/2016\/04\/earth.png)\"  data-wow-delay=\"1s\"><\/div><h4>MILJ\u00d6<\/h4><h5><\/h5><p>Koldioxidnegativa l\u00f6sningar med positiv inverkan p\u00e5 milj\u00f6n<\/p><\/div>[\/vc_column][\/vc_row][vc_row top_margin=&#8221;none&#8221; bottom_margin=&#8221;xs&#8221; css=&#8221;.vc_custom_1462378264140{margin-top: -40px !important;padding-top: -20px !important;}&#8221;][vc_column][vc_empty_space height=&#8221;50px&#8221;][\/vc_column][vc_column]<div class=\"section-title sg-section-title text-center\"><div class=\"copy-content\"><h4 class=\" normal-title\">Mer \u00e4n bara solskydd...<\/h4><\/div><div class=\"border-bg\"><\/div><\/div>[\/vc_column][\/vc_row][vc_row top_margin=&#8221;xs&#8221; bottom_margin=&#8221;none&#8221;][vc_column width=&#8221;1\/4&#8243;][\/vc_column][vc_column width=&#8221;1\/4&#8243;]<div class=\"content-icon text-left\"><div class=\"content-link-image wow bounceInUp\" style=\"background-image: url(https:\/\/www.solargard.com\/wp-content\/uploads\/2016\/04\/safety_2.png)\"  data-wow-delay=\"0.25s\"><\/div><h4>S\u00c4KERHET<\/h4><h5><\/h5><p>St\u00e4rk upp befintliga glas och undvik skador fr\u00e5n splittrat glas om olyckan skulle vara framme.<\/p><\/div>[vc_empty_space height=&#8221;50px&#8221;][\/vc_column][vc_column width=&#8221;1\/4&#8243;]<div class=\"content-icon text-left\"><div class=\"content-link-image wow bounceInUp\" style=\"background-image: url(https:\/\/www.solargard.com\/wp-content\/uploads\/2016\/04\/web-graffititidy-icon2.png)\"  data-wow-delay=\"0.5s\"><\/div><h4>ANTI-GRAFFITI<\/h4><h5><\/h5><p>Skydda utsatta ytor fr\u00e5n vandalism<\/p><\/div>[\/vc_column][vc_column width=&#8221;1\/4&#8243;][\/vc_column][\/vc_row][vc_row full_width=&#8221;stretch_row&#8221; top_margin=&#8221;md&#8221; bottom_margin=&#8221;md&#8221; el_class=&#8221;light-blue-row&#8221;][vc_column el_class=&#8221;gray-title&#8221;]<div class=\"section-title sep-top-xs sep-bottom-sm text-center\"><h3 class=\" normal-title\">REFERENSER (se fler i galleriet)<\/h3><\/div>[vc_row_inner][vc_column_inner width=&#8221;1\/3&#8243;]<a href=\"https:\/\/www.solargard.com\/sv\/referenser\/#!\/sv\/portfolio\/qxn-75-ger-osynlig-varmeavvisning\/?type=ajax\" class=\"content-link \"><div class=\"content-link-image\" style=\"background-image: url(https:\/\/www.solargard.com\/wp-content\/uploads\/2024\/05\/QXN-75-Office-BuildingEXT-Malarfilm-SW-300x225.jpg)\"><\/div><h4>QXN 75 CASTELLUM F\u00c5R &#8221;OSYNLIG&#8221; V\u00c4RMEAVVISNING<\/h4><h5><\/h5><\/a>[\/vc_column_inner][vc_column_inner el_class=&#8221;bordered&#8221; width=&#8221;1\/3&#8243;]<a href=\"https:\/\/www.solargard.com\/sv\/referenser\/#!\/sv\/portfolio\/solar-gard-qx-40-okar-komforten-pa-clarion-hotel-arlanda-airport\/?type=ajax\" class=\"content-link \"><div class=\"content-link-image\" style=\"background-image: url(https:\/\/www.solargard.com\/wp-content\/uploads\/2023\/07\/1-QX-40-Clarion-Hotel-Arlanda-Airport-Malarfilm-SWlr-1-300x225.jpg)\"><\/div><h4>Solar Gard QX 40 \u00f6kar komforten p\u00e5 Clarion Hotel Arlanda Airport<\/h4><h5><\/h5><\/a>[\/vc_column_inner][vc_column_inner el_class=&#8221;bordered&#8221; width=&#8221;1\/3&#8243;]<a href=\"https:\/\/www.solargard.com\/sv\/referenser\/#!\/sv\/portfolio\/sx-50-uppfyller-kravet-for-g-varde-pa-karlstad-stadshus\/?type=ajax\" class=\"content-link \"><div class=\"content-link-image\" style=\"background-image: url(https:\/\/www.solargard.com\/wp-content\/uploads\/2024\/02\/Solar-Gard-SX-50-Stadshuset_Solfilmsohlsson-300x225.jpg)\"><\/div><h4>SX 50 uppfyller kravet f\u00f6r G-v\u00e4rde p\u00e5 Karlstad Stadshus<\/h4><h5><\/h5><\/a>[\/vc_column_inner][\/vc_row_inner][\/vc_column][\/vc_row][vc_row top_margin=&#8221;md&#8221; bottom_margin=&#8221;sm&#8221;][vc_column]<div class=\"section-title sep-bottom-md text-center\"><h3 class=\" normal-title\">TIPS N\u00c4R DU INSTALLERAT FILM...<\/h3><\/div>[vc_row_inner el_class=&#8221;same-height-row&#8221;][vc_column_inner width=&#8221;1\/3&#8243;][\/vc_column_inner][vc_column_inner width=&#8221;1\/3&#8243;][vc_btn title=&#8221;SK\u00d6T OM FILMEN S\u00c5 H\u00c5LLER DEN L\u00c4NGRE!&#8221; style=&#8221;flat&#8221; shape=&#8221;square&#8221; color=&#8221;primary&#8221; size=&#8221;lg&#8221; align=&#8221;center&#8221; css=&#8221;&#8221; button_block=&#8221;true&#8221; el_class=&#8221;same-height-item&#8221; link=&#8221;url:https%3A%2F%2Fwww.solargard.com%2Fsv%2Fskotsel-och-underhall%2F&#8221;][\/vc_column_inner][vc_column_inner width=&#8221;1\/3&#8243;][\/vc_column_inner][\/vc_row_inner][\/vc_column][\/vc_row][vc_row full_width=&#8221;stretch_row&#8221; top_margin=&#8221;3x&#8221; bottom_margin=&#8221;3x&#8221; el_class=&#8221;light-blue-row&#8221;][vc_column]<div class=\"section-title sep-bottom-md text-center\"><h3 class=\" normal-title\">VILL DU VETA MER?<\/h3><\/div>[vc_row_inner el_class=&#8221;same-height-row&#8221;][vc_column_inner width=&#8221;1\/4&#8243;][\/vc_column_inner][vc_column_inner width=&#8221;1\/4&#8243;][vc_btn title=&#8221;BROSCHYR&#8221; style=&#8221;flat&#8221; shape=&#8221;square&#8221; color=&#8221;primary&#8221; size=&#8221;lg&#8221; align=&#8221;center&#8221; css=&#8221;&#8221; button_block=&#8221;true&#8221; el_class=&#8221;same-height-item&#8221; link=&#8221;url:https%3A%2F%2Fwww.solargard.com%2Fwp-content%2Fuploads%2F2025%2F02%2FSolarGard-Broschyr-Fonsterfilm-SWlr.pdf|title:Solar%20Gard%20F%C3%B6nsterfilm%20Broschyr|target:_blank&#8221;][\/vc_column_inner][vc_column_inner width=&#8221;1\/4&#8243;][vc_btn title=&#8221;V\u00c5RA PRODUKTER&#8221; style=&#8221;flat&#8221; shape=&#8221;square&#8221; color=&#8221;primary&#8221; size=&#8221;lg&#8221; align=&#8221;center&#8221; css=&#8221;&#8221; button_block=&#8221;true&#8221; el_class=&#8221;same-height-item&#8221; link=&#8221;url:https%3A%2F%2Fwww.solargard.com%2Fsv%2Fkomfort-i-hus-och-hem%2Fhem-och-foretag%2F&#8221;][\/vc_column_inner][vc_column_inner width=&#8221;1\/4&#8243;][\/vc_column_inner][\/vc_row_inner][\/vc_column][\/vc_row]<\/p>\n<\/div>","protected":false},"excerpt":{"rendered":"<p>[vc_row bottom_margin=&#8221;none&#8221;][vc_column][\/vc_column][\/vc_row][vc_row top_margin=&#8221;xs&#8221; bottom_margin=&#8221;none&#8221;][vc_column width=&#8221;1\/4&#8243; offset=&#8221;vc_col-xs-6&#8243;][\/vc_column][vc_column width=&#8221;1\/4&#8243; offset=&#8221;vc_col-xs-6&#8243;][\/vc_column][vc_column width=&#8221;1\/4&#8243; offset=&#8221;vc_col-xs-6&#8243;][vc_empty_space height=&#8221;20px&#8221;][\/vc_column][vc_column width=&#8221;1\/4&#8243; offset=&#8221;vc_col-xs-6&#8243;][\/vc_column][\/vc_row][vc_row top_margin=&#8221;none&#8221; bottom_margin=&#8221;none&#8221; css=&#8221;.vc_custom_1462378279566{margin-bottom: -20px !important;}&#8221;][vc_column width=&#8221;1\/4&#8243; offset=&#8221;vc_col-xs-6&#8243;][\/vc_column][vc_column width=&#8221;1\/4&#8243; offset=&#8221;vc_col-xs-6&#8243;][\/vc_column][vc_column width=&#8221;1\/4&#8243; offset=&#8221;vc_col-xs-6&#8243;][\/vc_column][vc_column width=&#8221;1\/4&#8243; offset=&#8221;vc_col-xs-6&#8243;][\/vc_column][\/vc_row][vc_row top_margin=&#8221;none&#8221; bottom_margin=&#8221;xs&#8221; css=&#8221;.vc_custom_1462378264140{margin-top: -40px !important;padding-top: -20px !important;}&#8221;][vc_column][vc_empty_space height=&#8221;50px&#8221;][\/vc_column][vc_column][\/vc_column][\/vc_row][vc_row top_margin=&#8221;xs&#8221; bottom_margin=&#8221;none&#8221;][vc_column width=&#8221;1\/4&#8243;][\/vc_column][vc_column width=&#8221;1\/4&#8243;][vc_empty_space height=&#8221;50px&#8221;][\/vc_column][vc_column width=&#8221;1\/4&#8243;][\/vc_column][vc_column width=&#8221;1\/4&#8243;][\/vc_column][\/vc_row][vc_row full_width=&#8221;stretch_row&#8221; top_margin=&#8221;md&#8221; bottom_margin=&#8221;md&#8221; el_class=&#8221;light-blue-row&#8221;][vc_column el_class=&#8221;gray-title&#8221;][vc_row_inner][vc_column_inner width=&#8221;1\/3&#8243;][\/vc_column_inner][vc_column_inner el_class=&#8221;bordered&#8221; width=&#8221;1\/3&#8243;][\/vc_column_inner][vc_column_inner el_class=&#8221;bordered&#8221; width=&#8221;1\/3&#8243;][\/vc_column_inner][\/vc_row_inner][\/vc_column][\/vc_row][vc_row top_margin=&#8221;md&#8221; bottom_margin=&#8221;sm&#8221;][vc_column][vc_row_inner el_class=&#8221;same-height-row&#8221;][vc_column_inner width=&#8221;1\/3&#8243;][\/vc_column_inner][vc_column_inner &hellip; <a href=\"https:\/\/www.solargard.com\/sv\/portfolio\/sx-50-uppfyller-kravet-for-g-varde-pa-karlstad-stadshus\/\">Continued<\/a><\/p>\n","protected":false},"author":1,"featured_media":99577,"parent":0,"menu_order":0,"comment_status":"closed","ping_status":"closed","template":"","meta":{"_acf_changed":false,"footnotes":""},"class_list":["post-34657","page","type-page","status-publish","has-post-thumbnail","hentry"],"acf":[],"_links":{"self":[{"href":"https:\/\/www.solargard.com\/sv\/wp-json\/wp\/v2\/pages\/34657","targetHints":{"allow":["GET"]}}],"collection":[{"href":"https:\/\/www.solargard.com\/sv\/wp-json\/wp\/v2\/pages"}],"about":[{"href":"https:\/\/www.solargard.com\/sv\/wp-json\/wp\/v2\/types\/page"}],"author":[{"embeddable":true,"href":"https:\/\/www.solargard.com\/sv\/wp-json\/wp\/v2\/users\/1"}],"replies":[{"embeddable":true,"href":"https:\/\/www.solargard.com\/sv\/wp-json\/wp\/v2\/comments?post=34657"}],"version-history":[{"count":0,"href":"https:\/\/www.solargard.com\/sv\/wp-json\/wp\/v2\/pages\/34657\/revisions"}],"wp:featuredmedia":[{"embeddable":true,"href":"https:\/\/www.solargard.com\/sv\/wp-json\/wp\/v2\/media\/99577"}],"wp:attachment":[{"href":"https:\/\/www.solargard.com\/sv\/wp-json\/wp\/v2\/media?parent=34657"}],"curies":[{"name":"wp","href":"https:\/\/api.w.org\/{rel}","templated":true}]}}