{"id":52292,"date":"2016-08-09T21:07:50","date_gmt":"2016-08-09T21:07:50","guid":{"rendered":"https:\/\/www.solargard.com\/sv\/ecolux\/"},"modified":"2025-12-17T23:24:09","modified_gmt":"2025-12-18T07:24:09","slug":"ecolux","status":"publish","type":"page","link":"https:\/\/www.solargard.com\/sv\/ecolux\/","title":{"rendered":"Low-E L\u00e5genergifilm Ecolux"},"content":{"rendered":"<div class=\"wpb-content-wrapper\"><p>[vc_row css=&#8221;.vc_custom_1470768685583{background-color: #ffffff !important;}&#8221;][vc_column width=&#8221;1\/2&#8243;][vc_raw_html]JTNDYnIlMkYlM0UlMEElM0NiciUyRiUzRSUwQSUzQ2JyJTJGJTNFJTBBJTNDaDElMjBzdHlsZSUzRCUyMnRleHQtYWxpZ24lM0ElMjBsZWZ0JTNCJTIwY29sb3IlM0ElMjAlMjMwMDdEQjElM0IlMjBmb250LXNpemUlM0ElMjAyN3B4JTNCJTIyJTNFJTNDc3Ryb25nJTNFVkFSRiVDMyU5NlIlMjBFQ09MVVglM0YlM0MlMkZzdHJvbmclM0UlM0MlMkZoMSUzRQ==[\/vc_raw_html][vc_raw_html]JTNDaDMlMjBzdHlsZSUzRCUyMnRleHQtYWxpZ24lM0ElMjBsZWZ0JTNCJTIwY29sb3IlM0ElMjAlMjMyMzFGMjAlM0IlMjBmb250LXNpemUlM0ElMjAxNy41cHglM0IlMjIlM0UlM0NzdHJvbmclM0VFY29sdXglMjBiaWRyYXIlMjB0aWxsJTIwZW4lMjBtZXIlMjBrb21mb3J0YWJlbCUyMGlub21odXN0ZW1wZXJhdHVyJTIwc2FtdCUyMGVuZXJnaWJlc3BhcmluZ2FyLiUyMERldCUyMGJldHlkZXIlMjBhdHQlMjBkdSUyMGIlQzMlQTVkZSUyMGthbiUyMHNwYXJhJTIwcGVuZ2FyJTIwb2NoJTIwZiVDMyVBNSUyMGV0dCUyMHBlcmZla3QlMjBpbm9taHVza2xpbWF0JTIwJUUyJTgwJTkzJTIwJUMzJUE1cmV0JTIwcnVudC4lM0MlMkZzdHJvbmclM0UlM0MlMkZoMyUzRQ==[\/vc_raw_html][vc_raw_html]JTNDYnIlMkYlM0UlMEElM0NwJTIwc3R5bGUlM0QlMjJ0ZXh0LWFsaWduJTNBJTIwbGVmdCUzQiUyMGxpbmUtaGVpZ2h0JTNBJTIwMiUzQiUyMGZvbnQtc2l6ZSUzQSUyMDEzLjVweCUzQiUyMiUzRVYlQzMlQTVyJTIwZHViYmVsdmVya2FuZGUlMjBsJUMzJUE1Z2VuZXJnaWZpbG0lMkMlMjBFY29sdXglMjAlQzMlQTRyJTIwc2thcGFkJTIwbWVkJTIwYXZhbmNlcmFkJTIwdGVrbm9sb2dpJTJDJTIwbWVuJTIwdmFkJTIwZGVuJTIwZyVDMyVCNnIlMjAlQzMlQTRyJTIwZ2Fuc2thJTIwZW5rZWx0JTNCJTIwZHUlMjBmJUMzJUE1ciUyMGVuJTIwYiVDMyVBNHR0cmUlMjBrb21mb3J0JTIwaW5vbWh1cyUyMGhlbGElMjAlQzMlQTVyZXQlMjBvbS4lMjBFY29sdXglMjByZWR1Y2VyYXIlMjBzb2xlbnMlMjB2JUMzJUE0cm1lJTIwcCVDMyVBNSUyMHNvbW1hcmVuJTIwb2NoJTIwYmVoJUMzJUE1bGxlciUyMHYlQzMlQTRybWVuJTIwaW5vbWh1cyUyMHAlQzMlQTUlMjB2aW50ZXJuLiUzQyUyRnAlM0UlMEElM0NiciUyRiUzRQ==[\/vc_raw_html][\/vc_column][vc_column width=&#8221;1\/2&#8243;][vc_single_image image=&#8221;46068&#8243; img_size=&#8221;full&#8221; alignment=&#8221;center&#8221;][\/vc_column][\/vc_row][vc_row full_width=&#8221;stretch_row&#8221; top_margin=&#8221;2x&#8221; bottom_margin=&#8221;2x&#8221; css=&#8221;.vc_custom_1470771195669{background-color: #eeeeee !important;}&#8221;][vc_column][vc_row_inner][vc_column_inner][vc_raw_html]JTNDaDMlMjBzdHlsZSUzRCUyMnRleHQtYWxpZ24lM0ElMjBjZW50ZXIlM0IlMjBjb2xvciUzQSUyMCUyMzAwN0RCMSUzQiUyMGZvbnQtc2l6ZSUzQSUyMDI3cHglM0IlMjIlM0UlM0NzdHJvbmclM0VFQ09MVVglMjBFR0VOU0tBUEVSJTNBJTNDJTJGc3Ryb25nJTNFJTNDJTJGaDMlM0UlMEElM0NiciUyRiUzRSUwQQ==[\/vc_raw_html][vc_raw_html]JTNDcCUyMHN0eWxlJTNEJTIydGV4dC1hbGlnbiUzQSUyMGNlbnRlciUzQiUyMGZvbnQtc2l6ZSUzQSUyMDE3LjVweCUzQiUyMiUzRUYlQzMlQjZyYiVDMyVBNHR0cmFyJTIwZ2xhc2V0cyUyMGlzb2xlcmFuZGUlMjBmJUMzJUI2cm0lQzMlQTVnYSUyMG1lZCUyMHVwcCUyMDQ0JTI1LiUzQyUyRnAlM0UlMEElM0NiciUyRiUzRSUwQSUzQ2JyJTJGJTNF[\/vc_raw_html][\/vc_column_inner][\/vc_row_inner][vc_row_inner][vc_column_inner width=&#8221;1\/4&#8243;]<div class=\"content-icon text-left\"><div class=\"content-link-image wow bounceInUp\" style=\"background-image: url(https:\/\/www.solargard.com\/wp-content\/uploads\/2016\/04\/window.png)\"  data-wow-delay=\"0.25s\"><\/div><h4>Spektralt selektiv<\/h4><h5><\/h5><p>Sl\u00e4pper in 68% naturlig ljus och reducerar 52% av solv\u00e4rmen<\/p><\/div>[\/vc_column_inner][vc_column_inner width=&#8221;1\/4&#8243;]<div class=\"content-icon text-left\"><div class=\"content-link-image wow bounceInUp\" style=\"background-image: url(https:\/\/www.solargard.com\/wp-content\/uploads\/2016\/04\/signal.png)\"  data-wow-delay=\"0.5s\"><\/div><h4>Energibesparingar<\/h4><h5><\/h5><p>Minskar uppv\u00e4rmnings- och kylkostnader, \u00e5ret runt<\/p><\/div>[\/vc_column_inner][vc_column_inner width=&#8221;1\/4&#8243;]<div class=\"content-icon text-left\"><div class=\"content-link-image wow bounceInUp\" style=\"background-image: url(https:\/\/www.solargard.com\/wp-content\/uploads\/2016\/04\/glare_2.png)\"  data-wow-delay=\"0.75s\"><\/div><h4>99% UV-reduktion<\/h4><h5><\/h5><p>Skyddar m\u00e4nniskor och inredning fr\u00e5n &gt;99% UV-str\u00e5lning<\/p><\/div>[\/vc_column_inner][vc_column_inner width=&#8221;1\/4&#8243;]<div class=\"content-icon text-left\"><div class=\"content-link-image wow bounceInUp\" style=\"background-image: url(https:\/\/www.solargard.com\/wp-content\/uploads\/2016\/04\/earth.png)\"  data-wow-delay=\"1s\"><\/div><h4>Milj\u00f6v\u00e4nlig<\/h4><h5><\/h5><p>Fr\u00e4mjar milj\u00f6m\u00e4ssig h\u00e5llbarhet<\/p><\/div>[\/vc_column_inner][vc_column_inner][vc_empty_space][\/vc_column_inner][\/vc_row_inner][vc_tta_accordion active_section=&#8221;0&#8243; collapsible_all=&#8221;true&#8221;][vc_tta_section title=&#8221;F\u00f6rdelar (klicka h\u00e4r):&#8221; tab_id=&#8221;1470865514887-83a086a4-b377&#8243;][vc_single_image image=&#8221;52329&#8243; img_size=&#8221;full&#8221; alignment=&#8221;center&#8221;][\/vc_tta_section][\/vc_tta_accordion][\/vc_column][\/vc_row][vc_row full_width=&#8221;stretch_row&#8221; top_margin=&#8221;2x&#8221; bottom_margin=&#8221;2x&#8221;][vc_column][vc_row_inner css=&#8221;.vc_custom_1470781261444{border-radius: 2px !important;}&#8221;][vc_column_inner width=&#8221;1\/2&#8243;][vc_raw_html]JTNDaDMlMjBzdHlsZSUzRCUyMnRleHQtYWxpZ24lM0ElMjBjZW50ZXIlM0IlMjBjb2xvciUzQSUyMCUyMzAwN0RCMSUzQiUyMGZvbnQtc2l6ZSUzQSUyMDI3cHglM0IlMjIlM0UlM0NzdHJvbmclM0VTT01NQVIlM0MlMkZzdHJvbmclM0UlM0MlMkZoMyUzRSUwQSUzQ2JyJTJGJTNFJTBB[\/vc_raw_html][vc_single_image image=&#8221;51412&#8243; img_size=&#8221;full&#8221; alignment=&#8221;center&#8221;][vc_raw_html]JTNDYnIlMkYlM0UlMEElM0NiciUyRiUzRSUzQ3AlMjBzdHlsZSUzRCUyMnRleHQtYWxpZ24lM0ElMjBjZW50ZXIlM0IlMjBmb250LXNpemUlM0ElMjAxNy41cHglM0IlMjIlM0VFY29sdXglMjBwJUMzJUE1JTIwc29tbWFyZW4lM0ElMjBSdW0lMjBvY2glMjBsb2thbGVyJTIwaSUyMHNvbGlndCUyMGwlQzMlQTRnZSUyMHNvbSUyMG4lQzMlQTRzdGFuJTIwa2FuJTIwYmxpJTIwb20lQzMlQjZqbGlnYSUyMGF0dCUyMHZpc3RhcyUyMGklMjB1bmRlciUyMCVDMyVBNXJldHMlMjB2YXJtYXN0ZSUyMG0lQzMlQTVuYWRlciUyMGtyJUMzJUE0dmVyJTIwbWluZHJlJTIwYW52JUMzJUE0bmRuaW5nJTIwYXYlMjBreWxzeXN0ZW0lMkZBQyUyMGYlQzMlQjZyJTIwYXR0JTIwdXBwbiVDMyVBNSUyMGtvbWZvcnRhYmVsJTIwaW5vbWh1c3RlbXBlcmF0dXIuJTNDJTJGcCUzRSUwQSUzQ2JyJTJGJTNF[\/vc_raw_html][\/vc_column_inner][vc_column_inner width=&#8221;1\/2&#8243;][vc_raw_html]JTNDaDMlMjBzdHlsZSUzRCUyMnRleHQtYWxpZ24lM0ElMjBjZW50ZXIlM0IlMjBjb2xvciUzQSUyMCUyMzAwN0RCMSUzQiUyMGZvbnQtc2l6ZSUzQSUyMDI3cHglM0IlMjIlM0UlM0NzdHJvbmclM0VWSU5URVIlM0MlMkZzdHJvbmclM0UlM0MlMkZoMyUzRSUwQSUzQ2JyJTJGJTNFJTBB[\/vc_raw_html][vc_single_image image=&#8221;45922&#8243; img_size=&#8221;full&#8221; alignment=&#8221;center&#8221;][vc_raw_html]JTNDYnIlMkYlM0UlMEElM0NiciUyRiUzRSUzQ3AlMjBzdHlsZSUzRCUyMnRleHQtYWxpZ24lM0ElMjBjZW50ZXIlM0IlMjBmb250LXNpemUlM0ElMjAxNy41cHglM0IlMjIlM0VFY29sdXglMjB2aW50ZXJ0aWQlM0ElMjBJbm9taHVzdiVDMyVBNHJtZW4lMjByZWZsZWt0ZXJhcyUyMHRpbGxiYWthJTIwaW4lMjBpJTIwcnVtbWV0JTIwb2NoJTIwbWluc2thciUyMGQlQzMlQTRybWVkJTIwYmVob3ZldCUyMGF2JTIwb2NoJTIwZWZmZWt0ZiVDMyVCNnJicnVrbmluZ2VuJTIwZiVDMyVCNnIlMjB1cHB2JUMzJUE0cm1uaW5nJTIwZiVDMyVCNnIlMjBhdHQlMjBmJUMzJUE1JTIwb2NoJTIwYmVoJUMzJUE1bGxhJTIwZW4lMjBrb21mb3J0YWJlbCUyMGlub21odXN0ZW1wZXJhdHVyLiUzQyUyRnAlM0UlMEElM0NiciUyRiUzRQ==[\/vc_raw_html][\/vc_column_inner][\/vc_row_inner][\/vc_column][\/vc_row][vc_row full_width=&#8221;stretch_row&#8221; css=&#8221;.vc_custom_1470867641390{background-color: #eeeeee !important;}&#8221;][vc_column width=&#8221;1\/2&#8243;][vc_raw_html]JTNDYnIlMkYlM0UlMEElM0NiciUyRiUzRSUwQSUzQ2JyJTJGJTNFJTBBJTNDYnIlMkYlM0UlMEElM0NoMyUyMHN0eWxlJTNEJTIydGV4dC1hbGlnbiUzQSUyMGNlbnRlciUzQiUyMGNvbG9yJTNBJTIwJTIzMDA3REIxJTNCJTIwZm9udC1zaXplJTNBJTIwMjdweCUzQiUyMiUzRSUzQ3N0cm9uZyUzRVVwcGdyYWRlcmElMjB2YXJqZSUyMGYlQzMlQjZuc3RlciUyMHRpbGwlMjBldHQlMjBlbmVyZ2liZXNwYXJhbmRlJTIwc3lzdGVtJUUyJTgwJUE2JTNDJTJGc3Ryb25nJTNFJTNDJTJGaDMlM0U=[\/vc_raw_html][vc_raw_html]JTNDaDMlMjBzdHlsZSUzRCUyMnRleHQtYWxpZ24lM0ElMjBjZW50ZXIlM0IlMjBjb2xvciUzQSUyMCUyMzIzMUYyMCUzQiUyMGxpbmUtaGVpZ2h0JTNBJTIwMiUzQiUyMGZvbnQtc2l6ZSUzQSUyMDEzLjVweCUzQiUyMiUzRVVwcGdyYWRlcmElMjBkaW5hJTIwYmVmaW50bGlnYSUyMGdsYXMlMjB0aWxsJTIwaCVDMyVCNmdwcmVzdGVyYW5kZSUyMGVuZXJnaXN5c3RlbS4lMjBTb2xhciUyMEdhcmQlMjBFY29sdXglMjBMb3ctRSUyMGZpbG0lMjBoaiVDMyVBNGxwZXIlMjBkaWclMjBhdHQlMjBmJUMzJUE1JTIwaWhvcCUyMGVrdmF0aW9uZW4lMjBtZWQlMjAlQzMlQjZrYWQlMjBrb21mb3J0JTIwb2NoJTIwZW5lcmdpZiVDMyVCNnJicnVrbmluZy4lMjBEdSUyMGthbiUyMGtvc3RuYWRzZWZmZWt0aXZ0JTIwJUMzJUI2a2ElMjBwcmVzdGFuZGFuJTIwcCVDMyVBNSUyMGV4aXN0ZXJhbmRlJTIwZ2xhcyUyMGolQzMlQTRtZiVDMyVCNnJ0JTIwbWVkJTIwYXR0JTIwYnl0YSUyMHV0JTIwZGVtJTIwbW90JTIwZW5lcmdpZ2xhcy4lMjAlM0MlMkZoMyUzRSUwQSUzQ2JyJTJGJTNF[\/vc_raw_html][vc_tta_accordion active_section=&#8221;0&#8243; collapsible_all=&#8221;true&#8221;][vc_tta_section title=&#8221;Aprop\u00e5 Avkastning \/ ROI (Klicka h\u00e4r):&#8221; tab_id=&#8221;1470854663946-8bd99bfc-2326&#8243;][vc_raw_html]JTNDYnIlMkYlM0UlMEElM0N1bCUzRSUwQSUzQ2xpJTIwc3R5bGUlM0QlMjJsaW5lLWhlaWdodCUzQSUyMDIlM0IlMjBmb250LXNpemUlM0ElMjAxMy41cHglM0IlMjIlM0VFY29sdXglMjAlQzMlQTRyJTIwZW4lMjBoJUMzJUE1bGxiYXIlMjB1cHBncmFkZXJpbmclMjBzb20lMjByZWR1Y2VyYXIlMjBrb2xkaW94aWR1dHNsJUMzJUE0cHAlM0MlMkZsaSUzRSUwQSUzQ2xpJTIwc3R5bGUlM0QlMjJsaW5lLWhlaWdodCUzQSUyMDIlM0IlMjBmb250LXNpemUlM0ElMjAxMy41cHglM0IlMjIlM0VLb3N0YXIlMjBiZXR5ZGxpZ3QlMjBtaW5kcmUlMjAlQzMlQTRuJTIwYXR0JTIwZXJzJUMzJUE0dHRhJTIwZ2xhc2V0LiUzQyUyRmxpJTNFJTBBJTNDbGklMjBzdHlsZSUzRCUyMmxpbmUtaGVpZ2h0JTNBJTIwMiUzQiUyMGZvbnQtc2l6ZSUzQSUyMDEzLjVweCUzQiUyMiUzRVByb2Zlc3Npb25lbGwlMjBpbnN0YWxsYXRpb24uJTNDJTJGbGklM0UlMEElM0NsaSUyMHN0eWxlJTNEJTIybGluZS1oZWlnaHQlM0ElMjAyJTNCJTIwZm9udC1zaXplJTNBJTIwMTMuNXB4JTNCJTIyJTNFTWluaW1hbGElMjBzdCVDMyVCNnJuaW5nYXIlMjB1bmRlciUyMGluc3RhbGxhdGlvbmVuJTIwLSUyMHZpa3RpZ3QlMjBmJUMzJUI2ciUyMGJvZW5kZSUyMGklMjBrb21tZXJzaWVsbGElMjBieWdnbmFkZXIlMkMlMjBzanVraHVzcGF0aWVudGVyJTJDJTIwbS5tLi4lM0MlMkZsaSUzRSUwQSUzQyUyRnVsJTNFJTBBJTNDYnIlMkYlM0U=[\/vc_raw_html][\/vc_tta_section][\/vc_tta_accordion][\/vc_column][vc_column width=&#8221;1\/2&#8243;][vc_row_inner][vc_column_inner][vc_single_image image=&#8221;45940&#8243; img_size=&#8221;full&#8221; alignment=&#8221;center&#8221;][\/vc_column_inner][\/vc_row_inner][\/vc_column][\/vc_row][vc_row][vc_column width=&#8221;1\/2&#8243;][vc_row_inner][vc_column_inner][vc_single_image image=&#8221;46000&#8243; img_size=&#8221;full&#8221; alignment=&#8221;center&#8221;][\/vc_column_inner][\/vc_row_inner][\/vc_column][vc_column width=&#8221;1\/2&#8243;][vc_raw_html]JTNDYnIlMkYlM0UlMEElM0NiciUyRiUzRSUwQSUzQ2JyJTJGJTNFJTBBJTNDYnIlMkYlM0UlMEElM0NoMyUyMHN0eWxlJTNEJTIydGV4dC1hbGlnbiUzQSUyMGNlbnRlciUzQiUyMGNvbG9yJTNBJTIwJTIzMDA3REIxJTNCJTIwZm9udC1zaXplJTNBJTIwMjdweCUzQiUyMiUzRSUzQ3N0cm9uZyUzRUVORVJHSUJFU1BBUklOR0FSJTNDJTJGc3Ryb25nJTNFJTNDJTJGaDMlM0U=[\/vc_raw_html][vc_raw_html]JTNDaDMlMjBzdHlsZSUzRCUyMnRleHQtYWxpZ24lM0ElMjBjZW50ZXIlM0IlMjBjb2xvciUzQSUyMCUyMzIzMUYyMCUzQiUyMGxpbmUtaGVpZ2h0JTNBJTIwMiUzQiUyMGZvbnQtc2l6ZSUzQSUyMDEzLjVweCUzQiUyMiUzRU1pbGolQzMlQjZ2JUMzJUE0bmxpZ2ElMjBFY29sdXglMjBMb3ctRSUyMGYlQzMlQjZuc3RlcmZpbG0lMjBoaiVDMyVBNGxwZXIlMjBkaWclMjBhdHQlMjBzcGFyYSUyMGVuZXJnaSUyMG9jaCUyMG1pbnNrYSUyMGRpdHQlMjBrb2xkaW94aWRhdnRyeWNrLiUyMEdlbm9tJTIwYXR0JTIwa29tYmluZXJhJTIwZW4lMjBsJUMzJUE1Z2VuZXJnaWJlbCVDMyVBNGdnbmluZyUyMG1lZCUyMHNvbHNreWRkc2VnZW5za2FwZXIlMjBoYXIlMjB2aSUyMHV0dmVja2xhdCUyMGVuJTIwaW5ub3ZhdGl2JTIwZiVDMyVCNm5zdGVyaXNvbGVyYW5kZSUyMGZpbG10ZWtuaWslMjBzb20lMjAlQzMlQjZ2ZXJ0ciVDMyVBNGZmYXIlMjB0cmFkaXRpb25lbGxhJTIwc29sc2t5ZGRzZmlsbWVyLiUzQyUyRmgzJTNFJTBBJTNDYnIlMkYlM0U=[\/vc_raw_html][vc_tta_accordion active_section=&#8221;0&#8243; collapsible_all=&#8221;true&#8221;][vc_tta_section title=&#8221;Kalla fakta om Energibesparing (Klicka h\u00e4r):&#8221; tab_id=&#8221;1470855804765-74d85a15-5662&#8243;][vc_raw_html]JTNDYnIlMkYlM0UlMEElM0N1bCUzRSUwQSUzQ2xpJTIwc3R5bGUlM0QlMjJsaW5lLWhlaWdodCUzQSUyMDIlM0IlMjBmb250LXNpemUlM0ElMjAxMy41cHglM0IlMjIlM0VTcGFyYXIlMjBlbmVyZ2klMjAlQzMlQTVyZXQlMjBydW50JTIwcCVDMyVBNSUyMHVwcHYlQzMlQTRybW5pbmclMjBvY2glMjBreWxhLiUzQyUyRmxpJTNFJTBBJTNDbGklMjBzdHlsZSUzRCUyMmxpbmUtaGVpZ2h0JTNBJTIwMiUzQiUyMGZvbnQtc2l6ZSUzQSUyMDEzLjVweCUzQiUyMiUzRUF2dmlzYXIlMjBzb2x2JUMzJUE0cm1laW5zdHIlQzMlQTVsbmluZ2VuJTIwc29tbWFydGlkLiUzQyUyRmxpJTNFJTBBJTNDbGklMjBzdHlsZSUzRCUyMmxpbmUtaGVpZ2h0JTNBJTIwMiUzQiUyMGZvbnQtc2l6ZSUzQSUyMDEzLjVweCUzQiUyMiUzRUJpYmVoJUMzJUE1bGxlciUyMHYlQzMlQTRybWVuJTIwaW5vbWh1cyUyMHZpbnRlcnRpZC4lM0MlMkZsaSUzRSUwQSUzQ2xpJTIwc3R5bGUlM0QlMjJsaW5lLWhlaWdodCUzQSUyMDIlM0IlMjBmb250LXNpemUlM0ElMjAxMy41cHglM0IlMjIlM0VIaiVDMyVBNGxwZXIlMjB0aWxsJTIwYXR0JTIwbWluc2thJTIwYW52JUMzJUE0bmRuaW5nZW4lMjBhdiUyMGNlbnRyYWx2JUMzJUE0cm1lJTIwb2NoJTIwa3lsYS4lM0MlMkZsaSUzRSUwQSUzQ2xpJTIwc3R5bGUlM0QlMjJsaW5lLWhlaWdodCUzQSUyMDIlM0IlMjBmb250LXNpemUlM0ElMjAxMy41cHglM0IlMjIlM0VCZWhhZ2xpZ2FyZSUyMHRlbXBlcmF0dXJlciUyMHNvbSUyMCVDMyVCNmthciUyMHYlQzMlQTRsYmVmaW5uYW5kZXQlMjBvY2glMjBwcm9kdWt0aXZpdGV0ZW4uJTNDJTJGbGklM0UlMEElM0NsaSUyMHN0eWxlJTNEJTIybGluZS1oZWlnaHQlM0ElMjAyJTNCJTIwZm9udC1zaXplJTNBJTIwMTMuNXB4JTNCJTIyJTNFTWVkJTIwZW4lMjBzb2xza3lkZHNmYWt0b3IlMjBwJUMzJUE1JTIwNzAwJTJCJTIwb2NoJTIwOTklMjUlMjBVVi1zdHIlQzMlQTVsbmluZ3NyZWR1a3Rpb24lMjBtaW5za2FyJTIwYmxla25pbmclMjBhdiUyMGlucmVkbmluZyUyMG9jaCUyMGYlQzMlQjZydGlkaWd0JTIwJUMzJUE1bGRyYW5kZSUyMGh1ZCUyMG9jaCUyMGthbiUyMHNreWRkYSUyMG1vdCUyMGh1ZGNhbmNlci4lM0MlMkZsaSUzRSUwQSUzQyUyRnVsJTNFJTBBJTNDYnIlMkYlM0U=[\/vc_raw_html][\/vc_tta_section][\/vc_tta_accordion][\/vc_column][\/vc_row][vc_row full_width=&#8221;stretch_row&#8221; css=&#8221;.vc_custom_1470867641390{background-color: #eeeeee !important;}&#8221;][vc_column width=&#8221;1\/2&#8243;]<div class=\"section-title text-center\"><h4 class=\"upper normal-title\">Vill du veta mer om Ecolux?<\/h4><\/div>[vc_btn title=&#8221;PRODUKTBLAD&#8221; color=&#8221;primary&#8221; align=&#8221;center&#8221; link=&#8221;url:https%3A%2F%2Fwww.solargard.com%2Fwp-content%2Fuploads%2F2019%2F01%2Fecolux-sample-page-sk0314ecx70-int07672C615FC0-1.pdf|title:Produktblad|target:_blank&#8221;][\/vc_column][vc_column width=&#8221;1\/2&#8243;]<div class=\"section-title text-center\"><h4 class=\"upper normal-title\">Redo att installera?<\/h4><\/div>[vc_btn title=&#8221;N\u00c4RMASTE \u00c5TERF\u00d6RS\u00c4LJARE&#8221; color=&#8221;primary&#8221; align=&#8221;center&#8221; link=&#8221;url:https%3A%2F%2Fwww.solargard.com%2Fsv%2Fnarmaste-aterforsaljare%2F|title:Installation&#8221;][\/vc_column][\/vc_row]<\/p>\n<\/div>","protected":false},"excerpt":{"rendered":"<p>[vc_row css=&#8221;.vc_custom_1470768685583{background-color: #ffffff !important;}&#8221;][vc_column width=&#8221;1\/2&#8243;][vc_raw_html]JTNDYnIlMkYlM0UlMEElM0NiciUyRiUzRSUwQSUzQ2JyJTJGJTNFJTBBJTNDaDElMjBzdHlsZSUzRCUyMnRleHQtYWxpZ24lM0ElMjBsZWZ0JTNCJTIwY29sb3IlM0ElMjAlMjMwMDdEQjElM0IlMjBmb250LXNpemUlM0ElMjAyN3B4JTNCJTIyJTNFJTNDc3Ryb25nJTNFVkFSRiVDMyU5NlIlMjBFQ09MVVglM0YlM0MlMkZzdHJvbmclM0UlM0MlMkZoMSUzRQ==[\/vc_raw_html][vc_raw_html]JTNDaDMlMjBzdHlsZSUzRCUyMnRleHQtYWxpZ24lM0ElMjBsZWZ0JTNCJTIwY29sb3IlM0ElMjAlMjMyMzFGMjAlM0IlMjBmb250LXNpemUlM0ElMjAxNy41cHglM0IlMjIlM0UlM0NzdHJvbmclM0VFY29sdXglMjBiaWRyYXIlMjB0aWxsJTIwZW4lMjBtZXIlMjBrb21mb3J0YWJlbCUyMGlub21odXN0ZW1wZXJhdHVyJTIwc2FtdCUyMGVuZXJnaWJlc3BhcmluZ2FyLiUyMERldCUyMGJldHlkZXIlMjBhdHQlMjBkdSUyMGIlQzMlQTVkZSUyMGthbiUyMHNwYXJhJTIwcGVuZ2FyJTIwb2NoJTIwZiVDMyVBNSUyMGV0dCUyMHBlcmZla3QlMjBpbm9taHVza2xpbWF0JTIwJUUyJTgwJTkzJTIwJUMzJUE1cmV0JTIwcnVudC4lM0MlMkZzdHJvbmclM0UlM0MlMkZoMyUzRQ==[\/vc_raw_html][vc_raw_html]JTNDYnIlMkYlM0UlMEElM0NwJTIwc3R5bGUlM0QlMjJ0ZXh0LWFsaWduJTNBJTIwbGVmdCUzQiUyMGxpbmUtaGVpZ2h0JTNBJTIwMiUzQiUyMGZvbnQtc2l6ZSUzQSUyMDEzLjVweCUzQiUyMiUzRVYlQzMlQTVyJTIwZHViYmVsdmVya2FuZGUlMjBsJUMzJUE1Z2VuZXJnaWZpbG0lMkMlMjBFY29sdXglMjAlQzMlQTRyJTIwc2thcGFkJTIwbWVkJTIwYXZhbmNlcmFkJTIwdGVrbm9sb2dpJTJDJTIwbWVuJTIwdmFkJTIwZGVuJTIwZyVDMyVCNnIlMjAlQzMlQTRyJTIwZ2Fuc2thJTIwZW5rZWx0JTNCJTIwZHUlMjBmJUMzJUE1ciUyMGVuJTIwYiVDMyVBNHR0cmUlMjBrb21mb3J0JTIwaW5vbWh1cyUyMGhlbGElMjAlQzMlQTVyZXQlMjBvbS4lMjBFY29sdXglMjByZWR1Y2VyYXIlMjBzb2xlbnMlMjB2JUMzJUE0cm1lJTIwcCVDMyVBNSUyMHNvbW1hcmVuJTIwb2NoJTIwYmVoJUMzJUE1bGxlciUyMHYlQzMlQTRybWVuJTIwaW5vbWh1cyUyMHAlQzMlQTUlMjB2aW50ZXJuLiUzQyUyRnAlM0UlMEElM0NiciUyRiUzRQ==[\/vc_raw_html][\/vc_column][vc_column width=&#8221;1\/2&#8243;][vc_single_image image=&#8221;46068&#8243; img_size=&#8221;full&#8221; alignment=&#8221;center&#8221;][\/vc_column][\/vc_row][vc_row full_width=&#8221;stretch_row&#8221; top_margin=&#8221;2x&#8221; bottom_margin=&#8221;2x&#8221; css=&#8221;.vc_custom_1470771195669{background-color: #eeeeee !important;}&#8221;][vc_column][vc_row_inner][vc_column_inner][vc_raw_html]JTNDaDMlMjBzdHlsZSUzRCUyMnRleHQtYWxpZ24lM0ElMjBjZW50ZXIlM0IlMjBjb2xvciUzQSUyMCUyMzAwN0RCMSUzQiUyMGZvbnQtc2l6ZSUzQSUyMDI3cHglM0IlMjIlM0UlM0NzdHJvbmclM0VFQ09MVVglMjBFR0VOU0tBUEVSJTNBJTNDJTJGc3Ryb25nJTNFJTNDJTJGaDMlM0UlMEElM0NiciUyRiUzRSUwQQ==[\/vc_raw_html][vc_raw_html]JTNDcCUyMHN0eWxlJTNEJTIydGV4dC1hbGlnbiUzQSUyMGNlbnRlciUzQiUyMGZvbnQtc2l6ZSUzQSUyMDE3LjVweCUzQiUyMiUzRUYlQzMlQjZyYiVDMyVBNHR0cmFyJTIwZ2xhc2V0cyUyMGlzb2xlcmFuZGUlMjBmJUMzJUI2cm0lQzMlQTVnYSUyMG1lZCUyMHVwcCUyMDQ0JTI1LiUzQyUyRnAlM0UlMEElM0NiciUyRiUzRSUwQSUzQ2JyJTJGJTNF[\/vc_raw_html][\/vc_column_inner][\/vc_row_inner][vc_row_inner][vc_column_inner width=&#8221;1\/4&#8243;][\/vc_column_inner][vc_column_inner width=&#8221;1\/4&#8243;][\/vc_column_inner][vc_column_inner width=&#8221;1\/4&#8243;][\/vc_column_inner][vc_column_inner width=&#8221;1\/4&#8243;][\/vc_column_inner][vc_column_inner][vc_empty_space][\/vc_column_inner][\/vc_row_inner][vc_tta_accordion active_section=&#8221;0&#8243; collapsible_all=&#8221;true&#8221;][vc_tta_section title=&#8221;F\u00f6rdelar (klicka h\u00e4r):&#8221; tab_id=&#8221;1470865514887-83a086a4-b377&#8243;][vc_single_image image=&#8221;52329&#8243; img_size=&#8221;full&#8221; alignment=&#8221;center&#8221;][\/vc_tta_section][\/vc_tta_accordion][\/vc_column][\/vc_row][vc_row full_width=&#8221;stretch_row&#8221; top_margin=&#8221;2x&#8221; bottom_margin=&#8221;2x&#8221;][vc_column][vc_row_inner css=&#8221;.vc_custom_1470781261444{border-radius: 2px !important;}&#8221;][vc_column_inner width=&#8221;1\/2&#8243;][vc_raw_html]JTNDaDMlMjBzdHlsZSUzRCUyMnRleHQtYWxpZ24lM0ElMjBjZW50ZXIlM0IlMjBjb2xvciUzQSUyMCUyMzAwN0RCMSUzQiUyMGZvbnQtc2l6ZSUzQSUyMDI3cHglM0IlMjIlM0UlM0NzdHJvbmclM0VTT01NQVIlM0MlMkZzdHJvbmclM0UlM0MlMkZoMyUzRSUwQSUzQ2JyJTJGJTNFJTBB[\/vc_raw_html][vc_single_image image=&#8221;51412&#8243; img_size=&#8221;full&#8221; alignment=&#8221;center&#8221;][vc_raw_html]JTNDYnIlMkYlM0UlMEElM0NiciUyRiUzRSUzQ3AlMjBzdHlsZSUzRCUyMnRleHQtYWxpZ24lM0ElMjBjZW50ZXIlM0IlMjBmb250LXNpemUlM0ElMjAxNy41cHglM0IlMjIlM0VFY29sdXglMjBwJUMzJUE1JTIwc29tbWFyZW4lM0ElMjBSdW0lMjBvY2glMjBsb2thbGVyJTIwaSUyMHNvbGlndCUyMGwlQzMlQTRnZSUyMHNvbSUyMG4lQzMlQTRzdGFuJTIwa2FuJTIwYmxpJTIwb20lQzMlQjZqbGlnYSUyMGF0dCUyMHZpc3RhcyUyMGklMjB1bmRlciUyMCVDMyVBNXJldHMlMjB2YXJtYXN0ZSUyMG0lQzMlQTVuYWRlciUyMGtyJUMzJUE0dmVyJTIwbWluZHJlJTIwYW52JUMzJUE0bmRuaW5nJTIwYXYlMjBreWxzeXN0ZW0lMkZBQyUyMGYlQzMlQjZyJTIwYXR0JTIwdXBwbiVDMyVBNSUyMGtvbWZvcnRhYmVsJTIwaW5vbWh1c3RlbXBlcmF0dXIuJTNDJTJGcCUzRSUwQSUzQ2JyJTJGJTNF[\/vc_raw_html][\/vc_column_inner][vc_column_inner width=&#8221;1\/2&#8243;][vc_raw_html]JTNDaDMlMjBzdHlsZSUzRCUyMnRleHQtYWxpZ24lM0ElMjBjZW50ZXIlM0IlMjBjb2xvciUzQSUyMCUyMzAwN0RCMSUzQiUyMGZvbnQtc2l6ZSUzQSUyMDI3cHglM0IlMjIlM0UlM0NzdHJvbmclM0VWSU5URVIlM0MlMkZzdHJvbmclM0UlM0MlMkZoMyUzRSUwQSUzQ2JyJTJGJTNFJTBB[\/vc_raw_html][vc_single_image image=&#8221;45922&#8243; img_size=&#8221;full&#8221; alignment=&#8221;center&#8221;][vc_raw_html]JTNDYnIlMkYlM0UlMEElM0NiciUyRiUzRSUzQ3AlMjBzdHlsZSUzRCUyMnRleHQtYWxpZ24lM0ElMjBjZW50ZXIlM0IlMjBmb250LXNpemUlM0ElMjAxNy41cHglM0IlMjIlM0VFY29sdXglMjB2aW50ZXJ0aWQlM0ElMjBJbm9taHVzdiVDMyVBNHJtZW4lMjByZWZsZWt0ZXJhcyUyMHRpbGxiYWthJTIwaW4lMjBpJTIwcnVtbWV0JTIwb2NoJTIwbWluc2thciUyMGQlQzMlQTRybWVkJTIwYmVob3ZldCUyMGF2JTIwb2NoJTIwZWZmZWt0ZiVDMyVCNnJicnVrbmluZ2VuJTIwZiVDMyVCNnIlMjB1cHB2JUMzJUE0cm1uaW5nJTIwZiVDMyVCNnIlMjBhdHQlMjBmJUMzJUE1JTIwb2NoJTIwYmVoJUMzJUE1bGxhJTIwZW4lMjBrb21mb3J0YWJlbCUyMGlub21odXN0ZW1wZXJhdHVyLiUzQyUyRnAlM0UlMEElM0NiciUyRiUzRQ==[\/vc_raw_html][\/vc_column_inner][\/vc_row_inner][\/vc_column][\/vc_row][vc_row full_width=&#8221;stretch_row&#8221; css=&#8221;.vc_custom_1470867641390{background-color: #eeeeee !important;}&#8221;][vc_column width=&#8221;1\/2&#8243;][vc_raw_html]JTNDYnIlMkYlM0UlMEElM0NiciUyRiUzRSUwQSUzQ2JyJTJGJTNFJTBBJTNDYnIlMkYlM0UlMEElM0NoMyUyMHN0eWxlJTNEJTIydGV4dC1hbGlnbiUzQSUyMGNlbnRlciUzQiUyMGNvbG9yJTNBJTIwJTIzMDA3REIxJTNCJTIwZm9udC1zaXplJTNBJTIwMjdweCUzQiUyMiUzRSUzQ3N0cm9uZyUzRVVwcGdyYWRlcmElMjB2YXJqZSUyMGYlQzMlQjZuc3RlciUyMHRpbGwlMjBldHQlMjBlbmVyZ2liZXNwYXJhbmRlJTIwc3lzdGVtJUUyJTgwJUE2JTNDJTJGc3Ryb25nJTNFJTNDJTJGaDMlM0U=[\/vc_raw_html][vc_raw_html]JTNDaDMlMjBzdHlsZSUzRCUyMnRleHQtYWxpZ24lM0ElMjBjZW50ZXIlM0IlMjBjb2xvciUzQSUyMCUyMzIzMUYyMCUzQiUyMGxpbmUtaGVpZ2h0JTNBJTIwMiUzQiUyMGZvbnQtc2l6ZSUzQSUyMDEzLjVweCUzQiUyMiUzRVVwcGdyYWRlcmElMjBkaW5hJTIwYmVmaW50bGlnYSUyMGdsYXMlMjB0aWxsJTIwaCVDMyVCNmdwcmVzdGVyYW5kZSUyMGVuZXJnaXN5c3RlbS4lMjBTb2xhciUyMEdhcmQlMjBFY29sdXglMjBMb3ctRSUyMGZpbG0lMjBoaiVDMyVBNGxwZXIlMjBkaWclMjBhdHQlMjBmJUMzJUE1JTIwaWhvcCUyMGVrdmF0aW9uZW4lMjBtZWQlMjAlQzMlQjZrYWQlMjBrb21mb3J0JTIwb2NoJTIwZW5lcmdpZiVDMyVCNnJicnVrbmluZy4lMjBEdSUyMGthbiUyMGtvc3RuYWRzZWZmZWt0aXZ0JTIwJUMzJUI2a2ElMjBwcmVzdGFuZGFuJTIwcCVDMyVBNSUyMGV4aXN0ZXJhbmRlJTIwZ2xhcyUyMGolQzMlQTRtZiVDMyVCNnJ0JTIwbWVkJTIwYXR0JTIwYnl0YSUyMHV0JTIwZGVtJTIwbW90JTIwZW5lcmdpZ2xhcy4lMjAlM0MlMkZoMyUzRSUwQSUzQ2JyJTJGJTNF[\/vc_raw_html][vc_tta_accordion active_section=&#8221;0&#8243; collapsible_all=&#8221;true&#8221;][vc_tta_section title=&#8221;Aprop\u00e5 Avkastning \/ ROI (Klicka h\u00e4r):&#8221; &hellip; <a href=\"https:\/\/www.solargard.com\/sv\/ecolux\/\">Continued<\/a><\/p>\n","protected":false},"author":1,"featured_media":27462,"parent":0,"menu_order":0,"comment_status":"closed","ping_status":"closed","template":"","meta":{"_acf_changed":false,"footnotes":""},"class_list":["post-52292","page","type-page","status-publish","has-post-thumbnail","hentry"],"acf":[],"_links":{"self":[{"href":"https:\/\/www.solargard.com\/sv\/wp-json\/wp\/v2\/pages\/52292","targetHints":{"allow":["GET"]}}],"collection":[{"href":"https:\/\/www.solargard.com\/sv\/wp-json\/wp\/v2\/pages"}],"about":[{"href":"https:\/\/www.solargard.com\/sv\/wp-json\/wp\/v2\/types\/page"}],"author":[{"embeddable":true,"href":"https:\/\/www.solargard.com\/sv\/wp-json\/wp\/v2\/users\/1"}],"replies":[{"embeddable":true,"href":"https:\/\/www.solargard.com\/sv\/wp-json\/wp\/v2\/comments?post=52292"}],"version-history":[{"count":0,"href":"https:\/\/www.solargard.com\/sv\/wp-json\/wp\/v2\/pages\/52292\/revisions"}],"wp:featuredmedia":[{"embeddable":true,"href":"https:\/\/www.solargard.com\/sv\/wp-json\/wp\/v2\/media\/27462"}],"wp:attachment":[{"href":"https:\/\/www.solargard.com\/sv\/wp-json\/wp\/v2\/media?parent=52292"}],"curies":[{"name":"wp","href":"https:\/\/api.w.org\/{rel}","templated":true}]}}