{"id":70843,"date":"2018-03-16T14:08:38","date_gmt":"2018-03-16T14:08:38","guid":{"rendered":"https:\/\/www.solargard.com\/?page_id=70843"},"modified":"2018-03-16T14:17:36","modified_gmt":"2018-03-16T14:17:36","slug":"spara-energi-forbattra-inomhusklimatet-samt-oka-komforten-med-fonsterfilm","status":"publish","type":"page","link":"https:\/\/www.solargard.com\/sv\/spara-energi-forbattra-inomhusklimatet-samt-oka-komforten-med-fonsterfilm\/","title":{"rendered":"Spara energi, f\u00f6rb\u00e4ttra inomhusklimatet samt \u00f6ka komforten med f\u00f6nsterfilm!"},"content":{"rendered":"<h1><strong><br \/>\nHur mycket kan f\u00f6nsterfilm f\u00f6rb\u00e4ttra glasets prestanda, inomhusklimatet och komforten?<\/strong><\/h1>\n<p>Har du ett projekt p\u00e5 g\u00e5ng? Beh\u00f6ver du spara energi, minska solv\u00e4rmeinsl\u00e4ppet eller beh\u00e5lla v\u00e4rmen vintertid? Vi erbjuder energi och\/eller komfortkalkyl s\u00e5 du ser hur mycket du kan spara och effekten du f\u00e5r av v\u00e5ra l\u00f6sningar.<\/p>\n<script type=\"text\/javascript\">\n\/* <![CDATA[ *\/\nvar gform;gform||(document.addEventListener(\"gform_main_scripts_loaded\",function(){gform.scriptsLoaded=!0}),document.addEventListener(\"gform\/theme\/scripts_loaded\",function(){gform.themeScriptsLoaded=!0}),window.addEventListener(\"DOMContentLoaded\",function(){gform.domLoaded=!0}),gform={domLoaded:!1,scriptsLoaded:!1,themeScriptsLoaded:!1,isFormEditor:()=>\"function\"==typeof InitializeEditor,callIfLoaded:function(o){return!(!gform.domLoaded||!gform.scriptsLoaded||!gform.themeScriptsLoaded&&!gform.isFormEditor()||(gform.isFormEditor()&&console.warn(\"The use of gform.initializeOnLoaded() is deprecated in the form editor context and will be removed in Gravity Forms 3.1.\"),o(),0))},initializeOnLoaded:function(o){gform.callIfLoaded(o)||(document.addEventListener(\"gform_main_scripts_loaded\",()=>{gform.scriptsLoaded=!0,gform.callIfLoaded(o)}),document.addEventListener(\"gform\/theme\/scripts_loaded\",()=>{gform.themeScriptsLoaded=!0,gform.callIfLoaded(o)}),window.addEventListener(\"DOMContentLoaded\",()=>{gform.domLoaded=!0,gform.callIfLoaded(o)}))},hooks:{action:{},filter:{}},addAction:function(o,r,e,t){gform.addHook(\"action\",o,r,e,t)},addFilter:function(o,r,e,t){gform.addHook(\"filter\",o,r,e,t)},doAction:function(o){gform.doHook(\"action\",o,arguments)},applyFilters:function(o){return gform.doHook(\"filter\",o,arguments)},removeAction:function(o,r){gform.removeHook(\"action\",o,r)},removeFilter:function(o,r,e){gform.removeHook(\"filter\",o,r,e)},addHook:function(o,r,e,t,n){null==gform.hooks[o][r]&&(gform.hooks[o][r]=[]);var d=gform.hooks[o][r];null==n&&(n=r+\"_\"+d.length),gform.hooks[o][r].push({tag:n,callable:e,priority:t=null==t?10:t})},doHook:function(r,o,e){var t;if(e=Array.prototype.slice.call(e,1),null!=gform.hooks[r][o]&&((o=gform.hooks[r][o]).sort(function(o,r){return o.priority-r.priority}),o.forEach(function(o){\"function\"!=typeof(t=o.callable)&&(t=window[t]),\"action\"==r?t.apply(null,e):e[0]=t.apply(null,e)})),\"filter\"==r)return e[0]},removeHook:function(o,r,t,n){var e;null!=gform.hooks[o][r]&&(e=(e=gform.hooks[o][r]).filter(function(o,r,e){return!!(null!=n&&n!=o.tag||null!=t&&t!=o.priority)}),gform.hooks[o][r]=e)}});\n\/* ]]> *\/\n<\/script>\n\n                <div class='gf_browser_gecko gform_wrapper gravity-theme gform-theme--no-framework contact-us-form_wrapper' data-form-theme='gravity-theme' data-form-index='0' id='gform_wrapper_41' >\n                        <div class='gform_heading'>\n\t\t\t\t\t\t\t<p class='gform_required_legend'>\u201d<span class=\"gfield_required gfield_required_asterisk\">*<\/span>\u201d anger obligatoriska f\u00e4lt<\/p>\n                        <\/div><form method='post' enctype='multipart\/form-data'  id='gform_41' class='contact-us-form' action='\/sv\/wp-json\/wp\/v2\/pages\/70843' data-formid='41' novalidate>\n                        <div class='gform-body gform_body'><div id='gform_fields_41' class='gform_fields top_label form_sublabel_below description_below validation_below'><div id=\"field_41_22\" class=\"gfield gfield--type-honeypot gform_validation_container field_sublabel_below gfield--has-description field_description_below field_validation_below gfield_visibility_visible\"  ><label class='gfield_label gform-field-label' for='input_41_22'>Name<\/label><div class='ginput_container'><input name='input_22' id='input_41_22' type='text' value='' autocomplete='new-password'\/><\/div><div class='gfield_description' id='gfield_description_41_22'>Detta f\u00e4lt anv\u00e4nds f\u00f6r validerings\u00e4ndam\u00e5l och ska l\u00e4mnas of\u00f6r\u00e4ndrat.<\/div><\/div><fieldset id=\"field_41_2\" class=\"gfield gfield--type-checkbox gfield--type-choice half-column-size checkbox-options field_sublabel_below gfield--no-description field_description_above field_validation_below gfield_visibility_visible\"  ><legend class='gfield_label gform-field-label gfield_label_before_complex' >Ja, tack!<\/legend><div class='ginput_container ginput_container_checkbox'><div class='gfield_checkbox ' id='input_41_2'><div class='gchoice gchoice_41_2_1'>\n\t\t\t\t\t\t\t\t<input class='gfield-choice-input' name='input_2.1' type='checkbox'  value='Jag vill g\u00e4rna ha en kostnadsfri kalkyl!'  id='choice_41_2_1'   \/>\n\t\t\t\t\t\t\t\t<label for='choice_41_2_1' id='label_41_2_1' class='gform-field-label gform-field-label--type-inline'>Jag vill g\u00e4rna ha en kostnadsfri kalkyl!<\/label>\n\t\t\t\t\t\t\t<\/div><\/div><\/div><\/fieldset><div id=\"field_41_11\" class=\"gfield gfield--type-text gfield--width-half gfield_contains_required field_sublabel_below gfield--no-description field_description_below field_validation_below gfield_visibility_visible\"  ><label class='gfield_label gform-field-label' for='input_41_11'>Namn:<span class=\"gfield_required\"><span class=\"gfield_required gfield_required_asterisk\">*<\/span><\/span><\/label><div class='ginput_container ginput_container_text'><input name='input_11' id='input_41_11' type='text' value='' class='large'    placeholder='Namn' aria-required=\"true\" aria-invalid=\"false\"   \/><\/div><\/div><div id=\"field_41_5\" class=\"gfield gfield--type-text gfield--width-half field_sublabel_below gfield--no-description field_description_below field_validation_below gfield_visibility_visible\"  ><label class='gfield_label gform-field-label' for='input_41_5'>F\u00f6retag:<\/label><div class='ginput_container ginput_container_text'><input name='input_5' id='input_41_5' type='text' value='' class='large'    placeholder='F\u00f6retag'  aria-invalid=\"false\"   \/><\/div><\/div><div id=\"field_41_21\" class=\"gfield gfield--type-text field_sublabel_below gfield--no-description field_description_below field_validation_below gfield_visibility_visible\"  ><label class='gfield_label gform-field-label' for='input_41_21'>Position\/Titel<\/label><div class='ginput_container ginput_container_text'><input name='input_21' id='input_41_21' type='text' value='' class='large'    placeholder='Position\/Titel p\u00e5 f\u00f6retaget'  aria-invalid=\"false\"   \/><\/div><\/div><div id=\"field_41_8\" class=\"gfield gfield--type-phone gfield_contains_required field_sublabel_below gfield--no-description field_description_below field_validation_below gfield_visibility_visible\"  ><label class='gfield_label gform-field-label' for='input_41_8'>Telefonnummer:<span class=\"gfield_required\"><span class=\"gfield_required gfield_required_asterisk\">*<\/span><\/span><\/label><div class='ginput_container ginput_container_phone'><input name='input_8' id='input_41_8' type='tel' value='' class='large'  placeholder='Telefonnummer' aria-required=\"true\" aria-invalid=\"false\"   \/><\/div><\/div><div id=\"field_41_9\" class=\"gfield gfield--type-email gfield_contains_required field_sublabel_below gfield--no-description field_description_below field_validation_below gfield_visibility_visible\"  ><label class='gfield_label gform-field-label' for='input_41_9'>Email:<span class=\"gfield_required\"><span class=\"gfield_required gfield_required_asterisk\">*<\/span><\/span><\/label><div class='ginput_container ginput_container_email'>\n                            <input name='input_9' id='input_41_9' type='email' value='' class='large'   placeholder='Email' aria-required=\"true\" aria-invalid=\"false\"  \/>\n                        <\/div><\/div><fieldset id=\"field_41_20\" class=\"gfield gfield--type-checkbox gfield--type-choice field_sublabel_below gfield--has-description field_description_below field_validation_below gfield_visibility_visible\"  ><legend class='gfield_label gform-field-label gfield_label_before_complex' >Kryssa f\u00f6r en eller flera saker nedan som kan f\u00f6rb\u00e4ttras i ert projekt:<\/legend><div class='ginput_container ginput_container_checkbox'><div class='gfield_checkbox ' id='input_41_20'><div class='gchoice gchoice_41_20_1'>\n\t\t\t\t\t\t\t\t<input class='gfield-choice-input' name='input_20.1' type='checkbox'  value='H\u00f6ga elkostnader f\u00f6r uppv\u00e4rmning'  id='choice_41_20_1'   aria-describedby=\"gfield_description_41_20\"\/>\n\t\t\t\t\t\t\t\t<label for='choice_41_20_1' id='label_41_20_1' class='gform-field-label gform-field-label--type-inline'>H\u00f6ga elkostnader f\u00f6r uppv\u00e4rmning<\/label>\n\t\t\t\t\t\t\t<\/div><div class='gchoice gchoice_41_20_2'>\n\t\t\t\t\t\t\t\t<input class='gfield-choice-input' name='input_20.2' type='checkbox'  value='H\u00f6ga elkostader f\u00f6r nedkylning'  id='choice_41_20_2'   \/>\n\t\t\t\t\t\t\t\t<label for='choice_41_20_2' id='label_41_20_2' class='gform-field-label gform-field-label--type-inline'>H\u00f6ga elkostader f\u00f6r nedkylning<\/label>\n\t\t\t\t\t\t\t<\/div><div class='gchoice gchoice_41_20_3'>\n\t\t\t\t\t\t\t\t<input class='gfield-choice-input' name='input_20.3' type='checkbox'  value='H\u00f6ga elkostnader f\u00f6r uppv\u00e4rmning och nedkylning'  id='choice_41_20_3'   \/>\n\t\t\t\t\t\t\t\t<label for='choice_41_20_3' id='label_41_20_3' class='gform-field-label gform-field-label--type-inline'>H\u00f6ga elkostnader f\u00f6r uppv\u00e4rmning och nedkylning<\/label>\n\t\t\t\t\t\t\t<\/div><div class='gchoice gchoice_41_20_4'>\n\t\t\t\t\t\t\t\t<input class='gfield-choice-input' name='input_20.4' type='checkbox'  value='V\u00e4rmeproblem och v\u00e4rmetoppar'  id='choice_41_20_4'   \/>\n\t\t\t\t\t\t\t\t<label for='choice_41_20_4' id='label_41_20_4' class='gform-field-label gform-field-label--type-inline'>V\u00e4rmeproblem och v\u00e4rmetoppar<\/label>\n\t\t\t\t\t\t\t<\/div><div class='gchoice gchoice_41_20_5'>\n\t\t\t\t\t\t\t\t<input class='gfield-choice-input' name='input_20.5' type='checkbox'  value='Bl\u00e4ndning'  id='choice_41_20_5'   \/>\n\t\t\t\t\t\t\t\t<label for='choice_41_20_5' id='label_41_20_5' class='gform-field-label gform-field-label--type-inline'>Bl\u00e4ndning<\/label>\n\t\t\t\t\t\t\t<\/div><div class='gchoice gchoice_41_20_6'>\n\t\t\t\t\t\t\t\t<input class='gfield-choice-input' name='input_20.6' type='checkbox'  value='Blekning'  id='choice_41_20_6'   \/>\n\t\t\t\t\t\t\t\t<label for='choice_41_20_6' id='label_41_20_6' class='gform-field-label gform-field-label--type-inline'>Blekning<\/label>\n\t\t\t\t\t\t\t<\/div><div class='gchoice gchoice_41_20_7'>\n\t\t\t\t\t\t\t\t<input class='gfield-choice-input' name='input_20.7' type='checkbox'  value='Insynsproblem'  id='choice_41_20_7'   \/>\n\t\t\t\t\t\t\t\t<label for='choice_41_20_7' id='label_41_20_7' class='gform-field-label gform-field-label--type-inline'>Insynsproblem<\/label>\n\t\t\t\t\t\t\t<\/div><\/div><\/div><div class='gfield_description' id='gfield_description_41_20'>Utifr\u00e5n den information vi f\u00e5r kommer v\u00e5r tekniska avdelning att avg\u00f6ra vilken typ av ber\u00e4kning som kommer utf\u00f6ras. Vi kan komma att kontakta er f\u00f6r n\u00e4rmare information f\u00f6r att g\u00f6ra en s\u00e5 exakt och utf\u00f6rlig ber\u00e4kning som m\u00f6jligt. Den slutgiltiga rapporten levereras normalt inom 10 arbetsdagar.<\/div><\/fieldset><div id=\"field_41_10\" class=\"gfield gfield--type-textarea field_sublabel_below gfield--no-description field_description_below field_validation_below gfield_visibility_visible\"  ><label class='gfield_label gform-field-label' for='input_41_10'>Beskriv ditt projekt:<\/label><div class='ginput_container ginput_container_textarea'><textarea name='input_10' id='input_41_10' class='textarea medium'    placeholder='Beskriv ditt projekt h\u00e4r'  aria-invalid=\"false\"   rows='10' cols='50'><\/textarea><\/div><\/div><div id=\"field_41_18\" class=\"gfield gfield--type-hidden gform_hidden field_sublabel_below gfield--no-description field_description_below field_validation_below gfield_visibility_visible\"  ><div class='ginput_container ginput_container_text'><input name='input_18' id='input_41_18' type='hidden' class='gform_hidden'  aria-invalid=\"false\" value='en' \/><\/div><\/div><\/div><\/div>\n        <div class='gform-footer gform_footer top_label'> <input type='submit' id='gform_submit_button_41' class='gform_button button' onclick='gform.submission.handleButtonClick(this);' data-submission-type='submit' value='Skicka'  \/> \n            <input type='hidden' class='gform_hidden' name='gform_submission_method' data-js='gform_submission_method_41' value='postback' \/>\n            <input type='hidden' class='gform_hidden' name='gform_theme' data-js='gform_theme_41' id='gform_theme_41' value='gravity-theme' \/>\n            <input type='hidden' class='gform_hidden' name='gform_style_settings' data-js='gform_style_settings_41' id='gform_style_settings_41' value='[]' \/>\n            <input type='hidden' class='gform_hidden' name='is_submit_41' value='1' \/>\n            <input type='hidden' class='gform_hidden' name='gform_submit' value='41' \/>\n            \n            <input type='hidden' class='gform_hidden' name='gform_currency' data-currency='USD' value='3twlCX192yxSFk7T1m\/j0WfUQUEsUYMNPEms\/90vH1x8l75ELoBB2kKgZobG8sKMw9EGOXaluYRez6ZhVmfI1H8ln9Tiu4BJLbY8c8zjS\/1BkGk=' \/>\n            <input type='hidden' class='gform_hidden' name='gform_unique_id' value='' \/>\n            <input type='hidden' class='gform_hidden' name='state_41' value='WyJbXSIsIjNmNTM1ZjYyOGVmM2MxMzk4MjYxZTkyMDgxNzNkN2U3Il0=' \/>\n            <input type='hidden' autocomplete='off' class='gform_hidden' name='gform_target_page_number_41' id='gform_target_page_number_41' value='0' \/>\n            <input type='hidden' autocomplete='off' class='gform_hidden' name='gform_source_page_number_41' id='gform_source_page_number_41' value='1' \/>\n            <input type='hidden' name='gform_field_values' value='' \/>\n            \n        <\/div>\n                        <\/form>\n                        <\/div><script type=\"text\/javascript\">\n\/* <![CDATA[ *\/\n gform.initializeOnLoaded( function() {gformInitSpinner( 41, 'https:\/\/www.solargard.com\/wp-content\/themes\/solargard\/dist\/images\/ajax-loader.gif', true );jQuery('#gform_ajax_frame_41').on('load',function(){var contents = jQuery(this).contents().find('*').html();var is_postback = contents.indexOf('GF_AJAX_POSTBACK') >= 0;if(!is_postback){return;}var form_content = jQuery(this).contents().find('#gform_wrapper_41');var is_confirmation = jQuery(this).contents().find('#gform_confirmation_wrapper_41').length > 0;var is_redirect = contents.indexOf('gformRedirect(){') >= 0;var is_form = form_content.length > 0 && ! is_redirect && ! is_confirmation;var mt = parseInt(jQuery('html').css('margin-top'), 10) + parseInt(jQuery('body').css('margin-top'), 10) + 100;if(is_form){jQuery('#gform_wrapper_41').html(form_content.html());if(form_content.hasClass('gform_validation_error')){jQuery('#gform_wrapper_41').addClass('gform_validation_error');} else {jQuery('#gform_wrapper_41').removeClass('gform_validation_error');}setTimeout( function() { \/* delay the scroll by 50 milliseconds to fix a bug in chrome *\/  }, 50 );if(window['gformInitDatepicker']) {gformInitDatepicker();}if(window['gformInitPriceFields']) {gformInitPriceFields();}var current_page = jQuery('#gform_source_page_number_41').val();gformInitSpinner( 41, 'https:\/\/www.solargard.com\/wp-content\/themes\/solargard\/dist\/images\/ajax-loader.gif', true );jQuery(document).trigger('gform_page_loaded', [41, current_page]);window['gf_submitting_41'] = false;}else if(!is_redirect){var confirmation_content = jQuery(this).contents().find('.GF_AJAX_POSTBACK').html();if(!confirmation_content){confirmation_content = contents;}jQuery('#gform_wrapper_41').replaceWith(confirmation_content);jQuery(document).trigger('gform_confirmation_loaded', [41]);window['gf_submitting_41'] = false;wp.a11y.speak(jQuery('#gform_confirmation_message_41').text());}else{jQuery('#gform_41').append(contents);if(window['gformRedirect']) {gformRedirect();}}jQuery(document).trigger(\"gform_pre_post_render\", [{ formId: \"41\", currentPage: \"current_page\", abort: function() { this.preventDefault(); } }]);        if (event && event.defaultPrevented) {                return;        }        const gformWrapperDiv = document.getElementById( \"gform_wrapper_41\" );        if ( gformWrapperDiv ) {            const visibilitySpan = document.createElement( \"span\" );            visibilitySpan.id = \"gform_visibility_test_41\";            gformWrapperDiv.insertAdjacentElement( \"afterend\", visibilitySpan );        }        const visibilityTestDiv = document.getElementById( \"gform_visibility_test_41\" );        let postRenderFired = false;        function triggerPostRender() {            if ( postRenderFired ) {                return;            }            postRenderFired = true;            gform.core.triggerPostRenderEvents( 41, current_page );            if ( visibilityTestDiv ) {                visibilityTestDiv.parentNode.removeChild( visibilityTestDiv );            }        }        function debounce( func, wait, immediate ) {            var timeout;            return function() {                var context = this, args = arguments;                var later = function() {                    timeout = null;                    if ( !immediate ) func.apply( context, args );                };                var callNow = immediate && !timeout;                clearTimeout( timeout );                timeout = setTimeout( later, wait );                if ( callNow ) func.apply( context, args );            };        }        const debouncedTriggerPostRender = debounce( function() {            triggerPostRender();        }, 200 );        if ( visibilityTestDiv && visibilityTestDiv.offsetParent === null ) {            const observer = new MutationObserver( ( mutations ) => {                mutations.forEach( ( mutation ) => {                    if ( mutation.type === 'attributes' && visibilityTestDiv.offsetParent !== null ) {                        debouncedTriggerPostRender();                        observer.disconnect();                    }                });            });            observer.observe( document.body, {                attributes: true,                childList: false,                subtree: true,                attributeFilter: [ 'style', 'class' ],            });        } else {            triggerPostRender();        }    } );} ); \n\/* ]]> *\/\n<\/script>\n\n<p>&nbsp;<\/p>\n<p><em>Vi tittar p\u00e5 ert projekt och kommer fram till en l\u00f6sning och ber\u00e4kning som \u00e4r anpassat utifr\u00e5n ert behov.<\/em><\/p>\n<div><\/div>\n<div><i>Det g\u00e5r givetvis \u00e4ven bra att kontakta oss direkt:<\/i><\/div>\n<div>\n<div class=\"p1\"><strong>Saint-Gobain Solar Gard<\/strong><\/div>\n<div class=\"p1\">Stockholmsv\u00e4gen 21<\/div>\n<div>762 31 Rimbo<\/div>\n<div>Tel: 0175-748 80<\/div>\n<div class=\"p1\">\n<p><strong><a href=\"nordicinfo@solargard.com\" target=\"_blank\" rel=\"noopener\" shape=\"rect\">nordicinfo@solargard.com<\/a><\/strong><\/p>\n<p>&nbsp;<\/p>\n<\/div>\n<\/div>\n","protected":false},"excerpt":{"rendered":"<p>Hur mycket kan f\u00f6nsterfilm f\u00f6rb\u00e4ttra glasets prestanda, inomhusklimatet och komforten? Har du ett projekt p\u00e5 g\u00e5ng? Beh\u00f6ver du spara energi, minska solv\u00e4rmeinsl\u00e4ppet eller beh\u00e5lla v\u00e4rmen vintertid? Vi erbjuder energi och\/eller komfortkalkyl s\u00e5 du ser hur mycket du kan spara och effekten du f\u00e5r av v\u00e5ra l\u00f6sningar. &nbsp; Vi tittar p\u00e5 ert projekt och kommer fram &hellip; <a href=\"https:\/\/www.solargard.com\/sv\/spara-energi-forbattra-inomhusklimatet-samt-oka-komforten-med-fonsterfilm\/\">Continued<\/a><\/p>\n","protected":false},"author":3,"featured_media":57610,"parent":0,"menu_order":0,"comment_status":"closed","ping_status":"closed","template":"","meta":{"_acf_changed":false,"footnotes":""},"class_list":["post-70843","page","type-page","status-publish","has-post-thumbnail","hentry"],"acf":[],"_links":{"self":[{"href":"https:\/\/www.solargard.com\/sv\/wp-json\/wp\/v2\/pages\/70843","targetHints":{"allow":["GET"]}}],"collection":[{"href":"https:\/\/www.solargard.com\/sv\/wp-json\/wp\/v2\/pages"}],"about":[{"href":"https:\/\/www.solargard.com\/sv\/wp-json\/wp\/v2\/types\/page"}],"author":[{"embeddable":true,"href":"https:\/\/www.solargard.com\/sv\/wp-json\/wp\/v2\/users\/3"}],"replies":[{"embeddable":true,"href":"https:\/\/www.solargard.com\/sv\/wp-json\/wp\/v2\/comments?post=70843"}],"version-history":[{"count":0,"href":"https:\/\/www.solargard.com\/sv\/wp-json\/wp\/v2\/pages\/70843\/revisions"}],"wp:featuredmedia":[{"embeddable":true,"href":"https:\/\/www.solargard.com\/sv\/wp-json\/wp\/v2\/media\/57610"}],"wp:attachment":[{"href":"https:\/\/www.solargard.com\/sv\/wp-json\/wp\/v2\/media?parent=70843"}],"curies":[{"name":"wp","href":"https:\/\/api.w.org\/{rel}","templated":true}]}}