{"id":75054,"date":"2017-07-12T05:24:23","date_gmt":"2017-07-12T05:24:23","guid":{"rendered":"https:\/\/www.solargard.com\/clearshield-pro\/"},"modified":"2020-10-21T23:49:27","modified_gmt":"2020-10-22T07:49:27","slug":"clearshield-pro","status":"publish","type":"page","link":"https:\/\/www.solargard.com\/sv\/clearshield-pro\/","title":{"rendered":"Clearshield Pro"},"content":{"rendered":"<div class=\"wpb-content-wrapper\"><p>[vc_row el_class=&#8221;main-desc&#8221;][vc_column][vc_column_text el_class=&#8221;clearshield-desc&#8221;]<\/p>\n<p class=\"main_text\" style=\"text-align: center;\">Clearshield<sup>\u00ae<\/sup> Pro Skyddsfilm: Den b\u00e4sta bilskyddsfilm du aldrig kommer se.<\/p>\n<p class=\"sub_text\">Med Clearshield Pro lackskyddsfilm beh\u00f6ver du inte l\u00e4ngre oroa dig f\u00f6r effekterna av stenskott, repor, skrapm\u00e4rken, v\u00e4gsalt, m.m.<\/p>\n<p>[\/vc_column_text][vc_btn title=&#8221;N\u00c4RMASTE \u00c5TERF\u00d6RS\u00c4LJARE&#8221; style=&#8221;classic&#8221; color=&#8221;primary&#8221; align=&#8221;left&#8221; link=&#8221;url:https%3A%2F%2Fwww.solargard.com%2Fsv%2Fnarmaste-aterforsaljare%2F|||&#8221; el_class=&#8221;authorize-btn authorize-btn1&#8243;][vc_raw_html]JTNDZGl2JTIwY2xhc3MlM0QlMjJjYXJfaG92ZXIlMjIlM0UlMEElMjAlM0NpbWclMjBzcmMlM0QlMjIlMkZ3cC1jb250ZW50JTJGdXBsb2FkcyUyRjIwMTclMkYwNyUyRnh4MjIuanBnJTIyJTIwJTJGJTNFJTBBJTIwJTIwJTIwJTIwJTIwJTIwJTIwJTIwJTNDZGl2JTIwaWQlM0QlMjJpaG90c3BvdDElMjIlMjBjbGFzcyUzRCUyMmlob3RzcG90JTIyJTNFJTBBJTIwJTIwJTIwJTIwJTIwJTIwJTIwJTIwJTNDJTJGZGl2JTNFJTBBJTIwJTIwJTIwJTIwJTIwJTIwJTIwJTIwJTNDZGl2JTIwaWQlM0QlMjJpaG90c3BvdDIlMjIlMjBjbGFzcyUzRCUyMmlob3RzcG90JTIyJTIwJTNFJTBBJTIwJTIwJTIwJTIwJTIwJTIwJTIwJTIwJTNDJTJGZGl2JTNFJTBBJTIwJTIwJTIwJTIwJTIwJTIwJTIwJTIwJTNDZGl2JTIwaWQlM0QlMjJpaG90c3BvdDMlMjIlMjBjbGFzcyUzRCUyMmlob3RzcG90JTIyJTIwJTNFJTBBJTIwJTIwJTIwJTIwJTIwJTIwJTIwJTIwJTNDJTJGZGl2JTNFJTBBJTIwJTIwJTIwJTIwJTIwJTIwJTIwJTIwJTNDZGl2JTIwaWQlM0QlMjJpaG90c3BvdDQlMjIlMjBjbGFzcyUzRCUyMmlob3RzcG90JTIyJTIwJTNFJTBBJTIwJTIwJTIwJTIwJTIwJTIwJTIwJTIwJTNDJTJGZGl2JTNFJTBBJTBBJTIwJTIwJTIwJTIwJTIwJTIwJTIwJTIwJTNDZGl2JTIwaWQlM0QlMjJpaG90c3BvdDUlMjIlMjBjbGFzcyUzRCUyMmlob3RzcG90JTIyJTIwJTNFJTBBJTIwJTIwJTIwJTIwJTIwJTIwJTIwJTIwJTNDJTJGZGl2JTNFJTBBJTBBJTIwJTIwJTIwJTIwJTIwJTIwJTIwJTIwJTNDZGl2JTIwaWQlM0QlMjJpaG90c3BvdDYlMjIlMjBjbGFzcyUzRCUyMmlob3RzcG90JTIyJTIwJTNFJTBBJTIwJTIwJTIwJTIwJTIwJTIwJTIwJTIwJTNDJTJGZGl2JTNFJTBBJTBBJTIwJTIwJTIwJTIwJTIwJTIwJTIwJTIwJTNDZGl2JTIwaWQlM0QlMjJpaG90c3BvdDclMjIlMjBjbGFzcyUzRCUyMmlob3RzcG90JTIyJTIwJTNFJTBBJTIwJTIwJTIwJTIwJTIwJTIwJTIwJTIwJTNDJTJGZGl2JTNFJTBBJTBBJTIwJTIwJTIwJTIwJTIwJTIwJTIwJTIwJTNDZGl2JTIwaWQlM0QlMjJpaG90c3BvdDglMjIlMjBjbGFzcyUzRCUyMmlob3RzcG90JTIyJTIwJTNFJTBBJTIwJTIwJTIwJTIwJTIwJTIwJTIwJTIwJTNDJTJGZGl2JTNFJTBBJTBBJTIwJTIwJTIwJTIwJTIwJTIwJTIwJTIwJTNDZGl2JTIwaWQlM0QlMjJpaG90c3BvdDklMjIlMjBjbGFzcyUzRCUyMmlob3RzcG90JTIyJTIwJTNFJTBBJTIwJTIwJTIwJTIwJTIwJTIwJTIwJTIwJTNDJTJGZGl2JTNFJTBBJTBBJTBBJTBBJTNDJTJGZGl2JTNFJTBB[\/vc_raw_html][vc_single_image image=&#8221;89946&#8243; img_size=&#8221;large&#8221; alignment=&#8221;center&#8221; el_class=&#8221;car-img mobimg&#8221;][vc_column_text el_class=&#8221;benefits1&#8243;]<\/p>\n<div class=\"benefits\">\n<p class=\"title\">\u00c4r du r\u00e4dd om din bil? Beh\u00e5ll bilen som ny l\u00e4ngre med Solar Gards skyddsfilm:<\/p>\n<p class=\"sort-dis\"><strong>Clearshield Pro specialutformade toppcoating som ger din bil en mycket h\u00e5llbart och l\u00e5ngvarigt skydd\u00a0<\/strong><br \/>\nV\u00e5r n\u00e4stan helt osynliga lackskyddsfilm (se bilden ovan) skyddar mot skr\u00e4p och smuts, stenskott, v\u00e4gsalt, insektsm\u00e4rken, etc.<\/p>\n<\/div>\n<p>[\/vc_column_text][vc_row_inner el_class=&#8221;diffrance_section webimg desktop_layered_point_hide&#8221;][vc_column_inner el_class=&#8221;left_compare&#8221; width=&#8221;1\/2&#8243;][vc_column_text]<\/p>\n<p class=\"layer_title\" style=\"text-align: center;\">Standardprodukt<br \/>\ntoppcoating i flera lager<\/p>\n<p style=\"text-align: center;\"><a href=\"#\"><img decoding=\"async\" class=\"alignnone layer_img1\" src=\"\/wp-content\/uploads\/2017\/05\/img_graph4.png\" alt=\"untitled-1\" \/><br \/>\n<\/a><\/p>\n<div class=\"compare\">\n<ul class=\"key-points\">\n<li>SKYDD F\u00d6R ALLA UTSATTA DELAR P\u00c5 BILEN<\/li>\n<li>BEH\u00c5LLER FABRIKSLACKENS UTSEENDE<\/li>\n<li>SKYDDAR MOT ALL TYP AV DAGLIGT SLITAGE<\/li>\n<li>EN BARRI\u00c4R MOT ALL TYP AV \u00c5VERKAN P\u00c5 V\u00c4GEN<\/li>\n<\/ul>\n<\/div>\n<p>[\/vc_column_text][\/vc_column_inner][vc_column_inner el_class=&#8221;right_compare&#8221; width=&#8221;1\/2&#8243;][vc_column_text]<\/p>\n<p class=\"layer_title\" style=\"text-align: center;\"><b>FUSIONERAD TOP COATING<\/b><br \/>\nClearshield<sup>\u00ae<\/sup> Pro<\/p>\n<p style=\"text-align: center;\"><a href=\"#\"><img decoding=\"async\" class=\"alignnone layer_img1\" src=\"\/wp-content\/uploads\/2017\/05\/img_graph3.png\" alt=\"untitled-1\" \/><\/a><\/p>\n<div class=\"compare\">\n<ul style=\"text-align: left;\">\n<li>PROFESSIONELL INSTALLATION AV V\u00c5RT \u00c5TERF\u00d6RS\u00c4LJARN\u00c4TVERK<\/li>\n<li>\u00d6VERL\u00c4GSEN OPTISK KLARHET<\/li>\n<li>5 \u00c5RS GARANTI<\/li>\n<\/ul>\n<\/div>\n<p>[\/vc_column_text][\/vc_column_inner][\/vc_row_inner][vc_row_inner el_class=&#8221;diffrance_section mobimg&#8221;][vc_column_inner el_class=&#8221;left_compare&#8221;][vc_column_text]<\/p>\n<p class=\"layer_title\" style=\"text-align: center;\">Skyddsfilm i lager<br \/>\nStandard topcoating<\/p>\n<p style=\"text-align: center;\"><a href=\"\/wp-content\/uploads\/2017\/05\/layer_mob.png\"><img decoding=\"async\" class=\"alignnone size-full wp-image-56569\" src=\"\/wp-content\/uploads\/2017\/05\/layer_mob.png\" alt=\"layer_mob\" \/><\/a><a href=\"#\"><br \/>\n<\/a><\/p>\n<div class=\"compare\">\n<ul class=\"key-points\">\n<li>HELA BILEN KAN SKYDDAS<\/li>\n<li>BEH\u00c5LLER FABRIKSFINISHEN<\/li>\n<li>SKYDDAR MOT FL\u00c4CKAR OCH ST\u00c4NK<\/li>\n<li>BARRI\u00c4R MOT REPOR OCH \u00c5VERKAN L\u00c4NGS V\u00c4GEN<\/li>\n<li>SMIDIG INSTALLATION UTF\u00d6RD AV V\u00c5RA AUKTORISERADE INSTALLAT\u00d6RER<\/li>\n<li>\u00d6VERL\u00c4GSEN OPTISK KLARHET<\/li>\n<li>5 \u00c5RS GARANTI<\/li>\n<\/ul>\n<\/div>\n<p>[\/vc_column_text][\/vc_column_inner][\/vc_row_inner][\/vc_column][\/vc_row][vc_row el_class=&#8221;clearshield-pro-video&#8221; el_id=&#8221;clearshield-pro-video&#8221;][vc_column][vc_column_text]<\/p>\n<h4 class=\"watch_title\">Se Clearshield Pro i full action!<\/h4>\n<p>[\/vc_column_text][vc_row_inner][vc_column_inner][vc_video link=&#8221;https:\/\/player.vimeo.com\/video\/260267394&#8243;][\/vc_column_inner][\/vc_row_inner][vc_row_inner][vc_column_inner][vc_column_text el_class=&#8221;mob_video-text&#8221;]<\/p>\n<p style=\"text-align: left;\">Clearshield Pro \u00e4r en tuff, motst\u00e5ndskraftig och klar skyddsfilm som bibeh\u00e5ller och skyddar lacken p\u00e5 din bil. Detta osynliga men robusta lager f\u00f6rhindrar stenskott, repor, skr\u00e4p, salt, tj\u00e4ra, f\u00e5gelspillning m.m. fr\u00e5n att f\u00f6rst\u00f6ra lacken.<\/p>\n<p>[\/vc_column_text][\/vc_column_inner][\/vc_row_inner][\/vc_column][\/vc_row][vc_row full_width=&#8221;stretch_row&#8221; css=&#8221;.vc_custom_1505760655997{background-image: url(https:\/\/www.solargard.com\/wp-content\/uploads\/2017\/05\/Untitled-4.jpg?id=61379) !important;background-position: center !important;background-repeat: no-repeat !important;background-size: cover !important;}&#8221; el_class=&#8221;back-car-img&#8221;][vc_column el_class=&#8221;text-table&#8221;][vc_column_text el_class=&#8221;test-desc&#8221;]<\/p>\n<p style=\"text-align: center;\">Clearshield Pro har genomg\u00e5tt och godk\u00e4nts i rigor\u00f6sa tester f\u00f6r att garantera att din bil f\u00e5r optimalt skydd.<\/p>\n<p>[\/vc_column_text][vc_column_text el_class=&#8221;table-testing&#8221;]<\/p>\n<div class=\"first-table\">\n<div class=\"table-title1 row1\">\n<div class=\"title1 title-1\">TEST<\/div>\n<div class=\"title2 title-1\">RESULTAT<\/div>\n<div class=\"title3 title-1\">GODK\u00c4ND<\/div>\n<\/div>\n<div class=\"row1\">\n<div class=\"desc1 desc\">Kemiskt motst\u00e5nd &#8211; P\u00e5skyndat slitage f\u00e4rg<\/div>\n<div class=\"desc12 desc\">INGEN F\u00c4RGF\u00d6R\u00c4NDRING<\/div>\n<div class=\"desc13 desc\"><img decoding=\"async\" src=\"\/wp-content\/uploads\/2017\/07\/check.png\" \/><\/div>\n<\/div>\n<div class=\"row1\">\n<div class=\"desc1 desc\">Kemiskt motst\u00e5nd &#8211; P\u00e5skyndat slitage sprickor<\/div>\n<div class=\"desc12 desc\">INGA SPRICKOR<\/div>\n<div class=\"desc13 desc\"><img decoding=\"async\" src=\"\/wp-content\/uploads\/2017\/07\/check.png\" \/><\/div>\n<\/div>\n<div class=\"row1\">\n<div class=\"desc1 desc\">Kemiskt motst\u00e5nd &#8211; H\u00f6gtrycksspruta (vatten)<\/div>\n<div class=\"desc12 desc\">INGEN SEPARATION<\/div>\n<div class=\"desc13 desc\"><img decoding=\"async\" src=\"\/wp-content\/uploads\/2017\/07\/check.png\" \/><\/div>\n<\/div>\n<div class=\"row1\">\n<div class=\"desc1 desc\">Kemiskt motst\u00e5nd &#8211; Fukt<\/div>\n<div class=\"desc12 desc\">INGEN P\u00c5VERKAN<\/div>\n<div class=\"desc13 desc\"><img decoding=\"async\" src=\"\/wp-content\/uploads\/2017\/07\/check.png\" \/><\/div>\n<\/div>\n<div class=\"row1\">\n<div class=\"desc1 desc\">Kemiskt motst\u00e5nd &#8211; Avskavning<\/div>\n<div class=\"desc12 desc\">INGEN P\u00c5VERKAN GENOM FILMEN<\/div>\n<div class=\"desc13 desc\"><img decoding=\"async\" src=\"\/wp-content\/uploads\/2017\/07\/check.png\" \/><\/div>\n<\/div>\n<div class=\"row1\">\n<div class=\"desc1 desc\">Kemiskt motst\u00e5nd &#8211; Br\u00e4nsle<\/div>\n<div class=\"desc12 desc\">INGEN F\u00d6R\u00c4NDRING<\/div>\n<div class=\"desc13 desc\"><img decoding=\"async\" src=\"\/wp-content\/uploads\/2017\/07\/check.png\" \/><\/div>\n<\/div>\n<div class=\"row1\">\n<div class=\"desc1 desc\">Kemiskt motst\u00e5nd &#8211; Asfalt<\/div>\n<div class=\"desc12 desc\">INGEN F\u00d6R\u00c4NDRING<\/div>\n<div class=\"desc13 desc\"><img decoding=\"async\" src=\"\/wp-content\/uploads\/2017\/07\/check.png\" \/><\/div>\n<\/div>\n<div class=\"row1\">\n<div class=\"desc1 desc\">Kemisk motst\u00e5ndskraft &#8211; Reng\u00f6ringsmedel<\/div>\n<div class=\"desc12 desc\">INGEN F\u00d6R\u00c4NDRING<\/div>\n<div class=\"desc13 desc\"><img decoding=\"async\" src=\"\/wp-content\/uploads\/2017\/07\/check.png\" \/><\/div>\n<\/div>\n<div class=\"more_test\"><a>Se mer resultat (EN)<\/a><\/div>\n<\/div>\n<div class=\"second-table\" style=\"display: none;\">\n<div class=\"table-close\"><img decoding=\"async\" class=\"cloase_image\" src=\"\/wp-content\/uploads\/2017\/07\/close.png\" \/><\/div>\n<div class=\"table_body\">\n<div class=\"second-table-title1 row2\">\n<div class=\"second-table-title1 title2_1\">TEST<\/div>\n<div class=\"second-table-title2 title2_1\">RESULT<\/div>\n<div class=\"second-table-title3 title2_1\">PASS<\/div>\n<\/div>\n<div class=\"second-tablerow1 row2\">\n<div class=\"second-tabledesc1 col1\">Fuel<\/div>\n<div class=\"second-tabledesc12 col1\">NO CHANGE<\/div>\n<div class=\"second-tabledesc13 col1\"><img decoding=\"async\" src=\"\/wp-content\/uploads\/2017\/07\/yes.png\" \/><\/div>\n<\/div>\n<div class=\"second-tablerow1 row2\">\n<div class=\"second-tabledesc1 col1\">Asphalt<\/div>\n<div class=\"second-tabledesc12 col1\">NO CHANGE<\/div>\n<div class=\"second-tabledesc13 col1\"><img decoding=\"async\" src=\"\/wp-content\/uploads\/2017\/07\/yes.png\" \/><\/div>\n<\/div>\n<div class=\"second-tablerow1 row2\">\n<div class=\"second-tabledesc1 col1\">Rustproofing Wax<\/div>\n<div class=\"second-tabledesc12 col1\">NO CHANGE<\/div>\n<div class=\"second-tabledesc13 col1\"><img decoding=\"async\" src=\"\/wp-content\/uploads\/2017\/07\/yes.png\" \/><\/div>\n<\/div>\n<div class=\"second-tablerow1 row2\">\n<div class=\"second-tabledesc1 col1\">Protective Wax<\/div>\n<div class=\"second-tabledesc12 col1\">NO CHANGE<\/div>\n<div class=\"second-tabledesc13 col1\"><img decoding=\"async\" src=\"\/wp-content\/uploads\/2017\/07\/yes.png\" \/><\/div>\n<\/div>\n<div class=\"second-tablerow1 row2\">\n<div class=\"second-tabledesc1 col1\">Commercial Vehicle Cleaning Agent<\/div>\n<div class=\"second-tabledesc12 col1\">NO CHANGE<\/div>\n<div class=\"second-tabledesc13 col1\"><img decoding=\"async\" src=\"\/wp-content\/uploads\/2017\/07\/yes.png\" \/><\/div>\n<\/div>\n<div class=\"second-tablerow1 row2\">\n<div class=\"second-tabledesc1 col1\">Commercial Car Shampoo<\/div>\n<div class=\"second-tabledesc12 col1\">NO CHANGE<\/div>\n<div class=\"second-tabledesc13 col1\"><img decoding=\"async\" src=\"\/wp-content\/uploads\/2017\/07\/yes.png\" \/><\/div>\n<\/div>\n<div class=\"second-tablerow1 row2\">\n<div class=\"second-tabledesc1 col1\">Commercial Paintwork Cleaning Product<\/div>\n<div class=\"second-tabledesc12 col1\">NO CHANGE<\/div>\n<div class=\"second-tabledesc13 col1\"><img decoding=\"async\" src=\"\/wp-content\/uploads\/2017\/07\/yes.png\" \/><\/div>\n<\/div>\n<div class=\"second-tablerow1 row2\">\n<div class=\"second-tabledesc1 col1\">Commercial Washer Fluid<\/div>\n<div class=\"second-tabledesc12 col1\">NO CHANGE<\/div>\n<div class=\"second-tabledesc13 col1\"><img decoding=\"async\" src=\"\/wp-content\/uploads\/2017\/07\/yes.png\" \/><\/div>\n<\/div>\n<div class=\"second-tablerow1 row2\">\n<div class=\"second-tabledesc1 col1\">Commercial Tar &amp; Road Cleaner<\/div>\n<div class=\"second-tabledesc12 col1\">NO CHANGE<\/div>\n<div class=\"second-tabledesc13 col1\"><img decoding=\"async\" src=\"\/wp-content\/uploads\/2017\/07\/yes.png\" \/><\/div>\n<\/div>\n<div class=\"second-tablerow1 row2\">\n<div class=\"second-tabledesc1 col1\">Commercial Chrome Cleaner &amp; Polish<\/div>\n<div class=\"second-tabledesc12 col1\">NO CHANGE<\/div>\n<div class=\"second-tabledesc13 col1\"><img decoding=\"async\" src=\"\/wp-content\/uploads\/2017\/07\/yes.png\" \/><\/div>\n<\/div>\n<\/div>\n<\/div>\n<div class=\"sheet-faq\">\n<div class=\"download-sheet\"><a href=\"\/wp-content\/uploads\/2017\/07\/datasheet.pdf\" target=\"_blank\" rel=\"noopener noreferrer\">Ladda ner datablad (EN)\u00a0<img decoding=\"async\" src=\"\/wp-content\/uploads\/2017\/07\/pdfs-512.png\" \/><\/a><\/div>\n<\/div>\n<p>[\/vc_column_text][\/vc_column][\/vc_row][vc_row][vc_column]<div class=\"section-title text-center\"><h2 class=\"\">Clearshield\u00ae Pro - Vanliga fr\u00e5gor fr\u00e5n bil\u00e4garna<\/h2><\/div>[vc_toggle title=&#8221;Vad \u00e4r Clearshield\u00ae Pro lackskyddsfilm?&#8221; el_id=&#8221;1494539914508-aff82929-8d73&#8243;]Clearshield\u00ae Pro \u00e4r en extremt tuff, motst\u00e5ndskraftig och transparent urethanfilm som ser till att din bil h\u00e5lls intakt och som ny l\u00e4ngre &#8211; den fungerar som en skyddsbarri\u00e4r f\u00f6r din lack. Det \u00e4r ett &#8221;osynligt&#8221; skyddslager som skyddar bilens lackade ytor mot stenskott, repor, tj\u00e4ra, skr\u00e4p, f\u00e5gelspillning, m.m.[\/vc_toggle][vc_toggle title=&#8221;Varf\u00f6r \u00e4r Clearshield\u00ae Pro \u00e4r en av de b\u00e4sta skyddsfilmerna p\u00e5 marknaden?&#8221; el_id=&#8221;1494539949017-f49f3315-f9e7&#8243;]<strong>Clearshield\u00ae Pro erbjuder dessa egenskaper och f\u00f6rdelar:\u00a0<\/strong><\/p>\n<ul>\n<li>Motst\u00e5nd mot grus, skr\u00e4p, stenar, v\u00e4gsalt och andra skadliga element som kan repa och skada din bil<\/li>\n<li>Optiskt klar och din bil ser gl\u00e4nsande ny ut<\/li>\n<li>Om skyddsfilmen skulle skadas, kan den snabbt och smidigt bytas ut och originallacken inunder kommer se likadan som innan man installerade Clearshield\u00ae Pro<\/li>\n<li>Inget speciellt underh\u00e5ll av filmen: tv\u00e4tta och vaxa bilen som vanligt<\/li>\n<\/ul>\n<p>[\/vc_toggle][vc_toggle title=&#8221;N\u00e4r och var p\u00e5 bilen b\u00f6r jag installera Clearshield\u00ae Pro?&#8221; el_id=&#8221;1494539970095-3dc67d33-7c91&#8243;]Clearshield\u00ae Pro kan installeras av en Solar Gard-auktoriserad installat\u00f6r var du vill och d\u00e4r du beh\u00f6ver skydda lacken p\u00e5 din bil f\u00f6r att skydda mot repor, jack, fl\u00e4ckar, m.m. Vanligast \u00e4r det att installera Clearshield\u00ae Pro p\u00e5 huven (hela eller delar av den), fr\u00e4mre och bakre st\u00f6tf\u00e5ngare, st\u00e4nksk\u00e4rmar (hela eller delar av dem), speglar, vindruteram\/stolpar, tak, takkanter, sparksocklar, d\u00f6rrkanter och d\u00f6rrhandtag.<\/p>\n<p>Beg\u00e4r installation av Clearshield\u00ae Pro redan fr\u00e5n din bilhandlare eller direkt efter ink\u00f6p s\u00e5 h\u00e5ller du din bil i &#8221;nyskick&#8221; mycket l\u00e4ngre.[\/vc_toggle][vc_toggle title=&#8221;Var f\u00e5r jag tag p\u00e5 en installat\u00f6r av Clearshield\u00ae Pro och hur mycket kostar det?&#8221; el_id=&#8221;1494539990212-823ef6a3-90ee&#8221;]Vi har ett n\u00e4tverk av kvalificerade och professionella Clearshield\u00ae Pro installat\u00f6rer som \u00e4r utbildade och har flera \u00e5rs erfarenhet inom gebitet. En professionell installation av en auktoriserad mont\u00f6r f\u00f6rs\u00e4krar att installation sker med yttersta noggrannhet. V\u00e5r 5-\u00e5riga garanti g\u00e4ller endast om filmen installerats av en av v\u00e5ra Solar Gard-\u00e5terf\u00f6rs\u00e4ljare.<\/p>\n<p>Kostnaden varierar beroende p\u00e5 hur mycket av bilen du vill skydda och kan skilja n\u00e5got mellan orter och \u00e5terf\u00f6rs\u00e4ljare.<\/p>\n<p>Klicka p\u00e5 l\u00e4nken \u201c<a href=\"https:\/\/www.solargard.com\/sv\/narmaste-aterforsaljare\/\">N\u00c4RMASTE \u00c5TERF\u00d6RS\u00c4LJARE<\/a>\u201d f\u00f6r att kontakta en installat\u00f6r i din n\u00e4rhet och f\u00f6r att f\u00e5 ett prisf\u00f6rslag.[\/vc_toggle][vc_toggle title=&#8221;Kan jag installera andra ytskikt \u00f6ver Clearshield\u00ae Pro f\u00f6r ytterligare skydd?&#8221; el_id=&#8221;1494540096493-eee74f1f-a106&#8243;]Ja, de flesta ytskick fungerar v\u00e4l ihop med Clearshield\u00ae Pro, t\u00e4nk dock p\u00e5 att det finns ett antal olika typer av ytskikt p\u00e5 marknaden. Lackskyddsinstallat\u00f6ren m\u00e5ste intyga att deras produkt levererar som utlovat genom att g\u00f6ra j\u00e4mf\u00f6rande tester.[\/vc_toggle][vc_toggle title=&#8221;Hur tar man hand om och underh\u00e5ller Clearshield\u00ae Pro p\u00e5 b\u00e4sta s\u00e4tt?&#8221; el_id=&#8221;1494540115730-8945167a-d6c5&#8243;]Tv\u00e4tta inte och vaxa inte bilen p\u00e5 tre (3) dagar efter installation av Clearshield\u00ae Pro. Efter det rekommenderar vi en normal tv\u00e4tt och vaxning av bilen (ej h\u00f6gtrycksspruta \u00e4nnu).<\/p>\n<p>Om en fl\u00e4ck inte skulle f\u00f6rsvinna vid vanlig tv\u00e4tt, anv\u00e4nd isopropyl alkohol som tar bort det mesta fr\u00e5n filmens yta.<\/p>\n<p>Du kan b\u00f6rja anv\u00e4nda h\u00f6gtrycksspruta efter tre (3) dagar efter installation och var noga med att inte g\u00e5 f\u00f6r n\u00e4ra kanterna av filmen.[\/vc_toggle][vc_toggle title=&#8221;Kan jag ta bort Clearshield\u00ae Pro?&#8221; el_id=&#8221;1494540137502-cc8a1768-05a1&#8243;]Ja, Clearshield\u00ae Pro kan enkelt demonteras vid behov. Dock rekommenderar vi starkt att du v\u00e4nder dig till en kvalificerad installat\u00f6r f\u00f6r att demontera filmen utan att tillf\u00f6ra skador p\u00e5 lacken. Clearshield\u00ae Pro m\u00e5ste avinstalleras med \u00e5nga eller v\u00e4rmepistol.<\/p>\n<p>Steg 1: V\u00e4rm f\u00f6rst upp filmen f\u00f6r att mjuka upp limmet.<br \/>\nSteg 2: Ta tag i en av kanterna p\u00e5 filmen och dra loss filmen utstr\u00e4ckt i en 45\u00b0 vinkel mot den applicerade ytan samtidigt som du v\u00e4rmer upp den applicerade ytan som vidare skall avinstalleras.<\/p>\n<p>Om limrester skulle finnas kvar p\u00e5 den lackade ytan efter demontage, reng\u00f6r med isopropyl alkohol eller en limborttagningsprodukt som \u00e4r avsedd och godk\u00e4nd just f\u00f6r lackade ytor.[\/vc_toggle][vc_toggle title=&#8221;Kan Clearshield\u00ae Pro gulna eller \u00e4ndra f\u00e4rg?&#8221; el_id=&#8221;1494540157447-ab0fd6b0-b43d&#8221;]Nej, Clearshield\u00ae Pro \u00e4r mycket resistent vad g\u00e4ller f\u00e4rgf\u00f6r\u00e4ndringar, \u00e4ven \u00f6ver tid och trots sv\u00e5ra f\u00f6rh\u00e5llanden. Urethan-filmen och adhesivet \u00e4r utformade f\u00f6r att beh\u00e5lla f\u00e4rgstabiliteten n\u00e4r de uts\u00e4tts f\u00f6r UV-ljus, den st\u00f6rsta boven i dramat vad g\u00e4ller f\u00e4rgf\u00f6r\u00e4ndringar. Dessutom ger Clearshield\u00ae Pro ett gott motst\u00e5nd mot effekter av milj\u00f6f\u00f6roreningar, utsl\u00e4pp, etc.[\/vc_toggle][vc_toggle title=&#8221;Vad erbjuder Clearshield\u00ae Pro f\u00f6r garanti?&#8221; el_id=&#8221;1494540173794-1e2b54a1-fcd9&#8243;]Clearshield\u00ae Pro erbjuder 5 \u00e5rs fabriksgaranti mot gulnande, sprickor, bubblor, fl\u00e4kning, delaminering, krackelering eller fel p\u00e5 lim som orsakats under tillverkning fr\u00e5n leverant\u00f6ren.[\/vc_toggle][\/vc_column][\/vc_row][vc_row full_width=&#8221;stretch_row&#8221; css=&#8221;.vc_custom_1494481330729{padding-top: 0px !important;padding-bottom: 0px !important;background-color: #f9b800 !important;}&#8221; el_class=&#8221;laeatn-more-butn&#8221;][vc_column][vc_column_text]<\/p>\n<div class=\"footer_txt_1\">\n<p>Vill du veta mer om Clearshield Pro?<\/p>\n<p class=\"footer_btn\"><a href=\"https:\/\/www.solargard.com\/sv\/narmaste-aterforsaljare\/\">FR\u00c5GA V\u00c5RA PROFESSIONELLA INSTALLAT\u00d6RER<\/a><\/p>\n<\/div>\n<p>[\/vc_column_text][\/vc_column][\/vc_row]<\/p>\n<\/div>","protected":false},"excerpt":{"rendered":"<p>[vc_row el_class=&#8221;main-desc&#8221;][vc_column][vc_column_text el_class=&#8221;clearshield-desc&#8221;] Clearshield\u00ae Pro Skyddsfilm: Den b\u00e4sta bilskyddsfilm du aldrig kommer se. Med Clearshield Pro lackskyddsfilm beh\u00f6ver du inte l\u00e4ngre oroa dig f\u00f6r effekterna av stenskott, repor, skrapm\u00e4rken, v\u00e4gsalt, m.m. [\/vc_column_text][vc_btn title=&#8221;N\u00c4RMASTE \u00c5TERF\u00d6RS\u00c4LJARE&#8221; style=&#8221;classic&#8221; color=&#8221;primary&#8221; align=&#8221;left&#8221; link=&#8221;url:https%3A%2F%2Fwww.solargard.com%2Fsv%2Fnarmaste-aterforsaljare%2F|||&#8221; el_class=&#8221;authorize-btn authorize-btn1&#8243;][vc_raw_html]JTNDZGl2JTIwY2xhc3MlM0QlMjJjYXJfaG92ZXIlMjIlM0UlMEElMjAlM0NpbWclMjBzcmMlM0QlMjIlMkZ3cC1jb250ZW50JTJGdXBsb2FkcyUyRjIwMTclMkYwNyUyRnh4MjIuanBnJTIyJTIwJTJGJTNFJTBBJTIwJTIwJTIwJTIwJTIwJTIwJTIwJTIwJTNDZGl2JTIwaWQlM0QlMjJpaG90c3BvdDElMjIlMjBjbGFzcyUzRCUyMmlob3RzcG90JTIyJTNFJTBBJTIwJTIwJTIwJTIwJTIwJTIwJTIwJTIwJTNDJTJGZGl2JTNFJTBBJTIwJTIwJTIwJTIwJTIwJTIwJTIwJTIwJTNDZGl2JTIwaWQlM0QlMjJpaG90c3BvdDIlMjIlMjBjbGFzcyUzRCUyMmlob3RzcG90JTIyJTIwJTNFJTBBJTIwJTIwJTIwJTIwJTIwJTIwJTIwJTIwJTNDJTJGZGl2JTNFJTBBJTIwJTIwJTIwJTIwJTIwJTIwJTIwJTIwJTNDZGl2JTIwaWQlM0QlMjJpaG90c3BvdDMlMjIlMjBjbGFzcyUzRCUyMmlob3RzcG90JTIyJTIwJTNFJTBBJTIwJTIwJTIwJTIwJTIwJTIwJTIwJTIwJTNDJTJGZGl2JTNFJTBBJTIwJTIwJTIwJTIwJTIwJTIwJTIwJTIwJTNDZGl2JTIwaWQlM0QlMjJpaG90c3BvdDQlMjIlMjBjbGFzcyUzRCUyMmlob3RzcG90JTIyJTIwJTNFJTBBJTIwJTIwJTIwJTIwJTIwJTIwJTIwJTIwJTNDJTJGZGl2JTNFJTBBJTBBJTIwJTIwJTIwJTIwJTIwJTIwJTIwJTIwJTNDZGl2JTIwaWQlM0QlMjJpaG90c3BvdDUlMjIlMjBjbGFzcyUzRCUyMmlob3RzcG90JTIyJTIwJTNFJTBBJTIwJTIwJTIwJTIwJTIwJTIwJTIwJTIwJTNDJTJGZGl2JTNFJTBBJTBBJTIwJTIwJTIwJTIwJTIwJTIwJTIwJTIwJTNDZGl2JTIwaWQlM0QlMjJpaG90c3BvdDYlMjIlMjBjbGFzcyUzRCUyMmlob3RzcG90JTIyJTIwJTNFJTBBJTIwJTIwJTIwJTIwJTIwJTIwJTIwJTIwJTNDJTJGZGl2JTNFJTBBJTBBJTIwJTIwJTIwJTIwJTIwJTIwJTIwJTIwJTNDZGl2JTIwaWQlM0QlMjJpaG90c3BvdDclMjIlMjBjbGFzcyUzRCUyMmlob3RzcG90JTIyJTIwJTNFJTBBJTIwJTIwJTIwJTIwJTIwJTIwJTIwJTIwJTNDJTJGZGl2JTNFJTBBJTBBJTIwJTIwJTIwJTIwJTIwJTIwJTIwJTIwJTNDZGl2JTIwaWQlM0QlMjJpaG90c3BvdDglMjIlMjBjbGFzcyUzRCUyMmlob3RzcG90JTIyJTIwJTNFJTBBJTIwJTIwJTIwJTIwJTIwJTIwJTIwJTIwJTNDJTJGZGl2JTNFJTBBJTBBJTIwJTIwJTIwJTIwJTIwJTIwJTIwJTIwJTNDZGl2JTIwaWQlM0QlMjJpaG90c3BvdDklMjIlMjBjbGFzcyUzRCUyMmlob3RzcG90JTIyJTIwJTNFJTBBJTIwJTIwJTIwJTIwJTIwJTIwJTIwJTIwJTNDJTJGZGl2JTNFJTBBJTBBJTBBJTBBJTNDJTJGZGl2JTNFJTBB[\/vc_raw_html][vc_single_image image=&#8221;89946&#8243; img_size=&#8221;large&#8221; alignment=&#8221;center&#8221; el_class=&#8221;car-img mobimg&#8221;][vc_column_text el_class=&#8221;benefits1&#8243;] \u00c4r du r\u00e4dd om din bil? Beh\u00e5ll bilen som &hellip; <a href=\"https:\/\/www.solargard.com\/sv\/clearshield-pro\/\">Continued<\/a><\/p>\n","protected":false},"author":27,"featured_media":0,"parent":0,"menu_order":0,"comment_status":"closed","ping_status":"closed","template":"","meta":{"_acf_changed":false,"footnotes":""},"class_list":["post-75054","page","type-page","status-publish","hentry"],"acf":[],"_links":{"self":[{"href":"https:\/\/www.solargard.com\/sv\/wp-json\/wp\/v2\/pages\/75054","targetHints":{"allow":["GET"]}}],"collection":[{"href":"https:\/\/www.solargard.com\/sv\/wp-json\/wp\/v2\/pages"}],"about":[{"href":"https:\/\/www.solargard.com\/sv\/wp-json\/wp\/v2\/types\/page"}],"author":[{"embeddable":true,"href":"https:\/\/www.solargard.com\/sv\/wp-json\/wp\/v2\/users\/27"}],"replies":[{"embeddable":true,"href":"https:\/\/www.solargard.com\/sv\/wp-json\/wp\/v2\/comments?post=75054"}],"version-history":[{"count":0,"href":"https:\/\/www.solargard.com\/sv\/wp-json\/wp\/v2\/pages\/75054\/revisions"}],"wp:attachment":[{"href":"https:\/\/www.solargard.com\/sv\/wp-json\/wp\/v2\/media?parent=75054"}],"curies":[{"name":"wp","href":"https:\/\/api.w.org\/{rel}","templated":true}]}}