{"id":79840,"date":"2017-11-27T23:22:49","date_gmt":"2017-11-27T23:22:49","guid":{"rendered":"https:\/\/www.solargard.com\/vandalism\/vandalism-thank-you\/"},"modified":"2019-01-08T06:31:48","modified_gmt":"2019-01-08T13:31:48","slug":"vandalism-thank-you","status":"publish","type":"page","link":"https:\/\/www.solargard.com\/sv\/vandalism\/vandalism-thank-you\/","title":{"rendered":"Anti-Graffiti och Vandalism L\u00f6sningar Tacksida"},"content":{"rendered":"<h3>Ditt meddelande har skickats till Solar Gard!<\/h3>\n<p>Tack f\u00f6r ditt intresse i Solar Gards l\u00f6sningar f\u00f6r anti-graffiti och vandalism.<br \/>\nEn av v\u00e5ra representanter kommer inom kort att kontakta dig.<\/p>\n<p>Om du vill f\u00e5 r\u00e5d och hj\u00e4lp snabbare \u00e4r du v\u00e4lkommen att ringa 0175-748 80 eller maila oss p\u00e5\u00a0<a href=\"mailto:nordicinfo@saint-gobain.com\" target=\"_blank\" rel=\"noopener\">nordicinfo@saint-gobain.com<\/a>.<\/p>\n<p>&nbsp;<\/p>\n","protected":false},"excerpt":{"rendered":"<p>Ditt meddelande har skickats till Solar Gard! Tack f\u00f6r ditt intresse i Solar Gards l\u00f6sningar f\u00f6r anti-graffiti och vandalism. En av v\u00e5ra representanter kommer inom kort att kontakta dig. Om du vill f\u00e5 r\u00e5d och hj\u00e4lp snabbare \u00e4r du v\u00e4lkommen att ringa 0175-748 80 eller maila oss p\u00e5\u00a0nordicinfo@saint-gobain.com. &nbsp;<\/p>\n","protected":false},"author":27,"featured_media":0,"parent":76107,"menu_order":0,"comment_status":"closed","ping_status":"closed","template":"","meta":{"_acf_changed":false,"footnotes":""},"class_list":["post-79840","page","type-page","status-publish","hentry"],"acf":[],"_links":{"self":[{"href":"https:\/\/www.solargard.com\/sv\/wp-json\/wp\/v2\/pages\/79840","targetHints":{"allow":["GET"]}}],"collection":[{"href":"https:\/\/www.solargard.com\/sv\/wp-json\/wp\/v2\/pages"}],"about":[{"href":"https:\/\/www.solargard.com\/sv\/wp-json\/wp\/v2\/types\/page"}],"author":[{"embeddable":true,"href":"https:\/\/www.solargard.com\/sv\/wp-json\/wp\/v2\/users\/27"}],"replies":[{"embeddable":true,"href":"https:\/\/www.solargard.com\/sv\/wp-json\/wp\/v2\/comments?post=79840"}],"version-history":[{"count":0,"href":"https:\/\/www.solargard.com\/sv\/wp-json\/wp\/v2\/pages\/79840\/revisions"}],"up":[{"embeddable":true,"href":"https:\/\/www.solargard.com\/sv\/wp-json\/wp\/v2\/pages\/76107"}],"wp:attachment":[{"href":"https:\/\/www.solargard.com\/sv\/wp-json\/wp\/v2\/media?parent=79840"}],"curies":[{"name":"wp","href":"https:\/\/api.w.org\/{rel}","templated":true}]}}