{"id":85049,"date":"2019-08-13T09:38:13","date_gmt":"2019-08-13T16:38:13","guid":{"rendered":"https:\/\/www.solargard.com\/komfort-i-bilen\/vara-bilfilmer\/clearshield-pro-hydro\/"},"modified":"2024-08-27T04:07:22","modified_gmt":"2024-08-27T12:07:22","slug":"clearshield-pro-hydro","status":"publish","type":"page","link":"https:\/\/www.solargard.com\/sv\/bilfilm-lackskydd\/vara-bilfilmer\/clearshield-pro-hydro\/","title":{"rendered":"Clearshield Pro\u00ae HYDRO"},"content":{"rendered":"<div class=\"wpb-content-wrapper\"><p>[vc_row bottom_margin=&#8221;none&#8221;][vc_column][vc_row_inner el_id=&#8221;lead-in&#8221;][vc_column_inner][vc_column_text]<strong>Clearshield Pro\u00ae HYDRO<\/strong> \u2013 Lackskydd PPF fr\u00e5n Solar Gard &#8211; handlar om dig! Med sin banbrytande och industriledande <strong>StainX\u00ae topcoat-teknologi<\/strong>, kan du njuta av att k\u00f6ra en &#8221;nyvaxad bil&#8221; och dessutom slippa tv\u00e4tta och vaxa den hela tiden.<\/p>\n<p><img loading=\"lazy\" decoding=\"async\" id=\"stainx-logo-500x150\" class=\"aligncenter wp-image-82449\" src=\"https:\/\/www.solargard.com\/wp-content\/uploads\/2019\/08\/stainX_logo.png\" alt=\"StainX Topcoat Technology\" width=\"500\" height=\"150\" srcset=\"https:\/\/www.solargard.com\/wp-content\/uploads\/2019\/08\/stainX_logo.png 759w, https:\/\/www.solargard.com\/wp-content\/uploads\/2019\/08\/stainX_logo-300x90.png 300w, https:\/\/www.solargard.com\/wp-content\/uploads\/2019\/08\/stainX_logo-190x57.png 190w, https:\/\/www.solargard.com\/wp-content\/uploads\/2019\/08\/stainX_logo-600x179.png 600w\" sizes=\"auto, (max-width: 500px) 100vw, 500px\" \/>[\/vc_column_text][\/vc_column_inner][\/vc_row_inner][vc_row_inner][vc_column_inner][vc_column_text]<\/p>\n<h3>L\u00e4r k\u00e4nna Clearshield Pro Hydro<\/h3>\n<p>T\u00e4nk p\u00e5 Clearshield Pro HYDRO som ett osynligt lackskydd som inte f\u00f6rsvinner, utan blir b\u00e4ttre och b\u00e4ttre desto l\u00e4ngre den \u00e4r applicerad. Liksom Clearshield Pro, erbjuder den h\u00e4r skyddsfilmen det b\u00e4sta repmotst\u00e5ndetp\u00e5 marknaden. Och inte bara det; den \u00e4r \u00e4ven &#8221;toppad&#8221; med StainX\u00ae topcoat-teknologi som skapar tv\u00e4tt av din bil vid varje regnskur och ser till att din bil ser lika fantastisk ut som den dag den installerades med HYDRO.<\/p>\n<p>Det speciella StainX topcoat-skyddet ger ett o\u00f6vertr\u00e4ffat motst\u00e5nd mot smuts och fl\u00e4ckar som \u00e4r sv\u00e5ra att f\u00e5 bort. Dess hydrofobiska och mycket motst\u00e5ndskraftiga struktur bildar p\u00e4rlor och st\u00f6ter bort och skapar en barri\u00e4r mot vatten, lera, sv\u00e5r smuts, m.m. som annars kommer \u00e5t och kan f\u00f6rst\u00f6ra bilens lack.[\/vc_column_text][\/vc_column_inner][\/vc_row_inner][\/vc_column][\/vc_row][vc_row bottom_margin=&#8221;xs&#8221;][vc_column width=&#8221;1\/4&#8243;][\/vc_column][vc_column width=&#8221;1\/2&#8243;][vc_btn title=&#8221;Kontakta en auktoriserad installat\u00f6r&#8221; style=&#8221;3d&#8221; color=&#8221;black&#8221; size=&#8221;lg&#8221; align=&#8221;center&#8221; custom_onclick=&#8221;true&#8221; css=&#8221;.vc_custom_1605620694225{padding-top: 15px !important;padding-bottom: 15px !important;border-radius: 5px !important;}&#8221; link=&#8221;url:https%3A%2F%2Fwww.solargard.com%2Fsv%2Fnarmaste-aterforsaljare%2F|||&#8221;][\/vc_column][vc_column width=&#8221;1\/4&#8243;][\/vc_column][\/vc_row][vc_row top_margin=&#8221;xs&#8221;][vc_column][vc_video link=&#8221;https:\/\/vimeo.com\/353644939\/d369cb3e9b&#8221; align=&#8221;center&#8221;][\/vc_column][\/vc_row][vc_row bottom_margin=&#8221;xs&#8221;][vc_column]<div class=\"section-title sg-section-title text-center\"><div class=\"copy-content\"><h2 class=\" normal-title\">Egenskaper och f\u00f6rdelar<\/h2><\/div><div class=\"border-bg\"><\/div><\/div>[\/vc_column][\/vc_row][vc_row top_margin=&#8221;xs&#8221; bottom_margin=&#8221;none&#8221;][vc_column width=&#8221;1\/3&#8243; css=&#8221;.vc_custom_1565732723749{margin-bottom: 15% !important;}&#8221;][vc_single_image image=&#8221;82521&#8243; img_size=&#8221;&#8221; alignment=&#8221;center&#8221;][vc_column_text]<\/p>\n<h3 style=\"text-align: center;\">StainX Topcoat Teknologi<\/h3>\n<p style=\"text-align: center;\">Ett osynligt skydd f\u00f6r alla bilens lackade ytor mot vatten, fl\u00e4ckar, f\u00e5gelspillning och insekter.<\/p>\n<p>[\/vc_column_text][\/vc_column][vc_column width=&#8221;1\/3&#8243; css=&#8221;.vc_custom_1565732777099{margin-bottom: 15% !important;}&#8221;][vc_single_image image=&#8221;82506&#8243; img_size=&#8221;&#8221; alignment=&#8221;center&#8221;][vc_column_text]<\/p>\n<h3 style=\"text-align: center;\">Sj\u00e4lvl\u00e4kande<\/h3>\n<p style=\"text-align: center;\">Med denna avancerade polymerteknologi minskar skador orsakade av n\u00f6tning<\/p>\n<p>[\/vc_column_text][\/vc_column][vc_column width=&#8221;1\/3&#8243; css=&#8221;.vc_custom_1565732786064{margin-bottom: 15% !important;}&#8221;][vc_single_image image=&#8221;82551&#8243; img_size=&#8221;&#8221; alignment=&#8221;center&#8221;][vc_column_text]<\/p>\n<h3 style=\"text-align: center;\">Garanti (7 \u00e5r)<\/h3>\n<p style=\"text-align: center;\">Garanti mot fl\u00e4ckar, gulnande material, dimbildning, krackelering och formf\u00f6r\u00e4ndringar.<\/p>\n<p>[\/vc_column_text][\/vc_column][\/vc_row][vc_row top_margin=&#8221;none&#8221;][vc_column width=&#8221;1\/3&#8243; css=&#8221;.vc_custom_1565732796470{margin-bottom: 15% !important;}&#8221;][vc_single_image image=&#8221;82536&#8243; img_size=&#8221;&#8221; alignment=&#8221;center&#8221;][vc_column_text]<\/p>\n<h3 style=\"text-align: center;\">Tidsbesparingar<\/h3>\n<p style=\"text-align: center;\">Du beh\u00f6ver inte tv\u00e4tta bilen lika ofta med med Clearshield Pro Hydros nya teknologi<\/p>\n<p>[\/vc_column_text][\/vc_column][vc_column width=&#8221;1\/3&#8243; css=&#8221;.vc_custom_1565732805567{margin-bottom: 15% !important;}&#8221;][vc_single_image image=&#8221;82491&#8243; img_size=&#8221;&#8221; alignment=&#8221;center&#8221;][vc_column_text]<\/p>\n<h3 style=\"text-align: center;\">ComputerCut\u00ae mallar<\/h3>\n<p style=\"text-align: center;\">Vi arbetar med ett prisbel\u00f6nt internetbaserat filmsk\u00e4rningssystem f\u00f6r snabbare jobb och effektiv lagerkontroll<\/p>\n<p>[\/vc_column_text][\/vc_column][vc_column width=&#8221;1\/3&#8243; css=&#8221;.vc_custom_1565732814187{margin-bottom: 15% !important;}&#8221;][vc_single_image image=&#8221;82476&#8243; img_size=&#8221;&#8221; alignment=&#8221;center&#8221;][vc_column_text]<\/p>\n<h3 style=\"text-align: center;\">Lyxigare look<\/h3>\n<p style=\"text-align: center;\">Beh\u00e5ll en skinande ren &#8221;nyss vaxad&#8221;-look &#8211; mycket l\u00e4ngre<\/p>\n<p>[\/vc_column_text][\/vc_column][\/vc_row][vc_row][vc_column]<div class=\"section-title sg-section-title sep-bottom-sm text-center\"><div class=\"copy-content\"><h2 class=\" normal-title\">Vill du veta mer?<\/h2><\/div><div class=\"border-bg\"><\/div><\/div>[vc_row_inner][vc_column_inner width=&#8221;1\/2&#8243;][vc_single_image image=&#8221;82593&#8243; img_size=&#8221;&#8221; alignment=&#8221;center&#8221;][\/vc_column_inner][vc_column_inner width=&#8221;1\/2&#8243;][vc_column_text]<\/p>\n<h3>Clearshield\u00ae Pro Hydro Tekniskt Datablad<\/h3>\n<ul>\n<li>Fysiska egenskaper<\/li>\n<li>Vidh\u00e4ftningsf\u00f6rm\u00e5ga<\/li>\n<li>\u00c5lderstester<\/li>\n<li>Motst\u00e5nd mot \u00e5verkan<\/li>\n<li>Kemisk resistens<\/li>\n<li>Resistens mot fl\u00e4ckar<\/li>\n<\/ul>\n<p>[\/vc_column_text][vc_btn title=&#8221;Datablad (EN)&#8221; style=&#8221;flat&#8221; shape=&#8221;square&#8221; color=&#8221;primary&#8221; size=&#8221;lg&#8221; align=&#8221;center&#8221; i_icon_fontawesome=&#8221;far fa-arrow-alt-circle-down&#8221; add_icon=&#8221;true&#8221; css=&#8221;.vc_custom_1617696359432{padding-top: 2% !important;padding-bottom: 2% !important;}&#8221; link=&#8221;url:https%3A%2F%2Fwww.solargard.com%2Fwp-content%2Fuploads%2F2020%2F05%2FCSP-Hydro_DataSheet_SK0168CSPHYDRODS_SW.pdf|title:Clearshield%20Pro%20Hydro%20Data%20Sheet%20EN&#8221;][\/vc_column_inner][\/vc_row_inner][\/vc_column][\/vc_row][vc_row full_width=&#8221;stretch_row&#8221; equal_height=&#8221;yes&#8221; top_margin=&#8221;none&#8221; bottom_margin=&#8221;none&#8221; css=&#8221;.vc_custom_1565717041122{background-color: #fab800 !important;}&#8221;][vc_column width=&#8221;2\/3&#8243;][vc_column_text]<\/p>\n<p style=\"text-align: center;\"><strong>Hitta din n\u00e4rmaste Clearshield Pro \/ Hydro installat\u00f6r h\u00e4r.<\/strong><\/p>\n<p>[\/vc_column_text][\/vc_column][vc_column width=&#8221;1\/3&#8243;][vc_btn title=&#8221;N\u00e4rmaste auktoriserade installat\u00f6r&#8221; style=&#8221;flat&#8221; shape=&#8221;square&#8221; color=&#8221;primary&#8221; size=&#8221;lg&#8221; align=&#8221;center&#8221; button_block=&#8221;true&#8221; link=&#8221;url:https%3A%2F%2Fwww.solargard.com%2Fsv%2Fnarmaste-aterforsaljare%2F|||&#8221;][\/vc_column][\/vc_row]<\/p>\n<\/div>","protected":false},"excerpt":{"rendered":"<p>[vc_row bottom_margin=&#8221;none&#8221;][vc_column][vc_row_inner el_id=&#8221;lead-in&#8221;][vc_column_inner][vc_column_text]Clearshield Pro\u00ae HYDRO \u2013 Lackskydd PPF fr\u00e5n Solar Gard &#8211; handlar om dig! Med sin banbrytande och industriledande StainX\u00ae topcoat-teknologi, kan du njuta av att k\u00f6ra en &#8221;nyvaxad bil&#8221; och dessutom slippa tv\u00e4tta och vaxa den hela tiden. [\/vc_column_text][\/vc_column_inner][\/vc_row_inner][vc_row_inner][vc_column_inner][vc_column_text] L\u00e4r k\u00e4nna Clearshield Pro Hydro T\u00e4nk p\u00e5 Clearshield Pro HYDRO som ett osynligt lackskydd &hellip; <a href=\"https:\/\/www.solargard.com\/sv\/bilfilm-lackskydd\/vara-bilfilmer\/clearshield-pro-hydro\/\">Continued<\/a><\/p>\n","protected":false},"author":1,"featured_media":105077,"parent":27879,"menu_order":0,"comment_status":"closed","ping_status":"closed","template":"","meta":{"_acf_changed":false,"footnotes":""},"class_list":["post-85049","page","type-page","status-publish","has-post-thumbnail","hentry"],"acf":[],"_links":{"self":[{"href":"https:\/\/www.solargard.com\/sv\/wp-json\/wp\/v2\/pages\/85049","targetHints":{"allow":["GET"]}}],"collection":[{"href":"https:\/\/www.solargard.com\/sv\/wp-json\/wp\/v2\/pages"}],"about":[{"href":"https:\/\/www.solargard.com\/sv\/wp-json\/wp\/v2\/types\/page"}],"author":[{"embeddable":true,"href":"https:\/\/www.solargard.com\/sv\/wp-json\/wp\/v2\/users\/1"}],"replies":[{"embeddable":true,"href":"https:\/\/www.solargard.com\/sv\/wp-json\/wp\/v2\/comments?post=85049"}],"version-history":[{"count":0,"href":"https:\/\/www.solargard.com\/sv\/wp-json\/wp\/v2\/pages\/85049\/revisions"}],"up":[{"embeddable":true,"href":"https:\/\/www.solargard.com\/sv\/wp-json\/wp\/v2\/pages\/27879"}],"wp:featuredmedia":[{"embeddable":true,"href":"https:\/\/www.solargard.com\/sv\/wp-json\/wp\/v2\/media\/105077"}],"wp:attachment":[{"href":"https:\/\/www.solargard.com\/sv\/wp-json\/wp\/v2\/media?parent=85049"}],"curies":[{"name":"wp","href":"https:\/\/api.w.org\/{rel}","templated":true}]}}