{"id":88807,"date":"2020-08-27T22:45:26","date_gmt":"2020-08-28T06:45:26","guid":{"rendered":"https:\/\/www.solargard.com\/?page_id=88807"},"modified":"2024-04-17T23:58:17","modified_gmt":"2024-04-18T07:58:17","slug":"blandning-reflexer","status":"publish","type":"page","link":"https:\/\/www.solargard.com\/sv\/blandning-reflexer\/","title":{"rendered":"Besv\u00e4rande bl\u00e4ndning?"},"content":{"rendered":"<div class=\"wpb-content-wrapper\"><p>[vc_row bottom_margin=&#8221;md&#8221;][vc_column][vc_column_text]<\/p>\n<h1>L\u00c5T INTE BL\u00c4NDNING &amp; REFLEXER F\u00d6RST\u00d6RA DIN ARBETSRO!<\/h1>\n<p>[\/vc_column_text][vc_empty_space height=&#8221;10px&#8221;][vc_row_inner content_placement=&#8221;middle&#8221;][vc_column_inner width=&#8221;2\/3&#8243;][vc_column_text]<\/p>\n<blockquote><p><span>Solar Gards f\u00f6nsterfilm <span style=\"color: #ff9900;\"><strong>REDUCERAR UPP TILL 94% AV SOLENS BL\u00c4NDNING<\/strong><\/span> men du <span style=\"color: #ff9900;\"><strong>BIBEH\u00c5LLER DET NATURLIGA LJUSET OCH UTSIKTEN<\/strong>.<\/span> Och allt i samma produkt!<\/span><\/p><\/blockquote>\n<p>[\/vc_column_text][vc_empty_space height=&#8221;10px&#8221;][vc_column_text]<span>Reflekterande f\u00f6nsterfilm \u00e4r en optiskt klar produkt som inte syns inifr\u00e5n men som effekti<\/span><span>vt reducerar st\u00f6rande reflexer och bl\u00e4ndning fr\u00e5n solen. Den appliceras p\u00e5 dina befintliga f\u00f6nster och skapar en naturligt komfortabel milj\u00f6. Och du beh\u00f6ver inte dra f\u00f6r gardinerna l\u00e4ngre!<\/span><\/p>\n<h3><span style=\"color: #6790e0;\">Uppgradera dina glas med Solar Gard<sup>\u00ae<\/sup> f\u00f6nsterfilm<\/span><\/h3>\n<p>[\/vc_column_text][\/vc_column_inner][vc_column_inner width=&#8221;1\/3&#8243;][vc_column_text]<img loading=\"lazy\" decoding=\"async\" class=\" wp-image-90542 alignright\" src=\"https:\/\/www.solargard.com\/wp-content\/uploads\/2020\/10\/film-install.png\" alt=\"\" width=\"391\" height=\"261\" srcset=\"https:\/\/www.solargard.com\/wp-content\/uploads\/2020\/10\/film-install.png 700w, https:\/\/www.solargard.com\/wp-content\/uploads\/2020\/10\/film-install-300x200.png 300w, https:\/\/www.solargard.com\/wp-content\/uploads\/2020\/10\/film-install-142x95.png 142w, https:\/\/www.solargard.com\/wp-content\/uploads\/2020\/10\/film-install-600x400.png 600w\" sizes=\"auto, (max-width: 391px) 100vw, 391px\" \/><\/p>\n<p>[\/vc_column_text][\/vc_column_inner][\/vc_row_inner][vc_empty_space][\/vc_column][\/vc_row][vc_row full_width=&#8221;stretch_row&#8221; content_placement=&#8221;top&#8221; top_margin=&#8221;xs&#8221; css=&#8221;.vc_custom_1603711117085{margin-top: 0px !important;margin-bottom: 0px !important;border-top-width: 0px !important;border-bottom-width: 0px !important;padding-top: 0px !important;padding-bottom: 0px !important;background-color: #bfcbd1 !important;}&#8221;][vc_column][vc_column_text]<\/p>\n<h3><span style=\"color: #ffffff;\">SOLAR GARD F\u00d6NSTERFILM KAN VARA DIN L\u00d6SNING<\/span><\/h3>\n<h4><span style=\"color: #333333;\">BEHAGLIGT LJUS P\u00c5 INSIDAN &#8211; H\u00d6GREFLEKTERANDE P\u00c5 UTSIDAN<\/span><\/h4>\n<p>[\/vc_column_text][vc_row_inner content_placement=&#8221;top&#8221; css=&#8221;.vc_custom_1603366917327{margin-top: 0px !important;margin-bottom: 0px !important;border-top-width: 0px !important;border-bottom-width: 0px !important;padding-top: 0px !important;padding-bottom: 0px !important;}&#8221;][vc_column_inner][vc_column_text css=&#8221;.vc_custom_1603720922898{margin-top: 0px !important;border-top-width: 0px !important;padding-top: 0px !important;}&#8221;]<a href=\"https:\/\/www.av.se\/halsa-och-sakerhet\/sjukdomar-smitta-och-mikrobiologiska-risker\/smittrisker-i-arbetsmiljon\/coronaviruset\/arbetsmiljon-vid-hemarbete\/#:~:text=ansvaret%20f%C3%B6r%20arbetsmilj%C3%B6n.-,Arbetsgivarens%20ansvar%20vid%20arbete%20hemifr%C3%A5n,uts%C3%A4tts%20f%C3%B6r%20oh%C3%A4lsa%20eller%20olycksfall.\" target=\"_blank\" rel=\"noopener noreferrer\"><img loading=\"lazy\" decoding=\"async\" class=\"aligncenter wp-image-91209 size-full\" src=\"https:\/\/www.solargard.com\/wp-content\/uploads\/2020\/10\/VY-ext-int-film-2.png\" alt=\"\" width=\"1632\" height=\"439\" srcset=\"https:\/\/www.solargard.com\/wp-content\/uploads\/2020\/10\/VY-ext-int-film-2.png 1632w, https:\/\/www.solargard.com\/wp-content\/uploads\/2020\/10\/VY-ext-int-film-2-300x81.png 300w, https:\/\/www.solargard.com\/wp-content\/uploads\/2020\/10\/VY-ext-int-film-2-1024x275.png 1024w, https:\/\/www.solargard.com\/wp-content\/uploads\/2020\/10\/VY-ext-int-film-2-768x207.png 768w, https:\/\/www.solargard.com\/wp-content\/uploads\/2020\/10\/VY-ext-int-film-2-1536x413.png 1536w, https:\/\/www.solargard.com\/wp-content\/uploads\/2020\/10\/VY-ext-int-film-2-190x51.png 190w, https:\/\/www.solargard.com\/wp-content\/uploads\/2020\/10\/VY-ext-int-film-2-600x161.png 600w\" sizes=\"auto, (max-width: 1632px) 100vw, 1632px\" \/><\/a>[\/vc_column_text][\/vc_column_inner][\/vc_row_inner][\/vc_column][\/vc_row][vc_row full_width=&#8221;stretch_row&#8221; content_placement=&#8221;top&#8221; top_margin=&#8221;none&#8221; bottom_margin=&#8221;md&#8221; css=&#8221;.vc_custom_1603367985826{margin-top: 0px !important;margin-bottom: 0px !important;border-top-width: 0px !important;border-bottom-width: 0px !important;padding-top: 0px !important;padding-bottom: 0px !important;background-color: #edf8ff !important;}&#8221;][vc_column width=&#8221;1\/4&#8243;]  <div class=\"text-center sep-top-xs\" data-wow-delay=\"0s\">\n    <div class=\"chart dark\" data-percent=\"94\">\n      <span class=\"chart-item\" data-color=\"#efc321\">\n        <b data-from=\"0\" data-to=\"94\" class=\"counter\">0<\/b><em>%<\/em>\n      <\/span>\n    <\/div>\n    <p class=\"lead x2\"><\/p>\n    <p class=\"\"><\/p>\n  <\/div>[vc_column_text css=&#8221;.vc_custom_1603955836416{margin-top: 0px !important;border-top-width: 0px !important;padding-top: 0px !important;}&#8221;]<\/p>\n<h4 style=\"text-align: center;\"><span style=\"color: #19609e;\"><strong>MINDRE <span style=\"color: #326f9c;\">BL\u00c4NDNING<\/span><\/strong><\/span><\/h4>\n<p style=\"text-align: center;\">Solar Gard reducerar bl\u00e4ndning och reflexer med upp till 94%<\/p>\n<p>[\/vc_column_text][\/vc_column][vc_column width=&#8221;1\/4&#8243;]  <div class=\"text-center sep-top-xs\" data-wow-delay=\"0s\">\n    <div class=\"chart dark\" data-percent=\"84\">\n      <span class=\"chart-item\" data-color=\"#efc321\">\n        <b data-from=\"0\" data-to=\"84\" class=\"counter\">0<\/b><em>%<\/em>\n      <\/span>\n    <\/div>\n    <p class=\"lead x2\"><\/p>\n    <p class=\"\"><\/p>\n  <\/div>[vc_column_text css=&#8221;.vc_custom_1603784425771{margin-top: 0px !important;border-top-width: 0px !important;padding-top: 0px !important;}&#8221;]<\/p>\n<h4 style=\"text-align: center;\"><strong><span style=\"color: #326f9c;\">V\u00c4RMEREDUKTION<\/span><\/strong><\/h4>\n<p style=\"text-align: center;\">Solar Gard minskar solens v\u00e4rme med upp till 84%<\/p>\n<p>[\/vc_column_text][\/vc_column][vc_column width=&#8221;1\/4&#8243;]  <div class=\"text-center sep-top-xs\" data-wow-delay=\"0s\">\n    <div class=\"chart dark\" data-percent=\"99\">\n      <span class=\"chart-item\" data-color=\"#efc321\">\n        <b data-from=\"0\" data-to=\"99\" class=\"counter\">0<\/b><em>%<\/em>\n      <\/span>\n    <\/div>\n    <p class=\"lead x2\"><\/p>\n    <p class=\"\"><\/p>\n  <\/div>[vc_column_text css=&#8221;.vc_custom_1603784431902{margin-top: 0px !important;border-top-width: 0px !important;padding-top: 0px !important;}&#8221;]<\/p>\n<h4 style=\"text-align: center;\"><strong><span style=\"color: #326f9c;\">UV-SKYDD<\/span><\/strong><\/h4>\n<p style=\"text-align: center;\">Solar Gard blockerar \u00f6ver 99% av solens skadliga UV-str\u00e5lning<\/p>\n<p>[\/vc_column_text][\/vc_column][vc_column width=&#8221;1\/4&#8243;]  <div class=\"text-center sep-top-xs\" data-wow-delay=\"0s\">\n    <div class=\"chart dark\" data-percent=\"30\">\n      <span class=\"chart-item\" data-color=\"#efc321\">\n        <b data-from=\"0\" data-to=\"30\" class=\"counter\">0<\/b><em>%<\/em>\n      <\/span>\n    <\/div>\n    <p class=\"lead x2\"><\/p>\n    <p class=\"\"><\/p>\n  <\/div>[vc_column_text css=&#8221;.vc_custom_1603784438306{margin-top: 0px !important;border-top-width: 0px !important;padding-top: 0px !important;}&#8221;]<\/p>\n<h4 style=\"text-align: center;\"><strong><span style=\"color: #326f9c;\">ENERGIBESPARING<\/span><\/strong><\/h4>\n<p style=\"text-align: center;\">Spara upp till 30% p\u00e5 dina energikostnader \u00e5rligen<\/p>\n<p>[\/vc_column_text][\/vc_column][vc_column][vc_column_text el_id=&#8221;H5&#8243;]<\/p>\n<h5 id=\"#PREMIUMPARTNER\"><span style=\"color: #ffffff;\">PREMIUMPARTNER<\/span><\/h5>\n<p>[\/vc_column_text][vc_empty_space][\/vc_column][\/vc_row][vc_row content_placement=&#8221;top&#8221; top_margin=&#8221;none&#8221; bottom_margin=&#8221;none&#8221; css=&#8221;.vc_custom_1603375988841{margin-top: 0px !important;margin-bottom: 0px !important;border-top-width: 0px !important;border-bottom-width: 0px !important;padding-top: 0px !important;padding-bottom: 0px !important;}&#8221;][vc_column][vc_row_inner][vc_column_inner width=&#8221;1\/3&#8243;][vc_column_text css_animation=&#8221;fadeInLeftBig&#8221;]<\/p>\n<p style=\"text-align: center;\"><img loading=\"lazy\" decoding=\"async\" class=\"wp-image-90746 alignright\" src=\"https:\/\/www.solargard.com\/wp-content\/uploads\/2020\/10\/alltidgratisoffert-kille.png\" alt=\"\" width=\"589\" height=\"687\" srcset=\"https:\/\/www.solargard.com\/wp-content\/uploads\/2020\/10\/alltidgratisoffert-kille.png 643w, https:\/\/www.solargard.com\/wp-content\/uploads\/2020\/10\/alltidgratisoffert-kille-257x300.png 257w, https:\/\/www.solargard.com\/wp-content\/uploads\/2020\/10\/alltidgratisoffert-kille-81x95.png 81w, https:\/\/www.solargard.com\/wp-content\/uploads\/2020\/10\/alltidgratisoffert-kille-600x700.png 600w\" sizes=\"auto, (max-width: 589px) 100vw, 589px\" \/><\/p>\n<p>[\/vc_column_text][\/vc_column_inner][vc_column_inner width=&#8221;2\/3&#8243;][vc_empty_space height=&#8221;10px&#8221;][vc_column_text]<\/p>\n<h3 style=\"text-align: center;\">HAR DU N\u00c5GRA FR\u00c5GOR?<br \/>\n<strong><span style=\"color: #ff9900;\">VI HJ\u00c4LPER DIG G\u00c4RNA!<\/span><\/strong><\/h3>\n<h4 style=\"text-align: center;\"><img loading=\"lazy\" decoding=\"async\" class=\"aligncenter wp-image-90890 \" src=\"https:\/\/www.solargard.com\/wp-content\/uploads\/2020\/10\/solargard-premium-partner-logo-e1603361204523.png\" alt=\"\" width=\"149\" height=\"168\" srcset=\"https:\/\/www.solargard.com\/wp-content\/uploads\/2020\/10\/solargard-premium-partner-logo-e1603361204523.png 362w, https:\/\/www.solargard.com\/wp-content\/uploads\/2020\/10\/solargard-premium-partner-logo-e1603361204523-266x300.png 266w, https:\/\/www.solargard.com\/wp-content\/uploads\/2020\/10\/solargard-premium-partner-logo-e1603361204523-84x95.png 84w\" sizes=\"auto, (max-width: 149px) 100vw, 149px\" \/>KONTAKTA EN SOLAR GARD\u00ae<br \/>\nPARTNER N\u00c4RA DIG<\/h4>\n<p style=\"text-align: center; font-size: 40px;\"><span style=\"color: #808080;\">\ufe40<\/span><\/p>\n<p>[\/vc_column_text][vc_empty_space height=&#8221;10px&#8221;][\/vc_column_inner][\/vc_row_inner][\/vc_column][\/vc_row][vc_row full_width=&#8221;stretch_row&#8221; top_margin=&#8221;xs&#8221; bottom_margin=&#8221;md&#8221; css=&#8221;.vc_custom_1603896547273{background-color: #dee3e8 !important;}&#8221;][vc_column][vc_column_text]<\/p>\n<h3 style=\"text-align: center;\"><span style=\"color: #266691;\">F\u00c5 KOSTNADSFRI OFFERT AV EN <strong>PREMIUM PARTNER<\/strong> I SVERIGE!<\/span><\/h3>\n<p style=\"text-align: center; font-size: 50px;\"><span style=\"color: #266691;\">\ufe40<\/span><\/p>\n<p>[\/vc_column_text][vc_row_inner][vc_column_inner][vc_column_text css=&#8221;.vc_custom_1603377337659{margin-top: 0px !important;margin-bottom: 0px !important;border-top-width: 0px !important;border-bottom-width: 0px !important;padding-top: 0px !important;padding-bottom: 0px !important;}&#8221;]<\/p>\n<h3 style=\"text-align: center;\"><span style=\"color: #214259;\">REGION <strong>SVEALAND<\/strong><\/span><\/h3>\n<p>[\/vc_column_text][\/vc_column_inner][\/vc_row_inner][vc_empty_space height=&#8221;20px&#8221;][vc_empty_space height=&#8221;20px&#8221;][vc_row_inner][vc_column_inner width=&#8221;1\/3&#8243;][vc_empty_space][vc_hoverbox image=&#8221;90935&#8243; primary_title=&#8221;&#8221; hover_title=&#8221;Freelance&#8221; hover_background_color=&#8221;white&#8221; hover_btn_title=&#8221;SKICKA F\u00d6RFR\u00c5GAN&#8221; hover_btn_color=&#8221;black&#8221; hover_add_button=&#8221;true&#8221; hover_btn_link=&#8221;url:mailto%3Apeter%40freelancesolfilmcenter.se%3Fsubject%3DJag%20vill%20g%C3%A4rna%20ha%20en%20l%C3%B6sning%20p%C3%A5%20mina%20problem%20med%20bl%C3%A4ndning!|title:SKICKA%20EN%20F%C3%96RFR%C3%85GAN|target:_blank&#8221;]<\/p>\n<p style=\"text-align: center;\"><span style=\"color: #000000;\">M\u00e4tarv\u00e4gen 14, 196 37 Kungs\u00e4ngen<\/span><br \/>\n<span style=\"color: #000000;\"><a style=\"color: #000000;\" href=\"tel:08-29 91 30\" target=\"_blank\" rel=\"noopener noreferrer\">08-29 91 30<\/a><\/span><br \/>\n<span style=\"color: #000000;\"><a style=\"color: #000000;\" href=\"mailto:peter@freelancesolfilmcenter.se?subject=Jag vill g\u00e4rna ha en l\u00f6sning p\u00e5 mina problem med bl\u00e4ndning!\" target=\"_blank\" rel=\"noopener noreferrer\">Skicka ett mail<\/a><\/span><\/p>\n<p>[\/vc_hoverbox][vc_empty_space][vc_hoverbox image=&#8221;91258&#8243; primary_title=&#8221;&#8221; hover_title=&#8221;SolfilmsOhlsson&#8221; hover_background_color=&#8221;white&#8221; hover_btn_title=&#8221;SKICKA F\u00d6RFR\u00c5GAN&#8221; hover_btn_color=&#8221;black&#8221; hover_add_button=&#8221;true&#8221; hover_btn_link=&#8221;url:mailto%3Ainfo%40solfilmsohlsson.se%3Fsubject%3DJag%20vill%20g%C3%A4rna%20ha%20en%20l%C3%B6sning%20p%C3%A5%20mina%20problem%20med%20bl%C3%A4ndning!|title:SKICKA%20EN%20F%C3%96RFR%C3%85GAN|target:_blank&#8221;]<\/p>\n<p style=\"text-align: center;\"><span style=\"color: #000000;\">Kasernh\u00f6jden 5, Karlstad<\/span><br \/>\n<span style=\"color: #000000;\"><a style=\"color: #000000;\" href=\"tel:054 \u2013 83 97 00\" target=\"_blank\" rel=\"noopener noreferrer\">054 \u2013 83 97 00<\/a><\/span><br \/>\n<span style=\"color: #000000;\"><a class=\"contact-email\" style=\"color: #000000;\" href=\"mailto:info@solfilmsohlsson.se?subject=Jag vill g\u00e4rna ha en l\u00f6sning p\u00e5 mina problem med bl\u00e4ndning!\" target=\"_blank\" rel=\"noopener noreferrer\" data-dealer-id=\"26357\" data-dealer-name=\"KARLSTAD - SolfilmsOhlsson\">info@solfilmsohlsson.se<\/a><\/span><\/p>\n<p>[\/vc_hoverbox][\/vc_column_inner][vc_column_inner width=&#8221;1\/3&#8243;][vc_empty_space][vc_hoverbox image=&#8221;90950&#8243; primary_title=&#8221;&#8221; hover_title=&#8221;M\u00e4larfilm AB&#8221; hover_background_color=&#8221;white&#8221; hover_btn_title=&#8221;SKICKA F\u00d6RFR\u00c5GAN&#8221; hover_btn_color=&#8221;black&#8221; hover_add_button=&#8221;true&#8221; hover_btn_link=&#8221;url:mailto%3Ainfo%40malarfilm.se%3Fsubject%3DJag%20vill%20g%C3%A4rna%20ha%20en%20l%C3%B6sning%20p%C3%A5%20mina%20problem%20med%20bl%C3%A4ndning!|title:SKICKA%20EN%20F%C3%96RFR%C3%85GAN|target:_blank&#8221;]<\/p>\n<p style=\"text-align: center;\"><span style=\"color: #000000;\">H\u00e4llbyv\u00e4gen 7, 746 37 B\u00e5lsta<\/span><br \/>\n<span style=\"color: #000000;\"><a style=\"color: #000000;\" href=\"tel:070-763 17 01\" target=\"_blank\" rel=\"noopener noreferrer\">070 \u2013 763 17 01<\/a><\/span><br \/>\n<span style=\"color: #000000;\"><a style=\"color: #000000;\" href=\"mailto:info@malarfilm.se?subject=Jag vill g\u00e4rna ha en l\u00f6sning p\u00e5 mina problem med bl\u00e4ndning!\" target=\"_blank\" rel=\"noopener noreferrer\">info@malarfilm.se<\/a><\/span><\/p>\n<p>[\/vc_hoverbox][vc_empty_space][\/vc_column_inner][vc_column_inner width=&#8221;1\/3&#8243;][vc_empty_space][vc_hoverbox image=&#8221;90980&#8243; primary_title=&#8221;&#8221; hover_title=&#8221;PT Installation AB&#8221; hover_background_color=&#8221;white&#8221; hover_btn_title=&#8221;SKICKA F\u00d6RFR\u00c5GAN&#8221; hover_btn_color=&#8221;black&#8221; hover_add_button=&#8221;true&#8221; hover_btn_link=&#8221;url:mailto%3Ainfo%40ptinstallation.se%3Fsubject%3DJag%20vill%20g%C3%A4rna%20ha%20en%20l%C3%B6sning%20p%C3%A5%20mina%20problem%20med%20bl%C3%A4ndning!|title:SKICKA%20EN%20F%C3%96RFR%C3%85GAN|target:_blank&#8221;]<\/p>\n<p style=\"text-align: center;\">S\u00f6derby G\u00e5rds V\u00e4g 75, R\u00f6nninge<br \/>\n<span style=\"color: #000000;\"><a style=\"color: #000000;\" href=\"tel: 0735 131 513\">0735 131 513<\/a><\/span><br \/>\n<span style=\"color: #000000;\"><a style=\"color: #000000;\" href=\"mailto:info@ptinstallation.se?subject=Jag vill g\u00e4rna ha en l\u00f6sning p\u00e5 mina problem med bl\u00e4ndning!\" target=\"_blank\" rel=\"noopener noreferrer\">info@ptinstallation.se<\/a><\/span><\/p>\n<p>[\/vc_hoverbox][vc_empty_space][\/vc_column_inner][\/vc_row_inner][vc_row_inner][vc_column_inner][vc_empty_space height=&#8221;20px&#8221;][vc_empty_space height=&#8221;20px&#8221;][vc_empty_space height=&#8221;20px&#8221;][\/vc_column_inner][\/vc_row_inner][vc_column_text css=&#8221;.vc_custom_1603711343978{margin-top: 0px !important;margin-bottom: 0px !important;border-top-width: 0px !important;border-bottom-width: 0px !important;padding-top: 0px !important;padding-bottom: 0px !important;}&#8221;]<\/p>\n<h3 style=\"text-align: center;\"><span style=\"color: #214259;\">REGION <strong>G\u00d6TALAND<\/strong><\/span><\/h3>\n<p>[\/vc_column_text][vc_empty_space height=&#8221;20px&#8221;][vc_empty_space height=&#8221;20px&#8221;][vc_empty_space height=&#8221;20px&#8221;][vc_row_inner][vc_column_inner width=&#8221;1\/3&#8243;][vc_empty_space][vc_hoverbox image=&#8221;91273&#8243; primary_title=&#8221;&#8221; hover_title=&#8221;DS Solfilm AB&#8221; hover_background_color=&#8221;white&#8221; hover_btn_title=&#8221;SKICKA F\u00d6RFR\u00c5GAN&#8221; hover_btn_color=&#8221;black&#8221; hover_add_button=&#8221;true&#8221; hover_btn_link=&#8221;url:mailto%3Ainfo%40dssolfilm.se%EF%BB%BF%3Fsubject%3DJag%20vill%20g%C3%A4rna%20ha%20en%20l%C3%B6sning%20p%C3%A5%20mina%20problem%20med%20bl%C3%A4ndning!|title:SKICKA%20EN%20F%C3%96RFR%C3%85GAN|target:_blank&#8221;]<\/p>\n<p style=\"text-align: center;\"><span style=\"color: #000000;\">\u00c5kermansv\u00e4g 25, Esl\u00f6v<\/span><br \/>\n<span style=\"color: #000000;\"><a style=\"color: #000000;\" href=\"tel:0705982075\">070-598 20 75<\/a><\/span><br \/>\n<span style=\"color: #000000;\"><a style=\"color: #000000;\" href=\"mailto:info@dssolfilm.se?subject=Jag vill g\u00e4rna ha en l\u00f6sning p\u00e5 mina problem med bl\u00e4ndning!\" target=\"_blank\" rel=\"noopener noreferrer\">info@dssolfilm.se<\/a><\/span><\/p>\n<p>[\/vc_hoverbox][vc_empty_space][\/vc_column_inner][vc_column_inner width=&#8221;1\/3&#8243;][vc_empty_space][vc_hoverbox image=&#8221;90965&#8243; primary_title=&#8221;&#8221; hover_title=&#8221;PHW Montage AB&#8221; hover_background_color=&#8221;white&#8221; hover_btn_title=&#8221;SKICKA F\u00d6RFR\u00c5GAN&#8221; hover_btn_color=&#8221;black&#8221; hover_add_button=&#8221;true&#8221; hover_btn_link=&#8221;url:mailto%3Ainfo%40phwsolfilm.se%3Fsubject%3DJag%20vill%20g%C3%A4rna%20ha%20en%20l%C3%B6sning%20p%C3%A5%20mina%20problem%20med%20bl%C3%A4ndning!|title:SKICKA%20EN%20F%C3%96RFR%C3%85GAN|target:_blank&#8221;]<\/p>\n<p style=\"text-align: center;\"><span style=\"color: #000000;\">Bergdalen 1, Stora H\u00f6ga<\/span><br \/>\n<span style=\"color: #000000;\"><a style=\"color: #000000;\" href=\"tel:0706 \u2013 077 735\" target=\"_blank\" rel=\"noopener noreferrer\">0706 \u2013 077 735<\/a><\/span><br \/>\n<span style=\"color: #000000;\"><a style=\"color: #000000;\" href=\"mailto:info@phwsolfilm.se?subject=Jag vill g\u00e4rna ha en l\u00f6sning p\u00e5 mina problem med bl\u00e4ndning!\" target=\"_blank\" rel=\"noopener noreferrer\">info@phwsolfilm.se<\/a><\/span><\/p>\n<p>[\/vc_hoverbox][vc_empty_space][\/vc_column_inner][vc_column_inner width=&#8221;1\/3&#8243;][vc_empty_space][vc_hoverbox image=&#8221;91340&#8243; primary_title=&#8221;HITTAR INGEN PARTNER D\u00c4R DU BOR?&#8221; primary_title_font_container=&#8221;font_size:22|color:%230c5389&#8243; primary_title_use_theme_fonts=&#8221;yes&#8221; primary_title_css_animation=&#8221;none&#8221; hover_title=&#8221;V\u00e4lkommen!&#8221; hover_background_color=&#8221;white&#8221; hover_btn_title=&#8221;SKICKA F\u00d6RFR\u00c5GAN&#8221; hover_btn_color=&#8221;black&#8221; use_custom_fonts_primary_title=&#8221;true&#8221; hover_add_button=&#8221;true&#8221; hover_btn_custom_onclick=&#8221;true&#8221; hover_btn_link=&#8221;url:mailto%3Anordicinfo%40saint-gobain.com%3Fsubject%3DJag%20vill%20g%C3%A4rna%20ha%20en%20l%C3%B6sning%20p%C3%A5%20mina%20problem%20med%20bl%C3%A4ndning!|title:SKICKA%20EN%20F%C3%96RFR%C3%85GAN|target:_blank&#8221;]<\/p>\n<p style=\"text-align: center;\"><span style=\"color: #000000;\">Vi hj\u00e4lper dig g\u00e4rna!<br \/>\n<a style=\"color: #000000;\" href=\"tel:0175 -748 80\">0175 -748 80<\/a><br \/>\n<a style=\"color: #000000;\" href=\"mailto:nordicinfo@saint-gobain.com?subject=Jag vill g\u00e4rna ha en l\u00f6sning p\u00e5 mina problem med bl\u00e4ndning!\" target=\"_blank\" rel=\"noopener noreferrer\">nordicinfo@saint-gobain.com<\/a><\/span><\/p>\n<p>[\/vc_hoverbox][vc_empty_space][\/vc_column_inner][\/vc_row_inner][\/vc_column][\/vc_row][vc_row top_margin=&#8221;xs&#8221; bottom_margin=&#8221;xs&#8221;][vc_column][vc_column_text css=&#8221;.vc_custom_1603957074316{margin-top: 0px !important;border-top-width: 0px !important;padding-top: 0px !important;}&#8221;]<\/p>\n<h4 style=\"text-align: center;\"><span style=\"color: #a2b0ba;\"><a style=\"color: #a2b0ba;\" href=\"https:\/\/www.solargard.com\/sv\/premium-partners\/\" target=\"_blank\" rel=\"noopener noreferrer\">L\u00c4S MER OM V\u00c5RA PREMIUM PARTNERS \u203a<\/a><\/span><br \/>\n<span style=\"color: #a2b0ba;\">FR\u00c5GOR? RING <a style=\"color: #a2b0ba;\" href=\"tel:0175 -748 80\" target=\"_blank\" rel=\"noopener noreferrer\">0175-748 80<\/a><\/span><\/h4>\n<p>[\/vc_column_text][\/vc_column][vc_column][vc_empty_space][\/vc_column][\/vc_row]<\/p>\n<\/div>","protected":false},"excerpt":{"rendered":"<p>[vc_row bottom_margin=&#8221;md&#8221;][vc_column][vc_column_text] L\u00c5T INTE BL\u00c4NDNING &amp; REFLEXER F\u00d6RST\u00d6RA DIN ARBETSRO! [\/vc_column_text][vc_empty_space height=&#8221;10px&#8221;][vc_row_inner content_placement=&#8221;middle&#8221;][vc_column_inner width=&#8221;2\/3&#8243;][vc_column_text] Solar Gards f\u00f6nsterfilm REDUCERAR UPP TILL 94% AV SOLENS BL\u00c4NDNING men du BIBEH\u00c5LLER DET NATURLIGA LJUSET OCH UTSIKTEN. Och allt i samma produkt! [\/vc_column_text][vc_empty_space height=&#8221;10px&#8221;][vc_column_text]Reflekterande f\u00f6nsterfilm \u00e4r en optiskt klar produkt som inte syns inifr\u00e5n men som effektivt reducerar st\u00f6rande reflexer &hellip; <a href=\"https:\/\/www.solargard.com\/sv\/blandning-reflexer\/\">Continued<\/a><\/p>\n","protected":false},"author":3,"featured_media":91312,"parent":0,"menu_order":0,"comment_status":"closed","ping_status":"closed","template":"","meta":{"_acf_changed":false,"footnotes":""},"class_list":["post-88807","page","type-page","status-publish","has-post-thumbnail","hentry"],"acf":[],"_links":{"self":[{"href":"https:\/\/www.solargard.com\/sv\/wp-json\/wp\/v2\/pages\/88807","targetHints":{"allow":["GET"]}}],"collection":[{"href":"https:\/\/www.solargard.com\/sv\/wp-json\/wp\/v2\/pages"}],"about":[{"href":"https:\/\/www.solargard.com\/sv\/wp-json\/wp\/v2\/types\/page"}],"author":[{"embeddable":true,"href":"https:\/\/www.solargard.com\/sv\/wp-json\/wp\/v2\/users\/3"}],"replies":[{"embeddable":true,"href":"https:\/\/www.solargard.com\/sv\/wp-json\/wp\/v2\/comments?post=88807"}],"version-history":[{"count":0,"href":"https:\/\/www.solargard.com\/sv\/wp-json\/wp\/v2\/pages\/88807\/revisions"}],"wp:featuredmedia":[{"embeddable":true,"href":"https:\/\/www.solargard.com\/sv\/wp-json\/wp\/v2\/media\/91312"}],"wp:attachment":[{"href":"https:\/\/www.solargard.com\/sv\/wp-json\/wp\/v2\/media?parent=88807"}],"curies":[{"name":"wp","href":"https:\/\/api.w.org\/{rel}","templated":true}]}}