{"id":93781,"date":"2021-02-25T07:07:48","date_gmt":"2021-02-25T15:07:48","guid":{"rendered":"https:\/\/www.solargard.com\/?page_id=93781"},"modified":"2023-05-16T04:28:12","modified_gmt":"2023-05-16T12:28:12","slug":"kurser-hos-solar-gard","status":"publish","type":"page","link":"https:\/\/www.solargard.com\/sv\/kurser-hos-solar-gard\/","title":{"rendered":"G\u00e5 en kurs hos Solar Gard"},"content":{"rendered":"<div class=\"wpb-content-wrapper\"><p>[vc_row el_id=&#8221;anmalan-kurs&#8221;][vc_column][vc_column_text]<\/p>\n<h1 style=\"text-align: center;\"><strong>Bli ett proffs p\u00e5 Solar Gards filml\u00f6sningar!<\/strong><\/h1>\n<p>[\/vc_column_text][\/vc_column][vc_column][vc_empty_space][vc_column_text css_animation=&#8221;none&#8221;]<\/p>\n<p style=\"text-align: center;\">Solar Gard erbjuder kurser f\u00f6r b\u00e5de nyb\u00f6rjare och f\u00f6r er som vill v\u00e4ssa era kunskaper!<br \/>\nAnm\u00e4l dig till en kurs idag genom att kryssa f\u00f6r den utbildning\/ar du \u00e4r intresserad av.<\/p>\n<p>[\/vc_column_text][vc_column_text css_animation=&#8221;bounceInDown&#8221;]<\/p>\n<blockquote>\n<p style=\"text-align: center;\"><span style=\"color: #ff9900;\"><strong>OBS! Vi planerar f\u00f6r nya kurser under h\u00f6sten.<br \/>\n\u00c5terkom g\u00e4rna med din intresseanm\u00e4lan i september 2023.<\/strong><\/span><\/p>\n<\/blockquote>\n<p>[\/vc_column_text][\/vc_column][\/vc_row][vc_row][vc_column]<div class=\"section-title sg-section-title text-center\"><div class=\"copy-content\"><h1 class=\" normal-title\">Intresseanm\u00e4lan till Solar Gard Kurs<\/h1><\/div><div class=\"border-bg\"><\/div><\/div>[\/vc_column][vc_column][vc_empty_space]<script type=\"text\/javascript\">\n\/* <![CDATA[ *\/\nvar gform;gform||(document.addEventListener(\"gform_main_scripts_loaded\",function(){gform.scriptsLoaded=!0}),document.addEventListener(\"gform\/theme\/scripts_loaded\",function(){gform.themeScriptsLoaded=!0}),window.addEventListener(\"DOMContentLoaded\",function(){gform.domLoaded=!0}),gform={domLoaded:!1,scriptsLoaded:!1,themeScriptsLoaded:!1,isFormEditor:()=>\"function\"==typeof InitializeEditor,callIfLoaded:function(o){return!(!gform.domLoaded||!gform.scriptsLoaded||!gform.themeScriptsLoaded&&!gform.isFormEditor()||(gform.isFormEditor()&&console.warn(\"The use of gform.initializeOnLoaded() is deprecated in the form editor context and will be removed in Gravity Forms 3.1.\"),o(),0))},initializeOnLoaded:function(o){gform.callIfLoaded(o)||(document.addEventListener(\"gform_main_scripts_loaded\",()=>{gform.scriptsLoaded=!0,gform.callIfLoaded(o)}),document.addEventListener(\"gform\/theme\/scripts_loaded\",()=>{gform.themeScriptsLoaded=!0,gform.callIfLoaded(o)}),window.addEventListener(\"DOMContentLoaded\",()=>{gform.domLoaded=!0,gform.callIfLoaded(o)}))},hooks:{action:{},filter:{}},addAction:function(o,r,e,t){gform.addHook(\"action\",o,r,e,t)},addFilter:function(o,r,e,t){gform.addHook(\"filter\",o,r,e,t)},doAction:function(o){gform.doHook(\"action\",o,arguments)},applyFilters:function(o){return gform.doHook(\"filter\",o,arguments)},removeAction:function(o,r){gform.removeHook(\"action\",o,r)},removeFilter:function(o,r,e){gform.removeHook(\"filter\",o,r,e)},addHook:function(o,r,e,t,n){null==gform.hooks[o][r]&&(gform.hooks[o][r]=[]);var d=gform.hooks[o][r];null==n&&(n=r+\"_\"+d.length),gform.hooks[o][r].push({tag:n,callable:e,priority:t=null==t?10:t})},doHook:function(r,o,e){var t;if(e=Array.prototype.slice.call(e,1),null!=gform.hooks[r][o]&&((o=gform.hooks[r][o]).sort(function(o,r){return o.priority-r.priority}),o.forEach(function(o){\"function\"!=typeof(t=o.callable)&&(t=window[t]),\"action\"==r?t.apply(null,e):e[0]=t.apply(null,e)})),\"filter\"==r)return e[0]},removeHook:function(o,r,t,n){var e;null!=gform.hooks[o][r]&&(e=(e=gform.hooks[o][r]).filter(function(o,r,e){return!!(null!=n&&n!=o.tag||null!=t&&t!=o.priority)}),gform.hooks[o][r]=e)}});\n\/* ]]> *\/\n<\/script>\n\n                <div class='gf_browser_gecko gform_wrapper gravity-theme gform-theme--no-framework contact-us-form_wrapper' data-form-theme='gravity-theme' data-form-index='0' id='gform_wrapper_77' >\n                        <div class='gform_heading'>\n\t\t\t\t\t\t\t<p class='gform_required_legend'>\u201d<span class=\"gfield_required gfield_required_asterisk\">*<\/span>\u201d anger obligatoriska f\u00e4lt<\/p>\n                        <\/div><form method='post' enctype='multipart\/form-data'  id='gform_77' class='contact-us-form' action='\/sv\/wp-json\/wp\/v2\/pages\/93781' data-formid='77' novalidate>\n                        <div class='gform-body gform_body'><div id='gform_fields_77' class='gform_fields top_label form_sublabel_below description_below validation_below'><div id=\"field_77_31\" class=\"gfield gfield--type-honeypot gform_validation_container field_sublabel_below gfield--has-description field_description_below field_validation_below gfield_visibility_visible\"  ><label class='gfield_label gform-field-label' for='input_77_31'>Name<\/label><div class='ginput_container'><input name='input_31' id='input_77_31' type='text' value='' autocomplete='new-password'\/><\/div><div class='gfield_description' id='gfield_description_77_31'>Detta f\u00e4lt anv\u00e4nds f\u00f6r validerings\u00e4ndam\u00e5l och ska l\u00e4mnas of\u00f6r\u00e4ndrat.<\/div><\/div><fieldset id=\"field_77_2\" class=\"gfield gfield--type-checkbox gfield--type-choice gfield--width-half checkbox-options field_sublabel_below gfield--has-description field_description_above field_validation_below gfield_visibility_visible\"  ><legend class='gfield_label gform-field-label gfield_label_before_complex' >Teoretisk grundutbildning i solskyddsfilm f\u00f6r fastigheter<\/legend><div class='gfield_description' id='gfield_description_77_2'>Grunderna att kunna g\u00f6ra materialval utifr\u00e5n behovet din kund har och kunna ber\u00e4kna kostnaderna f\u00f6r utf\u00f6randet.<\/div><div class='ginput_container ginput_container_checkbox'><div class='gfield_checkbox ' id='input_77_2'><div class='gchoice gchoice_77_2_1'>\n\t\t\t\t\t\t\t\t<input class='gfield-choice-input' name='input_2.1' type='checkbox'  value='JA! Jag \u00e4r intresserad av denna kurs!'  id='choice_77_2_1'   aria-describedby=\"gfield_description_77_2\"\/>\n\t\t\t\t\t\t\t\t<label for='choice_77_2_1' id='label_77_2_1' class='gform-field-label gform-field-label--type-inline'>JA! Jag \u00e4r intresserad av denna kurs!<\/label>\n\t\t\t\t\t\t\t<\/div><\/div><\/div><\/fieldset><fieldset id=\"field_77_20\" class=\"gfield gfield--type-checkbox gfield--type-choice gfield--width-half checkbox-options field_sublabel_below gfield--has-description field_description_above field_validation_below gfield_visibility_visible\"  ><legend class='gfield_label gform-field-label gfield_label_before_complex' >Teoretisk grundutbildning i skydds- &amp; s\u00e4kerhetsfilm f\u00f6r fastigheter<\/legend><div class='gfield_description' id='gfield_description_77_20'>Grunderna att kunna g\u00f6ra materialval utifr\u00e5n behovet din kund har och kunna ber\u00e4kna kostnaderna f\u00f6r utf\u00f6randet.<\/div><div class='ginput_container ginput_container_checkbox'><div class='gfield_checkbox ' id='input_77_20'><div class='gchoice gchoice_77_20_1'>\n\t\t\t\t\t\t\t\t<input class='gfield-choice-input' name='input_20.1' type='checkbox'  value='JA! Jag \u00e4r intresserad av denna kurs!'  id='choice_77_20_1'   aria-describedby=\"gfield_description_77_20\"\/>\n\t\t\t\t\t\t\t\t<label for='choice_77_20_1' id='label_77_20_1' class='gform-field-label gform-field-label--type-inline'>JA! Jag \u00e4r intresserad av denna kurs!<\/label>\n\t\t\t\t\t\t\t<\/div><\/div><\/div><\/fieldset><fieldset id=\"field_77_21\" class=\"gfield gfield--type-checkbox gfield--type-choice gfield--width-half checkbox-options field_sublabel_below gfield--has-description field_description_above field_validation_below gfield_visibility_visible\"  ><legend class='gfield_label gform-field-label gfield_label_before_complex' >Praktisk grundutbildning i solskyddsfilm f\u00f6r fastigheter<\/legend><div class='gfield_description' id='gfield_description_77_21'>Verktyg, planering och utf\u00f6rande av inv\u00e4ndig och utv\u00e4ndig installationsteknik.<\/div><div class='ginput_container ginput_container_checkbox'><div class='gfield_checkbox ' id='input_77_21'><div class='gchoice gchoice_77_21_1'>\n\t\t\t\t\t\t\t\t<input class='gfield-choice-input' name='input_21.1' type='checkbox'  value='JA! Jag \u00e4r intresserad av denna kurs!'  id='choice_77_21_1'   aria-describedby=\"gfield_description_77_21\"\/>\n\t\t\t\t\t\t\t\t<label for='choice_77_21_1' id='label_77_21_1' class='gform-field-label gform-field-label--type-inline'>JA! Jag \u00e4r intresserad av denna kurs!<\/label>\n\t\t\t\t\t\t\t<\/div><\/div><\/div><\/fieldset><fieldset id=\"field_77_22\" class=\"gfield gfield--type-checkbox gfield--type-choice gfield--width-half checkbox-options field_sublabel_below gfield--has-description field_description_above field_validation_below gfield_visibility_visible\"  ><legend class='gfield_label gform-field-label gfield_label_before_complex' >Praktisk grundutbildning i skydds- &amp; s\u00e4kerhetsfilm f\u00f6r fastigheter<\/legend><div class='gfield_description' id='gfield_description_77_22'>Verktyg, planering och utf\u00f6rande av inv\u00e4ndig och utv\u00e4ndig installationsteknik och f\u00f6rseglingsteknik.<\/div><div class='ginput_container ginput_container_checkbox'><div class='gfield_checkbox ' id='input_77_22'><div class='gchoice gchoice_77_22_1'>\n\t\t\t\t\t\t\t\t<input class='gfield-choice-input' name='input_22.1' type='checkbox'  value='JA! Jag \u00e4r intresserad av denna kurs!'  id='choice_77_22_1'   aria-describedby=\"gfield_description_77_22\"\/>\n\t\t\t\t\t\t\t\t<label for='choice_77_22_1' id='label_77_22_1' class='gform-field-label gform-field-label--type-inline'>JA! Jag \u00e4r intresserad av denna kurs!<\/label>\n\t\t\t\t\t\t\t<\/div><\/div><\/div><\/fieldset><fieldset id=\"field_77_23\" class=\"gfield gfield--type-checkbox gfield--type-choice gfield--width-half checkbox-options field_sublabel_below gfield--has-description field_description_above field_validation_below gfield_visibility_visible\"  ><legend class='gfield_label gform-field-label gfield_label_before_complex' >Praktisk grundutbildning solfilm i bil<\/legend><div class='gfield_description' id='gfield_description_77_23'>Verktyg, planering och utf\u00f6rande av inv\u00e4ndig och utv\u00e4ndig installationsteknik.<\/div><div class='ginput_container ginput_container_checkbox'><div class='gfield_checkbox ' id='input_77_23'><div class='gchoice gchoice_77_23_1'>\n\t\t\t\t\t\t\t\t<input class='gfield-choice-input' name='input_23.1' type='checkbox'  value='JA! Jag \u00e4r intresserad av denna kurs!'  id='choice_77_23_1'   aria-describedby=\"gfield_description_77_23\"\/>\n\t\t\t\t\t\t\t\t<label for='choice_77_23_1' id='label_77_23_1' class='gform-field-label gform-field-label--type-inline'>JA! Jag \u00e4r intresserad av denna kurs!<\/label>\n\t\t\t\t\t\t\t<\/div><\/div><\/div><\/fieldset><fieldset id=\"field_77_24\" class=\"gfield gfield--type-checkbox gfield--type-choice gfield--width-half checkbox-options field_sublabel_below gfield--has-description field_description_above field_validation_below gfield_visibility_visible\"  ><legend class='gfield_label gform-field-label gfield_label_before_complex' >Praktisk forts\u00e4ttningsutbildning solfilm i bil<\/legend><div class='gfield_description' id='gfield_description_77_24'>Verktyg, planering och utf\u00f6rande av inv\u00e4ndig och utv\u00e4ndig installationsteknik.<\/div><div class='ginput_container ginput_container_checkbox'><div class='gfield_checkbox ' id='input_77_24'><div class='gchoice gchoice_77_24_1'>\n\t\t\t\t\t\t\t\t<input class='gfield-choice-input' name='input_24.1' type='checkbox'  value='JA! Jag \u00e4r intresserad av denna kurs!'  id='choice_77_24_1'   aria-describedby=\"gfield_description_77_24\"\/>\n\t\t\t\t\t\t\t\t<label for='choice_77_24_1' id='label_77_24_1' class='gform-field-label gform-field-label--type-inline'>JA! Jag \u00e4r intresserad av denna kurs!<\/label>\n\t\t\t\t\t\t\t<\/div><\/div><\/div><\/fieldset><fieldset id=\"field_77_25\" class=\"gfield gfield--type-checkbox gfield--type-choice gfield--width-half checkbox-options field_sublabel_below gfield--has-description field_description_above field_validation_below gfield_visibility_visible\"  ><legend class='gfield_label gform-field-label gfield_label_before_complex' >Praktisk utbildning lackskyddsfilm f\u00f6r bil<\/legend><div class='gfield_description' id='gfield_description_77_25'>Verktyg, planering och utf\u00f6rande av inv\u00e4ndig och utv\u00e4ndig installationsteknik.<\/div><div class='ginput_container ginput_container_checkbox'><div class='gfield_checkbox ' id='input_77_25'><div class='gchoice gchoice_77_25_1'>\n\t\t\t\t\t\t\t\t<input class='gfield-choice-input' name='input_25.1' type='checkbox'  value='JA! Jag \u00e4r intresserad av denna kurs!'  id='choice_77_25_1'   aria-describedby=\"gfield_description_77_25\"\/>\n\t\t\t\t\t\t\t\t<label for='choice_77_25_1' id='label_77_25_1' class='gform-field-label gform-field-label--type-inline'>JA! Jag \u00e4r intresserad av denna kurs!<\/label>\n\t\t\t\t\t\t\t<\/div><\/div><\/div><\/fieldset><fieldset id=\"field_77_30\" class=\"gfield gfield--type-checkbox gfield--type-choice gfield--width-half checkbox-options field_sublabel_below gfield--has-description field_description_above field_validation_below gfield_visibility_visible\"  ><legend class='gfield_label gform-field-label gfield_label_before_complex' >Praktisk forts\u00e4ttningsutbildning lackskyddsfilm f\u00f6r bil<\/legend><div class='gfield_description' id='gfield_description_77_30'>Verktyg, planering och utf\u00f6rande av inv\u00e4ndig och utv\u00e4ndig installationsteknik.<\/div><div class='ginput_container ginput_container_checkbox'><div class='gfield_checkbox ' id='input_77_30'><div class='gchoice gchoice_77_30_1'>\n\t\t\t\t\t\t\t\t<input class='gfield-choice-input' name='input_30.1' type='checkbox'  value='JA! Jag \u00e4r intresserad av denna kurs!'  id='choice_77_30_1'   aria-describedby=\"gfield_description_77_30\"\/>\n\t\t\t\t\t\t\t\t<label for='choice_77_30_1' id='label_77_30_1' class='gform-field-label gform-field-label--type-inline'>JA! Jag \u00e4r intresserad av denna kurs!<\/label>\n\t\t\t\t\t\t\t<\/div><\/div><\/div><\/fieldset><div id=\"field_77_26\" class=\"gfield gfield--type-section gsection field_sublabel_below gfield--no-description field_description_below field_validation_below gfield_visibility_visible\"  ><h3 class=\"gsection_title\">Kontaktuppgifter<\/h3><\/div><div id=\"field_77_11\" class=\"gfield gfield--type-text gfield--width-full gfield_contains_required field_sublabel_below gfield--no-description field_description_below field_validation_below gfield_visibility_visible\"  ><label class='gfield_label gform-field-label' for='input_77_11'>Kontaktperson:<span class=\"gfield_required\"><span class=\"gfield_required gfield_required_asterisk\">*<\/span><\/span><\/label><div class='ginput_container ginput_container_text'><input name='input_11' id='input_77_11' type='text' value='' class='large'    placeholder='Ange F\u00f6r- och efternamn' aria-required=\"true\" aria-invalid=\"false\"   \/><\/div><\/div><div id=\"field_77_5\" class=\"gfield gfield--type-text gfield--width-full field_sublabel_below gfield--no-description field_description_below field_validation_below gfield_visibility_visible\"  ><label class='gfield_label gform-field-label' for='input_77_5'>F\u00f6retag:<\/label><div class='ginput_container ginput_container_text'><input name='input_5' id='input_77_5' type='text' value='' class='large'    placeholder='Ange F\u00f6retag'  aria-invalid=\"false\"   \/><\/div><\/div><div id=\"field_77_9\" class=\"gfield gfield--type-email gfield--width-half gfield_contains_required field_sublabel_below gfield--no-description field_description_below field_validation_below gfield_visibility_visible\"  ><label class='gfield_label gform-field-label' for='input_77_9'>E-mail:<span class=\"gfield_required\"><span class=\"gfield_required gfield_required_asterisk\">*<\/span><\/span><\/label><div class='ginput_container ginput_container_email'>\n                            <input name='input_9' id='input_77_9' type='email' value='' class='large'   placeholder='Ange E-mail' aria-required=\"true\" aria-invalid=\"false\"  \/>\n                        <\/div><\/div><div id=\"field_77_8\" class=\"gfield gfield--type-phone gfield--width-half gfield_contains_required field_sublabel_below gfield--no-description field_description_below field_validation_below gfield_visibility_visible\"  ><label class='gfield_label gform-field-label' for='input_77_8'>Telefon:<span class=\"gfield_required\"><span class=\"gfield_required gfield_required_asterisk\">*<\/span><\/span><\/label><div class='ginput_container ginput_container_phone'><input name='input_8' id='input_77_8' type='tel' value='' class='large'  placeholder='Ange Telefon' aria-required=\"true\" aria-invalid=\"false\"   \/><\/div><\/div><div id=\"field_77_29\" class=\"gfield gfield--type-captcha gfield--width-full field_sublabel_below gfield--no-description field_description_below field_validation_below gfield_visibility_visible\"  ><label class='gfield_label gform-field-label' for='input_77_29'>CAPTCHA<\/label><div id='input_77_29' class='ginput_container ginput_recaptcha' data-sitekey='6LdnTJwUAAAAAEvIznxMYzagn4aIPlLxlyA9baSY'  data-theme='light' data-tabindex='-1' data-size='invisible' data-badge='bottomright'><\/div><\/div><div id=\"field_77_18\" class=\"gfield gfield--type-hidden gform_hidden field_sublabel_below gfield--no-description field_description_below field_validation_below gfield_visibility_visible\"  ><div class='ginput_container ginput_container_text'><input name='input_18' id='input_77_18' type='hidden' class='gform_hidden'  aria-invalid=\"false\" value='sv' \/><\/div><\/div><\/div><\/div>\n        <div class='gform-footer gform_footer top_label'> <input type='submit' id='gform_submit_button_77' class='gform_button button' onclick='gform.submission.handleButtonClick(this);' data-submission-type='submit' value='Skicka Intresseanm\u00e4lan'  \/> \n            <input type='hidden' class='gform_hidden' name='gform_submission_method' data-js='gform_submission_method_77' value='postback' \/>\n            <input type='hidden' class='gform_hidden' name='gform_theme' data-js='gform_theme_77' id='gform_theme_77' value='gravity-theme' \/>\n            <input type='hidden' class='gform_hidden' name='gform_style_settings' data-js='gform_style_settings_77' id='gform_style_settings_77' value='[]' \/>\n            <input type='hidden' class='gform_hidden' name='is_submit_77' value='1' \/>\n            <input type='hidden' class='gform_hidden' name='gform_submit' value='77' \/>\n            \n            <input type='hidden' class='gform_hidden' name='gform_currency' data-currency='USD' value='azFSQVCPstG2KpjI3TqTTHTsf1vFtJZJp+\/YI1hY9bXXURVYuPz2Lk0hywcqwijgvbYWYKICcwRLHjH2UhxnjR6BbGvh1xQgmLtkGw6pNTeNqdE=' \/>\n            <input type='hidden' class='gform_hidden' name='gform_unique_id' value='' \/>\n            <input type='hidden' class='gform_hidden' name='state_77' value='WyJbXSIsIjNmNTM1ZjYyOGVmM2MxMzk4MjYxZTkyMDgxNzNkN2U3Il0=' \/>\n            <input type='hidden' autocomplete='off' class='gform_hidden' name='gform_target_page_number_77' id='gform_target_page_number_77' value='0' \/>\n            <input type='hidden' autocomplete='off' class='gform_hidden' name='gform_source_page_number_77' id='gform_source_page_number_77' value='1' \/>\n            <input type='hidden' name='gform_field_values' value='' \/>\n            \n        <\/div>\n                        <\/form>\n                        <\/div><script type=\"text\/javascript\">\n\/* <![CDATA[ *\/\n gform.initializeOnLoaded( function() {gformInitSpinner( 77, 'https:\/\/www.solargard.com\/wp-content\/themes\/solargard\/dist\/images\/ajax-loader.gif', true );jQuery('#gform_ajax_frame_77').on('load',function(){var contents = jQuery(this).contents().find('*').html();var is_postback = contents.indexOf('GF_AJAX_POSTBACK') >= 0;if(!is_postback){return;}var form_content = jQuery(this).contents().find('#gform_wrapper_77');var is_confirmation = jQuery(this).contents().find('#gform_confirmation_wrapper_77').length > 0;var is_redirect = contents.indexOf('gformRedirect(){') >= 0;var is_form = form_content.length > 0 && ! is_redirect && ! is_confirmation;var mt = parseInt(jQuery('html').css('margin-top'), 10) + parseInt(jQuery('body').css('margin-top'), 10) + 100;if(is_form){jQuery('#gform_wrapper_77').html(form_content.html());if(form_content.hasClass('gform_validation_error')){jQuery('#gform_wrapper_77').addClass('gform_validation_error');} else {jQuery('#gform_wrapper_77').removeClass('gform_validation_error');}setTimeout( function() { \/* delay the scroll by 50 milliseconds to fix a bug in chrome *\/  }, 50 );if(window['gformInitDatepicker']) {gformInitDatepicker();}if(window['gformInitPriceFields']) {gformInitPriceFields();}var current_page = jQuery('#gform_source_page_number_77').val();gformInitSpinner( 77, 'https:\/\/www.solargard.com\/wp-content\/themes\/solargard\/dist\/images\/ajax-loader.gif', true );jQuery(document).trigger('gform_page_loaded', [77, current_page]);window['gf_submitting_77'] = false;}else if(!is_redirect){var confirmation_content = jQuery(this).contents().find('.GF_AJAX_POSTBACK').html();if(!confirmation_content){confirmation_content = contents;}jQuery('#gform_wrapper_77').replaceWith(confirmation_content);jQuery(document).trigger('gform_confirmation_loaded', [77]);window['gf_submitting_77'] = false;wp.a11y.speak(jQuery('#gform_confirmation_message_77').text());}else{jQuery('#gform_77').append(contents);if(window['gformRedirect']) {gformRedirect();}}jQuery(document).trigger(\"gform_pre_post_render\", [{ formId: \"77\", currentPage: \"current_page\", abort: function() { this.preventDefault(); } }]);        if (event && event.defaultPrevented) {                return;        }        const gformWrapperDiv = document.getElementById( \"gform_wrapper_77\" );        if ( gformWrapperDiv ) {            const visibilitySpan = document.createElement( \"span\" );            visibilitySpan.id = \"gform_visibility_test_77\";            gformWrapperDiv.insertAdjacentElement( \"afterend\", visibilitySpan );        }        const visibilityTestDiv = document.getElementById( \"gform_visibility_test_77\" );        let postRenderFired = false;        function triggerPostRender() {            if ( postRenderFired ) {                return;            }            postRenderFired = true;            gform.core.triggerPostRenderEvents( 77, current_page );            if ( visibilityTestDiv ) {                visibilityTestDiv.parentNode.removeChild( visibilityTestDiv );            }        }        function debounce( func, wait, immediate ) {            var timeout;            return function() {                var context = this, args = arguments;                var later = function() {                    timeout = null;                    if ( !immediate ) func.apply( context, args );                };                var callNow = immediate && !timeout;                clearTimeout( timeout );                timeout = setTimeout( later, wait );                if ( callNow ) func.apply( context, args );            };        }        const debouncedTriggerPostRender = debounce( function() {            triggerPostRender();        }, 200 );        if ( visibilityTestDiv && visibilityTestDiv.offsetParent === null ) {            const observer = new MutationObserver( ( mutations ) => {                mutations.forEach( ( mutation ) => {                    if ( mutation.type === 'attributes' && visibilityTestDiv.offsetParent !== null ) {                        debouncedTriggerPostRender();                        observer.disconnect();                    }                });            });            observer.observe( document.body, {                attributes: true,                childList: false,                subtree: true,                attributeFilter: [ 'style', 'class' ],            });        } else {            triggerPostRender();        }    } );} ); \n\/* ]]> *\/\n<\/script>\n[\/vc_column][\/vc_row]<\/p>\n<\/div>","protected":false},"excerpt":{"rendered":"<p>[vc_row el_id=&#8221;anmalan-kurs&#8221;][vc_column][vc_column_text] Bli ett proffs p\u00e5 Solar Gards filml\u00f6sningar! [\/vc_column_text][\/vc_column][vc_column][vc_empty_space][vc_column_text css_animation=&#8221;none&#8221;] Solar Gard erbjuder kurser f\u00f6r b\u00e5de nyb\u00f6rjare och f\u00f6r er som vill v\u00e4ssa era kunskaper! Anm\u00e4l dig till en kurs idag genom att kryssa f\u00f6r den utbildning\/ar du \u00e4r intresserad av. [\/vc_column_text][vc_column_text css_animation=&#8221;bounceInDown&#8221;] OBS! Vi planerar f\u00f6r nya kurser under h\u00f6sten. \u00c5terkom g\u00e4rna med &hellip; <a href=\"https:\/\/www.solargard.com\/sv\/kurser-hos-solar-gard\/\">Continued<\/a><\/p>\n","protected":false},"author":3,"featured_media":95649,"parent":0,"menu_order":0,"comment_status":"closed","ping_status":"closed","template":"","meta":{"_acf_changed":false,"footnotes":""},"class_list":["post-93781","page","type-page","status-publish","has-post-thumbnail","hentry"],"acf":[],"_links":{"self":[{"href":"https:\/\/www.solargard.com\/sv\/wp-json\/wp\/v2\/pages\/93781","targetHints":{"allow":["GET"]}}],"collection":[{"href":"https:\/\/www.solargard.com\/sv\/wp-json\/wp\/v2\/pages"}],"about":[{"href":"https:\/\/www.solargard.com\/sv\/wp-json\/wp\/v2\/types\/page"}],"author":[{"embeddable":true,"href":"https:\/\/www.solargard.com\/sv\/wp-json\/wp\/v2\/users\/3"}],"replies":[{"embeddable":true,"href":"https:\/\/www.solargard.com\/sv\/wp-json\/wp\/v2\/comments?post=93781"}],"version-history":[{"count":0,"href":"https:\/\/www.solargard.com\/sv\/wp-json\/wp\/v2\/pages\/93781\/revisions"}],"wp:featuredmedia":[{"embeddable":true,"href":"https:\/\/www.solargard.com\/sv\/wp-json\/wp\/v2\/media\/95649"}],"wp:attachment":[{"href":"https:\/\/www.solargard.com\/sv\/wp-json\/wp\/v2\/media?parent=93781"}],"curies":[{"name":"wp","href":"https:\/\/api.w.org\/{rel}","templated":true}]}}