{"id":94172,"date":"2020-12-14T05:47:57","date_gmt":"2020-12-14T13:47:57","guid":{"rendered":"https:\/\/www.solargard.com\/marine\/"},"modified":"2022-04-13T06:04:02","modified_gmt":"2022-04-13T14:04:02","slug":"skyddsfilm-for-baten","status":"publish","type":"page","link":"https:\/\/www.solargard.com\/sv\/skyddsfilm-for-baten\/","title":{"rendered":"Skyddsfilm f\u00f6r b\u00e5t"},"content":{"rendered":"<div class=\"wpb-content-wrapper\"><p>[vc_row top_margin=&#8221;none&#8221; bottom_margin=&#8221;md&#8221;][vc_column][vc_row_inner][vc_column_inner][vc_column_text css=&#8221;.vc_custom_1622539387399{padding-top: 2% !important;padding-bottom: 4% !important;}&#8221;]<\/p>\n<h3 style=\"text-align: center; font-weight: 900;\">Solar Gard\u00ae Uppgraderar din upplevelse p\u00e5 sj\u00f6n<\/h3>\n<div style=\"text-align: center;\">V\u00e5ra Solar Gard-skyddsfilmer minskar solens v\u00e4rme och ger ditt glas ett naturligt utseende och behaglig innetemperatur &#8211; b\u00e5de n\u00e4r du njuter av din b\u00e5ttur och n\u00e4r den ligger vid kajen. Och den h\u00f6ga optiska klarheten i v\u00e5r keramiska teknik beh\u00e5ller en klar utsikt, dag som natt.<\/div>\n<p>[\/vc_column_text][\/vc_column_inner][\/vc_row_inner][vc_row_inner][vc_column_inner width=&#8221;1\/4&#8243; offset=&#8221;vc_col-xs-6&#8243;]<div class=\"content-icon text-left\"><div class=\"content-link-image wow bounceInUp\" style=\"background-image: url(https:\/\/www.solargard.com\/wp-content\/uploads\/2016\/04\/keep_me_cool_2.png)\"  data-wow-delay=\"0.25s\"><\/div><h4>KOMFORT<\/h4><h5><\/h5><p>Blockerar upp till 93% av solens v\u00e4rmestr\u00e5lning<\/p><\/div>[\/vc_column_inner][vc_column_inner width=&#8221;1\/4&#8243; offset=&#8221;vc_col-xs-6&#8243;]<div class=\"content-icon text-left\"><div class=\"content-link-image wow bounceInUp\" style=\"background-image: url(https:\/\/www.solargard.com\/wp-content\/uploads\/2016\/04\/shield_2.png)\"  data-wow-delay=\"0.5s\"><\/div><h4>UV-SKYDD<\/h4><h5><\/h5><p>Solskyddsfaktor p\u00e5 minst SPF 285+<\/p><\/div>[\/vc_column_inner][vc_column_inner width=&#8221;1\/4&#8243; offset=&#8221;vc_col-xs-6&#8243;]<div class=\"content-icon text-left\"><div class=\"content-link-image wow bounceInUp\" style=\"background-image: url(https:\/\/www.solargard.com\/wp-content\/uploads\/2016\/04\/prevent_fading_2.png)\"  data-wow-delay=\"0.75s\"><\/div><h4>BLEKNING<\/h4><h5><\/h5><p>UV-skydd f\u00f6r k\u00e4nslig hud och interi\u00f6ren<\/p><\/div>[\/vc_column_inner][vc_column_inner width=&#8221;1\/4&#8243; offset=&#8221;vc_col-xs-6&#8243;]<div class=\"content-icon text-left\"><div class=\"content-link-image wow bounceInUp\" style=\"background-image: url(https:\/\/www.solargard.com\/wp-content\/uploads\/2016\/04\/glare_2.png)\"  data-wow-delay=\"1s\"><\/div><h4>BL\u00c4NDNING<\/h4><h5><\/h5><p>Minskar bl\u00e4ndning och reflexer i kabinen<\/p><\/div>[\/vc_column_inner][\/vc_row_inner][\/vc_column][\/vc_row][vc_row top_margin=&#8221;md&#8221; bottom_margin=&#8221;sm&#8221;][vc_column]<div class=\"section-title sg-section-title text-center\"><div class=\"copy-content\"><h2 class=\" normal-title\">V\u00e5ra produkter f\u00f6r b\u00e5tlivet<\/h2><\/div><div class=\"border-bg\"><\/div><\/div>[\/vc_column][\/vc_row][vc_row top_margin=&#8221;none&#8221; bottom_margin=&#8221;sm&#8221;][vc_column][vc_row_inner el_id=&#8221;marine-products&#8221;][vc_column_inner width=&#8221;1\/4&#8243;][vc_cta h2=&#8221;Galaxie&#8221; h4=&#8221;Snygg och f\u00e4rgstabil film med 10 \u00e5rs garanti&#8221; shape=&#8221;square&#8221; add_button=&#8221;bottom&#8221; btn_title=&#8221;Mer info&#8221; btn_style=&#8221;flat&#8221; btn_shape=&#8221;square&#8221; btn_color=&#8221;primary&#8221; btn_link=&#8221;url:https%3A%2F%2Fwww.solargard.com%2Fsv%2Fproduct%2Fgalaxie%2F|title:Galaxie&#8221; el_id=&#8221;vortexir&#8221;][\/vc_cta][\/vc_column_inner][vc_column_inner width=&#8221;1\/4&#8243;][vc_cta h2=&#8221;Ultra Performance Plus&#8221; h4=&#8221;Maximerar din k\u00f6rupplevelse &amp; komfort&#8221; shape=&#8221;square&#8221; add_button=&#8221;bottom&#8221; btn_title=&#8221;Mer info&#8221; btn_style=&#8221;flat&#8221; btn_shape=&#8221;square&#8221; btn_color=&#8221;primary&#8221; btn_link=&#8221;url:https%3A%2F%2Fwww.solargard.com%2Fsv%2Fproduct%2Fultra-performance-plus%2F|title:Ultra%20Performance%20Plus&#8221; el_id=&#8221;xenithir&#8221;][\/vc_cta][\/vc_column_inner][vc_column_inner width=&#8221;1\/4&#8243;][vc_cta h2=&#8221;CX Magnum IR&#8221; h4=&#8221;Superb v\u00e4rmeavvisning med ett snygg look i 8 nyanser.&#8221; shape=&#8221;square&#8221; add_button=&#8221;bottom&#8221; btn_title=&#8221;Mer info&#8221; btn_style=&#8221;flat&#8221; btn_shape=&#8221;square&#8221; btn_color=&#8221;primary&#8221; btn_link=&#8221;url:https%3A%2F%2Fwww.solargard.com%2Fsv%2Fproduct%2Fcx-magnum-ir%2F|title:CX%20Magnum%20IR&#8221; el_id=&#8221;purevue&#8221;][\/vc_cta][\/vc_column_inner][vc_column_inner width=&#8221;1\/4&#8243;][vc_cta h2=&#8221;CX Magnum Black&#8221; h4=&#8221;Keramisk filmserie som blockerar ultraviolett och infrar\u00f6tt ljus.&#8221; shape=&#8221;square&#8221; add_button=&#8221;bottom&#8221; btn_title=&#8221;Mer info&#8221; btn_style=&#8221;flat&#8221; btn_shape=&#8221;square&#8221; btn_color=&#8221;primary&#8221; btn_link=&#8221;url:https%3A%2F%2Fwww.solargard.com%2Fsv%2Fproduct%2Fcx-magnum-black-morkaste-bilfilmen%2F|title:CX%20Magnum%20Black&#8221; el_id=&#8221;panoramacx&#8221;][\/vc_cta][\/vc_column_inner][\/vc_row_inner][\/vc_column][\/vc_row][vc_row top_margin=&#8221;md&#8221; bottom_margin=&#8221;sm&#8221;][vc_column]<div class=\"section-title sg-section-title text-center\"><div class=\"copy-content\"><h2 class=\" normal-title\">Vill du veta mer?<\/h2><\/div><div class=\"border-bg\"><\/div><\/div>[\/vc_column][\/vc_row][vc_row full_width=&#8221;stretch_row&#8221; top_margin=&#8221;xs&#8221; bottom_margin=&#8221;xs&#8221;][vc_column][vc_row_inner equal_height=&#8221;yes&#8221;][vc_column_inner width=&#8221;1\/3&#8243;][vc_btn title=&#8221;N\u00e4rmaste \u00c5terf\u00f6rs\u00e4ljare&#8221; style=&#8221;custom&#8221; custom_background=&#8221;#fdb924&#8243; custom_text=&#8221;#0a0a0a&#8221; shape=&#8221;square&#8221; size=&#8221;lg&#8221; align=&#8221;center&#8221; i_icon_fontawesome=&#8221;&#8221; css_animation=&#8221;bounceInDown&#8221; button_block=&#8221;true&#8221; add_icon=&#8221;true&#8221; link=&#8221;url:https%3A%2F%2Fwww.solargard.com%2Fsv%2Ffind-a-dealer%2F|title:Find%20a%20Dealer&#8221;][\/vc_column_inner][vc_column_inner width=&#8221;1\/3&#8243;][vc_btn title=&#8221;Sk\u00f6tselr\u00e5d&#8221; style=&#8221;flat&#8221; shape=&#8221;square&#8221; color=&#8221;primary&#8221; size=&#8221;lg&#8221; align=&#8221;center&#8221; button_block=&#8221;true&#8221; el_class=&#8221;same-height-item&#8221; link=&#8221;url:https%3A%2F%2Fwww.solargard.com%2Fsv%2Fskotsel-och-underhall%2F|title:Sk%C3%B6tsel%20och%20underh%C3%A5ll&#8221;][\/vc_column_inner][vc_column_inner width=&#8221;1\/3&#8243;][vc_btn title=&#8221;Garanti&#8221; style=&#8221;flat&#8221; shape=&#8221;square&#8221; color=&#8221;primary&#8221; size=&#8221;lg&#8221; align=&#8221;center&#8221; button_block=&#8221;true&#8221; el_class=&#8221;same-height-item&#8221; link=&#8221;url:https%3A%2F%2Fwww.solargard.com%2Fsv%2Fkomfort-i-bilen%2Fvara-bilfilmer%2Fkomfort-i-bilen-garanti%2F|title:komfort%20i%20bilen%20Garanti&#8221;][\/vc_column_inner][\/vc_row_inner][\/vc_column][\/vc_row]<\/p>\n<\/div>","protected":false},"excerpt":{"rendered":"<p>[vc_row top_margin=&#8221;none&#8221; bottom_margin=&#8221;md&#8221;][vc_column][vc_row_inner][vc_column_inner][vc_column_text css=&#8221;.vc_custom_1622539387399{padding-top: 2% !important;padding-bottom: 4% !important;}&#8221;] Solar Gard\u00ae Uppgraderar din upplevelse p\u00e5 sj\u00f6n V\u00e5ra Solar Gard-skyddsfilmer minskar solens v\u00e4rme och ger ditt glas ett naturligt utseende och behaglig innetemperatur &#8211; b\u00e5de n\u00e4r du njuter av din b\u00e5ttur och n\u00e4r den ligger vid kajen. Och den h\u00f6ga optiska klarheten i v\u00e5r keramiska teknik beh\u00e5ller &hellip; <a href=\"https:\/\/www.solargard.com\/sv\/skyddsfilm-for-baten\/\">Continued<\/a><\/p>\n","protected":false},"author":27,"featured_media":92294,"parent":0,"menu_order":0,"comment_status":"closed","ping_status":"closed","template":"","meta":{"_acf_changed":false,"footnotes":""},"class_list":["post-94172","page","type-page","status-publish","has-post-thumbnail","hentry"],"acf":[],"_links":{"self":[{"href":"https:\/\/www.solargard.com\/sv\/wp-json\/wp\/v2\/pages\/94172","targetHints":{"allow":["GET"]}}],"collection":[{"href":"https:\/\/www.solargard.com\/sv\/wp-json\/wp\/v2\/pages"}],"about":[{"href":"https:\/\/www.solargard.com\/sv\/wp-json\/wp\/v2\/types\/page"}],"author":[{"embeddable":true,"href":"https:\/\/www.solargard.com\/sv\/wp-json\/wp\/v2\/users\/27"}],"replies":[{"embeddable":true,"href":"https:\/\/www.solargard.com\/sv\/wp-json\/wp\/v2\/comments?post=94172"}],"version-history":[{"count":0,"href":"https:\/\/www.solargard.com\/sv\/wp-json\/wp\/v2\/pages\/94172\/revisions"}],"wp:featuredmedia":[{"embeddable":true,"href":"https:\/\/www.solargard.com\/sv\/wp-json\/wp\/v2\/media\/92294"}],"wp:attachment":[{"href":"https:\/\/www.solargard.com\/sv\/wp-json\/wp\/v2\/media?parent=94172"}],"curies":[{"name":"wp","href":"https:\/\/api.w.org\/{rel}","templated":true}]}}