{"id":101142,"date":"2014-11-03T19:56:47","date_gmt":"2014-11-03T19:56:47","guid":{"rendered":"https:\/\/www.solargard.com\/?post_type=product&#038;p=101142"},"modified":"2025-10-08T05:46:06","modified_gmt":"2025-10-08T13:46:06","slug":"lx","status":"publish","type":"product","link":"https:\/\/www.solargard.com\/sv\/product\/lx\/","title":{"rendered":"Interi\u00f6r &#8211; LX"},"content":{"rendered":"<div>\n<p>Solar Gard LX 70 kan g\u00f6ra tillvaron behagligare genom att reducera v\u00e4rmeinstr\u00e5lning och skydda din inredning utan att p\u00e5verka ljusinsl\u00e4ppet och utsikten. LX 70 \u00e4r i det n\u00e4rmaste osynlig p\u00e5 f\u00f6nstret men ger \u00e4nd\u00e5 en sval och behaglig inomhustemperatur samtidigt som den skyddar dina m\u00f6bler.<\/p>\n<p>LX-filmen ger dig en bibeh\u00e5llen utsikt och h\u00e5ller din fastighet naturligt sval och ger stora energibesparingar. Solar Gard LX 70 reflekterar mer \u00e4n h\u00e4lften av den solenergi som tar sig in i en byggnad genom f\u00f6nstren, trots att den transparent.<\/p>\n<p><a href=\"https:\/\/www.solargard.com\/wp-content\/uploads\/2023\/05\/Solar-Gard-Sample-Page-LX-70.pdf\" target=\"_blank\" rel=\"noopener\"><b>Produktblad &gt;<\/b><\/a><\/p>\n<p>&nbsp;<\/p>\n<\/div>\n","protected":false},"excerpt":{"rendered":"<p>Solar Gard LX 70 kan g\u00f6ra tillvaron behagligare genom att reducera v\u00e4rmeinstr\u00e5lning och skydda din inredning utan att p\u00e5verka ljusinsl\u00e4ppet och utsikten. LX 70 \u00e4r i det n\u00e4rmaste osynlig p\u00e5 f\u00f6nstret men ger \u00e4nd\u00e5 en sval och behaglig inomhustemperatur samtidigt som den skyddar dina m\u00f6bler. LX-filmen ger dig en bibeh\u00e5llen utsikt och h\u00e5ller din fastighet &hellip; <a href=\"https:\/\/www.solargard.com\/sv\/product\/lx\/\">Continued<\/a><\/p>\n","protected":false},"featured_media":33214,"comment_status":"open","ping_status":"closed","template":"","meta":{"_acf_changed":false},"product_brand":[],"product_cat":[806,811],"product_tag":[1935,1539,1479,1434,1666],"class_list":{"0":"post-101142","1":"product","2":"type-product","3":"status-publish","4":"has-post-thumbnail","6":"product_cat-fastighetsfilm","7":"product_cat-solskydd","8":"product_tag-arch-exterior-sv","9":"product_tag-black-grey-sv","10":"product_tag-heat-sv","11":"product_tag-home-sv","12":"product_tag-neutral-sv","14":"first","15":"outofstock","16":"shipping-taxable","17":"product-type-simple"},"acf":[],"_links":{"self":[{"href":"https:\/\/www.solargard.com\/sv\/wp-json\/wp\/v2\/product\/101142","targetHints":{"allow":["GET"]}}],"collection":[{"href":"https:\/\/www.solargard.com\/sv\/wp-json\/wp\/v2\/product"}],"about":[{"href":"https:\/\/www.solargard.com\/sv\/wp-json\/wp\/v2\/types\/product"}],"replies":[{"embeddable":true,"href":"https:\/\/www.solargard.com\/sv\/wp-json\/wp\/v2\/comments?post=101142"}],"wp:featuredmedia":[{"embeddable":true,"href":"https:\/\/www.solargard.com\/sv\/wp-json\/wp\/v2\/media\/33214"}],"wp:attachment":[{"href":"https:\/\/www.solargard.com\/sv\/wp-json\/wp\/v2\/media?parent=101142"}],"wp:term":[{"taxonomy":"product_brand","embeddable":true,"href":"https:\/\/www.solargard.com\/sv\/wp-json\/wp\/v2\/product_brand?post=101142"},{"taxonomy":"product_cat","embeddable":true,"href":"https:\/\/www.solargard.com\/sv\/wp-json\/wp\/v2\/product_cat?post=101142"},{"taxonomy":"product_tag","embeddable":true,"href":"https:\/\/www.solargard.com\/sv\/wp-json\/wp\/v2\/product_tag?post=101142"}],"curies":[{"name":"wp","href":"https:\/\/api.w.org\/{rel}","templated":true}]}}