{"id":102582,"date":"2025-12-18T13:03:16","date_gmt":"2025-12-18T21:03:16","guid":{"rendered":"https:\/\/www.solargard.com\/product\/clearshield-pro-activ\/"},"modified":"2025-07-29T05:45:48","modified_gmt":"2025-07-29T13:45:48","slug":"clearshield-pro-activ","status":"publish","type":"product","link":"https:\/\/www.solargard.com\/sv\/product\/clearshield-pro-activ\/","title":{"rendered":"Clearshield PRO ACTIV"},"content":{"rendered":"<div class=\"wpb-content-wrapper\"><p >[vc_row full_width=&#8221;stretch_row&#8221; top_margin=&#8221;none&#8221; bottom_margin=&#8221;xs&#8221; el_id=&#8221;hero_image&#8221;][vc_column][vc_raw_html]JTNDJTIxLS0lMjBQcm9kdWN0JTIwSGVybyUyMC0tJTNFJTBBJTNDZGl2JTIwaWQlM0QlMjJwcm9kdWN0LWhlcm8lMjIlMjBjbGFzcyUzRCUyMnJvdyUyMiUzRSUwQSUzQ2RpdiUyMGNsYXNzJTNEJTIyY29sLW1kLTEyJTIyJTNFJTBBJTNDZGl2JTIwaWQlM0QlMjJwcm9kdWN0LWhlcm8taW1hZ2UlMjIlMjBjbGFzcyUzRCUyMmJ5ZGVzaWduJTIyJTIwc3R5bGUlM0QlMjJiYWNrZ3JvdW5kLWltYWdlJTNBJTIwdXJsJTI4JTI3aHR0cHMlM0ElMkYlMkZ3d3cuc29sYXJnYXJkLmNvbSUyRndwLWNvbnRlbnQlMkZ1cGxvYWRzJTJGMjAyMyUyRjA2JTJGaGVyby1jc3AtYWN0aXYtOTYweDYwMC0xLmpwZyUyNyUyOSUzQiUyMiUzRSUzQyUyRmRpdiUzRSUwQSUzQ2RpdiUyMGlkJTNEJTIyaGVhZGluZy1jb250YWluZXIlMjIlM0UlMEElM0NoMSUzRUNsZWFyc2hpZWxkJTIwUFJPJTIwQUNUSVYlM0NzdXAlM0UlMjZ0cmFkZSUzQiUzQyUyRnN1cCUzRSUzQyUyRmgxJTNFJTBBJTNDaDIlM0VTZWxmLUhlYWxpbmclMjBQYWludCUyMFByb3RlY3Rpb24lMjBGaWxtJTNDJTJGaDIlM0UlMEElM0MlMkZkaXYlM0UlMEElM0MlMkZkaXYlM0UlMEElM0MlMkZkaXYlM0U=[\/vc_raw_html][\/vc_column][\/vc_row][vc_row top_margin=&#8221;xs&#8221; bottom_margin=&#8221;xs&#8221; el_id=&#8221;product-lead-text&#8221;][vc_column][vc_column_text]<\/p>\n<h3 >Bara k\u00f6r, Clearshield Pro\u00ae ACTIV\u2122<\/h3>\n<p >Solar Gard \u00e4r stolta \u00f6ver att kunna erbjuda dig den senaste innovationen inom teknik f\u00f6r lackskyddsfilm (PPF). Clearshield\u00ae Pro ACTIV\u2122 \u00e4r designad f\u00f6r att balansera omedelbar aktiverad sj\u00e4lvl\u00e4kning med den enast\u00e5ende rept\u00e5lighet som Clearshield Pro-namnet representerar.<\/p>\n<p >Och till skillnad fr\u00e5n andra alternativ p\u00e5 marknaden som b\u00e5de kr\u00e4ver v\u00e4rme och\/eller vatten f\u00f6r att starta sj\u00e4lvl\u00e4kningsprocessen, utl\u00f6ses ACTIV-tekniken omedelbart n\u00e4r den \u00e4r repad eller skadad. Dess topplack har ocks\u00e5 en hydrofobisk, tv\u00e4rbunden design som bildar p\u00e4rlor och st\u00f6ter bort vatten, lera och smuts.<\/p>\n<p >Skydda aktivt ditt fordons fabrikslack samtidigt som du f\u00f6rb\u00e4ttrar dess finish med Clearshield Pro ACTIV,\u00a0 &#8221;det b\u00e4sta skyddet du aldrig kommer att se&#8221;.<\/p>\n<p ><span style=\"color: #00ccff;\"><strong>\u2192 <\/strong><a style=\"color: #00ccff;\" href=\"https:\/\/www.solargard.com\/wp-content\/uploads\/2024\/01\/SG_CSP-ACTIV-3-fold-Brochure-Guide-Specs-INT.pdf\" target=\"_blank\" rel=\"noopener\"><strong>Broschyr installationsguide &amp; data<\/strong><\/a><\/span><\/p>\n<p ><span style=\"color: #00ccff;\"><strong>\u2192 <\/strong><\/span><a href=\"https:\/\/www.youtube.com\/watch?v=3hPwQa4fPD4\" target=\"_blank\" rel=\"noopener\"><span style=\"color: #00ccff;\"><strong>Informationsvideo<\/strong><\/span><\/a><\/p>\n<h3 >FUNKTIONER OCH F\u00d6RDELAR:<\/h3>\n<ul>\n<li >Aktiv sj\u00e4lvl\u00e4kande teknologi \u2013 avancerad polymerteknik utl\u00f6ses omedelbart n\u00e4r den \u00e4r repad eller skadad (ingen v\u00e4rme kr\u00e4vs)<\/li>\n<li >Hydrofobisk, fl\u00e4ckbest\u00e4ndig &#8211; skyddar &#8211; utan att synas &#8211; ditt fordons finish fr\u00e5n skador orsakade av vatten, insektsst\u00e4nk, f\u00e5gelspillning, m.m.<\/li>\n<li >Lyxigt utseende &#8211; bibeh\u00e5ll en glansig, nyvaxad look<\/li>\n<li >Garanti\u2212 10 \u00e5rs skydd mot gulning, grumling, sprickbildning, skalning och m\u00f6gel<\/li>\n<li >H\u00f6gre andrahandsv\u00e4rde f\u00f6r ditt fordon \u2013 se till att din bil ser lika bra fr\u00e4sch ut som n\u00e4r du k\u00f6pte den<\/li>\n<li >SPF 285+ \u2212 f\u00f6rhindra UV-skador orsakade av blekning<\/li>\n<li >Installeras av Solar Gards professionella \u00e5terf\u00f6rs\u00e4ljarn\u00e4tverk<\/li>\n<\/ul>\n<p >[\/vc_column_text][\/vc_column][\/vc_row][vc_row top_margin=&#8221;xs&#8221; bottom_margin=&#8221;xs&#8221;][vc_column][vc_raw_html]JTNDdGFibGUlMjBib3JkZXIlM0QlMjIwJTIyJTIwY2VsbHBhZGRpbmclM0QlMjIwJTIyJTIwY2VsbHNwYWNpbmclM0QlMjIwJTIyJTIwY2xhc3MlM0QlMjJ0YWJsZSUyMHRhYmxlLXJlc3BvbnNpdmUlMjB0YWJsZS1zbSUyMHRhYmxlLXN0cmlwZWQlMjB0YWJsZS1ib3JkZXJlZCUyMHRhYmxlLWNvbmRlbnNlZCUyMiUzRSUwQSUyMCUyMCUyMCUyMCUyMCUzQ3RoZWFkJTNFJTBBJTIwJTIwJTIwJTIwJTIwJTIwJTNDdGQlMjB3aWR0aCUzRCUyMjEuMDk2MDQ1MTk3NzQwMTEzJTI1JTIyJTIwc3R5bGUlM0QlMjJib3JkZXItdG9wJTNBJTIwMXB4JTIwc29saWQlMjAlMjNmZmYlM0Jib3JkZXItbGVmdCUzQSUyMDFweCUyMHNvbGlkJTIwJTIzZmZmJTNCJTIyJTNFJTI2bmJzcCUzQiUzQyUyRnRkJTNFJTBBJTIwJTIwJTIwJTIwJTIwJTIwJTIwJTIwJTIwJTNDdGQlMjBjbGFzcyUzRCUyMmJnLXByaW1hcnklMjIlMjB3aWR0aCUzRCUyMjI0LjkwMTEyOTk0MzUwMjgyNSUyNSUyMiUzRSUzQ3N0cm9uZyUzRVRFU1QlMjBJVEVNJTNDJTJGc3Ryb25nJTNFJTNDJTJGdGQlM0UlMEElMjAlMjAlMjAlMjAlMjAlMjAlM0N0ZCUyMGNsYXNzJTNEJTIyYmctcHJpbWFyeSUyMiUyMHdpZHRoJTNEJTIyNDYuNjY2NjY2NjY2NjY2NjclMjUlMjIlM0UlM0NzdHJvbmclM0VURVNUJTIwTUVUSE9EJTNDJTJGc3Ryb25nJTNFJTNDJTJGdGQlM0UlMEElMjAlMjAlMjAlMjAlMjAlMjAlM0N0ZCUyMGNsYXNzJTNEJTIyYmctcHJpbWFyeSUyMiUyMHdpZHRoJTNEJTIyMjQuMzM2MTU4MTkyMDkwMzk2JTI1JTIyJTNFJTNDc3Ryb25nJTNFTk9NSU5BTCUyMFZBTFVFJTNDJTJGc3Ryb25nJTNFJTNDJTJGdGQlM0UlMEElMjAlMjAlMjAlMjAlM0MlMkZ0aGVhZCUzRSUyMCUwQSUzQ3Rib2R5JTNFJTBBJTBBJTIwJTIwJTIwJTIwJTNDdHIlM0UlMEElMjAlMjAlMjAlMjAlMjAlMjAlMjAlMjAlM0N0ZCUyMGNsYXNzJTNEJTIyYWxpZ24tdmVydGljYWwlMjBiZy1wcmltYXJ5JTIwdGV4dC1jZW50ZXIlMjIlMjByb3dzcGFuJTNEJTIyNiUyMiUzRVBIWVNJQ0FMJTI2bmJzcCUzQlBST1BFUlRJRVMlM0MlMkZ0ZCUzRSUwQSUyMCUyMCUyMCUyMCUyMCUyMCUzQ3RkJTNFQ2FwJTIwc2hlZXQlM0MlMkZ0ZCUzRSUwQSUyMCUyMCUyMCUyMCUyMCUyMCUzQ3RkJTNFTWljcm9tZXRlciUzQyUyRnRkJTNFJTBBJTIwJTIwJTIwJTIwJTIwJTIwJTNDdGQlM0UxLjUlMjBtaWwlMjAlMjg0MCUyMG1pY3JvbiUyOSUzQyUyRnRkJTNFJTBBJTIwJTIwJTIwJTIwJTNDJTJGdHIlM0UlMEElMjAlMjAlMjAlMjAlM0N0ciUzRSUwQSUyMCUyMCUyMCUyMCUyMCUyMCUzQ3RkJTNFVFBVJTIwdGhpY2tuZXNzJTNDJTJGdGQlM0UlMEElMjAlMjAlMjAlMjAlMjAlMjAlM0N0ZCUzRU1pY3JvbWV0ZXIlM0MlMkZ0ZCUzRSUwQSUyMCUyMCUyMCUyMCUyMCUyMCUzQ3RkJTNFNiUyMG1pbCUyMCUyODE1MCUyMG1pY3JvbiUyOSUzQyUyRnRkJTNFJTBBJTIwJTIwJTIwJTIwJTNDJTJGdHIlM0UlMEElMjAlMjAlMjAlMjAlM0N0ciUzRSUwQSUyMCUyMCUyMCUyMCUyMCUyMCUzQ3RkJTNFUHJvZHVjdCUyMHRoaWNrbmVzcyUyMCUyOFRDJTJCVFBVJTJCUFNBJTI5JTNDJTJGdGQlM0UlMEElMjAlMjAlMjAlMjAlMjAlMjAlM0N0ZCUzRU1pY3JvbWV0ZXIlM0MlMkZ0ZCUzRSUwQSUyMCUyMCUyMCUyMCUyMCUyMCUzQ3RkJTNFOCUyMG1pbCUyMCUyODIwMCUyMG1pY3JvbiUyOSUzQyUyRnRkJTNFJTBBJTIwJTIwJTIwJTIwJTNDJTJGdHIlM0UlMEElMjAlMjAlMjAlMjAlM0N0ciUzRSUwQSUyMCUyMCUyMCUyMCUyMCUyMCUzQ3RkJTNFVGVuc2lsZSUyMHN0cmVzcyUyMGF0JTIwYnJlYWslM0MlMkZ0ZCUzRSUwQSUyMCUyMCUyMCUyMCUyMCUyMCUzQ3RkJTNFQVNUTSUyMEQ4ODIlM0MlMkZ0ZCUzRSUwQSUyMCUyMCUyMCUyMCUyMCUyMCUzQ3RkJTNFJTI2Z3QlM0IlMjAyJTJDMjAwJTIwbGJzJTJGaW4yJTIwJTI4JTI2Z3QlM0IlMjAxNSUyME1QYSUyOSUzQyUyRnRkJTNFJTBBJTIwJTIwJTIwJTIwJTNDJTJGdHIlM0UlMEElMjAlMjAlMjAlMjAlM0N0ciUzRSUwQSUyMCUyMCUyMCUyMCUyMCUyMCUzQ3RkJTNFRWxvbmdhdGlvbiUyMGF0JTIwYnJlYWslMjAlMjglMjUlMjklM0MlMkZ0ZCUzRSUwQSUyMCUyMCUyMCUyMCUyMCUyMCUzQ3RkJTNFQVNUTSUyMEQ4ODIlM0MlMkZ0ZCUzRSUwQSUyMCUyMCUyMCUyMCUyMCUyMCUzQ3RkJTNFJTI2Z3QlM0IlMjAyNTAlMjUlM0MlMkZ0ZCUzRSUwQSUyMCUyMCUyMCUyMCUzQyUyRnRyJTNFJTBBJTIwJTIwJTIwJTIwJTNDdHIlM0UlMEElMjAlMjAlMjAlMjAlMjAlMjAlM0N0ZCUyMGhlaWdodCUzRCUyMjIwJTIyJTNFQnJlYWslMjBzdHJlbmd0aCUzQyUyRnRkJTNFJTBBJTIwJTIwJTIwJTIwJTIwJTIwJTNDdGQlM0VBU1RNJTIwRDg4MiUzQyUyRnRkJTNFJTBBJTIwJTIwJTIwJTIwJTIwJTIwJTNDdGQlM0UlMjZndCUzQiUyMDQ1JTIwbGJzJTJGaW4lMjAlMjg4MyUyME4lMkZjbSUyOSUzQyUyRnRkJTNFJTBBJTIwJTIwJTIwJTIwJTNDJTJGdHIlM0UlMEElMjAlMjAlMjAlMjAlM0N0ciUzRSUwQSUyMCUyMCUyMCUyMCUyMCUyMCUyMCUyMCUzQ3RkJTIwY2xhc3MlM0QlMjJhbGlnbi12ZXJ0aWNhbCUyMGJnLXByaW1hcnklMjB0ZXh0LWNlbnRlciUyMiUyMHJvd3NwYW4lM0QlMjIyJTIyJTNFR0xPU1MlM0MlMkZ0ZCUzRSUwQSUyMCUyMCUyMCUyMCUyMCUyMCUzQ3RkJTIwcm93c3BhbiUzRCUyMjIlMjIlM0VHbG9zcyUzQyUyRnRkJTNFJTBBJTIwJTIwJTIwJTIwJTIwJTIwJTNDdGQlMjByb3dzcGFuJTNEJTIyMiUyMiUzRUFkaGVyZWQlMjB0byUyMHBhaW50JTIwcGFuZWwlMkMlMjA2MCUyNmRlZyUzQiUyMGdsb3NzJTIwcGVyJTIwQVNUTSUyMEQ1MjMlM0MlMkZ0ZCUzRSUwQSUyMCUyMCUyMCUyMCUyMCUyMCUzQ3RkJTIwcm93c3BhbiUzRCUyMjIlMjIlM0U5MiUyMEdVJTNDJTJGdGQlM0UlMEElMjAlMjAlMjAlMjAlM0MlMkZ0ciUzRSUwQSUyMCUyMCUyMCUyMCUzQ3RyJTNFJTNDJTJGdHIlM0UlMEElMjAlMjAlMjAlMjAlM0N0ciUzRSUwQSUyMCUyMCUyMCUyMCUyMCUyMCUzQ3RkJTIwY2xhc3MlM0QlMjJhbGlnbi12ZXJ0aWNhbCUyMGJnLXByaW1hcnklMjB0ZXh0LWNlbnRlciUyMiUyMHJvd3NwYW4lM0QlMjI0JTIyJTNFQURIRVNJT04lM0MlMkZ0ZCUzRSUwQSUyMCUyMCUyMCUyMCUyMCUyMCUzQ3RkJTNFSW5pdGlhbCUyMGRyeSUyMHBlZWwlMjBhZGhlc2lvbiUzQyUyRnRkJTNFJTBBJTIwJTIwJTIwJTIwJTIwJTIwJTNDdGQlM0VGaWxtJTIwYXBwbGllZCUyMGRyeSUyQyUyMGN1cmVkJTIwZm9yJTIwMjAlMjBtaW4lMjBhdCUyMDcyJTI2ZGVnJTNCRiUyMCUyODIyJTI2ZGVnJTNCQyUyOSUzQyUyRnRkJTNFJTBBJTIwJTIwJTIwJTIwJTIwJTIwJTNDdGQlM0UxJTJDMjkwJTIwZyUyRmluJTIwJTI4NSUyME4lMkZjbSUyOSUzQyUyRnRkJTNFJTBBJTIwJTIwJTIwJTIwJTNDJTJGdHIlM0UlMEElMjAlMjAlMjAlMjAlM0N0ciUzRSUwQSUyMCUyMCUyMCUyMCUyMCUyMCUzQ3RkJTIwaGVpZ2h0JTNEJTIyMjAlMjIlM0VJbml0aWFsJTIwd2V0JTIwcGVlbCUyMGFkaGVzaW9uJTNDJTJGdGQlM0UlMEElMjAlMjAlMjAlMjAlMjAlMjAlM0N0ZCUzRUZpbG0lMjBhcHBsaWVkJTIwd2V0JTJDJTIwY3VyZWQlMjBmb3IlMjAyMCUyMG1pbiUyMGF0JTIwNzIlMjZkZWclM0JGJTIwJTI4MjIlMjZkZWclM0JDJTI5JTNDJTJGdGQlM0UlMEElMjAlMjAlMjAlMjAlMjAlMjAlM0N0ZCUzRTElMkMzNDAlMjBnJTJGaW4lMjAlMjg1JTIwTiUyRmNtJTI5JTNDJTJGdGQlM0UlMEElMjAlMjAlMjAlMjAlM0MlMkZ0ciUzRSUwQSUyMCUyMCUyMCUyMCUzQ3RyJTNFJTBBJTIwJTIwJTIwJTIwJTIwJTIwJTNDdGQlMjBoZWlnaHQlM0QlMjIyMCUyMiUzRUFmdGVyJTIwaGVhdCUyMGFnZSUyMHBlZWwlMjBhZGhlc2lvbiUzQyUyRnRkJTNFJTBBJTIwJTIwJTIwJTIwJTIwJTIwJTNDdGQlM0VBZGhlcmVkJTIwdG8lMjBwYWludCUyMHBhbmVsJTJDJTIwMyUyMG1pbiUyMGF0JTIwMjQ4JTI2ZGVnJTNCRiUyMCUyODEyMCUyNmRlZyUzQkMlMjklM0MlMkZ0ZCUzRSUwQSUyMCUyMCUyMCUyMCUyMCUyMCUzQ3RkJTNFMiUyQzcwMCUyMGclMkZpbiUyMCUyODEwJTIwTiUyRmNtJTI5JTNDJTJGdGQlM0UlMEElMjAlMjAlMjAlMjAlM0MlMkZ0ciUzRSUwQSUyMCUyMCUyMCUyMCUzQ3RyJTNFJTBBJTIwJTIwJTIwJTIwJTIwJTIwJTNDdGQlMjBoZWlnaHQlM0QlMjIyMCUyMiUzRUFkaGVyZWQlMjBzdGF0ZSUyMHNocmlua2FnZSUzQyUyRnRkJTNFJTBBJTIwJTIwJTIwJTIwJTIwJTIwJTNDdGQlM0VBZGhlcmVkJTIwdG8lMjBwYWludCUyMHBhbmVsJTJDJTIwNDglMjBocnMlMjBhdCUyMDE3NiUyNmRlZyUzQkYlMjAlMjg4MCUyNmRlZyUzQkMlMjklM0MlMkZ0ZCUzRSUwQSUyMCUyMCUyMCUyMCUyMCUyMCUzQ3RkJTNFTm8lMjBzaHJpbmthZ2UlM0MlMkZ0ZCUzRSUwQSUyMCUyMCUyMCUyMCUzQyUyRnRyJTNFJTBBJTIwJTIwJTIwJTIwJTNDdHIlM0UlMEElMjAlMjAlMjAlMjAlMjAlMjAlM0N0ZCUyMGNsYXNzJTNEJTIyYWxpZ24tdmVydGljYWwlMjBiZy1wcmltYXJ5JTIwdGV4dC1jZW50ZXIlMjIlMjByb3dzcGFuJTNEJTIyMiUyMiUzRUFHSU5HJTI2bmJzcCUzQlRFU1QlM0MlMkZ0ZCUzRSUwQSUyMCUyMCUyMCUyMCUyMCUyMCUzQ3RkJTNFSGVhdCUyMGFnaW5nJTNDJTJGdGQlM0UlMEElMjAlMjAlMjAlMjAlMjAlMjAlM0N0ZCUzRUFkaGVyZWQlMjB0byUyMHBhaW50JTIwcGFuZWwlMkMlMjAxNiUyMGRheXMlMjBhdCUyMDE3NiUyNmRlZyUzQkYlMjAlMjg4MCUyNmRlZyUzQkMlMjklM0MlMkZ0ZCUzRSUwQSUyMCUyMCUyMCUyMCUyMCUyMCUzQ3RkJTNFUGFzcyUyQyUyME5ERSUzQyUyRnRkJTNFJTBBJTIwJTIwJTIwJTIwJTNDJTJGdHIlM0UlMEElMjAlMjAlMjAlMjAlM0N0ciUzRSUwQSUyMCUyMCUyMCUyMCUyMCUyMCUzQ3RkJTIwaGVpZ2h0JTNEJTIyOTAlMjIlM0VBY2NlbGVyYXRlZCUyMHdlYXRoZXJpbmclM0MlMkZ0ZCUzRSUwQSUyMCUyMCUyMCUyMCUyMCUyMCUzQ3RkJTNFQVNUTSUyMEcxNTUlMjBDeWNsZSUyMDctJTIwMyUyQzAwMCUyMGhycyUzQyUyRnRkJTNFJTBBJTIwJTIwJTIwJTIwJTIwJTIwJTNDdGQlM0VQYXNzJTJDJTIwTkRFJTNDJTJGdGQlM0UlMEElMjAlMjAlMjAlMjAlM0MlMkZ0ciUzRSUwQSUyMCUyMCUyMCUyMCUzQ3RyJTNFJTBBJTIwJTIwJTIwJTIwJTIwJTIwJTNDdGQlMjBjbGFzcyUzRCUyMmFsaWduLXZlcnRpY2FsJTIwYmctcHJpbWFyeSUyMHRleHQtY2VudGVyJTIyJTIwcm93c3BhbiUzRCUyMjIlMjIlM0VJTVBBQ1QlMjZuYnNwJTNCUkVTSVNUQU5DRSUzQyUyRnRkJTNFJTBBJTIwJTIwJTIwJTIwJTIwJTIwJTNDdGQlMjByb3dzcGFuJTNEJTIyMiUyMiUzRUNoaXAlMjByZXNpc3RhbmNlJTNDJTJGdGQlM0UlMEElMjAlMjAlMjAlMjAlMjAlMjAlM0N0ZCUyMHJvd3NwYW4lM0QlMjIyJTIyJTNFU0FFJTIwSjQwMCUyMCUyOEdyYXZlbG9tZXRlciUyOSUzQyUyRnRkJTNFJTBBJTIwJTIwJTIwJTIwJTIwJTIwJTNDdGQlMjByb3dzcGFuJTNEJTIyMiUyMiUzRVBhc3MlMkMlMjBOREUlM0MlMkZ0ZCUzRSUwQSUyMCUyMCUyMCUyMCUzQyUyRnRyJTNFJTBBJTIwJTIwJTIwJTIwJTNDdHIlM0UlM0MlMkZ0ciUzRSUwQSUyMCUyMCUyMCUyMCUzQ3RyJTNFJTBBJTIwJTIwJTIwJTIwJTIwJTIwJTNDdGQlMjBjbGFzcyUzRCUyMmFsaWduLXZlcnRpY2FsJTIwYmctcHJpbWFyeSUyMHRleHQtY2VudGVyJTIyJTIwcm93c3BhbiUzRCUyMjYlMjIlM0VDSEVNSUNBTCUyMFJFU0lTVEFOQ0UlM0MlMkZ0ZCUzRSUwQSUyMCUyMCUyMCUyMCUyMCUyMCUzQ3RkJTNFU29hcCUyMCUyNmFtcCUzQiUyMHdhdGVyJTNDJTJGdGQlM0UlMEElMjAlMjAlMjAlMjAlMjAlMjAlM0N0ZCUyMHJvd3NwYW4lM0QlMjI0JTIyJTNFU2FtcGxlcyUyMHN1Ym1lcmdlZCUyMGluJTIwY2hlbWljYWwlMjBmb3IlMjAyNCUyMGhycyUyMGZvbGxvd2VkJTIwYnklMjB2aXN1YWwlMjBpbnNwZWN0aW9uLiUzQyUyRnRkJTNFJTBBJTIwJTIwJTIwJTIwJTIwJTIwJTNDdGQlM0VQYXNzJTJDJTIwTkRFJTNDJTJGdGQlM0UlMEElMjAlMjAlMjAlMjAlM0MlMkZ0ciUzRSUwQSUyMCUyMCUyMCUyMCUzQ3RyJTNFJTBBJTIwJTIwJTIwJTIwJTIwJTIwJTNDdGQlMjBoZWlnaHQlM0QlMjIyMCUyMiUzRUlzb3Byb3B5bCUyMGFsY29ob2wlM0MlMkZ0ZCUzRSUwQSUyMCUyMCUyMCUyMCUyMCUyMCUzQ3RkJTNFUGFzcyUyQyUyME5ERSUzQyUyRnRkJTNFJTBBJTIwJTIwJTIwJTIwJTNDJTJGdHIlM0UlMEElMjAlMjAlMjAlMjAlM0N0ciUzRSUwQSUyMCUyMCUyMCUyMCUyMCUyMCUzQ3RkJTIwaGVpZ2h0JTNEJTIyMjAlMjIlM0VNaWxkJTIwYWNpZCUyMCUyOHBIJTIwOSUyQiUyOSUzQyUyRnRkJTNFJTBBJTIwJTIwJTIwJTIwJTIwJTIwJTNDdGQlM0VQYXNzJTJDJTIwTkRFJTNDJTJGdGQlM0UlMEElMjAlMjAlMjAlMjAlM0MlMkZ0ciUzRSUwQSUyMCUyMCUyMCUyMCUzQ3RyJTNFJTBBJTIwJTIwJTIwJTIwJTIwJTIwJTNDdGQlMjBoZWlnaHQlM0QlMjIyMCUyMiUzRVdpbmRzaGllbGQlMjB3YXNoZXIlMjBmbHVpZCUzQyUyRnRkJTNFJTBBJTIwJTIwJTIwJTIwJTIwJTIwJTNDdGQlM0VQYXNzJTJDJTIwTkRFJTNDJTJGdGQlM0UlMEElMjAlMjAlMjAlMjAlM0MlMkZ0ciUzRSUwQSUyMCUyMCUyMCUyMCUzQ3RyJTNFJTBBJTIwJTIwJTIwJTIwJTIwJTIwJTNDdGQlMjBoZWlnaHQlM0QlMjIyMCUyMiUzRVVubGVhZGVkJTIwZ2Fzb2xpbmUlM0MlMkZ0ZCUzRSUwQSUyMCUyMCUyMCUyMCUyMCUyMCUzQ3RkJTIwcm93c3BhbiUzRCUyMjIlMjIlM0VTYW1wbGVzJTIwc3VibWVyZ2VkJTIwaW4lMjBjaGVtaWNhbCUyMGZvciUyMDMwJTIwbWludXRlcyUyMGZvbGxvd2VkJTIwYnklMjB2aXN1YWwlMjBpbnNwZWN0aW9uJTIwaW4lMjAyNCUyMGhycy4lM0MlMkZ0ZCUzRSUwQSUyMCUyMCUyMCUyMCUyMCUyMCUzQ3RkJTNFUGFzcyUyQyUyME5ERSUzQyUyRnRkJTNFJTBBJTIwJTIwJTIwJTIwJTNDJTJGdHIlM0UlMEElMjAlMjAlMjAlMjAlM0N0ciUzRSUwQSUyMCUyMCUyMCUyMCUyMCUyMCUzQ3RkJTIwaGVpZ2h0JTNEJTIyMjAlMjIlM0VNb3RvciUyMG9pbCUzQyUyRnRkJTNFJTBBJTIwJTIwJTIwJTIwJTIwJTIwJTNDdGQlM0VQYXNzJTJDJTIwTkRFJTNDJTJGdGQlM0UlMEElMjAlMjAlMjAlMjAlM0MlMkZ0ciUzRSUwQSUyMCUyMCUyMCUyMCUzQ3RyJTNFJTBBJTIwJTIwJTIwJTIwJTIwJTIwJTNDdGQlMjBjbGFzcyUzRCUyMmFsaWduLXZlcnRpY2FsJTIwYmctcHJpbWFyeSUyMHRleHQtY2VudGVyJTIyJTIwcm93c3BhbiUzRCUyMjIlMjIlM0VTVEFJTiUyMFJFU0lTVEFOQ0UlM0MlMkZ0ZCUzRSUwQSUyMCUyMCUyMCUyMCUyMCUyMCUzQ3RkJTIwcm93c3BhbiUzRCUyMjIlMjIlM0VTaGFycGllJTIwbWFya2VyJTNDJTJGdGQlM0UlMEElMjAlMjAlMjAlMjAlMjAlMjAlM0N0ZCUyMHJvd3NwYW4lM0QlMjIyJTIyJTNFTGluZXMlMjB3ZXJlJTIwZHJhd24lMjBvbiUyMHRoZSUyMGZpbG0lMjB3aXRoJTIwYSUyMHBlcm1hbmVudCUyMFNoYXJwaWUlMjBtYXJrZXIuJTIwRWFjaCUyMGxpbmUlMjB3YXMlMjB3aXBlZCUyMHdpdGglMjBhJTIwZHJ5JTIwdG93ZWwlMjBhdCUyMDUtJTIwYW5kJTIwMTUtbWluJTIwYW5kJTIwMjQtaHIlMjBpbnRlcnZhbHMuJTNDJTJGdGQlM0UlMEElMjAlMjAlMjAlMjAlMjAlMjAlM0N0ZCUyMHJvd3NwYW4lM0QlMjIyJTIyJTNFTm8lMjB2aXN1YWwlMjByZXNpZHVlJTNDJTJGdGQlM0UlMEElMjAlMjAlMjAlMjAlM0MlMkZ0ciUzRSUwQSUyMCUyMCUyMCUyMCUzQ3RyJTNFJTNDJTJGdHIlM0UlMEElMjAlMjAlMjAlMjAlM0N0ciUzRSUwQSUyMCUyMCUyMCUyMCUyMCUyMCUzQ3RkJTIwY2xhc3MlM0QlMjJhbGlnbi12ZXJ0aWNhbCUyMGJnLXByaW1hcnklMjB0ZXh0LWNlbnRlciUyMiUyMHJvd3NwYW4lM0QlMjI2JTIyJTNFU0VMRi1IRUFMSU5HJTNDJTJGdGQlM0UlMEElMjAlMjAlMjAlMjAlMjAlMjAlM0N0ZCUyMHJvd3NwYW4lM0QlMjI2JTIyJTNFQnJhc3MlMjBicnVzaCUyNm5ic3AlM0IlMjhMaW5jb2xuJTIwRWxlY3RyaWMlMjBLSDU4MiUyOSUzQyUyRnRkJTNFJTBBJTIwJTIwJTIwJTIwJTIwJTIwJTNDdGQlMjByb3dzcGFuJTNEJTIyMyUyMiUzRVNhbXBsZXMlMjB3ZXJlJTIwc2NyYXRjaGVkJTIwaW4lMjBhJTIwY2lyY3VsYXIlMjBtb3Rpb24lMjB3aXRoJTIwYSUyMGJyYXNzJTIwYnJ1c2glMkMlMjB0aGVuJTIwdmlzdWFsbHklMjBpbnNwZWN0ZWQlMjAlNDAxNS1zZWNvbmQlMjBpbnRlcnZhbHMlMjB1bnRpbCUyMHNjcmF0Y2hlcyUyMHdlcmUlMjBubyUyMGxvbmdlciUyMHZpc2libGUuJTNDJTJGdGQlM0UlMEElMjAlMjAlMjAlMjAlMjAlMjAlM0N0ZCUyMHJvd3NwYW4lM0QlMjIzJTIyJTNFJTI2bHQlM0IlMjAxJTIwbWludXRlJTJDJTIwbm8lMjB2aXNpYmxlJTIwc2NyYXRjaGVzJTNDJTJGdGQlM0UlMEElMjAlMjAlMjAlMjAlM0MlMkZ0ciUzRSUwQSUyMCUyMCUyMCUyMCUzQ3RyJTNFJTNDJTJGdHIlM0UlMEElMjAlMjAlMjAlMjAlM0N0ciUzRSUzQyUyRnRyJTNFJTBBJTIwJTIwJTIwJTIwJTNDdHIlM0UlMEElMjAlMjAlMjAlMjAlMjAlMjAlM0N0ZCUyMGhlaWdodCUzRCUyMjIwJTIyJTNFU2FtcGxlcyUyMHdlcmUlMjBzY3JhdGNoZWQlMjBpbiUyMGElMjBjaXJjdWxhciUyMG1vdGlvbiUzQyUyRnRkJTNFJTBBJTIwJTIwJTIwJTIwJTIwJTIwJTNDdGQlMjByb3dzcGFuJTNEJTIyMyUyMiUzRU5vJTIwdmlzaWJsZSUyMHNjcmF0Y2hlcyUzQyUyRnRkJTNFJTBBJTIwJTIwJTIwJTIwJTNDJTJGdHIlM0UlMEElMjAlMjAlMjAlMjAlM0N0ciUzRSUwQSUyMCUyMCUyMCUyMCUyMCUyMCUzQ3RkJTIwaGVpZ2h0JTNEJTIyMjAlMjIlM0V3aXRoJTIwYSUyMGJyYXNzJTIwYnJ1c2glMkMlMjB0aGVuJTIwZXhwb3NlZCUyMHRvJTIwbWlsZCUyMGhlYXQlM0MlMkZ0ZCUzRSUwQSUyMCUyMCUyMCUyMCUzQyUyRnRyJTNFJTBBJTIwJTIwJTIwJTIwJTNDdHIlM0UlMEElMjAlMjAlMjAlMjAlMjAlMjAlM0N0ZCUyMGhlaWdodCUzRCUyMjIwJTIyJTNFYW5kJTIwdmlzdWFsbHklMjBpbnNwZWN0ZWQuJTNDJTJGdGQlM0UlMEElMjAlMjAlMjAlMjAlM0MlMkZ0ciUzRSUwQSUyMCUyMCUzQyUyRnRib2R5JTNFJTBBJTNDJTJGdGFibGUlM0U=[\/vc_raw_html][\/vc_column][\/vc_row][vc_row top_margin=&#8221;xs&#8221; bottom_margin=&#8221;none&#8221;][vc_column][vc_column_text]<\/p>\n<p >HC = h\u00e5rd bel\u00e4ggning, TPU = termisk plast polyuretan, PSA = tryckk\u00e4nsligt lim<br \/>\nVidh\u00e4ftning: 180\u00b0 avdragning p\u00e5 Instron dragprovare<br \/>\nNDU: ingen skadlig effekt<br \/>\nObs: alla v\u00e4rden \u00e4r nominella v\u00e4rden och b\u00f6r inte anv\u00e4ndas f\u00f6r specifikations\u00e4ndam\u00e5l.<\/p>\n<p ><strong>H\u00e5llbarhetstid:<\/strong><br \/>\nSolar Gard rekommenderar att du anv\u00e4nder Clearshield Pro ACTIV inom ett \u00e5r fr\u00e5n ink\u00f6psdatum.<br \/>\nOptimala f\u00f6rvaringsf\u00f6rh\u00e5llanden f\u00f6r Clearshield Pro ACTIV \u00e4r 4\u00b0C till 32\u00b0C och 40% till 60% relativ luftfuktighet<\/p>\n<p >[\/vc_column_text][\/vc_column][\/vc_row][vc_row][vc_column][vc_column_text]<\/p>\n<p>&nbsp;<\/p>\n<p >[\/vc_column_text][\/vc_column][\/vc_row]<\/p>\n<\/div>","protected":false},"excerpt":{"rendered":"<p class=\"ai-optimize-40 ai-optimize-introduction\">Solar Gard is proud to bring you the latest innovation in paint protection film (PPF) technology. Clearshield<strong><sup>\u00ae <\/sup><\/strong>Pro ACTIV\u2122\u00a0 delivers a balance of instantly activated self-healing with the outstanding scratch resistance. And unlike other options on the market that require heat and\/or water to start the self-healing process, ACTIV technology is immediately triggered once scratched or damaged.<\/p>\n","protected":false},"featured_media":102583,"comment_status":"open","ping_status":"closed","template":"","meta":{"_acf_changed":false},"product_brand":[],"product_cat":[813],"product_tag":[],"class_list":{"0":"post-102582","1":"product","2":"type-product","3":"status-publish","4":"has-post-thumbnail","6":"product_cat-mala-skyddande","8":"first","9":"instock","10":"shipping-taxable","11":"product-type-simple"},"acf":[],"_links":{"self":[{"href":"https:\/\/www.solargard.com\/sv\/wp-json\/wp\/v2\/product\/102582","targetHints":{"allow":["GET"]}}],"collection":[{"href":"https:\/\/www.solargard.com\/sv\/wp-json\/wp\/v2\/product"}],"about":[{"href":"https:\/\/www.solargard.com\/sv\/wp-json\/wp\/v2\/types\/product"}],"replies":[{"embeddable":true,"href":"https:\/\/www.solargard.com\/sv\/wp-json\/wp\/v2\/comments?post=102582"}],"wp:featuredmedia":[{"embeddable":true,"href":"https:\/\/www.solargard.com\/sv\/wp-json\/wp\/v2\/media\/102583"}],"wp:attachment":[{"href":"https:\/\/www.solargard.com\/sv\/wp-json\/wp\/v2\/media?parent=102582"}],"wp:term":[{"taxonomy":"product_brand","embeddable":true,"href":"https:\/\/www.solargard.com\/sv\/wp-json\/wp\/v2\/product_brand?post=102582"},{"taxonomy":"product_cat","embeddable":true,"href":"https:\/\/www.solargard.com\/sv\/wp-json\/wp\/v2\/product_cat?post=102582"},{"taxonomy":"product_tag","embeddable":true,"href":"https:\/\/www.solargard.com\/sv\/wp-json\/wp\/v2\/product_tag?post=102582"}],"curies":[{"name":"wp","href":"https:\/\/api.w.org\/{rel}","templated":true}]}}