{"id":104094,"date":"2023-01-16T13:43:39","date_gmt":"2023-01-16T21:43:39","guid":{"rendered":"https:\/\/www.solargard.com\/product\/solstice\/"},"modified":"2026-03-10T22:59:44","modified_gmt":"2026-03-11T06:59:44","slug":"solstice","status":"publish","type":"product","link":"https:\/\/www.solargard.com\/sv\/product\/solstice\/","title":{"rendered":"Solstice\u2122"},"content":{"rendered":"<p class=\"p2\"><span class=\"s1\"> <\/span>Solar Gard\u00ae Solstice \u00e4r utformad f\u00f6r att f\u00f6rb\u00e4ttra k\u00f6rkomforten samtidigt som den skyddar dig, dina passagerare och fordonets interi\u00f6r fr\u00e5n skadlig UV-str\u00e5lning. Solstice erbjuder optisk klarhet och en teknologi som bevarar din utsikt och uppkoppling.<\/p>\n<h2>SNABBA FAKTA:<\/h2>\n<ul>\n<li>Djupsvart ton<\/li>\n<li>Icke-reflekterande<\/li>\n<li>Optisk klarhet, f\u00f6r\u00e4ndrar inte utsikten<\/li>\n<li>Kompatibel med elektroniska signaler: GPS, satellit, AM-radio, mobiln\u00e4t och TPMS-system<\/li>\n<li>Reducerar solv\u00e4rme och bl\u00e4ndning f\u00f6r \u00f6kad komfort<\/li>\n<li>&gt;99% UV-skydd<\/li>\n<li>5 \u00e5rs f\u00e4rgbest\u00e4ndighetsgaranti<\/li>\n<li><a href=\"https:\/\/www.solargard.com\/wp-content\/uploads\/2025\/05\/SG-Auto-Sample-Page-4mil-Solstice-35_INT-0525.pdf\" target=\"_blank\" rel=\"noopener\">Produktblad kombinerad sol- och s\u00e4kerhetsfilm 4 Mil Solstice 35<\/a><\/li>\n<\/ul>\n<p><a class=\"btn btn-primary\" title=\"Brochure\" href=\"https:\/\/www.solargard.com\/wp-content\/uploads\/2026\/03\/SOLSTICE-Auto-Films-BROCHURE-3-FOLD.pdf\" target=\"_blank\" rel=\"noopener\">Brochure<\/a>\u00a0 \u00a0\u00a0<a class=\"btn btn-primary\" title=\"N\u00e4rmaste \u00c5terf\u00f6rs\u00e4ljare\" href=\"https:\/\/www.solargard.com\/sv\/narmaste-aterforsaljare\/\">N\u00e4rmaste \u00c5terf\u00f6rs\u00e4ljare<\/a><\/p>\n<ul>\n<li style=\"list-style-type: none;\"><\/li>\n<\/ul>\n","protected":false},"excerpt":{"rendered":"<p><a href=\"https:\/\/ntf.se\/fragor-och-svar\/bilar\/ovrigt-om-bilar\/solfilm-eller-solskydd-pa-bilrutan\/#:~:text=Bilrutan%20i%20f%C3%B6rarens%20siktf%C3%A4lt%20ska,risk%20att%20bl%C3%A4nda%20andra%20trafikanter.\" target=\"_blank\" rel=\"noopener\">VAD S\u00c4GER LAGEN?<\/a><\/p>\n","protected":false},"featured_media":104095,"comment_status":"closed","ping_status":"closed","template":"","meta":{"_acf_changed":false},"product_brand":[],"product_cat":[812,815],"product_tag":[],"class_list":{"0":"post-104094","1":"product","2":"type-product","3":"status-publish","4":"has-post-thumbnail","6":"product_cat-bil","7":"product_cat-icke-reflekterande","9":"first","10":"instock","11":"shipping-taxable","12":"product-type-simple"},"acf":[],"_links":{"self":[{"href":"https:\/\/www.solargard.com\/sv\/wp-json\/wp\/v2\/product\/104094","targetHints":{"allow":["GET"]}}],"collection":[{"href":"https:\/\/www.solargard.com\/sv\/wp-json\/wp\/v2\/product"}],"about":[{"href":"https:\/\/www.solargard.com\/sv\/wp-json\/wp\/v2\/types\/product"}],"replies":[{"embeddable":true,"href":"https:\/\/www.solargard.com\/sv\/wp-json\/wp\/v2\/comments?post=104094"}],"wp:featuredmedia":[{"embeddable":true,"href":"https:\/\/www.solargard.com\/sv\/wp-json\/wp\/v2\/media\/104095"}],"wp:attachment":[{"href":"https:\/\/www.solargard.com\/sv\/wp-json\/wp\/v2\/media?parent=104094"}],"wp:term":[{"taxonomy":"product_brand","embeddable":true,"href":"https:\/\/www.solargard.com\/sv\/wp-json\/wp\/v2\/product_brand?post=104094"},{"taxonomy":"product_cat","embeddable":true,"href":"https:\/\/www.solargard.com\/sv\/wp-json\/wp\/v2\/product_cat?post=104094"},{"taxonomy":"product_tag","embeddable":true,"href":"https:\/\/www.solargard.com\/sv\/wp-json\/wp\/v2\/product_tag?post=104094"}],"curies":[{"name":"wp","href":"https:\/\/api.w.org\/{rel}","templated":true}]}}